{"id":40503,"date":"2024-11-13T17:16:16","date_gmt":"2024-11-13T16:16:16","guid":{"rendered":"https:\/\/oplitegames.com\/?page_id=40503"},"modified":"2024-11-20T11:10:13","modified_gmt":"2024-11-20T10:10:13","slug":"kundendienst","status":"publish","type":"page","link":"https:\/\/oplitegames.com\/de\/kundendienst\/","title":{"rendered":"Kundendienst"},"content":{"rendered":"\t\t<div data-elementor-type=\"wp-page\" data-elementor-id=\"40503\" class=\"elementor elementor-40503 elementor-40370\" data-elementor-post-type=\"page\">\n\t\t\t\t<div class=\"elementor-element elementor-element-cb4d4aa e-flex e-con-boxed e-con e-parent\" data-id=\"cb4d4aa\" data-element_type=\"container\" data-e-type=\"container\">\n\t\t\t\t\t<div class=\"e-con-inner\">\n\t\t\t\t<div class=\"elementor-element elementor-element-c330052 elementor-widget elementor-widget-spacer\" data-id=\"c330052\" data-element_type=\"widget\" data-e-type=\"widget\" data-widget_type=\"spacer.default\">\n\t\t\t\t<div class=\"elementor-widget-container\">\n\t\t\t\t\t\t\t<div class=\"elementor-spacer\">\n\t\t\t<div class=\"elementor-spacer-inner\"><\/div>\n\t\t<\/div>\n\t\t\t\t\t\t<\/div>\n\t\t\t\t<\/div>\n\t\t\t\t<div class=\"elementor-element elementor-element-3000c67 elementor-widget elementor-widget-heading\" data-id=\"3000c67\" data-element_type=\"widget\" data-e-type=\"widget\" data-widget_type=\"heading.default\">\n\t\t\t\t<div class=\"elementor-widget-container\">\n\t\t\t\t\t<h2 class=\"elementor-heading-title elementor-size-default\">Kundendienst<\/h2>\t\t\t\t<\/div>\n\t\t\t\t<\/div>\n\t\t\t\t<div class=\"elementor-element elementor-element-5590874 elementor-widget elementor-widget-spacer\" data-id=\"5590874\" data-element_type=\"widget\" data-e-type=\"widget\" data-widget_type=\"spacer.default\">\n\t\t\t\t<div class=\"elementor-widget-container\">\n\t\t\t\t\t\t\t<div class=\"elementor-spacer\">\n\t\t\t<div class=\"elementor-spacer-inner\"><\/div>\n\t\t<\/div>\n\t\t\t\t\t\t<\/div>\n\t\t\t\t<\/div>\n\t\t\t\t<div class=\"elementor-element elementor-element-c03feb4 elementor-widget elementor-widget-text-editor\" data-id=\"c03feb4\" data-element_type=\"widget\" data-e-type=\"widget\" data-widget_type=\"text-editor.default\">\n\t\t\t\t<div class=\"elementor-widget-container\">\n\t\t\t\t\t\t\t\t\tF\u00fcr eine Anfrage zur Kundendienstbetreuung kontaktieren Sie uns bitte ausschlie\u00dflich per E-Mail unter folgender Adresse: <a href=\"mailto:contact@oplitegames.com\"><strong>contact@oplitegames.com<\/strong><\/a>.<br><br>\n\nUm eine schnelle Bearbeitung Ihrer Anfrage zu gew\u00e4hrleisten, bitten wir Sie, :\n<ul>\n <li>Legen Sie Ihre Kaufrechnung bei,<\/li>\n \t<li>Geben Sie Ihre vollst\u00e4ndigen Kontaktdaten an,<\/li>\n \t<li>Geben Sie eine detaillierte Beschreibung des aufgetretenen Problems (mit Fotos).<\/li>\n<\/ul>\t\t\t\t\t\t\t\t<\/div>\n\t\t\t\t<\/div>\n\t\t\t\t<div class=\"elementor-element elementor-element-f3a306c elementor-widget elementor-widget-spacer\" data-id=\"f3a306c\" data-element_type=\"widget\" data-e-type=\"widget\" data-widget_type=\"spacer.default\">\n\t\t\t\t<div class=\"elementor-widget-container\">\n\t\t\t\t\t\t\t<div class=\"elementor-spacer\">\n\t\t\t<div class=\"elementor-spacer-inner\"><\/div>\n\t\t<\/div>\n\t\t\t\t\t\t<\/div>\n\t\t\t\t<\/div>\n\t\t\t\t\t<\/div>\n\t\t\t\t<\/div>\n\t\t\t\t<\/div>\n\t\t","protected":false},"excerpt":{"rendered":"<p>Kundendienst F\u00fcr eine Anfrage zur Kundendienstbetreuung kontaktieren Sie uns bitte ausschlie\u00dflich per E-Mail unter folgender Adresse: contact@oplitegames.com. Um eine schnelle Bearbeitung Ihrer Anfrage zu gew\u00e4hrleisten, bitten wir Sie, : Legen&#8230;<\/p>\n","protected":false},"author":114,"featured_media":0,"parent":0,"menu_order":0,"comment_status":"closed","ping_status":"closed","template":"","meta":{"_acf_changed":false,"_themeisle_gutenberg_block_has_review":false,"footnotes":""},"class_list":["post-40503","page","type-page","status-publish","hentry"],"acf":[],"yoast_head":"<!-- This site is optimized with the Yoast SEO plugin v27.1.1 - https:\/\/yoast.com\/product\/yoast-seo-wordpress\/ -->\n<title>Kundendienst - OPLITE<\/title>\n<meta name=\"robots\" content=\"index, follow, max-snippet:-1, max-image-preview:large, max-video-preview:-1\" \/>\n<link rel=\"canonical\" href=\"https:\/\/oplitegames.com\/es\/servicio-posventa\/\" \/>\n<meta property=\"og:locale\" content=\"de_DE\" \/>\n<meta property=\"og:type\" content=\"article\" \/>\n<meta property=\"og:title\" content=\"Kundendienst - OPLITE\" \/>\n<meta property=\"og:description\" content=\"Kundendienst F\u00fcr eine Anfrage zur Kundendienstbetreuung kontaktieren Sie uns bitte ausschlie\u00dflich per E-Mail unter folgender Adresse: contact@oplitegames.com. Um eine schnelle Bearbeitung Ihrer Anfrage zu gew\u00e4hrleisten, bitten wir Sie, : Legen...\" \/>\n<meta property=\"og:url\" content=\"https:\/\/oplitegames.com\/es\/servicio-posventa\/\" \/>\n<meta property=\"og:site_name\" content=\"OPLITE\" \/>\n<meta property=\"article:modified_time\" content=\"2024-11-20T10:10:13+00:00\" \/>\n<meta name=\"twitter:card\" content=\"summary_large_image\" \/>\n<script type=\"application\/ld+json\" class=\"yoast-schema-graph\">{\"@context\":\"https:\/\/schema.org\",\"@graph\":[{\"@type\":\"WebPage\",\"@id\":\"https:\/\/oplitegames.com\/es\/servicio-posventa\/\",\"url\":\"https:\/\/oplitegames.com\/es\/servicio-posventa\/\",\"name\":\"Kundendienst - OPLITE\",\"isPartOf\":{\"@id\":\"https:\/\/oplitegames.com\/#website\"},\"datePublished\":\"2024-11-13T16:16:16+00:00\",\"dateModified\":\"2024-11-20T10:10:13+00:00\",\"inLanguage\":\"de-DE\",\"potentialAction\":[{\"@type\":\"ReadAction\",\"target\":[\"https:\/\/oplitegames.com\/es\/servicio-posventa\/\"]}]},{\"@type\":\"WebSite\",\"@id\":\"https:\/\/oplitegames.com\/#website\",\"url\":\"https:\/\/oplitegames.com\/\",\"name\":\"OPLITE\",\"description\":\"\",\"publisher\":{\"@id\":\"https:\/\/oplitegames.com\/#organization\"},\"alternateName\":\"Oplite\",\"potentialAction\":[{\"@type\":\"SearchAction\",\"target\":{\"@type\":\"EntryPoint\",\"urlTemplate\":\"https:\/\/oplitegames.com\/?s={search_term_string}\"},\"query-input\":{\"@type\":\"PropertyValueSpecification\",\"valueRequired\":true,\"valueName\":\"search_term_string\"}}],\"inLanguage\":\"de-DE\"},{\"@type\":\"Organization\",\"@id\":\"https:\/\/oplitegames.com\/#organization\",\"name\":\"OPLITE\",\"alternateName\":\"Oplite\",\"url\":\"https:\/\/oplitegames.com\/\",\"logo\":{\"@type\":\"ImageObject\",\"inLanguage\":\"de-DE\",\"@id\":\"https:\/\/oplitegames.com\/#\/schema\/logo\/image\/\",\"url\":\"https:\/\/oplitegames.com\/wp-content\/uploads\/cropped-Favicon_oplite.jpg\",\"contentUrl\":\"https:\/\/oplitegames.com\/wp-content\/uploads\/cropped-Favicon_oplite.jpg\",\"width\":512,\"height\":512,\"caption\":\"OPLITE\"},\"image\":{\"@id\":\"https:\/\/oplitegames.com\/#\/schema\/logo\/image\/\"}}]}<\/script>\n<!-- \/ Yoast SEO plugin. -->","yoast_head_json":{"title":"Kundendienst - OPLITE","robots":{"index":"index","follow":"follow","max-snippet":"max-snippet:-1","max-image-preview":"max-image-preview:large","max-video-preview":"max-video-preview:-1"},"canonical":"https:\/\/oplitegames.com\/es\/servicio-posventa\/","og_locale":"de_DE","og_type":"article","og_title":"Kundendienst - OPLITE","og_description":"Kundendienst F\u00fcr eine Anfrage zur Kundendienstbetreuung kontaktieren Sie uns bitte ausschlie\u00dflich per E-Mail unter folgender Adresse: contact@oplitegames.com. Um eine schnelle Bearbeitung Ihrer Anfrage zu gew\u00e4hrleisten, bitten wir Sie, : Legen...","og_url":"https:\/\/oplitegames.com\/es\/servicio-posventa\/","og_site_name":"OPLITE","article_modified_time":"2024-11-20T10:10:13+00:00","twitter_card":"summary_large_image","schema":{"@context":"https:\/\/schema.org","@graph":[{"@type":"WebPage","@id":"https:\/\/oplitegames.com\/es\/servicio-posventa\/","url":"https:\/\/oplitegames.com\/es\/servicio-posventa\/","name":"Kundendienst - OPLITE","isPartOf":{"@id":"https:\/\/oplitegames.com\/#website"},"datePublished":"2024-11-13T16:16:16+00:00","dateModified":"2024-11-20T10:10:13+00:00","inLanguage":"de-DE","potentialAction":[{"@type":"ReadAction","target":["https:\/\/oplitegames.com\/es\/servicio-posventa\/"]}]},{"@type":"WebSite","@id":"https:\/\/oplitegames.com\/#website","url":"https:\/\/oplitegames.com\/","name":"OPLITE","description":"","publisher":{"@id":"https:\/\/oplitegames.com\/#organization"},"alternateName":"Oplite","potentialAction":[{"@type":"SearchAction","target":{"@type":"EntryPoint","urlTemplate":"https:\/\/oplitegames.com\/?s={search_term_string}"},"query-input":{"@type":"PropertyValueSpecification","valueRequired":true,"valueName":"search_term_string"}}],"inLanguage":"de-DE"},{"@type":"Organization","@id":"https:\/\/oplitegames.com\/#organization","name":"OPLITE","alternateName":"Oplite","url":"https:\/\/oplitegames.com\/","logo":{"@type":"ImageObject","inLanguage":"de-DE","@id":"https:\/\/oplitegames.com\/#\/schema\/logo\/image\/","url":"https:\/\/oplitegames.com\/wp-content\/uploads\/cropped-Favicon_oplite.jpg","contentUrl":"https:\/\/oplitegames.com\/wp-content\/uploads\/cropped-Favicon_oplite.jpg","width":512,"height":512,"caption":"OPLITE"},"image":{"@id":"https:\/\/oplitegames.com\/#\/schema\/logo\/image\/"}}]}},"_links":{"self":[{"href":"https:\/\/oplitegames.com\/de\/wp-json\/wp\/v2\/pages\/40503","targetHints":{"allow":["GET"]}}],"collection":[{"href":"https:\/\/oplitegames.com\/de\/wp-json\/wp\/v2\/pages"}],"about":[{"href":"https:\/\/oplitegames.com\/de\/wp-json\/wp\/v2\/types\/page"}],"author":[{"embeddable":true,"href":"https:\/\/oplitegames.com\/de\/wp-json\/wp\/v2\/users\/114"}],"replies":[{"embeddable":true,"href":"https:\/\/oplitegames.com\/de\/wp-json\/wp\/v2\/comments?post=40503"}],"version-history":[{"count":18,"href":"https:\/\/oplitegames.com\/de\/wp-json\/wp\/v2\/pages\/40503\/revisions"}],"predecessor-version":[{"id":41071,"href":"https:\/\/oplitegames.com\/de\/wp-json\/wp\/v2\/pages\/40503\/revisions\/41071"}],"wp:attachment":[{"href":"https:\/\/oplitegames.com\/de\/wp-json\/wp\/v2\/media?parent=40503"}],"curies":[{"name":"wp","href":"https:\/\/api.w.org\/{rel}","templated":true}]}}