{"id":41322,"date":"2024-11-13T17:13:56","date_gmt":"2024-11-13T16:13:56","guid":{"rendered":"https:\/\/oplitegames.com\/?page_id=41322"},"modified":"2024-11-21T16:24:26","modified_gmt":"2024-11-21T15:24:26","slug":"produktinformation","status":"publish","type":"page","link":"https:\/\/oplitegames.com\/de\/produktinformation\/","title":{"rendered":"Produktinformation"},"content":{"rendered":"\t\t<div data-elementor-type=\"wp-page\" data-elementor-id=\"41322\" class=\"elementor elementor-41322 elementor-40330\" data-elementor-post-type=\"page\">\n\t\t\t\t<div class=\"elementor-element elementor-element-2a29999 e-flex e-con-boxed e-con e-parent\" data-id=\"2a29999\" data-element_type=\"container\" data-e-type=\"container\">\n\t\t\t\t\t<div class=\"e-con-inner\">\n\t\t\t\t<div class=\"elementor-element elementor-element-296b9e7 elementor-widget elementor-widget-spacer\" data-id=\"296b9e7\" data-element_type=\"widget\" data-e-type=\"widget\" data-widget_type=\"spacer.default\">\n\t\t\t\t<div class=\"elementor-widget-container\">\n\t\t\t\t\t\t\t<div class=\"elementor-spacer\">\n\t\t\t<div class=\"elementor-spacer-inner\"><\/div>\n\t\t<\/div>\n\t\t\t\t\t\t<\/div>\n\t\t\t\t<\/div>\n\t\t\t\t<div class=\"elementor-element elementor-element-afab5d5 elementor-widget elementor-widget-heading\" data-id=\"afab5d5\" data-element_type=\"widget\" data-e-type=\"widget\" data-widget_type=\"heading.default\">\n\t\t\t\t<div class=\"elementor-widget-container\">\n\t\t\t\t\t<h2 class=\"elementor-heading-title elementor-size-default\">Produktinformation<\/h2>\t\t\t\t<\/div>\n\t\t\t\t<\/div>\n\t\t\t\t<div class=\"elementor-element elementor-element-824bb00 elementor-widget elementor-widget-spacer\" data-id=\"824bb00\" data-element_type=\"widget\" data-e-type=\"widget\" data-widget_type=\"spacer.default\">\n\t\t\t\t<div class=\"elementor-widget-container\">\n\t\t\t\t\t\t\t<div class=\"elementor-spacer\">\n\t\t\t<div class=\"elementor-spacer-inner\"><\/div>\n\t\t<\/div>\n\t\t\t\t\t\t<\/div>\n\t\t\t\t<\/div>\n\t\t\t\t<div class=\"elementor-element elementor-element-56a206f elementor-widget elementor-widget-text-editor\" data-id=\"56a206f\" data-element_type=\"widget\" data-e-type=\"widget\" data-widget_type=\"text-editor.default\">\n\t\t\t\t<div class=\"elementor-widget-container\">\n\t\t\t\t\t\t\t\t\t<p>F\u00fcr Informationen \u00fcber unsere Produkte k\u00f6nnen Sie uns erreichen:<\/p><p><strong>Per Telefon:<\/strong> +33.7.88.53.57.57, montags bis freitags von 9 bis 17 Uhr.<\/p><p><strong>Per E-Mail:<\/strong> <a href=\"mailto:contact@oplitegames.com\">contact@oplitegames.com<\/a><\/p>\t\t\t\t\t\t\t\t<\/div>\n\t\t\t\t<\/div>\n\t\t\t\t<div class=\"elementor-element elementor-element-a61276e elementor-widget elementor-widget-spacer\" data-id=\"a61276e\" data-element_type=\"widget\" data-e-type=\"widget\" data-widget_type=\"spacer.default\">\n\t\t\t\t<div class=\"elementor-widget-container\">\n\t\t\t\t\t\t\t<div class=\"elementor-spacer\">\n\t\t\t<div class=\"elementor-spacer-inner\"><\/div>\n\t\t<\/div>\n\t\t\t\t\t\t<\/div>\n\t\t\t\t<\/div>\n\t\t\t\t\t<\/div>\n\t\t\t\t<\/div>\n\t\t\t\t<\/div>\n\t\t","protected":false},"excerpt":{"rendered":"<p>Produktinformation F\u00fcr Informationen \u00fcber unsere Produkte k\u00f6nnen Sie uns erreichen: Per Telefon: +33.7.88.53.57.57, montags bis freitags von 9 bis 17 Uhr. Per E-Mail: contact@oplitegames.com<\/p>\n","protected":false},"author":114,"featured_media":0,"parent":0,"menu_order":0,"comment_status":"closed","ping_status":"closed","template":"","meta":{"_acf_changed":false,"_themeisle_gutenberg_block_has_review":false,"footnotes":""},"class_list":["post-41322","page","type-page","status-publish","hentry"],"acf":[],"yoast_head":"<!-- This site is optimized with the Yoast SEO plugin v27.1.1 - https:\/\/yoast.com\/product\/yoast-seo-wordpress\/ -->\n<title>Produktinformation - OPLITE<\/title>\n<meta name=\"robots\" content=\"index, follow, max-snippet:-1, max-image-preview:large, max-video-preview:-1\" \/>\n<link rel=\"canonical\" href=\"https:\/\/oplitegames.com\/de\/produktinformation\/\" \/>\n<meta property=\"og:locale\" content=\"de_DE\" \/>\n<meta property=\"og:type\" content=\"article\" \/>\n<meta property=\"og:title\" content=\"Produktinformation - OPLITE\" \/>\n<meta property=\"og:description\" content=\"Produktinformation F\u00fcr Informationen \u00fcber unsere Produkte k\u00f6nnen Sie uns erreichen: Per Telefon: +33.7.88.53.57.57, montags bis freitags von 9 bis 17 Uhr. Per E-Mail: contact@oplitegames.com\" \/>\n<meta property=\"og:url\" content=\"https:\/\/oplitegames.com\/de\/produktinformation\/\" \/>\n<meta property=\"og:site_name\" content=\"OPLITE\" \/>\n<meta property=\"article:modified_time\" content=\"2024-11-21T15:24:26+00:00\" \/>\n<meta name=\"twitter:card\" content=\"summary_large_image\" \/>\n<script type=\"application\/ld+json\" class=\"yoast-schema-graph\">{\"@context\":\"https:\/\/schema.org\",\"@graph\":[{\"@type\":\"WebPage\",\"@id\":\"https:\/\/oplitegames.com\/de\/produktinformation\/\",\"url\":\"https:\/\/oplitegames.com\/de\/produktinformation\/\",\"name\":\"Produktinformation - OPLITE\",\"isPartOf\":{\"@id\":\"https:\/\/oplitegames.com\/#website\"},\"datePublished\":\"2024-11-13T16:13:56+00:00\",\"dateModified\":\"2024-11-21T15:24:26+00:00\",\"inLanguage\":\"de-DE\",\"potentialAction\":[{\"@type\":\"ReadAction\",\"target\":[\"https:\/\/oplitegames.com\/de\/produktinformation\/\"]}]},{\"@type\":\"WebSite\",\"@id\":\"https:\/\/oplitegames.com\/#website\",\"url\":\"https:\/\/oplitegames.com\/\",\"name\":\"OPLITE\",\"description\":\"\",\"publisher\":{\"@id\":\"https:\/\/oplitegames.com\/#organization\"},\"alternateName\":\"Oplite\",\"potentialAction\":[{\"@type\":\"SearchAction\",\"target\":{\"@type\":\"EntryPoint\",\"urlTemplate\":\"https:\/\/oplitegames.com\/?s={search_term_string}\"},\"query-input\":{\"@type\":\"PropertyValueSpecification\",\"valueRequired\":true,\"valueName\":\"search_term_string\"}}],\"inLanguage\":\"de-DE\"},{\"@type\":\"Organization\",\"@id\":\"https:\/\/oplitegames.com\/#organization\",\"name\":\"OPLITE\",\"alternateName\":\"Oplite\",\"url\":\"https:\/\/oplitegames.com\/\",\"logo\":{\"@type\":\"ImageObject\",\"inLanguage\":\"de-DE\",\"@id\":\"https:\/\/oplitegames.com\/#\/schema\/logo\/image\/\",\"url\":\"https:\/\/oplitegames.com\/wp-content\/uploads\/cropped-Favicon_oplite.jpg\",\"contentUrl\":\"https:\/\/oplitegames.com\/wp-content\/uploads\/cropped-Favicon_oplite.jpg\",\"width\":512,\"height\":512,\"caption\":\"OPLITE\"},\"image\":{\"@id\":\"https:\/\/oplitegames.com\/#\/schema\/logo\/image\/\"}}]}<\/script>\n<!-- \/ Yoast SEO plugin. -->","yoast_head_json":{"title":"Produktinformation - OPLITE","robots":{"index":"index","follow":"follow","max-snippet":"max-snippet:-1","max-image-preview":"max-image-preview:large","max-video-preview":"max-video-preview:-1"},"canonical":"https:\/\/oplitegames.com\/de\/produktinformation\/","og_locale":"de_DE","og_type":"article","og_title":"Produktinformation - OPLITE","og_description":"Produktinformation F\u00fcr Informationen \u00fcber unsere Produkte k\u00f6nnen Sie uns erreichen: Per Telefon: +33.7.88.53.57.57, montags bis freitags von 9 bis 17 Uhr. Per E-Mail: contact@oplitegames.com","og_url":"https:\/\/oplitegames.com\/de\/produktinformation\/","og_site_name":"OPLITE","article_modified_time":"2024-11-21T15:24:26+00:00","twitter_card":"summary_large_image","schema":{"@context":"https:\/\/schema.org","@graph":[{"@type":"WebPage","@id":"https:\/\/oplitegames.com\/de\/produktinformation\/","url":"https:\/\/oplitegames.com\/de\/produktinformation\/","name":"Produktinformation - OPLITE","isPartOf":{"@id":"https:\/\/oplitegames.com\/#website"},"datePublished":"2024-11-13T16:13:56+00:00","dateModified":"2024-11-21T15:24:26+00:00","inLanguage":"de-DE","potentialAction":[{"@type":"ReadAction","target":["https:\/\/oplitegames.com\/de\/produktinformation\/"]}]},{"@type":"WebSite","@id":"https:\/\/oplitegames.com\/#website","url":"https:\/\/oplitegames.com\/","name":"OPLITE","description":"","publisher":{"@id":"https:\/\/oplitegames.com\/#organization"},"alternateName":"Oplite","potentialAction":[{"@type":"SearchAction","target":{"@type":"EntryPoint","urlTemplate":"https:\/\/oplitegames.com\/?s={search_term_string}"},"query-input":{"@type":"PropertyValueSpecification","valueRequired":true,"valueName":"search_term_string"}}],"inLanguage":"de-DE"},{"@type":"Organization","@id":"https:\/\/oplitegames.com\/#organization","name":"OPLITE","alternateName":"Oplite","url":"https:\/\/oplitegames.com\/","logo":{"@type":"ImageObject","inLanguage":"de-DE","@id":"https:\/\/oplitegames.com\/#\/schema\/logo\/image\/","url":"https:\/\/oplitegames.com\/wp-content\/uploads\/cropped-Favicon_oplite.jpg","contentUrl":"https:\/\/oplitegames.com\/wp-content\/uploads\/cropped-Favicon_oplite.jpg","width":512,"height":512,"caption":"OPLITE"},"image":{"@id":"https:\/\/oplitegames.com\/#\/schema\/logo\/image\/"}}]}},"_links":{"self":[{"href":"https:\/\/oplitegames.com\/de\/wp-json\/wp\/v2\/pages\/41322","targetHints":{"allow":["GET"]}}],"collection":[{"href":"https:\/\/oplitegames.com\/de\/wp-json\/wp\/v2\/pages"}],"about":[{"href":"https:\/\/oplitegames.com\/de\/wp-json\/wp\/v2\/types\/page"}],"author":[{"embeddable":true,"href":"https:\/\/oplitegames.com\/de\/wp-json\/wp\/v2\/users\/114"}],"replies":[{"embeddable":true,"href":"https:\/\/oplitegames.com\/de\/wp-json\/wp\/v2\/comments?post=41322"}],"version-history":[{"count":5,"href":"https:\/\/oplitegames.com\/de\/wp-json\/wp\/v2\/pages\/41322\/revisions"}],"predecessor-version":[{"id":41329,"href":"https:\/\/oplitegames.com\/de\/wp-json\/wp\/v2\/pages\/41322\/revisions\/41329"}],"wp:attachment":[{"href":"https:\/\/oplitegames.com\/de\/wp-json\/wp\/v2\/media?parent=41322"}],"curies":[{"name":"wp","href":"https:\/\/api.w.org\/{rel}","templated":true}]}}