{"id":32169,"date":"2023-11-06T14:59:16","date_gmt":"2023-11-06T13:59:16","guid":{"rendered":"https:\/\/oplitegames.com\/?post_type=product&#038;p=32169"},"modified":"2026-05-13T17:37:38","modified_gmt":"2026-05-13T15:37:38","slug":"cockpit-gtr-s8-infinity-force","status":"publish","type":"product","link":"https:\/\/oplitegames.com\/de\/produkt\/cockpit-gtr-s8-infinity-force\/","title":{"rendered":"Cockpit GTR S8 Infinity Force"},"content":{"rendered":"<p>Das <strong>OPLITE GTR S8 Infinity Force<\/strong> Simulationscockpit kombiniert die neuesten Fortschritte der Marke in der Simracing-Technologie mit einem zeitlosen, von der Welt des Rennsports inspirierten Design. Seine Struktur aus hochverdichtetem Karbonstahl mit einem Durchmesser von 48 mm garantiert eine optimale Steifigkeit, und die Montageplatten gew\u00e4hrleisten eine vollst\u00e4ndige Kompatibilit\u00e4t mit L\u00f6sungen f\u00fchrender Marken wie Fanatec\u00ae, Moza\u00ae, Thrustmaster\u00ae, Logitech\u00ae, Turtle Beach\u00ae, Asetek\u00ae oder Nacon\u00ae. Mit einer breiten Palette von Einstellm\u00f6glichkeiten bietet dieses Cockpit ein ergonomisches Cockpit, das f\u00fcr eine Vielzahl von Fahrmodi geeignet ist, darunter GT, Drift, F1 und Rally.<\/p>\n<p><span style=\"text-decoration: underline;\"><strong>H\u00f6hepunkte:<\/strong> <\/span><br \/>\n\u2022 Echter Fiberglas-Schalensitz, auf Gleitern montiert, geeignet f\u00fcr alle Gr\u00f6\u00dfen von 1m50 bis + 2m10 f\u00fcr eine Tragf\u00e4higkeit von bis zu150KG.<br \/>\n\u2022 Verst\u00e4rkte Pedalst\u00fctze f\u00fcr den Einbau von LoadCell-Pedalen, auch flach.<br \/>\n\u2022 Inklusive Full Force Kit f\u00fcr optimale Steifigkeit und aggressiven Look.<br \/>\n\u2022 Mehrere schnelle und einfache Anpassungen, dank der Verwendung von Schnellspannern.<br \/>\n\u2022 H\u00f6hen- und neigungsverstellbarer Lenkradsockel, kompatibel mit Force Feedback Direct Drive und Courroie Technologien.<br \/>\n\u2022 Hochwertige Schrauben und Gewindeeins\u00e4tze aus Nickelstahl aus der Automobilindustrie.<br \/>\n\u2022 Versteifungswinkel an der Vorder- und R\u00fcckseite des Fahrgestells mit l\u00e4nglichen Nuten von 6 mm Durchmesser, die den Einbau von Zubeh\u00f6rteilen aus dem 3D-Druck oder anderen Methoden im Sinne des &#8220;Do It Yourself&#8221; (DIY) erm\u00f6glichen.<br \/>\n\u2022 Das Chassis ist mit acht geschwei\u00dften Muttern ausgestattet, die zur Befestigung der mitgelieferten Oplite-Drehf\u00fc\u00dfe oder des optionalen Hochleistungsradsatzes <strong>CASTOR WHEEL GTR S8<\/strong> verwendet werden k\u00f6nnen.<br \/>\n\u2022 Die neuesten technologischen Fortschritte er\u00f6ffnen neue M\u00f6glichkeiten der Flugsimulation mit dem optionalen <strong>SIMRACING &amp; FLIGHTSIM HOLDER<\/strong><\/p>\n<p><span style=\"text-decoration: underline;\"><strong>Technische Daten :<\/strong><\/span><br \/>\n<strong>Rahmen :<\/strong><br \/>\n\u2022 Rohrrahmen \u00d8 48 mm x 2 mm dick<br \/>\n\u2022 Inklusive vollst\u00e4ndigem Force-Kit<br \/>\n\u2022Hochwiderstandsf\u00e4hige, mattschwarze Lackierung f\u00fcr ein hochwertiges Finish<br \/>\n<strong>Lenkradhalterung :<\/strong><br \/>\n\u2022 Verstellung nach oben\/unten \u00b130<br \/>\n\u2022 Neigung nach oben\/unten \u00b130<br \/>\n<strong>Pedalst\u00fctze :<\/strong><br \/>\n\u2022 Tiefenverstellung Erm\u00f6glicht eine Vorw\u00e4rts-\/R\u00fcckw\u00e4rtsverstellung von \u00b1200 mm und eine Neigung von 0\u00b0 bis +30\u00b0, um sich Ihrer Morphologie anzupassen<br \/>\n<strong>Schalensitz :RS2 FiberCore\u00ae<\/strong><br \/>\n\u2022 FiberCore\u00ae-Struktur aus 4 miteinander verflochtenen und verst\u00e4rkten Glasfaserschichten.<br \/>\n\u2022 Atmungsaktiver Veloursbezug, weich und angenehm im Griff, mit OPLITE-Logo auf beiden Seiten der Kopfst\u00fctze gestickt.<br \/>\n\u2022 Universelle Gr\u00f6\u00dfe, passend f\u00fcr alle K\u00f6rperformen, mit 5 Gurtf\u00fchrungen kompatibel mit 3- und 4 Punkt-Gurten.<br \/>\n\u2022 Mehrfache Einstellm\u00f6glichkeiten: Tiefe \u00b1220 mm \u00fcber Schienen verstellbar, H\u00f6henverstellung sowie Neigungswinkel von -24\u00b0 bis +24\u00b0.<br \/>\n\u2022 Standard-Seitliche Befestigung 290 mm mit 4 M8x20 Schrauben im Lieferumfang.<br \/>\n<span style=\"text-decoration: underline;\"><strong>Produktkompatibilit\u00e4t:<\/strong><\/span><br \/>\n100% Kompatibel* mit Thrustmaster\u00ae**,\u00a0 Turtle beach\u00ae, Logitech\u00ae, Moza\u00ae, ASETEK\u00ae, Revosim\u00ae und Fanatec\u00ae Lenkr\u00e4dern und Pedalen.<\/p>\n<p><small>*F\u00fcr eine optimale Kompatibilit\u00e4t mit bestimmten Ger\u00e4ten k\u00f6nnen kleine Anpassungen erforderlich sein. Seien Sie unbesorgt: Die Qualit\u00e4t und Garantie Ihres Produkts bleiben davon unber\u00fchrt.<br \/>\n**Alle Thrusmaster-Produkte au\u00dfer T150 und TMX<\/small><\/p>\n","protected":false},"excerpt":{"rendered":"<p>OPLITE, Experte f\u00fcr die Entwicklung ergonomischer Produkte f\u00fcr den B\u00fcro- und Spielebereich, pr\u00e4sentiert sein neuestes Rennsimulations-Cockpit, das <strong>GTR S8 INFINITY FORCE<\/strong>.<br \/>\nMit dem mitgelieferten FUll FORCE KIT ist das GTR S8 Cockpit bereit, den SIMRACING &amp; FLIGHTSIM HOLDER aufzunehmen. Es ist das unverzichtbare Zubeh\u00f6r f\u00fcr Renn- und Flugbegeisterte, das Sie vom Gamer zum Piloten macht!<\/p>\n[embed]https:\/\/www.youtube.com\/watch?v=kygailipLPY&#038;t=33s[\/embed]\n","protected":false},"featured_media":32127,"template":"","meta":{"_acf_changed":false,"_themeisle_gutenberg_block_has_review":false,"footnotes":""},"product_brand":[],"product_cat":[762,692],"product_tag":[695],"class_list":{"0":"post-32169","1":"product","2":"type-product","3":"status-publish","4":"has-post-thumbnail","6":"product_cat-cockpit-gtr-s8-infinity-de","7":"product_cat-simulatoren","8":"product_tag-oplite-gaming-de","10":"first","11":"instock","12":"taxable","13":"shipping-taxable","14":"purchasable","15":"product-type-simple"},"bundled_by":[],"bundle_stock_status":"instock","bundle_stock_quantity":83,"bundle_virtual":false,"bundle_layout":"","bundle_add_to_cart_form_location":"","bundle_editable_in_cart":false,"bundle_sold_individually_context":"","bundle_item_grouping":"","bundle_min_size":"","bundle_max_size":"","bundle_price":[],"bundled_items":[],"bundle_sell_ids":[],"acf":[],"yoast_head":"<!-- This site is optimized with the Yoast SEO plugin v27.1.1 - https:\/\/yoast.com\/product\/yoast-seo-wordpress\/ -->\n<title>Cockpit GTR S8 Infinity Force - OPLITE<\/title>\n<meta name=\"robots\" content=\"index, follow, max-snippet:-1, max-image-preview:large, max-video-preview:-1\" \/>\n<link rel=\"canonical\" href=\"https:\/\/oplitegames.com\/de\/produkt\/cockpit-gtr-s8-infinity-force\/\" \/>\n<meta property=\"og:locale\" content=\"de_DE\" \/>\n<meta property=\"og:type\" content=\"article\" \/>\n<meta property=\"og:title\" content=\"Cockpit GTR S8 Infinity Force - OPLITE\" \/>\n<meta property=\"og:description\" content=\"OPLITE, Experte f\u00fcr die Entwicklung ergonomischer Produkte f\u00fcr den B\u00fcro- und Spielebereich, pr\u00e4sentiert sein neuestes Rennsimulations-Cockpit, das GTR S8 INFINITY FORCE. Mit dem mitgelieferten FUll FORCE KIT ist das GTR S8 Cockpit bereit, den SIMRACING &amp; FLIGHTSIM HOLDER aufzunehmen. Es ist das unverzichtbare Zubeh\u00f6r f\u00fcr Renn- und Flugbegeisterte, das Sie vom Gamer zum Piloten macht!\" \/>\n<meta property=\"og:url\" content=\"https:\/\/oplitegames.com\/de\/produkt\/cockpit-gtr-s8-infinity-force\/\" \/>\n<meta property=\"og:site_name\" content=\"OPLITE\" \/>\n<meta property=\"article:modified_time\" content=\"2026-05-13T15:37:38+00:00\" \/>\n<meta property=\"og:image\" content=\"https:\/\/oplitegames.com\/wp-content\/uploads\/COCKPIT-GTR-S8-INFINITY-FORCE-OP-GTR-S8FF-_1.jpg\" \/>\n\t<meta property=\"og:image:width\" content=\"2000\" \/>\n\t<meta property=\"og:image:height\" content=\"2000\" \/>\n\t<meta property=\"og:image:type\" content=\"image\/jpeg\" \/>\n<meta name=\"twitter:card\" content=\"summary_large_image\" \/>\n<meta name=\"twitter:label1\" content=\"Price\" \/>\n\t<meta name=\"twitter:data1\" content=\"549,90&nbsp;&euro;\" \/>\n\t<meta name=\"twitter:label2\" content=\"Availability\" \/>\n\t<meta name=\"twitter:data2\" content=\"In stock\" \/>\n<script type=\"application\/ld+json\" class=\"yoast-schema-graph\">{\"@context\":\"https:\/\/schema.org\",\"@graph\":[{\"@type\":\"WebPage\",\"@id\":\"https:\/\/oplitegames.com\/de\/produkt\/cockpit-gtr-s8-infinity-force\/\",\"url\":\"https:\/\/oplitegames.com\/de\/produkt\/cockpit-gtr-s8-infinity-force\/\",\"name\":\"Cockpit GTR S8 Infinity Force - OPLITE\",\"isPartOf\":{\"@id\":\"https:\/\/oplitegames.com\/#website\"},\"primaryImageOfPage\":{\"@id\":\"https:\/\/oplitegames.com\/de\/produkt\/cockpit-gtr-s8-infinity-force\/#primaryimage\"},\"image\":{\"@id\":\"https:\/\/oplitegames.com\/de\/produkt\/cockpit-gtr-s8-infinity-force\/#primaryimage\"},\"thumbnailUrl\":\"https:\/\/oplitegames.com\/wp-content\/uploads\/COCKPIT-GTR-S8-INFINITY-FORCE-OP-GTR-S8FF-_1.jpg\",\"datePublished\":\"2023-11-06T13:59:16+00:00\",\"dateModified\":\"2026-05-13T15:37:38+00:00\",\"breadcrumb\":{\"@id\":\"https:\/\/oplitegames.com\/de\/produkt\/cockpit-gtr-s8-infinity-force\/#breadcrumb\"},\"inLanguage\":\"de-DE\",\"potentialAction\":[{\"@type\":\"ReadAction\",\"target\":[\"https:\/\/oplitegames.com\/de\/produkt\/cockpit-gtr-s8-infinity-force\/\"]}]},{\"@type\":\"ImageObject\",\"inLanguage\":\"de-DE\",\"@id\":\"https:\/\/oplitegames.com\/de\/produkt\/cockpit-gtr-s8-infinity-force\/#primaryimage\",\"url\":\"https:\/\/oplitegames.com\/wp-content\/uploads\/COCKPIT-GTR-S8-INFINITY-FORCE-OP-GTR-S8FF-_1.jpg\",\"contentUrl\":\"https:\/\/oplitegames.com\/wp-content\/uploads\/COCKPIT-GTR-S8-INFINITY-FORCE-OP-GTR-S8FF-_1.jpg\",\"width\":2000,\"height\":2000},{\"@type\":\"BreadcrumbList\",\"@id\":\"https:\/\/oplitegames.com\/de\/produkt\/cockpit-gtr-s8-infinity-force\/#breadcrumb\",\"itemListElement\":[{\"@type\":\"ListItem\",\"position\":1,\"name\":\"Gesch\u00e4ft\",\"item\":\"https:\/\/oplitegames.com\/de\/geschaeft\/\"},{\"@type\":\"ListItem\",\"position\":2,\"name\":\"Cockpit GTR S8 Infinity Force\"}]},{\"@type\":\"WebSite\",\"@id\":\"https:\/\/oplitegames.com\/#website\",\"url\":\"https:\/\/oplitegames.com\/\",\"name\":\"OPLITE\",\"description\":\"\",\"publisher\":{\"@id\":\"https:\/\/oplitegames.com\/#organization\"},\"alternateName\":\"Oplite\",\"potentialAction\":[{\"@type\":\"SearchAction\",\"target\":{\"@type\":\"EntryPoint\",\"urlTemplate\":\"https:\/\/oplitegames.com\/?s={search_term_string}\"},\"query-input\":{\"@type\":\"PropertyValueSpecification\",\"valueRequired\":true,\"valueName\":\"search_term_string\"}}],\"inLanguage\":\"de-DE\"},{\"@type\":\"Organization\",\"@id\":\"https:\/\/oplitegames.com\/#organization\",\"name\":\"OPLITE\",\"alternateName\":\"Oplite\",\"url\":\"https:\/\/oplitegames.com\/\",\"logo\":{\"@type\":\"ImageObject\",\"inLanguage\":\"de-DE\",\"@id\":\"https:\/\/oplitegames.com\/#\/schema\/logo\/image\/\",\"url\":\"https:\/\/oplitegames.com\/wp-content\/uploads\/cropped-Favicon_oplite.jpg\",\"contentUrl\":\"https:\/\/oplitegames.com\/wp-content\/uploads\/cropped-Favicon_oplite.jpg\",\"width\":512,\"height\":512,\"caption\":\"OPLITE\"},\"image\":{\"@id\":\"https:\/\/oplitegames.com\/#\/schema\/logo\/image\/\"}}]}<\/script>\n<meta property=\"product:price:amount\" content=\"549.90\" \/>\n<meta property=\"product:price:currency\" content=\"EUR\" \/>\n<meta property=\"og:availability\" content=\"instock\" \/>\n<meta property=\"product:availability\" content=\"instock\" \/>\n<meta property=\"product:retailer_item_id\" content=\"97528\" \/>\n<meta property=\"product:condition\" content=\"new\" \/>\n<!-- \/ Yoast SEO plugin. -->","yoast_head_json":{"title":"Cockpit GTR S8 Infinity Force - OPLITE","robots":{"index":"index","follow":"follow","max-snippet":"max-snippet:-1","max-image-preview":"max-image-preview:large","max-video-preview":"max-video-preview:-1"},"canonical":"https:\/\/oplitegames.com\/de\/produkt\/cockpit-gtr-s8-infinity-force\/","og_locale":"de_DE","og_type":"article","og_title":"Cockpit GTR S8 Infinity Force - OPLITE","og_description":"OPLITE, Experte f\u00fcr die Entwicklung ergonomischer Produkte f\u00fcr den B\u00fcro- und Spielebereich, pr\u00e4sentiert sein neuestes Rennsimulations-Cockpit, das GTR S8 INFINITY FORCE. Mit dem mitgelieferten FUll FORCE KIT ist das GTR S8 Cockpit bereit, den SIMRACING &amp; FLIGHTSIM HOLDER aufzunehmen. Es ist das unverzichtbare Zubeh\u00f6r f\u00fcr Renn- und Flugbegeisterte, das Sie vom Gamer zum Piloten macht!","og_url":"https:\/\/oplitegames.com\/de\/produkt\/cockpit-gtr-s8-infinity-force\/","og_site_name":"OPLITE","article_modified_time":"2026-05-13T15:37:38+00:00","og_image":[{"width":2000,"height":2000,"url":"https:\/\/oplitegames.com\/wp-content\/uploads\/COCKPIT-GTR-S8-INFINITY-FORCE-OP-GTR-S8FF-_1.jpg","type":"image\/jpeg"}],"twitter_card":"summary_large_image","twitter_misc":{"Price":"549,90&nbsp;&euro;","Availability":"In stock"},"schema":{"@context":"https:\/\/schema.org","@graph":[{"@type":"WebPage","@id":"https:\/\/oplitegames.com\/de\/produkt\/cockpit-gtr-s8-infinity-force\/","url":"https:\/\/oplitegames.com\/de\/produkt\/cockpit-gtr-s8-infinity-force\/","name":"Cockpit GTR S8 Infinity Force - OPLITE","isPartOf":{"@id":"https:\/\/oplitegames.com\/#website"},"primaryImageOfPage":{"@id":"https:\/\/oplitegames.com\/de\/produkt\/cockpit-gtr-s8-infinity-force\/#primaryimage"},"image":{"@id":"https:\/\/oplitegames.com\/de\/produkt\/cockpit-gtr-s8-infinity-force\/#primaryimage"},"thumbnailUrl":"https:\/\/oplitegames.com\/wp-content\/uploads\/COCKPIT-GTR-S8-INFINITY-FORCE-OP-GTR-S8FF-_1.jpg","datePublished":"2023-11-06T13:59:16+00:00","dateModified":"2026-05-13T15:37:38+00:00","breadcrumb":{"@id":"https:\/\/oplitegames.com\/de\/produkt\/cockpit-gtr-s8-infinity-force\/#breadcrumb"},"inLanguage":"de-DE","potentialAction":[{"@type":"ReadAction","target":["https:\/\/oplitegames.com\/de\/produkt\/cockpit-gtr-s8-infinity-force\/"]}]},{"@type":"ImageObject","inLanguage":"de-DE","@id":"https:\/\/oplitegames.com\/de\/produkt\/cockpit-gtr-s8-infinity-force\/#primaryimage","url":"https:\/\/oplitegames.com\/wp-content\/uploads\/COCKPIT-GTR-S8-INFINITY-FORCE-OP-GTR-S8FF-_1.jpg","contentUrl":"https:\/\/oplitegames.com\/wp-content\/uploads\/COCKPIT-GTR-S8-INFINITY-FORCE-OP-GTR-S8FF-_1.jpg","width":2000,"height":2000},{"@type":"BreadcrumbList","@id":"https:\/\/oplitegames.com\/de\/produkt\/cockpit-gtr-s8-infinity-force\/#breadcrumb","itemListElement":[{"@type":"ListItem","position":1,"name":"Gesch\u00e4ft","item":"https:\/\/oplitegames.com\/de\/geschaeft\/"},{"@type":"ListItem","position":2,"name":"Cockpit GTR S8 Infinity Force"}]},{"@type":"WebSite","@id":"https:\/\/oplitegames.com\/#website","url":"https:\/\/oplitegames.com\/","name":"OPLITE","description":"","publisher":{"@id":"https:\/\/oplitegames.com\/#organization"},"alternateName":"Oplite","potentialAction":[{"@type":"SearchAction","target":{"@type":"EntryPoint","urlTemplate":"https:\/\/oplitegames.com\/?s={search_term_string}"},"query-input":{"@type":"PropertyValueSpecification","valueRequired":true,"valueName":"search_term_string"}}],"inLanguage":"de-DE"},{"@type":"Organization","@id":"https:\/\/oplitegames.com\/#organization","name":"OPLITE","alternateName":"Oplite","url":"https:\/\/oplitegames.com\/","logo":{"@type":"ImageObject","inLanguage":"de-DE","@id":"https:\/\/oplitegames.com\/#\/schema\/logo\/image\/","url":"https:\/\/oplitegames.com\/wp-content\/uploads\/cropped-Favicon_oplite.jpg","contentUrl":"https:\/\/oplitegames.com\/wp-content\/uploads\/cropped-Favicon_oplite.jpg","width":512,"height":512,"caption":"OPLITE"},"image":{"@id":"https:\/\/oplitegames.com\/#\/schema\/logo\/image\/"}}]},"product_price_amount":"549.90","product_price_currency":"EUR","og_availability":"instock","product_availability":"instock","product_retailer_item_id":"97528","product_condition":"new"},"_links":{"self":[{"href":"https:\/\/oplitegames.com\/de\/wp-json\/wp\/v2\/product\/32169","targetHints":{"allow":["GET"]}}],"collection":[{"href":"https:\/\/oplitegames.com\/de\/wp-json\/wp\/v2\/product"}],"about":[{"href":"https:\/\/oplitegames.com\/de\/wp-json\/wp\/v2\/types\/product"}],"version-history":[{"count":7,"href":"https:\/\/oplitegames.com\/de\/wp-json\/wp\/v2\/product\/32169\/revisions"}],"predecessor-version":[{"id":68293,"href":"https:\/\/oplitegames.com\/de\/wp-json\/wp\/v2\/product\/32169\/revisions\/68293"}],"wp:featuredmedia":[{"embeddable":true,"href":"https:\/\/oplitegames.com\/de\/wp-json\/wp\/v2\/media\/32127"}],"wp:attachment":[{"href":"https:\/\/oplitegames.com\/de\/wp-json\/wp\/v2\/media?parent=32169"}],"wp:term":[{"taxonomy":"product_brand","embeddable":true,"href":"https:\/\/oplitegames.com\/de\/wp-json\/wp\/v2\/product_brand?post=32169"},{"taxonomy":"product_cat","embeddable":true,"href":"https:\/\/oplitegames.com\/de\/wp-json\/wp\/v2\/product_cat?post=32169"},{"taxonomy":"product_tag","embeddable":true,"href":"https:\/\/oplitegames.com\/de\/wp-json\/wp\/v2\/product_tag?post=32169"}],"curies":[{"name":"wp","href":"https:\/\/api.w.org\/{rel}","templated":true}]}}