{"id":45731,"date":"2025-01-28T03:00:12","date_gmt":"2025-01-28T02:00:12","guid":{"rendered":"https:\/\/oplitegames.com\/?post_type=product&#038;p=45731"},"modified":"2026-04-15T03:24:31","modified_gmt":"2026-04-15T01:24:31","slug":"r8-gear-shift-handbrake-holder-white","status":"publish","type":"product","link":"https:\/\/oplitegames.com\/de\/produkt\/r8-gear-shift-handbrake-holder-white\/","title":{"rendered":"R8 Gear Shift Handbrake Holder White"},"content":{"rendered":"<p>Tauchen Sie in eine neue Dimension des Rennsimulators ein, indem Sie Ihrem R8 FURY den <strong>Gear Shift Handbrake Holder<\/strong> hinzuf\u00fcgen. Das Design, inspiriert von den Sicherheitsb\u00fcgeln in NASCAR-Fahrzeugen (doppelte parallele Rohre), ist sorgf\u00e4ltig ausgearbeitet, um perfekt in Ihren R8 FURY zu passen. Ergonomie und Peripheriekompatibilit\u00e4t waren die Schl\u00fcsselw\u00f6rter bei der Entwicklung dieses Getriebeschalthebel- und Handbremsenhalters. Der Gear Shift Hand Brake Holder wurde f\u00fcr anspruchsvolle Fahrer konzipiert, die eine au\u00dfergew\u00f6hnliche Steifigkeit f\u00fcr ihre Peripherieger\u00e4te wie Handbremse und Getriebeschalthebel suchen. Seine Konstruktion basiert auf besonders robustem Stahl vom Typ E355 und wird fest durch 8 Verankerungspunkte fixiert.<\/p>\n<p><strong><u>St\u00e4rken<\/u><\/strong><br \/>\n\u2022 Perfekte Integration mit Ihrem R8 FURY Cockpit<br \/>\n\u2022 Schnelle Installation<br \/>\n\u2022 Gro\u00dfe Peripheriekompatibilit\u00e4t<br \/>\n\u2022 Mehrere Einstellungsm\u00f6glichkeiten<\/p>\n<p><span style=\"text-decoration: underline;\"><strong>Technische Daten<\/strong><\/span><br \/>\n<strong>Verbindungsr\u00f6hren:<\/strong><br \/>\n\u2022 Robuste, tubul\u00e4re Stahlstruktur vom Typ E355 mit einem Durchmesser von \u00d8 35mm und einer Dicke von 2 mm<br \/>\n<strong>Peripherieaufnahmeplatte:<\/strong><br \/>\n\u2022 Stahlstruktur vom Typ E355 mit einer Dicke von 4 mm<br \/>\n<strong>Peripheriekompatibilit\u00e4t:<\/strong><br \/>\n\u2022 Die Aufnahmeplatte f\u00fcr Schaltboxen und Handbremsen geh\u00f6rt zu den umfassendsten und fortschrittlichsten auf dem Markt.<\/p>\n<p><span style=\"text-decoration: underline;\"><strong>\u00d6kosystem:<\/strong><\/span><br \/>\n\u2022 Seit der Markteinf\u00fchrung des R8 FURY stehen zahlreiche Produkte von OPLITE zur Verf\u00fcgung, um Ihr \u00d6kosystem zu gestalten.<br \/>\n<strong>Produktkompatibilit\u00e4t :<\/strong><br \/>\n&gt; CHASSIS R8 FURY<br \/>\n&gt; COCKPIT R8 FURY<\/p>\n<p><span style=\"text-decoration: underline;\"><strong>Kompatibilit\u00e4t der Peripherieger\u00e4te*<\/strong><\/span><\/p>\n<table>\n<tbody>\n<tr>\n<th>Brand<\/th>\n<th>Product Type<\/th>\n<th>Compatible Products<\/th>\n<\/tr>\n<tr>\n<td>LOGITECH<\/td>\n<td>Gear Shift<\/td>\n<td>Driving Force Shifter<\/td>\n<\/tr>\n<tr>\n<td>THRUSTMASTER<\/td>\n<td>Gear Shift<\/td>\n<td>TH8A<\/td>\n<\/tr>\n<tr>\n<td>THRUSTMASTER<\/td>\n<td>Hand Brake<\/td>\n<td>TSS Sparco\u00ae<\/td>\n<\/tr>\n<tr>\n<td>MOZA<\/td>\n<td>Gear Shift<\/td>\n<td>HGP Shifter<\/td>\n<\/tr>\n<tr>\n<td>MOZA<\/td>\n<td>Hand Brake<\/td>\n<td>SBP Sequential Shifter, HBP Handbrake<\/td>\n<\/tr>\n<tr>\n<td>FANATEC<\/td>\n<td>Gear Shift<\/td>\n<td>ClubSport Shifter SQ<\/td>\n<\/tr>\n<tr>\n<td>FANATEC<\/td>\n<td>Hand Brake<\/td>\n<td>ClubSport Handbrake<\/td>\n<\/tr>\n<\/tbody>\n<\/table>\n<p><small>*F\u00fcr eine optimale Kompatibilit\u00e4t mit bestimmten Ger\u00e4ten k\u00f6nnen kleine Anpassungen erforderlich sein. Seien Sie unbesorgt: Die Qualit\u00e4t und Garantie Ihres Produkts bleiben davon unber\u00fchrt. <\/small><\/p>\n<p><span style=\"text-decoration: underline;\"><strong>\u00d6kosystem R8 Fury<\/strong><\/span><\/p>\n<table width=\"837\">\n<tbody>\n<tr>\n<th>OPLITE<\/th>\n<th>Item No.<\/th>\n<th>Commercial Name GTIN<\/th>\n<\/tr>\n<tr>\n<td>OP-R8-CHB<\/td>\n<td>CHASSIS COCKPIT R8 FURY BLACK<\/td>\n<td>3770031134445<\/td>\n<\/tr>\n<tr>\n<td>OP-R8-CHW<\/td>\n<td>CHASSIS COCKPIT R8 FURY WHITE<\/td>\n<td>3770031134452<\/td>\n<\/tr>\n<tr>\n<td>OP-R8-B<\/td>\n<td>COCKPIT R8 FURY BLACK<\/td>\n<td>3770031134438<\/td>\n<\/tr>\n<tr>\n<td>OP-R8-W<\/td>\n<td>COCKPIT R8 FURY WHITE<\/td>\n<td>3770031134421<\/td>\n<\/tr>\n<tr>\n<td>OP-R8-HBB<\/td>\n<td>R8 GEAR SHIFT HANDBRAKE HOLDER BLACK<\/td>\n<td>3770031134414<\/td>\n<\/tr>\n<tr>\n<td><strong>OP-R8-HBW<\/strong><\/td>\n<td><strong>R8 GEAR SHIFT HANDBRAKE HOLDER WHITE<\/strong><\/td>\n<td><strong>3770031134407<\/strong><\/td>\n<\/tr>\n<tr>\n<td>OP-R8-CW<\/td>\n<td>R8 SUPREME CASTOR WHEEL<\/td>\n<td>3770031134391<\/td>\n<\/tr>\n<tr>\n<td>OP-R8-MKTB<\/td>\n<td>R8 KEYBOARD &amp; MOUSE TRAY<\/td>\n<td>3770031134377<\/td>\n<\/tr>\n<tr>\n<td>OP-R8-MKTW<\/td>\n<td>R8 KEYBOARD &amp; MOUSE TRAY<\/td>\n<td>3770031134544<\/td>\n<\/tr>\n<tr>\n<td>OP-R8-CPUHB<\/td>\n<td>R8 CPU HOLDER R8<\/td>\n<td>3770031134360<\/td>\n<\/tr>\n<tr>\n<td>OP-R8-CPUHW<\/td>\n<td>R8 CPU HOLDER R8<\/td>\n<td>3770031134551<\/td>\n<\/tr>\n<tr>\n<td>OP-R8-SMMB<\/td>\n<td>R8 SINGLE MONITOR MOUNT BLACK<\/td>\n<td>3770031134384<\/td>\n<\/tr>\n<tr>\n<td>OP-R8-SMMW<\/td>\n<td>R8 SINGLE MONITOR MOUNT WHITE<\/td>\n<td>3770031134353<\/td>\n<\/tr>\n<tr>\n<td>OP-R8-SMSB<\/td>\n<td>R8 SINGLE MONITOR STAND<\/td>\n<td>3770031134346<\/td>\n<\/tr>\n<tr>\n<td>OP-R8-ETSM<\/td>\n<td>R8 EXTENSIONS TRIPLE SCREEN MOUNT<\/td>\n<td>3770031134339<\/td>\n<\/tr>\n<tr>\n<td>OP-R8-4MMB<\/td>\n<td>R8 ON TOP MONITOR MOUNT<\/td>\n<td>3770031134322<\/td>\n<\/tr>\n<tr>\n<td>OP-R8-4MMW<\/td>\n<td>R8 ON TOP MONITOR MOUNT<\/td>\n<td>3770031134568<\/td>\n<\/tr>\n<\/tbody>\n<\/table>\n","protected":false},"excerpt":{"rendered":"<p>Experte f\u00fcr die Entwicklung ergonomischer Produkte f\u00fcr die B\u00fcro und Gaming-Bereiche pr\u00e4sentiert Ihnen OPLITE ihren neuesten Getriebeschalthebel und Handbremsenhalter f\u00fcr Ihren R8 FURY.<\/p>\n","protected":false},"featured_media":44925,"template":"","meta":{"_acf_changed":false,"_themeisle_gutenberg_block_has_review":false,"footnotes":""},"product_brand":[],"product_cat":[801,887,692],"product_tag":[809],"class_list":{"0":"post-45731","1":"product","2":"type-product","3":"status-publish","4":"has-post-thumbnail","6":"product_cat-cockpit-r8-fury-white-de","7":"product_cat-r8-fury","8":"product_cat-simulatoren","9":"product_tag-r8-fury-de","11":"first","12":"instock","13":"taxable","14":"shipping-taxable","15":"purchasable","16":"product-type-simple"},"bundled_by":[],"bundle_stock_status":"instock","bundle_stock_quantity":312,"bundle_virtual":false,"bundle_layout":"","bundle_add_to_cart_form_location":"","bundle_editable_in_cart":false,"bundle_sold_individually_context":"","bundle_item_grouping":"","bundle_min_size":"","bundle_max_size":"","bundle_price":[],"bundled_items":[],"bundle_sell_ids":[],"acf":[],"yoast_head":"<!-- This site is optimized with the Yoast SEO plugin v27.1.1 - https:\/\/yoast.com\/product\/yoast-seo-wordpress\/ -->\n<title>R8 Gear Shift Handbrake Holder White - OPLITE<\/title>\n<meta name=\"robots\" content=\"index, follow, max-snippet:-1, max-image-preview:large, max-video-preview:-1\" \/>\n<link rel=\"canonical\" href=\"https:\/\/oplitegames.com\/de\/produkt\/r8-gear-shift-handbrake-holder-white\/\" \/>\n<meta property=\"og:locale\" content=\"de_DE\" \/>\n<meta property=\"og:type\" content=\"article\" \/>\n<meta property=\"og:title\" content=\"R8 Gear Shift Handbrake Holder White - OPLITE\" \/>\n<meta property=\"og:description\" content=\"Experte f\u00fcr die Entwicklung ergonomischer Produkte f\u00fcr die B\u00fcro und Gaming-Bereiche pr\u00e4sentiert Ihnen OPLITE ihren neuesten Getriebeschalthebel und Handbremsenhalter f\u00fcr Ihren R8 FURY.\" \/>\n<meta property=\"og:url\" content=\"https:\/\/oplitegames.com\/de\/produkt\/r8-gear-shift-handbrake-holder-white\/\" \/>\n<meta property=\"og:site_name\" content=\"OPLITE\" \/>\n<meta property=\"article:modified_time\" content=\"2026-04-15T01:24:31+00:00\" \/>\n<meta property=\"og:image\" content=\"https:\/\/oplitegames.com\/wp-content\/uploads\/OPLITE-R8-GEAR-SHIFT-HANDBRAKE-HOLDER-WHITE-OP-R8-HBW_01.png\" \/>\n\t<meta property=\"og:image:width\" content=\"2750\" \/>\n\t<meta property=\"og:image:height\" content=\"2750\" \/>\n\t<meta property=\"og:image:type\" content=\"image\/png\" \/>\n<meta name=\"twitter:card\" content=\"summary_large_image\" \/>\n<meta name=\"twitter:label1\" content=\"Price\" \/>\n\t<meta name=\"twitter:data1\" content=\"79,90&nbsp;&euro;\" \/>\n\t<meta name=\"twitter:label2\" content=\"Availability\" \/>\n\t<meta name=\"twitter:data2\" content=\"In stock\" \/>\n<script type=\"application\/ld+json\" class=\"yoast-schema-graph\">{\"@context\":\"https:\/\/schema.org\",\"@graph\":[{\"@type\":\"WebPage\",\"@id\":\"https:\/\/oplitegames.com\/de\/produkt\/r8-gear-shift-handbrake-holder-white\/\",\"url\":\"https:\/\/oplitegames.com\/de\/produkt\/r8-gear-shift-handbrake-holder-white\/\",\"name\":\"R8 Gear Shift Handbrake Holder White - OPLITE\",\"isPartOf\":{\"@id\":\"https:\/\/oplitegames.com\/#website\"},\"primaryImageOfPage\":{\"@id\":\"https:\/\/oplitegames.com\/de\/produkt\/r8-gear-shift-handbrake-holder-white\/#primaryimage\"},\"image\":{\"@id\":\"https:\/\/oplitegames.com\/de\/produkt\/r8-gear-shift-handbrake-holder-white\/#primaryimage\"},\"thumbnailUrl\":\"https:\/\/oplitegames.com\/wp-content\/uploads\/OPLITE-R8-GEAR-SHIFT-HANDBRAKE-HOLDER-WHITE-OP-R8-HBW_01.png\",\"datePublished\":\"2025-01-28T02:00:12+00:00\",\"dateModified\":\"2026-04-15T01:24:31+00:00\",\"breadcrumb\":{\"@id\":\"https:\/\/oplitegames.com\/de\/produkt\/r8-gear-shift-handbrake-holder-white\/#breadcrumb\"},\"inLanguage\":\"de-DE\",\"potentialAction\":[{\"@type\":\"ReadAction\",\"target\":[\"https:\/\/oplitegames.com\/de\/produkt\/r8-gear-shift-handbrake-holder-white\/\"]}]},{\"@type\":\"ImageObject\",\"inLanguage\":\"de-DE\",\"@id\":\"https:\/\/oplitegames.com\/de\/produkt\/r8-gear-shift-handbrake-holder-white\/#primaryimage\",\"url\":\"https:\/\/oplitegames.com\/wp-content\/uploads\/OPLITE-R8-GEAR-SHIFT-HANDBRAKE-HOLDER-WHITE-OP-R8-HBW_01.png\",\"contentUrl\":\"https:\/\/oplitegames.com\/wp-content\/uploads\/OPLITE-R8-GEAR-SHIFT-HANDBRAKE-HOLDER-WHITE-OP-R8-HBW_01.png\",\"width\":2750,\"height\":2750},{\"@type\":\"BreadcrumbList\",\"@id\":\"https:\/\/oplitegames.com\/de\/produkt\/r8-gear-shift-handbrake-holder-white\/#breadcrumb\",\"itemListElement\":[{\"@type\":\"ListItem\",\"position\":1,\"name\":\"Gesch\u00e4ft\",\"item\":\"https:\/\/oplitegames.com\/de\/geschaeft\/\"},{\"@type\":\"ListItem\",\"position\":2,\"name\":\"R8 Gear Shift Handbrake Holder White\"}]},{\"@type\":\"WebSite\",\"@id\":\"https:\/\/oplitegames.com\/#website\",\"url\":\"https:\/\/oplitegames.com\/\",\"name\":\"OPLITE\",\"description\":\"\",\"publisher\":{\"@id\":\"https:\/\/oplitegames.com\/#organization\"},\"alternateName\":\"Oplite\",\"potentialAction\":[{\"@type\":\"SearchAction\",\"target\":{\"@type\":\"EntryPoint\",\"urlTemplate\":\"https:\/\/oplitegames.com\/?s={search_term_string}\"},\"query-input\":{\"@type\":\"PropertyValueSpecification\",\"valueRequired\":true,\"valueName\":\"search_term_string\"}}],\"inLanguage\":\"de-DE\"},{\"@type\":\"Organization\",\"@id\":\"https:\/\/oplitegames.com\/#organization\",\"name\":\"OPLITE\",\"alternateName\":\"Oplite\",\"url\":\"https:\/\/oplitegames.com\/\",\"logo\":{\"@type\":\"ImageObject\",\"inLanguage\":\"de-DE\",\"@id\":\"https:\/\/oplitegames.com\/#\/schema\/logo\/image\/\",\"url\":\"https:\/\/oplitegames.com\/wp-content\/uploads\/cropped-Favicon_oplite.jpg\",\"contentUrl\":\"https:\/\/oplitegames.com\/wp-content\/uploads\/cropped-Favicon_oplite.jpg\",\"width\":512,\"height\":512,\"caption\":\"OPLITE\"},\"image\":{\"@id\":\"https:\/\/oplitegames.com\/#\/schema\/logo\/image\/\"}}]}<\/script>\n<meta property=\"product:price:amount\" content=\"79.90\" \/>\n<meta property=\"product:price:currency\" content=\"EUR\" \/>\n<meta property=\"og:availability\" content=\"instock\" \/>\n<meta property=\"product:availability\" content=\"instock\" \/>\n<meta property=\"product:retailer_item_id\" content=\"101267\" \/>\n<meta property=\"product:condition\" content=\"new\" \/>\n<!-- \/ Yoast SEO plugin. -->","yoast_head_json":{"title":"R8 Gear Shift Handbrake Holder White - OPLITE","robots":{"index":"index","follow":"follow","max-snippet":"max-snippet:-1","max-image-preview":"max-image-preview:large","max-video-preview":"max-video-preview:-1"},"canonical":"https:\/\/oplitegames.com\/de\/produkt\/r8-gear-shift-handbrake-holder-white\/","og_locale":"de_DE","og_type":"article","og_title":"R8 Gear Shift Handbrake Holder White - OPLITE","og_description":"Experte f\u00fcr die Entwicklung ergonomischer Produkte f\u00fcr die B\u00fcro und Gaming-Bereiche pr\u00e4sentiert Ihnen OPLITE ihren neuesten Getriebeschalthebel und Handbremsenhalter f\u00fcr Ihren R8 FURY.","og_url":"https:\/\/oplitegames.com\/de\/produkt\/r8-gear-shift-handbrake-holder-white\/","og_site_name":"OPLITE","article_modified_time":"2026-04-15T01:24:31+00:00","og_image":[{"width":2750,"height":2750,"url":"https:\/\/oplitegames.com\/wp-content\/uploads\/OPLITE-R8-GEAR-SHIFT-HANDBRAKE-HOLDER-WHITE-OP-R8-HBW_01.png","type":"image\/png"}],"twitter_card":"summary_large_image","twitter_misc":{"Price":"79,90&nbsp;&euro;","Availability":"In stock"},"schema":{"@context":"https:\/\/schema.org","@graph":[{"@type":"WebPage","@id":"https:\/\/oplitegames.com\/de\/produkt\/r8-gear-shift-handbrake-holder-white\/","url":"https:\/\/oplitegames.com\/de\/produkt\/r8-gear-shift-handbrake-holder-white\/","name":"R8 Gear Shift Handbrake Holder White - OPLITE","isPartOf":{"@id":"https:\/\/oplitegames.com\/#website"},"primaryImageOfPage":{"@id":"https:\/\/oplitegames.com\/de\/produkt\/r8-gear-shift-handbrake-holder-white\/#primaryimage"},"image":{"@id":"https:\/\/oplitegames.com\/de\/produkt\/r8-gear-shift-handbrake-holder-white\/#primaryimage"},"thumbnailUrl":"https:\/\/oplitegames.com\/wp-content\/uploads\/OPLITE-R8-GEAR-SHIFT-HANDBRAKE-HOLDER-WHITE-OP-R8-HBW_01.png","datePublished":"2025-01-28T02:00:12+00:00","dateModified":"2026-04-15T01:24:31+00:00","breadcrumb":{"@id":"https:\/\/oplitegames.com\/de\/produkt\/r8-gear-shift-handbrake-holder-white\/#breadcrumb"},"inLanguage":"de-DE","potentialAction":[{"@type":"ReadAction","target":["https:\/\/oplitegames.com\/de\/produkt\/r8-gear-shift-handbrake-holder-white\/"]}]},{"@type":"ImageObject","inLanguage":"de-DE","@id":"https:\/\/oplitegames.com\/de\/produkt\/r8-gear-shift-handbrake-holder-white\/#primaryimage","url":"https:\/\/oplitegames.com\/wp-content\/uploads\/OPLITE-R8-GEAR-SHIFT-HANDBRAKE-HOLDER-WHITE-OP-R8-HBW_01.png","contentUrl":"https:\/\/oplitegames.com\/wp-content\/uploads\/OPLITE-R8-GEAR-SHIFT-HANDBRAKE-HOLDER-WHITE-OP-R8-HBW_01.png","width":2750,"height":2750},{"@type":"BreadcrumbList","@id":"https:\/\/oplitegames.com\/de\/produkt\/r8-gear-shift-handbrake-holder-white\/#breadcrumb","itemListElement":[{"@type":"ListItem","position":1,"name":"Gesch\u00e4ft","item":"https:\/\/oplitegames.com\/de\/geschaeft\/"},{"@type":"ListItem","position":2,"name":"R8 Gear Shift Handbrake Holder White"}]},{"@type":"WebSite","@id":"https:\/\/oplitegames.com\/#website","url":"https:\/\/oplitegames.com\/","name":"OPLITE","description":"","publisher":{"@id":"https:\/\/oplitegames.com\/#organization"},"alternateName":"Oplite","potentialAction":[{"@type":"SearchAction","target":{"@type":"EntryPoint","urlTemplate":"https:\/\/oplitegames.com\/?s={search_term_string}"},"query-input":{"@type":"PropertyValueSpecification","valueRequired":true,"valueName":"search_term_string"}}],"inLanguage":"de-DE"},{"@type":"Organization","@id":"https:\/\/oplitegames.com\/#organization","name":"OPLITE","alternateName":"Oplite","url":"https:\/\/oplitegames.com\/","logo":{"@type":"ImageObject","inLanguage":"de-DE","@id":"https:\/\/oplitegames.com\/#\/schema\/logo\/image\/","url":"https:\/\/oplitegames.com\/wp-content\/uploads\/cropped-Favicon_oplite.jpg","contentUrl":"https:\/\/oplitegames.com\/wp-content\/uploads\/cropped-Favicon_oplite.jpg","width":512,"height":512,"caption":"OPLITE"},"image":{"@id":"https:\/\/oplitegames.com\/#\/schema\/logo\/image\/"}}]},"product_price_amount":"79.90","product_price_currency":"EUR","og_availability":"instock","product_availability":"instock","product_retailer_item_id":"101267","product_condition":"new"},"_links":{"self":[{"href":"https:\/\/oplitegames.com\/de\/wp-json\/wp\/v2\/product\/45731","targetHints":{"allow":["GET"]}}],"collection":[{"href":"https:\/\/oplitegames.com\/de\/wp-json\/wp\/v2\/product"}],"about":[{"href":"https:\/\/oplitegames.com\/de\/wp-json\/wp\/v2\/types\/product"}],"version-history":[{"count":4,"href":"https:\/\/oplitegames.com\/de\/wp-json\/wp\/v2\/product\/45731\/revisions"}],"predecessor-version":[{"id":53509,"href":"https:\/\/oplitegames.com\/de\/wp-json\/wp\/v2\/product\/45731\/revisions\/53509"}],"wp:featuredmedia":[{"embeddable":true,"href":"https:\/\/oplitegames.com\/de\/wp-json\/wp\/v2\/media\/44925"}],"wp:attachment":[{"href":"https:\/\/oplitegames.com\/de\/wp-json\/wp\/v2\/media?parent=45731"}],"wp:term":[{"taxonomy":"product_brand","embeddable":true,"href":"https:\/\/oplitegames.com\/de\/wp-json\/wp\/v2\/product_brand?post=45731"},{"taxonomy":"product_cat","embeddable":true,"href":"https:\/\/oplitegames.com\/de\/wp-json\/wp\/v2\/product_cat?post=45731"},{"taxonomy":"product_tag","embeddable":true,"href":"https:\/\/oplitegames.com\/de\/wp-json\/wp\/v2\/product_tag?post=45731"}],"curies":[{"name":"wp","href":"https:\/\/api.w.org\/{rel}","templated":true}]}}