{"id":45744,"date":"2025-01-28T03:00:15","date_gmt":"2025-01-28T02:00:15","guid":{"rendered":"https:\/\/oplitegames.com\/?post_type=product&#038;p=45744"},"modified":"2026-04-02T20:42:49","modified_gmt":"2026-04-02T18:42:49","slug":"r8-cpu-holder-r8-black","status":"publish","type":"product","link":"https:\/\/oplitegames.com\/de\/produkt\/r8-cpu-holder-r8-black\/","title":{"rendered":"R8 CPU Holder R8 Black"},"content":{"rendered":"<p>Der &#8220;<strong>R8 CPU Holder R8&#8243;<\/strong> ist ein Zubeh\u00f6r, das urspr\u00fcnglich f\u00fcr PC-Spieler entwickelt wurde. Er kann eine mittelgro\u00dfe CPU mit einer L\u00e4nge von bis zu 600 mm und einer Breite von bis zu 280 mm oder eine Spielkonsole halten. Es l\u00e4sst sich einfach an der R8 Single Monitor Mount oder Ihrem R8 Single Monitor Stand befestigen. Dieses Zubeh\u00f6r besteht aus einer 2 mm dicken Stahlplatte aus E355 und zwei Nylongurten, mit denen Sie Ihre Zentraleinheit oder Konsole sicher befestigen k\u00f6nnen.<\/p>\n<p><strong>St\u00e4rken<\/strong><br \/>\n\u2022 Ideal, um Ihr R8 FURY Setup zu vervollst\u00e4ndigen.<br \/>\n\u2022 Schnelle Installation &amp; Ultra steif<br \/>\n\u2022 Zahlreiche Kompatibilit\u00e4ten von CPUs und Konsolen.<\/p>\n<p><strong>Technische Daten<\/strong><br \/>\n<strong>Aufnahmerahmen :<\/strong><br \/>\n\u2022 Stahlkonstruktion des Typs E355 mit einer Dicke von 2 mm.<br \/>\n<strong>Befestigung der Zentraleinheit :<\/strong><br \/>\n\u2022 Durch doppelte Nylongurte<\/p>\n<p><strong>\u00d6kosystem:<\/strong><br \/>\n\u2022 Ab der Markteinf\u00fchrung des R8 FURY steht eine gro\u00dfe Auswahl an OPLITE-Produkten zur Verf\u00fcgung, um Ihr \u00d6kosystem zu gestalten.<br \/>\n<strong>Kompatibel mit:<\/strong><br \/>\n&gt; R8 SINGLE MONITOR MOUNT<br \/>\n&gt; R8 SINGLE MONITOR STAND<\/p>\n<p><strong>Kompatibilit\u00e4t Zentraleinheit<br \/>\n<\/strong><\/p>\n<table width=\"478\">\n<tbody>\n<tr>\n<th>Informationen<\/th>\n<th>Technische Daten<\/th>\n<\/tr>\n<tr>\n<td>TABLETTMASSE<\/td>\n<td>600mm x 300mm<\/td>\n<\/tr>\n<tr>\n<td>MAXIMALES GEWICHT<\/td>\n<td>30Kg<\/td>\n<\/tr>\n<\/tbody>\n<\/table>\n<p><strong>\u00d6kosystem R8 Fury<\/strong><\/p>\n<table>\n<tbody>\n<tr>\n<th>OPLITE<\/th>\n<th>Item No.<\/th>\n<th>Commercial Name GTIN<\/th>\n<\/tr>\n<tr>\n<td>OP-R8-CHB<\/td>\n<td>CHASSIS COCKPIT R8 FURY BLACK<\/td>\n<td>3770031134445<\/td>\n<\/tr>\n<tr>\n<td>OP-R8-CHW<\/td>\n<td>CHASSIS COCKPIT R8 FURY WHITE<\/td>\n<td>3770031134452<\/td>\n<\/tr>\n<tr>\n<td>OP-R8-B<\/td>\n<td>COCKPIT R8 FURY BLACK<\/td>\n<td>3770031134438<\/td>\n<\/tr>\n<tr>\n<td>OP-R8-W<\/td>\n<td>COCKPIT R8 FURY WHITE<\/td>\n<td>3770031134421<\/td>\n<\/tr>\n<tr>\n<td>OP-R8-HBB<\/td>\n<td>R8 GEAR SHIFT HANDBRAKE HOLDER BLACK<\/td>\n<td>3770031134414<\/td>\n<\/tr>\n<tr>\n<td>OP-R8-HBW<\/td>\n<td>R8 GEAR SHIFT HANDBRAKE HOLDER WHITE<\/td>\n<td>3770031134407<\/td>\n<\/tr>\n<tr>\n<td>OP-R8-CW<\/td>\n<td>R8 SUPREME CASTOR WHEEL<\/td>\n<td>3770031134391<\/td>\n<\/tr>\n<tr>\n<td>OP-R8-MKTB<\/td>\n<td>R8 KEYBOARD &amp; MOUSE TRAY BLACK<\/td>\n<td>3770031134377<\/td>\n<\/tr>\n<tr>\n<td>OP-R8-MKTW<\/td>\n<td>R8 KEYBOARD &amp; MOUSE TRAY WHITE<\/td>\n<td>3770031134544<\/td>\n<\/tr>\n<tr>\n<td><strong>OP-R8-CPUHB<\/strong><\/td>\n<td><strong>R8 CPU HOLDER R8 BLACK<br \/>\n<\/strong><\/td>\n<td><strong>3770031134360<\/strong><\/td>\n<\/tr>\n<tr>\n<td>OP-R8-CPUHW<\/td>\n<td>R8 CPU HOLDER R8 WHITE<strong><br \/>\n<\/strong><\/td>\n<td>3770031134551<\/td>\n<\/tr>\n<tr>\n<td>OP-R8-SMMB<\/td>\n<td>R8 SINGLE MONITOR MOUNT BLACK<\/td>\n<td>3770031134384<\/td>\n<\/tr>\n<tr>\n<td>OP-R8-SMMW<\/td>\n<td>R8 SINGLE MONITOR MOUNT WHITE<\/td>\n<td>3770031134353<\/td>\n<\/tr>\n<tr>\n<td>OP-R8-SMSB<\/td>\n<td>R8 SINGLE MONITOR STAND<\/td>\n<td>3770031134346<\/td>\n<\/tr>\n<tr>\n<td>OP-R8-ETSM<\/td>\n<td>R8 EXTENSIONS TRIPLE SCREEN MOUNT<\/td>\n<td>3770031134339<\/td>\n<\/tr>\n<tr>\n<td>OP-R8-4MMB<\/td>\n<td>R8 ON TOP MONITOR MOUNT BLACK<\/td>\n<td>3770031134322<\/td>\n<\/tr>\n<tr>\n<td>OP-R8-4MMW<\/td>\n<td>R8 ON TOP MONITOR MOUNT WHITE<\/td>\n<td>3770031134568<\/td>\n<\/tr>\n<\/tbody>\n<\/table>\n","protected":false},"excerpt":{"rendered":"<p>Als Experte f\u00fcr die Entwicklung ergonomischer Produkte f\u00fcr den B\u00fcro- und Gaming-Bereich pr\u00e4sentiert OPLITE den <strong>R8 CPU Holder R8<\/strong> f\u00fcr Ihren R8 Fury.<\/p>\n","protected":false},"featured_media":45066,"template":"","meta":{"_acf_changed":false,"_themeisle_gutenberg_block_has_review":false,"footnotes":""},"product_brand":[],"product_cat":[804,887,692],"product_tag":[809],"class_list":{"0":"post-45744","1":"product","2":"type-product","3":"status-publish","4":"has-post-thumbnail","6":"product_cat-cockpit-r8-fury-black-de","7":"product_cat-r8-fury","8":"product_cat-simulatoren","9":"product_tag-r8-fury-de","11":"first","12":"instock","13":"taxable","14":"shipping-taxable","15":"purchasable","16":"product-type-simple"},"bundled_by":[],"bundle_stock_status":"instock","bundle_stock_quantity":178,"bundle_virtual":false,"bundle_layout":"","bundle_add_to_cart_form_location":"","bundle_editable_in_cart":false,"bundle_sold_individually_context":"","bundle_item_grouping":"","bundle_min_size":"","bundle_max_size":"","bundle_price":[],"bundled_items":[],"bundle_sell_ids":[],"acf":[],"yoast_head":"<!-- This site is optimized with the Yoast SEO plugin v27.1.1 - https:\/\/yoast.com\/product\/yoast-seo-wordpress\/ -->\n<title>R8 CPU Holder R8 Black - OPLITE<\/title>\n<meta name=\"robots\" content=\"index, follow, max-snippet:-1, max-image-preview:large, max-video-preview:-1\" \/>\n<link rel=\"canonical\" href=\"https:\/\/oplitegames.com\/de\/produkt\/r8-cpu-holder-r8-black\/\" \/>\n<meta property=\"og:locale\" content=\"de_DE\" \/>\n<meta property=\"og:type\" content=\"article\" \/>\n<meta property=\"og:title\" content=\"R8 CPU Holder R8 Black - OPLITE\" \/>\n<meta property=\"og:description\" content=\"Als Experte f\u00fcr die Entwicklung ergonomischer Produkte f\u00fcr den B\u00fcro- und Gaming-Bereich pr\u00e4sentiert OPLITE den R8 CPU Holder R8 f\u00fcr Ihren R8 Fury.\" \/>\n<meta property=\"og:url\" content=\"https:\/\/oplitegames.com\/de\/produkt\/r8-cpu-holder-r8-black\/\" \/>\n<meta property=\"og:site_name\" content=\"OPLITE\" \/>\n<meta property=\"article:modified_time\" content=\"2026-04-02T18:42:49+00:00\" \/>\n<meta property=\"og:image\" content=\"https:\/\/oplitegames.com\/wp-content\/uploads\/OPLITE-R8-CPU-HOLDER-R8-BLACK-OP-R8-CPUHB_01.png\" \/>\n\t<meta property=\"og:image:width\" content=\"2750\" \/>\n\t<meta property=\"og:image:height\" content=\"2750\" \/>\n\t<meta property=\"og:image:type\" content=\"image\/png\" \/>\n<meta name=\"twitter:card\" content=\"summary_large_image\" \/>\n<meta name=\"twitter:label1\" content=\"Price\" \/>\n\t<meta name=\"twitter:data1\" content=\"49,90&nbsp;&euro;\" \/>\n\t<meta name=\"twitter:label2\" content=\"Availability\" \/>\n\t<meta name=\"twitter:data2\" content=\"In stock\" \/>\n<script type=\"application\/ld+json\" class=\"yoast-schema-graph\">{\"@context\":\"https:\/\/schema.org\",\"@graph\":[{\"@type\":\"WebPage\",\"@id\":\"https:\/\/oplitegames.com\/de\/produkt\/r8-cpu-holder-r8-black\/\",\"url\":\"https:\/\/oplitegames.com\/de\/produkt\/r8-cpu-holder-r8-black\/\",\"name\":\"R8 CPU Holder R8 Black - OPLITE\",\"isPartOf\":{\"@id\":\"https:\/\/oplitegames.com\/#website\"},\"primaryImageOfPage\":{\"@id\":\"https:\/\/oplitegames.com\/de\/produkt\/r8-cpu-holder-r8-black\/#primaryimage\"},\"image\":{\"@id\":\"https:\/\/oplitegames.com\/de\/produkt\/r8-cpu-holder-r8-black\/#primaryimage\"},\"thumbnailUrl\":\"https:\/\/oplitegames.com\/wp-content\/uploads\/OPLITE-R8-CPU-HOLDER-R8-BLACK-OP-R8-CPUHB_01.png\",\"datePublished\":\"2025-01-28T02:00:15+00:00\",\"dateModified\":\"2026-04-02T18:42:49+00:00\",\"breadcrumb\":{\"@id\":\"https:\/\/oplitegames.com\/de\/produkt\/r8-cpu-holder-r8-black\/#breadcrumb\"},\"inLanguage\":\"de-DE\",\"potentialAction\":[{\"@type\":\"ReadAction\",\"target\":[\"https:\/\/oplitegames.com\/de\/produkt\/r8-cpu-holder-r8-black\/\"]}]},{\"@type\":\"ImageObject\",\"inLanguage\":\"de-DE\",\"@id\":\"https:\/\/oplitegames.com\/de\/produkt\/r8-cpu-holder-r8-black\/#primaryimage\",\"url\":\"https:\/\/oplitegames.com\/wp-content\/uploads\/OPLITE-R8-CPU-HOLDER-R8-BLACK-OP-R8-CPUHB_01.png\",\"contentUrl\":\"https:\/\/oplitegames.com\/wp-content\/uploads\/OPLITE-R8-CPU-HOLDER-R8-BLACK-OP-R8-CPUHB_01.png\",\"width\":2750,\"height\":2750},{\"@type\":\"BreadcrumbList\",\"@id\":\"https:\/\/oplitegames.com\/de\/produkt\/r8-cpu-holder-r8-black\/#breadcrumb\",\"itemListElement\":[{\"@type\":\"ListItem\",\"position\":1,\"name\":\"Gesch\u00e4ft\",\"item\":\"https:\/\/oplitegames.com\/de\/geschaeft\/\"},{\"@type\":\"ListItem\",\"position\":2,\"name\":\"R8 CPU Holder R8 Black\"}]},{\"@type\":\"WebSite\",\"@id\":\"https:\/\/oplitegames.com\/#website\",\"url\":\"https:\/\/oplitegames.com\/\",\"name\":\"OPLITE\",\"description\":\"\",\"publisher\":{\"@id\":\"https:\/\/oplitegames.com\/#organization\"},\"alternateName\":\"Oplite\",\"potentialAction\":[{\"@type\":\"SearchAction\",\"target\":{\"@type\":\"EntryPoint\",\"urlTemplate\":\"https:\/\/oplitegames.com\/?s={search_term_string}\"},\"query-input\":{\"@type\":\"PropertyValueSpecification\",\"valueRequired\":true,\"valueName\":\"search_term_string\"}}],\"inLanguage\":\"de-DE\"},{\"@type\":\"Organization\",\"@id\":\"https:\/\/oplitegames.com\/#organization\",\"name\":\"OPLITE\",\"alternateName\":\"Oplite\",\"url\":\"https:\/\/oplitegames.com\/\",\"logo\":{\"@type\":\"ImageObject\",\"inLanguage\":\"de-DE\",\"@id\":\"https:\/\/oplitegames.com\/#\/schema\/logo\/image\/\",\"url\":\"https:\/\/oplitegames.com\/wp-content\/uploads\/cropped-Favicon_oplite.jpg\",\"contentUrl\":\"https:\/\/oplitegames.com\/wp-content\/uploads\/cropped-Favicon_oplite.jpg\",\"width\":512,\"height\":512,\"caption\":\"OPLITE\"},\"image\":{\"@id\":\"https:\/\/oplitegames.com\/#\/schema\/logo\/image\/\"}}]}<\/script>\n<meta property=\"product:price:amount\" content=\"49.90\" \/>\n<meta property=\"product:price:currency\" content=\"EUR\" \/>\n<meta property=\"og:availability\" content=\"instock\" \/>\n<meta property=\"product:availability\" content=\"instock\" \/>\n<meta property=\"product:retailer_item_id\" content=\"101270\" \/>\n<meta property=\"product:condition\" content=\"new\" \/>\n<!-- \/ Yoast SEO plugin. -->","yoast_head_json":{"title":"R8 CPU Holder R8 Black - OPLITE","robots":{"index":"index","follow":"follow","max-snippet":"max-snippet:-1","max-image-preview":"max-image-preview:large","max-video-preview":"max-video-preview:-1"},"canonical":"https:\/\/oplitegames.com\/de\/produkt\/r8-cpu-holder-r8-black\/","og_locale":"de_DE","og_type":"article","og_title":"R8 CPU Holder R8 Black - OPLITE","og_description":"Als Experte f\u00fcr die Entwicklung ergonomischer Produkte f\u00fcr den B\u00fcro- und Gaming-Bereich pr\u00e4sentiert OPLITE den R8 CPU Holder R8 f\u00fcr Ihren R8 Fury.","og_url":"https:\/\/oplitegames.com\/de\/produkt\/r8-cpu-holder-r8-black\/","og_site_name":"OPLITE","article_modified_time":"2026-04-02T18:42:49+00:00","og_image":[{"width":2750,"height":2750,"url":"https:\/\/oplitegames.com\/wp-content\/uploads\/OPLITE-R8-CPU-HOLDER-R8-BLACK-OP-R8-CPUHB_01.png","type":"image\/png"}],"twitter_card":"summary_large_image","twitter_misc":{"Price":"49,90&nbsp;&euro;","Availability":"In stock"},"schema":{"@context":"https:\/\/schema.org","@graph":[{"@type":"WebPage","@id":"https:\/\/oplitegames.com\/de\/produkt\/r8-cpu-holder-r8-black\/","url":"https:\/\/oplitegames.com\/de\/produkt\/r8-cpu-holder-r8-black\/","name":"R8 CPU Holder R8 Black - OPLITE","isPartOf":{"@id":"https:\/\/oplitegames.com\/#website"},"primaryImageOfPage":{"@id":"https:\/\/oplitegames.com\/de\/produkt\/r8-cpu-holder-r8-black\/#primaryimage"},"image":{"@id":"https:\/\/oplitegames.com\/de\/produkt\/r8-cpu-holder-r8-black\/#primaryimage"},"thumbnailUrl":"https:\/\/oplitegames.com\/wp-content\/uploads\/OPLITE-R8-CPU-HOLDER-R8-BLACK-OP-R8-CPUHB_01.png","datePublished":"2025-01-28T02:00:15+00:00","dateModified":"2026-04-02T18:42:49+00:00","breadcrumb":{"@id":"https:\/\/oplitegames.com\/de\/produkt\/r8-cpu-holder-r8-black\/#breadcrumb"},"inLanguage":"de-DE","potentialAction":[{"@type":"ReadAction","target":["https:\/\/oplitegames.com\/de\/produkt\/r8-cpu-holder-r8-black\/"]}]},{"@type":"ImageObject","inLanguage":"de-DE","@id":"https:\/\/oplitegames.com\/de\/produkt\/r8-cpu-holder-r8-black\/#primaryimage","url":"https:\/\/oplitegames.com\/wp-content\/uploads\/OPLITE-R8-CPU-HOLDER-R8-BLACK-OP-R8-CPUHB_01.png","contentUrl":"https:\/\/oplitegames.com\/wp-content\/uploads\/OPLITE-R8-CPU-HOLDER-R8-BLACK-OP-R8-CPUHB_01.png","width":2750,"height":2750},{"@type":"BreadcrumbList","@id":"https:\/\/oplitegames.com\/de\/produkt\/r8-cpu-holder-r8-black\/#breadcrumb","itemListElement":[{"@type":"ListItem","position":1,"name":"Gesch\u00e4ft","item":"https:\/\/oplitegames.com\/de\/geschaeft\/"},{"@type":"ListItem","position":2,"name":"R8 CPU Holder R8 Black"}]},{"@type":"WebSite","@id":"https:\/\/oplitegames.com\/#website","url":"https:\/\/oplitegames.com\/","name":"OPLITE","description":"","publisher":{"@id":"https:\/\/oplitegames.com\/#organization"},"alternateName":"Oplite","potentialAction":[{"@type":"SearchAction","target":{"@type":"EntryPoint","urlTemplate":"https:\/\/oplitegames.com\/?s={search_term_string}"},"query-input":{"@type":"PropertyValueSpecification","valueRequired":true,"valueName":"search_term_string"}}],"inLanguage":"de-DE"},{"@type":"Organization","@id":"https:\/\/oplitegames.com\/#organization","name":"OPLITE","alternateName":"Oplite","url":"https:\/\/oplitegames.com\/","logo":{"@type":"ImageObject","inLanguage":"de-DE","@id":"https:\/\/oplitegames.com\/#\/schema\/logo\/image\/","url":"https:\/\/oplitegames.com\/wp-content\/uploads\/cropped-Favicon_oplite.jpg","contentUrl":"https:\/\/oplitegames.com\/wp-content\/uploads\/cropped-Favicon_oplite.jpg","width":512,"height":512,"caption":"OPLITE"},"image":{"@id":"https:\/\/oplitegames.com\/#\/schema\/logo\/image\/"}}]},"product_price_amount":"49.90","product_price_currency":"EUR","og_availability":"instock","product_availability":"instock","product_retailer_item_id":"101270","product_condition":"new"},"_links":{"self":[{"href":"https:\/\/oplitegames.com\/de\/wp-json\/wp\/v2\/product\/45744","targetHints":{"allow":["GET"]}}],"collection":[{"href":"https:\/\/oplitegames.com\/de\/wp-json\/wp\/v2\/product"}],"about":[{"href":"https:\/\/oplitegames.com\/de\/wp-json\/wp\/v2\/types\/product"}],"version-history":[{"count":3,"href":"https:\/\/oplitegames.com\/de\/wp-json\/wp\/v2\/product\/45744\/revisions"}],"predecessor-version":[{"id":46389,"href":"https:\/\/oplitegames.com\/de\/wp-json\/wp\/v2\/product\/45744\/revisions\/46389"}],"wp:featuredmedia":[{"embeddable":true,"href":"https:\/\/oplitegames.com\/de\/wp-json\/wp\/v2\/media\/45066"}],"wp:attachment":[{"href":"https:\/\/oplitegames.com\/de\/wp-json\/wp\/v2\/media?parent=45744"}],"wp:term":[{"taxonomy":"product_brand","embeddable":true,"href":"https:\/\/oplitegames.com\/de\/wp-json\/wp\/v2\/product_brand?post=45744"},{"taxonomy":"product_cat","embeddable":true,"href":"https:\/\/oplitegames.com\/de\/wp-json\/wp\/v2\/product_cat?post=45744"},{"taxonomy":"product_tag","embeddable":true,"href":"https:\/\/oplitegames.com\/de\/wp-json\/wp\/v2\/product_tag?post=45744"}],"curies":[{"name":"wp","href":"https:\/\/api.w.org\/{rel}","templated":true}]}}