{"id":61732,"date":"2025-09-30T04:01:38","date_gmt":"2025-09-30T02:01:38","guid":{"rendered":"https:\/\/oplitegames.com\/?post_type=product&#038;p=61732"},"modified":"2026-04-15T12:11:51","modified_gmt":"2026-04-15T10:11:51","slug":"r8-s8-stream-deck-arm-black","status":"publish","type":"product","link":"https:\/\/oplitegames.com\/de\/produkt\/r8-s8-stream-deck-arm-black\/","title":{"rendered":"R8 \/ S8 Stream Deck Arm Black"},"content":{"rendered":"<p>Der <strong>R8 \/ S8 STREAM DECK ARM<\/strong> ist eine universelle Halterung, die entwickelt wurde, um Ihr Cockpit-Setup zu optimieren. Ideal f\u00fcr ein Stream Deck, eine Button Box oder sogar ein Smartphone \u2013 er passt perfekt zu OPLITE-Cockpits (GT3 Superfast, GTR S3\/S8 und R8 Fury) sowie zu den meisten Aluminiumprofil[1]Cockpits und Rohrmodellen mit einem Durchmesser von 35 bis 50 mm. Mit dieser Halterung haben Sie sofortigen Zugriff auf zahlreiche Einstellungen und Informationen, direkt in Reichweite. Robust, elegant und einfach zu installieren (kein Bohren erforderlich), verbessert er sowohl den Komfort als auch das Eintauchen in Ihre SimRacing-Sessions. Dar\u00fcber hinaus erm\u00f6glicht das Dreifach[1]Gelenksystem eine vollst\u00e4ndige Verstellung auf 3 Achsen f\u00fcr optimale Ergonomie.<\/p>\n<p><strong>Hauptmerkmale<\/strong><\/p>\n<ul>\n<li>Breite Cockpit-Kompatibilit\u00e4t (OPLITE &amp; andere Marken)<\/li>\n<li>Vielseitige Nutzung: Stream Deck, Button Box, Smartphone und weiteres Zubeh\u00f6r<\/li>\n<li>Flexible Befestigung: klassisches Verschrauben oder mitgelieferte Magnetb\u00e4nder<\/li>\n<li>Robustheit und Stabilit\u00e4t: Stahl- und Hochleistungskunststoffstruktur mit mattschwarzer Pulverbeschichtung<\/li>\n<li>Ergonomisches Design: dezente und elegante Integration in Ihr SimRacing-Setup<\/li>\n<\/ul>\n<p><strong>Technische Daten<\/strong><br \/>\n<span style=\"text-decoration: underline;\">Verbindungsrohre:<\/span><br \/>\n\u2022 Robuste Stahlrohrstruktur, Typ E355, \u00d8 35 mm, 2 mm stark<br \/>\n<span style=\"text-decoration: underline;\">Aufnahme-Rahmen:<\/span><br \/>\n\u2022 Stahlstruktur, Typ E355, 2 mm stark<br \/>\n<span style=\"text-decoration: underline;\">Halterungs-Einstellungen:<\/span><br \/>\n\u2022 Perfekte Positionierung dank 3 Verstellgelenken<br \/>\n\u2022 Drehung: \u00b160\u00b0<br \/>\n\u2022 Neigung (hoch\/runter): \u00b1130\u00b0<br \/>\n\u2022 Schwenkung: \u00b1360\u00b0<\/p>\n<p><strong>Cockpit-Kompatibilit\u00e4t<\/strong><\/p>\n<table>\n<tbody>\n<tr>\n<td style=\"width: 88px;\"><strong>Hersteller<\/strong><\/td>\n<td style=\"width: 391px;\"><strong>Modelle<\/strong><\/td>\n<\/tr>\n<tr>\n<td style=\"width: 88px;\">OPLITE<\/td>\n<td style=\"width: 391px;\">COCKPIT GT3 SUPERFAST<br \/>\nCOCKPIT GTR S3\/S8<br \/>\nCOCKPIT R8 FURY<\/td>\n<\/tr>\n<tr>\n<td style=\"width: 88px;\">ANDERE<\/td>\n<td style=\"width: 391px;\">COCKPIT AUS ALUMINIUMPROFIL<br \/>\nSTAHL-ROHRCOCKPIT (\u00d8 35\u201350 mm)<\/td>\n<\/tr>\n<\/tbody>\n<\/table>\n<p>&nbsp;<\/p>\n","protected":false},"excerpt":{"rendered":"<p>Experte f\u00fcr die Entwicklung ergonomischer Produkte f\u00fcr die B\u00fcro- und Gaming-Branche \u2013 OPLITE pr\u00e4sentiert den <strong>R8 \/ S8 Stream Deck Arm<\/strong>, der mit den meisten SimRacing-Cockpits auf dem Markt kompatibel ist.<\/p>\n","protected":false},"featured_media":61053,"template":"","meta":{"_acf_changed":false,"_themeisle_gutenberg_block_has_review":false,"footnotes":""},"product_brand":[],"product_cat":[762,804,887,692,748],"product_tag":[809],"class_list":{"0":"post-61732","1":"product","2":"type-product","3":"status-publish","4":"has-post-thumbnail","6":"product_cat-cockpit-gtr-s8-infinity-de","7":"product_cat-cockpit-r8-fury-black-de","8":"product_cat-r8-fury","9":"product_cat-simulatoren","10":"product_cat-simulatorzubehoer","11":"product_tag-r8-fury-de","13":"first","14":"instock","15":"taxable","16":"shipping-taxable","17":"purchasable","18":"product-type-simple"},"bundled_by":[],"bundle_stock_status":"instock","bundle_stock_quantity":1,"bundle_virtual":false,"bundle_layout":"","bundle_add_to_cart_form_location":"","bundle_editable_in_cart":false,"bundle_sold_individually_context":"","bundle_item_grouping":"","bundle_min_size":"","bundle_max_size":"","bundle_price":[],"bundled_items":[],"bundle_sell_ids":[],"acf":[],"yoast_head":"<!-- This site is optimized with the Yoast SEO plugin v27.1.1 - https:\/\/yoast.com\/product\/yoast-seo-wordpress\/ -->\n<title>R8 \/ S8 Stream Deck Arm Black - OPLITE<\/title>\n<meta name=\"robots\" content=\"index, follow, max-snippet:-1, max-image-preview:large, max-video-preview:-1\" \/>\n<link rel=\"canonical\" href=\"https:\/\/oplitegames.com\/de\/produkt\/r8-s8-stream-deck-arm-black\/\" \/>\n<meta property=\"og:locale\" content=\"de_DE\" \/>\n<meta property=\"og:type\" content=\"article\" \/>\n<meta property=\"og:title\" content=\"R8 \/ S8 Stream Deck Arm Black - OPLITE\" \/>\n<meta property=\"og:description\" content=\"Experte f\u00fcr die Entwicklung ergonomischer Produkte f\u00fcr die B\u00fcro- und Gaming-Branche \u2013 OPLITE pr\u00e4sentiert den R8 \/ S8 Stream Deck Arm, der mit den meisten SimRacing-Cockpits auf dem Markt kompatibel ist.\" \/>\n<meta property=\"og:url\" content=\"https:\/\/oplitegames.com\/de\/produkt\/r8-s8-stream-deck-arm-black\/\" \/>\n<meta property=\"og:site_name\" content=\"OPLITE\" \/>\n<meta property=\"article:modified_time\" content=\"2026-04-15T10:11:51+00:00\" \/>\n<meta property=\"og:image\" content=\"https:\/\/oplitegames.com\/wp-content\/uploads\/OPLITE20GAMING_3770031134636_1.jpg\" \/>\n\t<meta property=\"og:image:width\" content=\"1000\" \/>\n\t<meta property=\"og:image:height\" content=\"1000\" \/>\n\t<meta property=\"og:image:type\" content=\"image\/jpeg\" \/>\n<meta name=\"twitter:card\" content=\"summary_large_image\" \/>\n<meta name=\"twitter:label1\" content=\"Price\" \/>\n\t<meta name=\"twitter:data1\" content=\"49,90&nbsp;&euro;\" \/>\n\t<meta name=\"twitter:label2\" content=\"Availability\" \/>\n\t<meta name=\"twitter:data2\" content=\"In stock\" \/>\n<script type=\"application\/ld+json\" class=\"yoast-schema-graph\">{\"@context\":\"https:\/\/schema.org\",\"@graph\":[{\"@type\":\"WebPage\",\"@id\":\"https:\/\/oplitegames.com\/de\/produkt\/r8-s8-stream-deck-arm-black\/\",\"url\":\"https:\/\/oplitegames.com\/de\/produkt\/r8-s8-stream-deck-arm-black\/\",\"name\":\"R8 \/ S8 Stream Deck Arm Black - OPLITE\",\"isPartOf\":{\"@id\":\"https:\/\/oplitegames.com\/#website\"},\"primaryImageOfPage\":{\"@id\":\"https:\/\/oplitegames.com\/de\/produkt\/r8-s8-stream-deck-arm-black\/#primaryimage\"},\"image\":{\"@id\":\"https:\/\/oplitegames.com\/de\/produkt\/r8-s8-stream-deck-arm-black\/#primaryimage\"},\"thumbnailUrl\":\"https:\/\/oplitegames.com\/wp-content\/uploads\/OPLITE20GAMING_3770031134636_1.jpg\",\"datePublished\":\"2025-09-30T02:01:38+00:00\",\"dateModified\":\"2026-04-15T10:11:51+00:00\",\"breadcrumb\":{\"@id\":\"https:\/\/oplitegames.com\/de\/produkt\/r8-s8-stream-deck-arm-black\/#breadcrumb\"},\"inLanguage\":\"de-DE\",\"potentialAction\":[{\"@type\":\"ReadAction\",\"target\":[\"https:\/\/oplitegames.com\/de\/produkt\/r8-s8-stream-deck-arm-black\/\"]}]},{\"@type\":\"ImageObject\",\"inLanguage\":\"de-DE\",\"@id\":\"https:\/\/oplitegames.com\/de\/produkt\/r8-s8-stream-deck-arm-black\/#primaryimage\",\"url\":\"https:\/\/oplitegames.com\/wp-content\/uploads\/OPLITE20GAMING_3770031134636_1.jpg\",\"contentUrl\":\"https:\/\/oplitegames.com\/wp-content\/uploads\/OPLITE20GAMING_3770031134636_1.jpg\",\"width\":1000,\"height\":1000},{\"@type\":\"BreadcrumbList\",\"@id\":\"https:\/\/oplitegames.com\/de\/produkt\/r8-s8-stream-deck-arm-black\/#breadcrumb\",\"itemListElement\":[{\"@type\":\"ListItem\",\"position\":1,\"name\":\"Gesch\u00e4ft\",\"item\":\"https:\/\/oplitegames.com\/de\/geschaeft\/\"},{\"@type\":\"ListItem\",\"position\":2,\"name\":\"R8 \/ S8 Stream Deck Arm Black\"}]},{\"@type\":\"WebSite\",\"@id\":\"https:\/\/oplitegames.com\/#website\",\"url\":\"https:\/\/oplitegames.com\/\",\"name\":\"OPLITE\",\"description\":\"\",\"publisher\":{\"@id\":\"https:\/\/oplitegames.com\/#organization\"},\"alternateName\":\"Oplite\",\"potentialAction\":[{\"@type\":\"SearchAction\",\"target\":{\"@type\":\"EntryPoint\",\"urlTemplate\":\"https:\/\/oplitegames.com\/?s={search_term_string}\"},\"query-input\":{\"@type\":\"PropertyValueSpecification\",\"valueRequired\":true,\"valueName\":\"search_term_string\"}}],\"inLanguage\":\"de-DE\"},{\"@type\":\"Organization\",\"@id\":\"https:\/\/oplitegames.com\/#organization\",\"name\":\"OPLITE\",\"alternateName\":\"Oplite\",\"url\":\"https:\/\/oplitegames.com\/\",\"logo\":{\"@type\":\"ImageObject\",\"inLanguage\":\"de-DE\",\"@id\":\"https:\/\/oplitegames.com\/#\/schema\/logo\/image\/\",\"url\":\"https:\/\/oplitegames.com\/wp-content\/uploads\/cropped-Favicon_oplite.jpg\",\"contentUrl\":\"https:\/\/oplitegames.com\/wp-content\/uploads\/cropped-Favicon_oplite.jpg\",\"width\":512,\"height\":512,\"caption\":\"OPLITE\"},\"image\":{\"@id\":\"https:\/\/oplitegames.com\/#\/schema\/logo\/image\/\"}}]}<\/script>\n<meta property=\"product:price:amount\" content=\"49.90\" \/>\n<meta property=\"product:price:currency\" content=\"EUR\" \/>\n<meta property=\"og:availability\" content=\"instock\" \/>\n<meta property=\"product:availability\" content=\"instock\" \/>\n<meta property=\"product:retailer_item_id\" content=\"103145\" \/>\n<meta property=\"product:condition\" content=\"new\" \/>\n<!-- \/ Yoast SEO plugin. -->","yoast_head_json":{"title":"R8 \/ S8 Stream Deck Arm Black - OPLITE","robots":{"index":"index","follow":"follow","max-snippet":"max-snippet:-1","max-image-preview":"max-image-preview:large","max-video-preview":"max-video-preview:-1"},"canonical":"https:\/\/oplitegames.com\/de\/produkt\/r8-s8-stream-deck-arm-black\/","og_locale":"de_DE","og_type":"article","og_title":"R8 \/ S8 Stream Deck Arm Black - OPLITE","og_description":"Experte f\u00fcr die Entwicklung ergonomischer Produkte f\u00fcr die B\u00fcro- und Gaming-Branche \u2013 OPLITE pr\u00e4sentiert den R8 \/ S8 Stream Deck Arm, der mit den meisten SimRacing-Cockpits auf dem Markt kompatibel ist.","og_url":"https:\/\/oplitegames.com\/de\/produkt\/r8-s8-stream-deck-arm-black\/","og_site_name":"OPLITE","article_modified_time":"2026-04-15T10:11:51+00:00","og_image":[{"width":1000,"height":1000,"url":"https:\/\/oplitegames.com\/wp-content\/uploads\/OPLITE20GAMING_3770031134636_1.jpg","type":"image\/jpeg"}],"twitter_card":"summary_large_image","twitter_misc":{"Price":"49,90&nbsp;&euro;","Availability":"In stock"},"schema":{"@context":"https:\/\/schema.org","@graph":[{"@type":"WebPage","@id":"https:\/\/oplitegames.com\/de\/produkt\/r8-s8-stream-deck-arm-black\/","url":"https:\/\/oplitegames.com\/de\/produkt\/r8-s8-stream-deck-arm-black\/","name":"R8 \/ S8 Stream Deck Arm Black - OPLITE","isPartOf":{"@id":"https:\/\/oplitegames.com\/#website"},"primaryImageOfPage":{"@id":"https:\/\/oplitegames.com\/de\/produkt\/r8-s8-stream-deck-arm-black\/#primaryimage"},"image":{"@id":"https:\/\/oplitegames.com\/de\/produkt\/r8-s8-stream-deck-arm-black\/#primaryimage"},"thumbnailUrl":"https:\/\/oplitegames.com\/wp-content\/uploads\/OPLITE20GAMING_3770031134636_1.jpg","datePublished":"2025-09-30T02:01:38+00:00","dateModified":"2026-04-15T10:11:51+00:00","breadcrumb":{"@id":"https:\/\/oplitegames.com\/de\/produkt\/r8-s8-stream-deck-arm-black\/#breadcrumb"},"inLanguage":"de-DE","potentialAction":[{"@type":"ReadAction","target":["https:\/\/oplitegames.com\/de\/produkt\/r8-s8-stream-deck-arm-black\/"]}]},{"@type":"ImageObject","inLanguage":"de-DE","@id":"https:\/\/oplitegames.com\/de\/produkt\/r8-s8-stream-deck-arm-black\/#primaryimage","url":"https:\/\/oplitegames.com\/wp-content\/uploads\/OPLITE20GAMING_3770031134636_1.jpg","contentUrl":"https:\/\/oplitegames.com\/wp-content\/uploads\/OPLITE20GAMING_3770031134636_1.jpg","width":1000,"height":1000},{"@type":"BreadcrumbList","@id":"https:\/\/oplitegames.com\/de\/produkt\/r8-s8-stream-deck-arm-black\/#breadcrumb","itemListElement":[{"@type":"ListItem","position":1,"name":"Gesch\u00e4ft","item":"https:\/\/oplitegames.com\/de\/geschaeft\/"},{"@type":"ListItem","position":2,"name":"R8 \/ S8 Stream Deck Arm Black"}]},{"@type":"WebSite","@id":"https:\/\/oplitegames.com\/#website","url":"https:\/\/oplitegames.com\/","name":"OPLITE","description":"","publisher":{"@id":"https:\/\/oplitegames.com\/#organization"},"alternateName":"Oplite","potentialAction":[{"@type":"SearchAction","target":{"@type":"EntryPoint","urlTemplate":"https:\/\/oplitegames.com\/?s={search_term_string}"},"query-input":{"@type":"PropertyValueSpecification","valueRequired":true,"valueName":"search_term_string"}}],"inLanguage":"de-DE"},{"@type":"Organization","@id":"https:\/\/oplitegames.com\/#organization","name":"OPLITE","alternateName":"Oplite","url":"https:\/\/oplitegames.com\/","logo":{"@type":"ImageObject","inLanguage":"de-DE","@id":"https:\/\/oplitegames.com\/#\/schema\/logo\/image\/","url":"https:\/\/oplitegames.com\/wp-content\/uploads\/cropped-Favicon_oplite.jpg","contentUrl":"https:\/\/oplitegames.com\/wp-content\/uploads\/cropped-Favicon_oplite.jpg","width":512,"height":512,"caption":"OPLITE"},"image":{"@id":"https:\/\/oplitegames.com\/#\/schema\/logo\/image\/"}}]},"product_price_amount":"49.90","product_price_currency":"EUR","og_availability":"instock","product_availability":"instock","product_retailer_item_id":"103145","product_condition":"new"},"_links":{"self":[{"href":"https:\/\/oplitegames.com\/de\/wp-json\/wp\/v2\/product\/61732","targetHints":{"allow":["GET"]}}],"collection":[{"href":"https:\/\/oplitegames.com\/de\/wp-json\/wp\/v2\/product"}],"about":[{"href":"https:\/\/oplitegames.com\/de\/wp-json\/wp\/v2\/types\/product"}],"version-history":[{"count":1,"href":"https:\/\/oplitegames.com\/de\/wp-json\/wp\/v2\/product\/61732\/revisions"}],"predecessor-version":[{"id":61742,"href":"https:\/\/oplitegames.com\/de\/wp-json\/wp\/v2\/product\/61732\/revisions\/61742"}],"wp:featuredmedia":[{"embeddable":true,"href":"https:\/\/oplitegames.com\/de\/wp-json\/wp\/v2\/media\/61053"}],"wp:attachment":[{"href":"https:\/\/oplitegames.com\/de\/wp-json\/wp\/v2\/media?parent=61732"}],"wp:term":[{"taxonomy":"product_brand","embeddable":true,"href":"https:\/\/oplitegames.com\/de\/wp-json\/wp\/v2\/product_brand?post=61732"},{"taxonomy":"product_cat","embeddable":true,"href":"https:\/\/oplitegames.com\/de\/wp-json\/wp\/v2\/product_cat?post=61732"},{"taxonomy":"product_tag","embeddable":true,"href":"https:\/\/oplitegames.com\/de\/wp-json\/wp\/v2\/product_tag?post=61732"}],"curies":[{"name":"wp","href":"https:\/\/api.w.org\/{rel}","templated":true}]}}