{"id":63942,"date":"2025-12-10T03:01:10","date_gmt":"2025-12-10T02:01:10","guid":{"rendered":"https:\/\/oplitegames.com\/?post_type=product&#038;p=63942"},"modified":"2026-04-08T17:52:06","modified_gmt":"2026-04-08T15:52:06","slug":"rs2-fibercore-suedine","status":"publish","type":"product","link":"https:\/\/oplitegames.com\/de\/produkt\/rs2-fibercore-suedine\/","title":{"rendered":"RS2 FiberCore Suedine"},"content":{"rendered":"<p><strong>Hauptmerkmale<\/strong><br \/>\n\u2022 FiberCore\u00ae-Struktur mit 4 Lagen verflochtener, verst\u00e4rkter Fiberglasfasern<br \/>\n\u2022 Universelle Gr\u00f6\u00dfe, passend f\u00fcr alle K\u00f6rperformen<br \/>\n\u2022 Hochdichter Schaumstoff 35 kg\/m\u00b3 f\u00fcr optimalen Halt<br \/>\n\u2022 5 Gurtdurchf\u00fchrungen, kompatibel mit 3- und 4-Punkt Gurten<br \/>\n\u2022 Standard-Seitenschienen 290 mm<br \/>\n\u2022 4 M8x20-Schrauben inklusive f\u00fcr die seitliche Montage<br \/>\n<strong>Neuheiten 2026<\/strong><br \/>\n\u2022 Atmungsaktiver Wildleder-\u00e4hnlicher Bezug, weich und angenehm im Griff<br \/>\n\u2022 Eingesticktes Oplite-Logo auf beiden Seiten der Kopfst\u00fctze<\/p>\n<p><strong>Technische Daten<\/strong><br \/>\n<span style=\"text-decoration: underline;\">Au\u00dfenma\u00dfe<\/span><br \/>\n\u00b7 R\u00fcckenlehnenbreite: 60 cm<br \/>\n\u00b7 Sitzbreite: 43 cm<br \/>\n\u00b7 R\u00fcckenlehnenh\u00f6he: 88 cm<br \/>\n<span style=\"text-decoration: underline;\">Innenma\u00dfe<\/span><br \/>\n\u00b7 R\u00fcckenlehnenbreite: 32 cm<br \/>\n\u00b7 Sitzbreite: 36 cm<br \/>\n<span style=\"text-decoration: underline;\">Gr\u00f6\u00dfen- &amp; Gewichtsbereich des Nutzers<\/span><br \/>\n\u00b7 Geeignet f\u00fcr Nutzer von 1,40 m \/ 60 kg bis 2,10 m \/ 150 kg<br \/>\n<span style=\"text-decoration: underline;\">Hinweis<\/span><br \/>\n\u00b7 Sitzhalterungen sind nicht im Lieferumfang enthalten.<br \/>\n\u00b7 Dieser Schalensitz ist nicht f\u00fcr den Einbau in ein echtes Fahrzeug zugelassen; er ist ausschlie\u00dflich f\u00fcr Simracing vorgesehen.<\/p>\n","protected":false},"excerpt":{"rendered":"<p><strong>Wettbewerbsf\u00e4hige Steifigkeit, kompromissloser Komfort <\/strong><br \/>\nDer <strong>Oplite RS2 FiberCore\u00ae<\/strong> Schalensitz verwendet eine innovative Vier-Schicht-Struktur aus verst\u00e4rktem Fiberglas und bietet eine Steifigkeit, die einem echten Rennsitz w\u00fcrdig ist. Er vereint Komfort und Immersion und verwandelt Ihr Setup in einen echten Fahrerplatz. Sein Wildlederstoff-Finish und die eingestickten Oplite-Logos verleihen Ihrem Cockpit einen hochwertigen, eleganten Touch.<\/p>\n","protected":false},"featured_media":64787,"template":"","meta":{"_acf_changed":false,"_themeisle_gutenberg_block_has_review":false,"footnotes":""},"product_brand":[],"product_cat":[694,762,795,804,801,748],"product_tag":[],"class_list":{"0":"post-63942","1":"product","2":"type-product","3":"status-publish","4":"has-post-thumbnail","6":"product_cat-cockpit-gtr-s8-elite-de","7":"product_cat-cockpit-gtr-s8-infinity-de","8":"product_cat-cockpit-s8-ultra-de","9":"product_cat-cockpit-r8-fury-black-de","10":"product_cat-cockpit-r8-fury-white-de","11":"product_cat-simulatorzubehoer","13":"first","14":"instock","15":"taxable","16":"shipping-taxable","17":"purchasable","18":"product-type-simple"},"bundled_by":[],"bundle_stock_status":"instock","bundle_stock_quantity":61,"bundle_virtual":false,"bundle_layout":"","bundle_add_to_cart_form_location":"","bundle_editable_in_cart":false,"bundle_sold_individually_context":"","bundle_item_grouping":"","bundle_min_size":"","bundle_max_size":"","bundle_price":[],"bundled_items":[],"bundle_sell_ids":[],"acf":[],"yoast_head":"<!-- This site is optimized with the Yoast SEO plugin v27.1.1 - https:\/\/yoast.com\/product\/yoast-seo-wordpress\/ -->\n<title>RS2 FiberCore Suedine - OPLITE<\/title>\n<meta name=\"robots\" content=\"index, follow, max-snippet:-1, max-image-preview:large, max-video-preview:-1\" \/>\n<link rel=\"canonical\" href=\"https:\/\/oplitegames.com\/de\/produkt\/rs2-fibercore-suedine\/\" \/>\n<meta property=\"og:locale\" content=\"de_DE\" \/>\n<meta property=\"og:type\" content=\"article\" \/>\n<meta property=\"og:title\" content=\"RS2 FiberCore Suedine - OPLITE\" \/>\n<meta property=\"og:description\" content=\"Wettbewerbsf\u00e4hige Steifigkeit, kompromissloser Komfort  Der Oplite RS2 FiberCore\u00ae Schalensitz verwendet eine innovative Vier-Schicht-Struktur aus verst\u00e4rktem Fiberglas und bietet eine Steifigkeit, die einem echten Rennsitz w\u00fcrdig ist. Er vereint Komfort und Immersion und verwandelt Ihr Setup in einen echten Fahrerplatz. Sein Wildlederstoff-Finish und die eingestickten Oplite-Logos verleihen Ihrem Cockpit einen hochwertigen, eleganten Touch.\" \/>\n<meta property=\"og:url\" content=\"https:\/\/oplitegames.com\/de\/produkt\/rs2-fibercore-suedine\/\" \/>\n<meta property=\"og:site_name\" content=\"OPLITE\" \/>\n<meta property=\"article:modified_time\" content=\"2026-04-08T15:52:06+00:00\" \/>\n<meta property=\"og:image\" content=\"https:\/\/oplitegames.com\/wp-content\/uploads\/OPLITE-RS2S-FiberCore-OP-RS2S_01.png\" \/>\n\t<meta property=\"og:image:width\" content=\"1000\" \/>\n\t<meta property=\"og:image:height\" content=\"1000\" \/>\n\t<meta property=\"og:image:type\" content=\"image\/png\" \/>\n<meta name=\"twitter:card\" content=\"summary_large_image\" \/>\n<meta name=\"twitter:label1\" content=\"Price\" \/>\n\t<meta name=\"twitter:data1\" content=\"249,90&nbsp;&euro;\" \/>\n\t<meta name=\"twitter:label2\" content=\"Availability\" \/>\n\t<meta name=\"twitter:data2\" content=\"In stock\" \/>\n<script type=\"application\/ld+json\" class=\"yoast-schema-graph\">{\"@context\":\"https:\/\/schema.org\",\"@graph\":[{\"@type\":\"WebPage\",\"@id\":\"https:\/\/oplitegames.com\/de\/produkt\/rs2-fibercore-suedine\/\",\"url\":\"https:\/\/oplitegames.com\/de\/produkt\/rs2-fibercore-suedine\/\",\"name\":\"RS2 FiberCore Suedine - OPLITE\",\"isPartOf\":{\"@id\":\"https:\/\/oplitegames.com\/#website\"},\"primaryImageOfPage\":{\"@id\":\"https:\/\/oplitegames.com\/de\/produkt\/rs2-fibercore-suedine\/#primaryimage\"},\"image\":{\"@id\":\"https:\/\/oplitegames.com\/de\/produkt\/rs2-fibercore-suedine\/#primaryimage\"},\"thumbnailUrl\":\"https:\/\/oplitegames.com\/wp-content\/uploads\/OPLITE-RS2S-FiberCore-OP-RS2S_01.png\",\"datePublished\":\"2025-12-10T02:01:10+00:00\",\"dateModified\":\"2026-04-08T15:52:06+00:00\",\"breadcrumb\":{\"@id\":\"https:\/\/oplitegames.com\/de\/produkt\/rs2-fibercore-suedine\/#breadcrumb\"},\"inLanguage\":\"de-DE\",\"potentialAction\":[{\"@type\":\"ReadAction\",\"target\":[\"https:\/\/oplitegames.com\/de\/produkt\/rs2-fibercore-suedine\/\"]}]},{\"@type\":\"ImageObject\",\"inLanguage\":\"de-DE\",\"@id\":\"https:\/\/oplitegames.com\/de\/produkt\/rs2-fibercore-suedine\/#primaryimage\",\"url\":\"https:\/\/oplitegames.com\/wp-content\/uploads\/OPLITE-RS2S-FiberCore-OP-RS2S_01.png\",\"contentUrl\":\"https:\/\/oplitegames.com\/wp-content\/uploads\/OPLITE-RS2S-FiberCore-OP-RS2S_01.png\",\"width\":1000,\"height\":1000},{\"@type\":\"BreadcrumbList\",\"@id\":\"https:\/\/oplitegames.com\/de\/produkt\/rs2-fibercore-suedine\/#breadcrumb\",\"itemListElement\":[{\"@type\":\"ListItem\",\"position\":1,\"name\":\"Gesch\u00e4ft\",\"item\":\"https:\/\/oplitegames.com\/de\/geschaeft\/\"},{\"@type\":\"ListItem\",\"position\":2,\"name\":\"RS2 FiberCore Suedine\"}]},{\"@type\":\"WebSite\",\"@id\":\"https:\/\/oplitegames.com\/#website\",\"url\":\"https:\/\/oplitegames.com\/\",\"name\":\"OPLITE\",\"description\":\"\",\"publisher\":{\"@id\":\"https:\/\/oplitegames.com\/#organization\"},\"alternateName\":\"Oplite\",\"potentialAction\":[{\"@type\":\"SearchAction\",\"target\":{\"@type\":\"EntryPoint\",\"urlTemplate\":\"https:\/\/oplitegames.com\/?s={search_term_string}\"},\"query-input\":{\"@type\":\"PropertyValueSpecification\",\"valueRequired\":true,\"valueName\":\"search_term_string\"}}],\"inLanguage\":\"de-DE\"},{\"@type\":\"Organization\",\"@id\":\"https:\/\/oplitegames.com\/#organization\",\"name\":\"OPLITE\",\"alternateName\":\"Oplite\",\"url\":\"https:\/\/oplitegames.com\/\",\"logo\":{\"@type\":\"ImageObject\",\"inLanguage\":\"de-DE\",\"@id\":\"https:\/\/oplitegames.com\/#\/schema\/logo\/image\/\",\"url\":\"https:\/\/oplitegames.com\/wp-content\/uploads\/cropped-Favicon_oplite.jpg\",\"contentUrl\":\"https:\/\/oplitegames.com\/wp-content\/uploads\/cropped-Favicon_oplite.jpg\",\"width\":512,\"height\":512,\"caption\":\"OPLITE\"},\"image\":{\"@id\":\"https:\/\/oplitegames.com\/#\/schema\/logo\/image\/\"}}]}<\/script>\n<meta property=\"product:price:amount\" content=\"249.90\" \/>\n<meta property=\"product:price:currency\" content=\"EUR\" \/>\n<meta property=\"og:availability\" content=\"instock\" \/>\n<meta property=\"product:availability\" content=\"instock\" \/>\n<meta property=\"product:retailer_item_id\" content=\"103862\" \/>\n<meta property=\"product:condition\" content=\"new\" \/>\n<!-- \/ Yoast SEO plugin. -->","yoast_head_json":{"title":"RS2 FiberCore Suedine - OPLITE","robots":{"index":"index","follow":"follow","max-snippet":"max-snippet:-1","max-image-preview":"max-image-preview:large","max-video-preview":"max-video-preview:-1"},"canonical":"https:\/\/oplitegames.com\/de\/produkt\/rs2-fibercore-suedine\/","og_locale":"de_DE","og_type":"article","og_title":"RS2 FiberCore Suedine - OPLITE","og_description":"Wettbewerbsf\u00e4hige Steifigkeit, kompromissloser Komfort  Der Oplite RS2 FiberCore\u00ae Schalensitz verwendet eine innovative Vier-Schicht-Struktur aus verst\u00e4rktem Fiberglas und bietet eine Steifigkeit, die einem echten Rennsitz w\u00fcrdig ist. Er vereint Komfort und Immersion und verwandelt Ihr Setup in einen echten Fahrerplatz. Sein Wildlederstoff-Finish und die eingestickten Oplite-Logos verleihen Ihrem Cockpit einen hochwertigen, eleganten Touch.","og_url":"https:\/\/oplitegames.com\/de\/produkt\/rs2-fibercore-suedine\/","og_site_name":"OPLITE","article_modified_time":"2026-04-08T15:52:06+00:00","og_image":[{"width":1000,"height":1000,"url":"https:\/\/oplitegames.com\/wp-content\/uploads\/OPLITE-RS2S-FiberCore-OP-RS2S_01.png","type":"image\/png"}],"twitter_card":"summary_large_image","twitter_misc":{"Price":"249,90&nbsp;&euro;","Availability":"In stock"},"schema":{"@context":"https:\/\/schema.org","@graph":[{"@type":"WebPage","@id":"https:\/\/oplitegames.com\/de\/produkt\/rs2-fibercore-suedine\/","url":"https:\/\/oplitegames.com\/de\/produkt\/rs2-fibercore-suedine\/","name":"RS2 FiberCore Suedine - OPLITE","isPartOf":{"@id":"https:\/\/oplitegames.com\/#website"},"primaryImageOfPage":{"@id":"https:\/\/oplitegames.com\/de\/produkt\/rs2-fibercore-suedine\/#primaryimage"},"image":{"@id":"https:\/\/oplitegames.com\/de\/produkt\/rs2-fibercore-suedine\/#primaryimage"},"thumbnailUrl":"https:\/\/oplitegames.com\/wp-content\/uploads\/OPLITE-RS2S-FiberCore-OP-RS2S_01.png","datePublished":"2025-12-10T02:01:10+00:00","dateModified":"2026-04-08T15:52:06+00:00","breadcrumb":{"@id":"https:\/\/oplitegames.com\/de\/produkt\/rs2-fibercore-suedine\/#breadcrumb"},"inLanguage":"de-DE","potentialAction":[{"@type":"ReadAction","target":["https:\/\/oplitegames.com\/de\/produkt\/rs2-fibercore-suedine\/"]}]},{"@type":"ImageObject","inLanguage":"de-DE","@id":"https:\/\/oplitegames.com\/de\/produkt\/rs2-fibercore-suedine\/#primaryimage","url":"https:\/\/oplitegames.com\/wp-content\/uploads\/OPLITE-RS2S-FiberCore-OP-RS2S_01.png","contentUrl":"https:\/\/oplitegames.com\/wp-content\/uploads\/OPLITE-RS2S-FiberCore-OP-RS2S_01.png","width":1000,"height":1000},{"@type":"BreadcrumbList","@id":"https:\/\/oplitegames.com\/de\/produkt\/rs2-fibercore-suedine\/#breadcrumb","itemListElement":[{"@type":"ListItem","position":1,"name":"Gesch\u00e4ft","item":"https:\/\/oplitegames.com\/de\/geschaeft\/"},{"@type":"ListItem","position":2,"name":"RS2 FiberCore Suedine"}]},{"@type":"WebSite","@id":"https:\/\/oplitegames.com\/#website","url":"https:\/\/oplitegames.com\/","name":"OPLITE","description":"","publisher":{"@id":"https:\/\/oplitegames.com\/#organization"},"alternateName":"Oplite","potentialAction":[{"@type":"SearchAction","target":{"@type":"EntryPoint","urlTemplate":"https:\/\/oplitegames.com\/?s={search_term_string}"},"query-input":{"@type":"PropertyValueSpecification","valueRequired":true,"valueName":"search_term_string"}}],"inLanguage":"de-DE"},{"@type":"Organization","@id":"https:\/\/oplitegames.com\/#organization","name":"OPLITE","alternateName":"Oplite","url":"https:\/\/oplitegames.com\/","logo":{"@type":"ImageObject","inLanguage":"de-DE","@id":"https:\/\/oplitegames.com\/#\/schema\/logo\/image\/","url":"https:\/\/oplitegames.com\/wp-content\/uploads\/cropped-Favicon_oplite.jpg","contentUrl":"https:\/\/oplitegames.com\/wp-content\/uploads\/cropped-Favicon_oplite.jpg","width":512,"height":512,"caption":"OPLITE"},"image":{"@id":"https:\/\/oplitegames.com\/#\/schema\/logo\/image\/"}}]},"product_price_amount":"249.90","product_price_currency":"EUR","og_availability":"instock","product_availability":"instock","product_retailer_item_id":"103862","product_condition":"new"},"_links":{"self":[{"href":"https:\/\/oplitegames.com\/de\/wp-json\/wp\/v2\/product\/63942","targetHints":{"allow":["GET"]}}],"collection":[{"href":"https:\/\/oplitegames.com\/de\/wp-json\/wp\/v2\/product"}],"about":[{"href":"https:\/\/oplitegames.com\/de\/wp-json\/wp\/v2\/types\/product"}],"version-history":[{"count":3,"href":"https:\/\/oplitegames.com\/de\/wp-json\/wp\/v2\/product\/63942\/revisions"}],"predecessor-version":[{"id":64150,"href":"https:\/\/oplitegames.com\/de\/wp-json\/wp\/v2\/product\/63942\/revisions\/64150"}],"wp:featuredmedia":[{"embeddable":true,"href":"https:\/\/oplitegames.com\/de\/wp-json\/wp\/v2\/media\/64787"}],"wp:attachment":[{"href":"https:\/\/oplitegames.com\/de\/wp-json\/wp\/v2\/media?parent=63942"}],"wp:term":[{"taxonomy":"product_brand","embeddable":true,"href":"https:\/\/oplitegames.com\/de\/wp-json\/wp\/v2\/product_brand?post=63942"},{"taxonomy":"product_cat","embeddable":true,"href":"https:\/\/oplitegames.com\/de\/wp-json\/wp\/v2\/product_cat?post=63942"},{"taxonomy":"product_tag","embeddable":true,"href":"https:\/\/oplitegames.com\/de\/wp-json\/wp\/v2\/product_tag?post=63942"}],"curies":[{"name":"wp","href":"https:\/\/api.w.org\/{rel}","templated":true}]}}