{"id":64145,"date":"2025-12-10T03:01:12","date_gmt":"2025-12-10T02:01:12","guid":{"rendered":"https:\/\/oplitegames.com\/?post_type=product&#038;p=64145"},"modified":"2026-04-13T15:37:42","modified_gmt":"2026-04-13T13:37:42","slug":"lumbar-cushion-black","status":"publish","type":"product","link":"https:\/\/oplitegames.com\/de\/produkt\/lumbar-cushion-black\/","title":{"rendered":"Lumbar Cushion Black"},"content":{"rendered":"<p><strong>Hauptmerkmale <\/strong><br \/>\n\u2022 Universelle Kompatibilit\u00e4t mit der gesamten OPLITE-Produktreihe und den meisten Schalensitzen auf dem Markt<br \/>\n\u2022 Hochdichter Memory-Schaum f\u00fcr optimale Unterst\u00fctzung<br \/>\n\u2022 Einfache und sofortige Installation in jedem Cockpit<br \/>\n\u2022 Lang anhaltender Komfort: ideal f\u00fcr lange Rennsessions<br \/>\n\u2022 Atmungsaktiver Stoff zur Reduzierung von W\u00e4rme und f\u00fcr besseren Komfort<br \/>\n\u2022 Stabiler Halt: bleibt auch bei dynamischer Fahrt perfekt an Ort und Stelle<\/p>\n<p><strong>Technische Daten<\/strong><br \/>\n<u> Au\u00dfenma\u00dfe <\/u><br \/>\n\u00b7 Breite: 395 mm<br \/>\n\u00b7 H\u00f6he: 300 mm<br \/>\n\u00b7 Dicke: 120 mm<br \/>\n<u> Materialien<\/u><br \/>\n\u00b7 Schaumstoff: Polyurethan mit Memory-Effekt<br \/>\n\u00b7 Bezug: Schwarzes Wildleder<br \/>\n\u00b7 Textur: Weich und komfortabel<br \/>\n<u> Hinweis<\/u><br \/>\n\u00b7 Dieses Produkt ist f\u00fcr Simracing und Sitzkomfort entwickelt, nicht f\u00fcr medizinische Zwecke.<\/p>\n","protected":false},"excerpt":{"rendered":"<p><strong>Fester Halt, lang anhaltender Komfort <\/strong><br \/>\nDas <strong>Lumbar Cushion<\/strong> ist ein Memory-Schaum-Kissen, das entwickelt wurde, um Ihre Sitzhaltung im Schalensitz zu optimieren, indem es Ihren unteren R\u00fccken effektiv st\u00fctzt. Ideal f\u00fcr lange Rennsessions, reduziert es die Erm\u00fcdung und hilft Ihnen, auch \u00fcber l\u00e4ngere Fahrzeiten hinweg leistungsf\u00e4hig zu bleiben.<\/p>\n","protected":false},"featured_media":64750,"template":"","meta":{"_acf_changed":false,"_themeisle_gutenberg_block_has_review":false,"footnotes":""},"product_brand":[],"product_cat":[694,762,795,804,801,887,748],"product_tag":[809],"class_list":{"0":"post-64145","1":"product","2":"type-product","3":"status-publish","4":"has-post-thumbnail","6":"product_cat-cockpit-gtr-s8-elite-de","7":"product_cat-cockpit-gtr-s8-infinity-de","8":"product_cat-cockpit-s8-ultra-de","9":"product_cat-cockpit-r8-fury-black-de","10":"product_cat-cockpit-r8-fury-white-de","11":"product_cat-r8-fury","12":"product_cat-simulatorzubehoer","13":"product_tag-r8-fury-de","15":"first","16":"instock","17":"taxable","18":"shipping-taxable","19":"purchasable","20":"product-type-simple"},"bundled_by":[],"bundle_stock_status":"instock","bundle_stock_quantity":136,"bundle_virtual":false,"bundle_layout":"","bundle_add_to_cart_form_location":"","bundle_editable_in_cart":false,"bundle_sold_individually_context":"","bundle_item_grouping":"","bundle_min_size":"","bundle_max_size":"","bundle_price":[],"bundled_items":[],"bundle_sell_ids":[],"acf":[],"yoast_head":"<!-- This site is optimized with the Yoast SEO plugin v27.1.1 - https:\/\/yoast.com\/product\/yoast-seo-wordpress\/ -->\n<title>Lumbar Cushion Black - OPLITE<\/title>\n<meta name=\"robots\" content=\"index, follow, max-snippet:-1, max-image-preview:large, max-video-preview:-1\" \/>\n<link rel=\"canonical\" href=\"https:\/\/oplitegames.com\/de\/produkt\/lumbar-cushion-black\/\" \/>\n<meta property=\"og:locale\" content=\"de_DE\" \/>\n<meta property=\"og:type\" content=\"article\" \/>\n<meta property=\"og:title\" content=\"Lumbar Cushion Black - OPLITE\" \/>\n<meta property=\"og:description\" content=\"Fester Halt, lang anhaltender Komfort  Das Lumbar Cushion ist ein Memory-Schaum-Kissen, das entwickelt wurde, um Ihre Sitzhaltung im Schalensitz zu optimieren, indem es Ihren unteren R\u00fccken effektiv st\u00fctzt. Ideal f\u00fcr lange Rennsessions, reduziert es die Erm\u00fcdung und hilft Ihnen, auch \u00fcber l\u00e4ngere Fahrzeiten hinweg leistungsf\u00e4hig zu bleiben.\" \/>\n<meta property=\"og:url\" content=\"https:\/\/oplitegames.com\/de\/produkt\/lumbar-cushion-black\/\" \/>\n<meta property=\"og:site_name\" content=\"OPLITE\" \/>\n<meta property=\"article:modified_time\" content=\"2026-04-13T13:37:42+00:00\" \/>\n<meta property=\"og:image\" content=\"https:\/\/oplitegames.com\/wp-content\/uploads\/Lombar-Cushion-Black_OP-ULC-B_01.png\" \/>\n\t<meta property=\"og:image:width\" content=\"1000\" \/>\n\t<meta property=\"og:image:height\" content=\"1000\" \/>\n\t<meta property=\"og:image:type\" content=\"image\/png\" \/>\n<meta name=\"twitter:card\" content=\"summary_large_image\" \/>\n<meta name=\"twitter:label1\" content=\"Price\" \/>\n\t<meta name=\"twitter:data1\" content=\"29,90&nbsp;&euro;\" \/>\n\t<meta name=\"twitter:label2\" content=\"Availability\" \/>\n\t<meta name=\"twitter:data2\" content=\"In stock\" \/>\n<script type=\"application\/ld+json\" class=\"yoast-schema-graph\">{\"@context\":\"https:\/\/schema.org\",\"@graph\":[{\"@type\":\"WebPage\",\"@id\":\"https:\/\/oplitegames.com\/de\/produkt\/lumbar-cushion-black\/\",\"url\":\"https:\/\/oplitegames.com\/de\/produkt\/lumbar-cushion-black\/\",\"name\":\"Lumbar Cushion Black - OPLITE\",\"isPartOf\":{\"@id\":\"https:\/\/oplitegames.com\/#website\"},\"primaryImageOfPage\":{\"@id\":\"https:\/\/oplitegames.com\/de\/produkt\/lumbar-cushion-black\/#primaryimage\"},\"image\":{\"@id\":\"https:\/\/oplitegames.com\/de\/produkt\/lumbar-cushion-black\/#primaryimage\"},\"thumbnailUrl\":\"https:\/\/oplitegames.com\/wp-content\/uploads\/Lombar-Cushion-Black_OP-ULC-B_01.png\",\"datePublished\":\"2025-12-10T02:01:12+00:00\",\"dateModified\":\"2026-04-13T13:37:42+00:00\",\"breadcrumb\":{\"@id\":\"https:\/\/oplitegames.com\/de\/produkt\/lumbar-cushion-black\/#breadcrumb\"},\"inLanguage\":\"de-DE\",\"potentialAction\":[{\"@type\":\"ReadAction\",\"target\":[\"https:\/\/oplitegames.com\/de\/produkt\/lumbar-cushion-black\/\"]}]},{\"@type\":\"ImageObject\",\"inLanguage\":\"de-DE\",\"@id\":\"https:\/\/oplitegames.com\/de\/produkt\/lumbar-cushion-black\/#primaryimage\",\"url\":\"https:\/\/oplitegames.com\/wp-content\/uploads\/Lombar-Cushion-Black_OP-ULC-B_01.png\",\"contentUrl\":\"https:\/\/oplitegames.com\/wp-content\/uploads\/Lombar-Cushion-Black_OP-ULC-B_01.png\",\"width\":1000,\"height\":1000},{\"@type\":\"BreadcrumbList\",\"@id\":\"https:\/\/oplitegames.com\/de\/produkt\/lumbar-cushion-black\/#breadcrumb\",\"itemListElement\":[{\"@type\":\"ListItem\",\"position\":1,\"name\":\"Gesch\u00e4ft\",\"item\":\"https:\/\/oplitegames.com\/de\/geschaeft\/\"},{\"@type\":\"ListItem\",\"position\":2,\"name\":\"Lumbar Cushion Black\"}]},{\"@type\":\"WebSite\",\"@id\":\"https:\/\/oplitegames.com\/#website\",\"url\":\"https:\/\/oplitegames.com\/\",\"name\":\"OPLITE\",\"description\":\"\",\"publisher\":{\"@id\":\"https:\/\/oplitegames.com\/#organization\"},\"alternateName\":\"Oplite\",\"potentialAction\":[{\"@type\":\"SearchAction\",\"target\":{\"@type\":\"EntryPoint\",\"urlTemplate\":\"https:\/\/oplitegames.com\/?s={search_term_string}\"},\"query-input\":{\"@type\":\"PropertyValueSpecification\",\"valueRequired\":true,\"valueName\":\"search_term_string\"}}],\"inLanguage\":\"de-DE\"},{\"@type\":\"Organization\",\"@id\":\"https:\/\/oplitegames.com\/#organization\",\"name\":\"OPLITE\",\"alternateName\":\"Oplite\",\"url\":\"https:\/\/oplitegames.com\/\",\"logo\":{\"@type\":\"ImageObject\",\"inLanguage\":\"de-DE\",\"@id\":\"https:\/\/oplitegames.com\/#\/schema\/logo\/image\/\",\"url\":\"https:\/\/oplitegames.com\/wp-content\/uploads\/cropped-Favicon_oplite.jpg\",\"contentUrl\":\"https:\/\/oplitegames.com\/wp-content\/uploads\/cropped-Favicon_oplite.jpg\",\"width\":512,\"height\":512,\"caption\":\"OPLITE\"},\"image\":{\"@id\":\"https:\/\/oplitegames.com\/#\/schema\/logo\/image\/\"}}]}<\/script>\n<meta property=\"product:price:amount\" content=\"29.90\" \/>\n<meta property=\"product:price:currency\" content=\"EUR\" \/>\n<meta property=\"og:availability\" content=\"instock\" \/>\n<meta property=\"product:availability\" content=\"instock\" \/>\n<meta property=\"product:retailer_item_id\" content=\"103864\" \/>\n<meta property=\"product:condition\" content=\"new\" \/>\n<!-- \/ Yoast SEO plugin. -->","yoast_head_json":{"title":"Lumbar Cushion Black - OPLITE","robots":{"index":"index","follow":"follow","max-snippet":"max-snippet:-1","max-image-preview":"max-image-preview:large","max-video-preview":"max-video-preview:-1"},"canonical":"https:\/\/oplitegames.com\/de\/produkt\/lumbar-cushion-black\/","og_locale":"de_DE","og_type":"article","og_title":"Lumbar Cushion Black - OPLITE","og_description":"Fester Halt, lang anhaltender Komfort  Das Lumbar Cushion ist ein Memory-Schaum-Kissen, das entwickelt wurde, um Ihre Sitzhaltung im Schalensitz zu optimieren, indem es Ihren unteren R\u00fccken effektiv st\u00fctzt. Ideal f\u00fcr lange Rennsessions, reduziert es die Erm\u00fcdung und hilft Ihnen, auch \u00fcber l\u00e4ngere Fahrzeiten hinweg leistungsf\u00e4hig zu bleiben.","og_url":"https:\/\/oplitegames.com\/de\/produkt\/lumbar-cushion-black\/","og_site_name":"OPLITE","article_modified_time":"2026-04-13T13:37:42+00:00","og_image":[{"width":1000,"height":1000,"url":"https:\/\/oplitegames.com\/wp-content\/uploads\/Lombar-Cushion-Black_OP-ULC-B_01.png","type":"image\/png"}],"twitter_card":"summary_large_image","twitter_misc":{"Price":"29,90&nbsp;&euro;","Availability":"In stock"},"schema":{"@context":"https:\/\/schema.org","@graph":[{"@type":"WebPage","@id":"https:\/\/oplitegames.com\/de\/produkt\/lumbar-cushion-black\/","url":"https:\/\/oplitegames.com\/de\/produkt\/lumbar-cushion-black\/","name":"Lumbar Cushion Black - OPLITE","isPartOf":{"@id":"https:\/\/oplitegames.com\/#website"},"primaryImageOfPage":{"@id":"https:\/\/oplitegames.com\/de\/produkt\/lumbar-cushion-black\/#primaryimage"},"image":{"@id":"https:\/\/oplitegames.com\/de\/produkt\/lumbar-cushion-black\/#primaryimage"},"thumbnailUrl":"https:\/\/oplitegames.com\/wp-content\/uploads\/Lombar-Cushion-Black_OP-ULC-B_01.png","datePublished":"2025-12-10T02:01:12+00:00","dateModified":"2026-04-13T13:37:42+00:00","breadcrumb":{"@id":"https:\/\/oplitegames.com\/de\/produkt\/lumbar-cushion-black\/#breadcrumb"},"inLanguage":"de-DE","potentialAction":[{"@type":"ReadAction","target":["https:\/\/oplitegames.com\/de\/produkt\/lumbar-cushion-black\/"]}]},{"@type":"ImageObject","inLanguage":"de-DE","@id":"https:\/\/oplitegames.com\/de\/produkt\/lumbar-cushion-black\/#primaryimage","url":"https:\/\/oplitegames.com\/wp-content\/uploads\/Lombar-Cushion-Black_OP-ULC-B_01.png","contentUrl":"https:\/\/oplitegames.com\/wp-content\/uploads\/Lombar-Cushion-Black_OP-ULC-B_01.png","width":1000,"height":1000},{"@type":"BreadcrumbList","@id":"https:\/\/oplitegames.com\/de\/produkt\/lumbar-cushion-black\/#breadcrumb","itemListElement":[{"@type":"ListItem","position":1,"name":"Gesch\u00e4ft","item":"https:\/\/oplitegames.com\/de\/geschaeft\/"},{"@type":"ListItem","position":2,"name":"Lumbar Cushion Black"}]},{"@type":"WebSite","@id":"https:\/\/oplitegames.com\/#website","url":"https:\/\/oplitegames.com\/","name":"OPLITE","description":"","publisher":{"@id":"https:\/\/oplitegames.com\/#organization"},"alternateName":"Oplite","potentialAction":[{"@type":"SearchAction","target":{"@type":"EntryPoint","urlTemplate":"https:\/\/oplitegames.com\/?s={search_term_string}"},"query-input":{"@type":"PropertyValueSpecification","valueRequired":true,"valueName":"search_term_string"}}],"inLanguage":"de-DE"},{"@type":"Organization","@id":"https:\/\/oplitegames.com\/#organization","name":"OPLITE","alternateName":"Oplite","url":"https:\/\/oplitegames.com\/","logo":{"@type":"ImageObject","inLanguage":"de-DE","@id":"https:\/\/oplitegames.com\/#\/schema\/logo\/image\/","url":"https:\/\/oplitegames.com\/wp-content\/uploads\/cropped-Favicon_oplite.jpg","contentUrl":"https:\/\/oplitegames.com\/wp-content\/uploads\/cropped-Favicon_oplite.jpg","width":512,"height":512,"caption":"OPLITE"},"image":{"@id":"https:\/\/oplitegames.com\/#\/schema\/logo\/image\/"}}]},"product_price_amount":"29.90","product_price_currency":"EUR","og_availability":"instock","product_availability":"instock","product_retailer_item_id":"103864","product_condition":"new"},"_links":{"self":[{"href":"https:\/\/oplitegames.com\/de\/wp-json\/wp\/v2\/product\/64145","targetHints":{"allow":["GET"]}}],"collection":[{"href":"https:\/\/oplitegames.com\/de\/wp-json\/wp\/v2\/product"}],"about":[{"href":"https:\/\/oplitegames.com\/de\/wp-json\/wp\/v2\/types\/product"}],"version-history":[{"count":3,"href":"https:\/\/oplitegames.com\/de\/wp-json\/wp\/v2\/product\/64145\/revisions"}],"predecessor-version":[{"id":67068,"href":"https:\/\/oplitegames.com\/de\/wp-json\/wp\/v2\/product\/64145\/revisions\/67068"}],"wp:featuredmedia":[{"embeddable":true,"href":"https:\/\/oplitegames.com\/de\/wp-json\/wp\/v2\/media\/64750"}],"wp:attachment":[{"href":"https:\/\/oplitegames.com\/de\/wp-json\/wp\/v2\/media?parent=64145"}],"wp:term":[{"taxonomy":"product_brand","embeddable":true,"href":"https:\/\/oplitegames.com\/de\/wp-json\/wp\/v2\/product_brand?post=64145"},{"taxonomy":"product_cat","embeddable":true,"href":"https:\/\/oplitegames.com\/de\/wp-json\/wp\/v2\/product_cat?post=64145"},{"taxonomy":"product_tag","embeddable":true,"href":"https:\/\/oplitegames.com\/de\/wp-json\/wp\/v2\/product_tag?post=64145"}],"curies":[{"name":"wp","href":"https:\/\/api.w.org\/{rel}","templated":true}]}}