{"id":24828,"date":"2022-10-26T14:58:03","date_gmt":"2022-10-26T12:58:03","guid":{"rendered":"https:\/\/oplitegames.com\/?page_id=24828"},"modified":"2024-08-08T14:38:22","modified_gmt":"2024-08-08T12:38:22","slug":"elementor-24828","status":"publish","type":"page","link":"https:\/\/oplitegames.com\/en\/elementor-24828\/","title":{"rendered":"Homepage"},"content":{"rendered":"<h4>RACING AT THE NEXT LEVEL<\/h4>\n<h2>SIMULATION PRODUCTS <\/h2>\n<p>\t\t\t\t\t\t\t\t\t\t\t\t\t\t\t<img loading=\"lazy\" decoding=\"async\" width=\"263\" height=\"263\" src=\"https:\/\/oplitegames.com\/wp-content\/uploads\/circle.png\" alt=\"\" loading=\"lazy\" srcset=\"https:\/\/oplitegames.com\/wp-content\/uploads\/circle.png 263w, https:\/\/oplitegames.com\/wp-content\/uploads\/circle-120x120.png 120w, https:\/\/oplitegames.com\/wp-content\/uploads\/circle-64x64.png 64w, https:\/\/oplitegames.com\/wp-content\/uploads\/circle-150x150.png 150w\" sizes=\"auto, (max-width: 263px) 100vw, 263px\" \/><br \/>\n\t\t\t\t\t\t\t\t\t\t\t\t\t\t\t<img loading=\"lazy\" decoding=\"async\" width=\"263\" height=\"263\" src=\"https:\/\/oplitegames.com\/wp-content\/uploads\/circle.png\" alt=\"\" loading=\"lazy\" srcset=\"https:\/\/oplitegames.com\/wp-content\/uploads\/circle.png 263w, https:\/\/oplitegames.com\/wp-content\/uploads\/circle-120x120.png 120w, https:\/\/oplitegames.com\/wp-content\/uploads\/circle-64x64.png 64w, https:\/\/oplitegames.com\/wp-content\/uploads\/circle-150x150.png 150w\" sizes=\"auto, (max-width: 263px) 100vw, 263px\" \/>\t\t\t\t\t\t\t\t\t\t\t\t\t\t\t<\/p>\n<figure><a href=\"https:\/\/oplitegames.com\/en\/product-category\/wheel-stands-en\/\" tabindex=\"-1\"><img loading=\"lazy\" decoding=\"async\" width=\"300\" height=\"300\" src=\"https:\/\/oplitegames.com\/wp-content\/uploads\/1-22-300x300.png\" alt=\"\" loading=\"lazy\" \/><\/a><\/figure>\n<h5><a href=\"https:\/\/oplitegames.com\/en\/product-category\/wheel-stands-en\/\">Wheels Stands<\/a><\/h5>\n<figure><a href=\"https:\/\/oplitegames.com\/en\/product-category\/cockpit-nitrokart-en\/\" tabindex=\"-1\"><img loading=\"lazy\" decoding=\"async\" width=\"300\" height=\"300\" src=\"https:\/\/oplitegames.com\/wp-content\/uploads\/2-26-300x300.png\" alt=\"\" loading=\"lazy\" \/><\/a><\/figure>\n<h5><a href=\"https:\/\/oplitegames.com\/en\/product-category\/cockpit-nitrokart-en\/\">Cockpit NitroKart<\/a><\/h5>\n<figure><a href=\"https:\/\/oplitegames.com\/en\/product-category\/cockpit-gt3-en\/\" tabindex=\"-1\"><img loading=\"lazy\" decoding=\"async\" width=\"300\" height=\"300\" src=\"https:\/\/oplitegames.com\/wp-content\/uploads\/Sans-titre-23-1-300x300.png\" alt=\"\" loading=\"lazy\" \/><\/a><\/figure>\n<h5><a href=\"https:\/\/oplitegames.com\/en\/product-category\/cockpit-gt3-en\/\">Cockpit GT3<\/a><\/h5>\n<figure><a href=\"https:\/\/oplitegames.com\/en\/product-category\/simulators\/cockpit-gtr-s8-infinity-en\/\" tabindex=\"-1\"><img loading=\"lazy\" decoding=\"async\" width=\"300\" height=\"300\" src=\"https:\/\/oplitegames.com\/wp-content\/uploads\/Oplite-Cockpit-GTR-S8-INFINITY-OP-GTR-RC-S8_3-1-300x300.jpg\" alt=\"\" loading=\"lazy\" \/><\/a><\/figure>\n<h5><a href=\"https:\/\/oplitegames.com\/en\/product-category\/simulators\/cockpit-gtr-s8-infinity-en\/\">Cockpit GTR S8 Infinity<\/a><\/h5>\n<figure><a href=\"https:\/\/oplitegames.com\/en\/product-category\/cockpit-gtr-s8-elite-en\/\" tabindex=\"-1\"><img loading=\"lazy\" decoding=\"async\" width=\"300\" height=\"300\" src=\"https:\/\/oplitegames.com\/wp-content\/uploads\/Cockpit-GTR-S8-Elite-RED-OP-GTR-EY-image_3-300x300.png\" alt=\"\" loading=\"lazy\" \/><\/a><\/figure>\n<h5><a href=\"https:\/\/oplitegames.com\/en\/product-category\/cockpit-gtr-s8-elite-en\/\">Cockpit GTR S8 Elite<\/a><\/h5>\n<h4>GAMING AT THE NEXT LEVEL<\/h4>\n<h2>GAMING PRODUCTS<\/h2>\n<p>\t\t\t\t\t\t\t\t\t\t\t\t\t\t\t<img loading=\"lazy\" decoding=\"async\" width=\"263\" height=\"263\" src=\"https:\/\/oplitegames.com\/wp-content\/uploads\/circle.png\" alt=\"\" loading=\"lazy\" srcset=\"https:\/\/oplitegames.com\/wp-content\/uploads\/circle.png 263w, https:\/\/oplitegames.com\/wp-content\/uploads\/circle-120x120.png 120w, https:\/\/oplitegames.com\/wp-content\/uploads\/circle-64x64.png 64w, https:\/\/oplitegames.com\/wp-content\/uploads\/circle-150x150.png 150w\" sizes=\"auto, (max-width: 263px) 100vw, 263px\" \/><br \/>\n\t\t\t\t\t\t\t\t\t\t\t\t\t\t\t<img loading=\"lazy\" decoding=\"async\" width=\"263\" height=\"263\" src=\"https:\/\/oplitegames.com\/wp-content\/uploads\/circle.png\" alt=\"\" loading=\"lazy\" srcset=\"https:\/\/oplitegames.com\/wp-content\/uploads\/circle.png 263w, https:\/\/oplitegames.com\/wp-content\/uploads\/circle-120x120.png 120w, https:\/\/oplitegames.com\/wp-content\/uploads\/circle-64x64.png 64w, https:\/\/oplitegames.com\/wp-content\/uploads\/circle-150x150.png 150w\" sizes=\"auto, (max-width: 263px) 100vw, 263px\" \/>\t\t\t\t\t\t\t\t\t\t\t\t\t\t\t<\/p>\n<figure><a href=\"https:\/\/oplitegames.com\/en\/product-category\/gaming-desks\/\" tabindex=\"-1\"><img loading=\"lazy\" decoding=\"async\" width=\"300\" height=\"300\" src=\"https:\/\/oplitegames.com\/wp-content\/uploads\/OP-BMK2-XL_01-2-300x300.png\" alt=\"\" loading=\"lazy\" \/><\/a><\/figure>\n<h5><a href=\"https:\/\/oplitegames.com\/en\/product-category\/gaming-desks\/\">Gaming Desks<\/a><\/h5>\n<figure><a href=\"https:\/\/oplitegames.com\/en\/product-category\/desk-accessories\/\" tabindex=\"-1\"><img loading=\"lazy\" decoding=\"async\" width=\"1000\" height=\"1000\" src=\"https:\/\/oplitegames.com\/wp-content\/uploads\/OP-BM04-B_1.png\" alt=\"\" loading=\"lazy\" \/><\/a><\/figure>\n<h5><a href=\"https:\/\/oplitegames.com\/en\/product-category\/desk-accessories\/\">Desk Accessories<\/a><\/h5>\n<figure><a href=\"https:\/\/oplitegames.com\/en\/product-category\/streaming-accessories\/\" tabindex=\"-1\"><img loading=\"lazy\" decoding=\"async\" width=\"300\" height=\"300\" src=\"https:\/\/oplitegames.com\/wp-content\/uploads\/OPLITE-Supreme-Green-Screen-XL_1-1-300x300.png\" alt=\"\" loading=\"lazy\" \/><\/a><\/figure>\n<h5><a href=\"https:\/\/oplitegames.com\/en\/product-category\/streaming-accessories\/\"><br \/> Streaming Accessories<\/a><\/h5>\n<figure><a href=\"https:\/\/oplitegames.com\/en\/product-category\/articulated-arms\/\" tabindex=\"-1\"><img loading=\"lazy\" decoding=\"async\" width=\"300\" height=\"300\" src=\"https:\/\/oplitegames.com\/wp-content\/uploads\/OPLITE-MT49-MONITOR-ARM-_01-1-300x300.png\" alt=\"\" loading=\"lazy\" \/><\/a><\/figure>\n<h5><a href=\"https:\/\/oplitegames.com\/en\/product-category\/articulated-arms\/\">Articulated Arms <\/a><\/h5>\n<figure><a href=\"https:\/\/oplitegames.com\/en\/product-category\/streaming-accessories\/\" tabindex=\"-1\"><img loading=\"lazy\" decoding=\"async\" width=\"300\" height=\"300\" src=\"https:\/\/oplitegames.com\/wp-content\/uploads\/OP-PMA_1-2-300x300.png\" alt=\"\" loading=\"lazy\" \/><\/a><\/figure>\n<h5><a href=\"https:\/\/oplitegames.com\/en\/product-category\/streaming-accessories\/\"><br \/> Streaming Accessories<\/a><\/h5>\n<p>\t\t\t\t\t\t\t\t\t\t\t\t\t\t\t<img loading=\"lazy\" decoding=\"async\" width=\"350\" height=\"350\" src=\"https:\/\/oplitegames.com\/wp-content\/uploads\/Sans-titre-1-1.png\" alt=\"\" loading=\"lazy\" srcset=\"https:\/\/oplitegames.com\/wp-content\/uploads\/Sans-titre-1-1.png 350w, https:\/\/oplitegames.com\/wp-content\/uploads\/Sans-titre-1-1-300x300.png 300w, https:\/\/oplitegames.com\/wp-content\/uploads\/Sans-titre-1-1-120x120.png 120w, https:\/\/oplitegames.com\/wp-content\/uploads\/Sans-titre-1-1-64x64.png 64w, https:\/\/oplitegames.com\/wp-content\/uploads\/Sans-titre-1-1-150x150.png 150w\" sizes=\"auto, (max-width: 350px) 100vw, 350px\" \/>\t\t\t\t\t\t\t\t\t\t\t\t\t\t\t<\/p>\n<h4>OPLITE <\/h4>\n<h2>Equipes eSport<\/h2>\n<p>\t\t<strong style=\"color: #ffff\">Une dimension Europ\u00e9enne.<\/strong><br \/>\nNotre volont\u00e9 est de soutenir le d\u00e9veloppement des \u00e9quipes de SimRcing \u00e0 travers l&#8217;Europe.<br \/>\nLes 7 \u00e9quipes que nous manageons en 2022 regrouper pas moins de <strong>170 pilotes.<br \/>\n<\/strong>Ces \u00e9quipes sont r\u00e9parties sur diff\u00e9rentes plateformes ( ou cat\u00e9gorie de jeux ) afin de diversifier notre pr\u00e9sence sur les r\u00e9seaux.<br \/>\n<strong><br \/>\n<\/strong>pour aller plus loin en 2023, nous constituons actuellement une \u00e9quipe f\u00e9minine fran\u00e7aise &#8230;\t\t<\/p>\n<h2>AMBASSADEURS OPLITE<\/h2>\n<p>\t\t\t\t\t\t\t\t\t\t\t\t\t\t\t<img loading=\"lazy\" decoding=\"async\" width=\"350\" height=\"350\" src=\"https:\/\/oplitegames.com\/wp-content\/uploads\/PetitLewis.png\" alt=\"\" loading=\"lazy\" srcset=\"https:\/\/oplitegames.com\/wp-content\/uploads\/PetitLewis.png 350w, https:\/\/oplitegames.com\/wp-content\/uploads\/PetitLewis-300x300.png 300w, https:\/\/oplitegames.com\/wp-content\/uploads\/PetitLewis-120x120.png 120w, https:\/\/oplitegames.com\/wp-content\/uploads\/PetitLewis-64x64.png 64w, https:\/\/oplitegames.com\/wp-content\/uploads\/PetitLewis-150x150.png 150w\" sizes=\"auto, (max-width: 350px) 100vw, 350px\" \/>\t\t\t\t\t\t\t\t\t\t\t\t\t\t\t<\/p>\n<p>Lorem ipsum dolor sit amet, consectetur adipiscing elit. Ut elit tellus, luctus nec ullamcorper mattis, pulvinar dapibus leo.<\/p>\n<p>\t\t\t<a href=\"#\"><br \/>\n\t\t\t\t\t\tLire plus<br \/>\n\t\t\t\t\t<\/a><br \/>\n\t\t\t\t\t\t\t\t\t\t\t\t\t\t\t<img loading=\"lazy\" decoding=\"async\" width=\"350\" height=\"350\" src=\"https:\/\/oplitegames.com\/wp-content\/uploads\/Kai-1.png\" alt=\"\" loading=\"lazy\" srcset=\"https:\/\/oplitegames.com\/wp-content\/uploads\/Kai-1.png 350w, https:\/\/oplitegames.com\/wp-content\/uploads\/Kai-1-300x300.png 300w, https:\/\/oplitegames.com\/wp-content\/uploads\/Kai-1-120x120.png 120w, https:\/\/oplitegames.com\/wp-content\/uploads\/Kai-1-64x64.png 64w, https:\/\/oplitegames.com\/wp-content\/uploads\/Kai-1-150x150.png 150w\" sizes=\"auto, (max-width: 350px) 100vw, 350px\" \/>\t\t\t\t\t\t\t\t\t\t\t\t\t\t\t<\/p>\n<p>Lorem ipsum dolor sit amet, consectetur adipiscing elit. Ut elit tellus, luctus nec ullamcorper mattis, pulvinar dapibus leo.<\/p>\n<p>\t\t\t<a href=\"#\"><br \/>\n\t\t\t\t\t\tLire plus<br \/>\n\t\t\t\t\t<\/a><br \/>\n\t\t\t\t\t\t\t\t\t\t\t\t\t\t\t<img loading=\"lazy\" decoding=\"async\" width=\"350\" height=\"350\" src=\"https:\/\/oplitegames.com\/wp-content\/uploads\/Louis-1.png\" alt=\"\" loading=\"lazy\" srcset=\"https:\/\/oplitegames.com\/wp-content\/uploads\/Louis-1.png 350w, https:\/\/oplitegames.com\/wp-content\/uploads\/Louis-1-300x300.png 300w, https:\/\/oplitegames.com\/wp-content\/uploads\/Louis-1-120x120.png 120w, https:\/\/oplitegames.com\/wp-content\/uploads\/Louis-1-64x64.png 64w, https:\/\/oplitegames.com\/wp-content\/uploads\/Louis-1-150x150.png 150w\" sizes=\"auto, (max-width: 350px) 100vw, 350px\" \/>\t\t\t\t\t\t\t\t\t\t\t\t\t\t\t<\/p>\n<p>Lorem ipsum dolor sit amet, consectetur adipiscing elit. Ut elit tellus, luctus nec ullamcorper mattis, pulvinar dapibus leo.<\/p>\n<p>\t\t\t<a href=\"#\"><br \/>\n\t\t\t\t\t\tLire plus<br \/>\n\t\t\t\t\t<\/a><br \/>\n\t\t\t\t\t\t\t\t\t\t\t\t\t\t\t<img loading=\"lazy\" decoding=\"async\" width=\"350\" height=\"350\" src=\"https:\/\/oplitegames.com\/wp-content\/uploads\/Louis.png\" alt=\"\" loading=\"lazy\" srcset=\"https:\/\/oplitegames.com\/wp-content\/uploads\/Louis.png 350w, https:\/\/oplitegames.com\/wp-content\/uploads\/Louis-300x300.png 300w, https:\/\/oplitegames.com\/wp-content\/uploads\/Louis-120x120.png 120w, https:\/\/oplitegames.com\/wp-content\/uploads\/Louis-64x64.png 64w, https:\/\/oplitegames.com\/wp-content\/uploads\/Louis-150x150.png 150w\" sizes=\"auto, (max-width: 350px) 100vw, 350px\" \/>\t\t\t\t\t\t\t\t\t\t\t\t\t\t\t<\/p>\n<p>Lorem ipsum dolor sit amet, consectetur adipiscing elit. Ut elit tellus, luctus nec ullamcorper mattis, pulvinar dapibus leo.<\/p>\n<p>\t\t\t<a href=\"#\"><br \/>\n\t\t\t\t\t\tLire plus<br \/>\n\t\t\t\t\t<\/a><br \/>\n\t\t\t\t\t\t\t\t\t\t\t\t\t\t\t<img loading=\"lazy\" decoding=\"async\" width=\"350\" height=\"350\" src=\"https:\/\/oplitegames.com\/wp-content\/uploads\/Massimo.png\" alt=\"\" loading=\"lazy\" srcset=\"https:\/\/oplitegames.com\/wp-content\/uploads\/Massimo.png 350w, https:\/\/oplitegames.com\/wp-content\/uploads\/Massimo-300x300.png 300w, https:\/\/oplitegames.com\/wp-content\/uploads\/Massimo-120x120.png 120w, https:\/\/oplitegames.com\/wp-content\/uploads\/Massimo-64x64.png 64w, https:\/\/oplitegames.com\/wp-content\/uploads\/Massimo-150x150.png 150w\" sizes=\"auto, (max-width: 350px) 100vw, 350px\" \/>\t\t\t\t\t\t\t\t\t\t\t\t\t\t\t<\/p>\n<p>Lorem ipsum dolor sit amet, consectetur adipiscing elit. Ut elit tellus, luctus nec ullamcorper mattis, pulvinar dapibus leo.<\/p>\n<p>\t\t\t<a href=\"#\"><br \/>\n\t\t\t\t\t\tLire plus<br \/>\n\t\t\t\t\t<\/a><\/p>\n","protected":false},"excerpt":{"rendered":"<p>RACING AT THE NEXT LEVEL SIMULATION PRODUCTS Wheels Stands Cockpit NitroKart Cockpit GT3 Cockpit GTR S8 Infinity Cockpit GTR S8 Elite GAMING AT THE NEXT LEVEL GAMING PRODUCTS Gaming Desks&#8230;<\/p>\n","protected":false},"author":122,"featured_media":0,"parent":0,"menu_order":0,"comment_status":"closed","ping_status":"closed","template":"","meta":{"_acf_changed":false,"_themeisle_gutenberg_block_has_review":false,"footnotes":""},"class_list":["post-24828","page","type-page","status-publish","hentry"],"acf":[],"yoast_head":"<!-- This site is optimized with the Yoast SEO plugin v27.1.1 - https:\/\/yoast.com\/product\/yoast-seo-wordpress\/ -->\n<title>Homepage - OPLITE<\/title>\n<meta name=\"robots\" content=\"index, follow, max-snippet:-1, max-image-preview:large, max-video-preview:-1\" \/>\n<link rel=\"canonical\" href=\"https:\/\/oplitegames.com\/es\/\" \/>\n<meta property=\"og:locale\" content=\"en_US\" \/>\n<meta property=\"og:type\" content=\"article\" \/>\n<meta property=\"og:title\" content=\"Homepage - OPLITE\" \/>\n<meta property=\"og:description\" content=\"RACING AT THE NEXT LEVEL SIMULATION PRODUCTS Wheels Stands Cockpit NitroKart Cockpit GT3 Cockpit GTR S8 Infinity Cockpit GTR S8 Elite GAMING AT THE NEXT LEVEL GAMING PRODUCTS Gaming Desks...\" \/>\n<meta property=\"og:url\" content=\"https:\/\/oplitegames.com\/es\/\" \/>\n<meta property=\"og:site_name\" content=\"OPLITE\" \/>\n<meta property=\"article:modified_time\" content=\"2024-08-08T12:38:22+00:00\" \/>\n<meta property=\"og:image\" content=\"https:\/\/oplitegames.com\/wp-content\/uploads\/circle.png\" \/>\n<meta name=\"twitter:card\" content=\"summary_large_image\" \/>\n<meta name=\"twitter:label1\" content=\"Est. reading time\" \/>\n\t<meta name=\"twitter:data1\" content=\"1 minute\" \/>\n<script type=\"application\/ld+json\" class=\"yoast-schema-graph\">{\"@context\":\"https:\/\/schema.org\",\"@graph\":[{\"@type\":\"WebPage\",\"@id\":\"https:\/\/oplitegames.com\/es\/\",\"url\":\"https:\/\/oplitegames.com\/es\/\",\"name\":\"Homepage - OPLITE\",\"isPartOf\":{\"@id\":\"https:\/\/oplitegames.com\/#website\"},\"primaryImageOfPage\":{\"@id\":\"https:\/\/oplitegames.com\/es\/#primaryimage\"},\"image\":{\"@id\":\"https:\/\/oplitegames.com\/es\/#primaryimage\"},\"thumbnailUrl\":\"https:\/\/oplitegames.com\/wp-content\/uploads\/circle.png\",\"datePublished\":\"2022-10-26T12:58:03+00:00\",\"dateModified\":\"2024-08-08T12:38:22+00:00\",\"inLanguage\":\"en-US\",\"potentialAction\":[{\"@type\":\"ReadAction\",\"target\":[\"https:\/\/oplitegames.com\/es\/\"]}]},{\"@type\":\"ImageObject\",\"inLanguage\":\"en-US\",\"@id\":\"https:\/\/oplitegames.com\/es\/#primaryimage\",\"url\":\"https:\/\/oplitegames.com\/wp-content\/uploads\/circle.png\",\"contentUrl\":\"https:\/\/oplitegames.com\/wp-content\/uploads\/circle.png\"},{\"@type\":\"WebSite\",\"@id\":\"https:\/\/oplitegames.com\/#website\",\"url\":\"https:\/\/oplitegames.com\/\",\"name\":\"OPLITE\",\"description\":\"\",\"publisher\":{\"@id\":\"https:\/\/oplitegames.com\/#organization\"},\"alternateName\":\"Oplite\",\"potentialAction\":[{\"@type\":\"SearchAction\",\"target\":{\"@type\":\"EntryPoint\",\"urlTemplate\":\"https:\/\/oplitegames.com\/?s={search_term_string}\"},\"query-input\":{\"@type\":\"PropertyValueSpecification\",\"valueRequired\":true,\"valueName\":\"search_term_string\"}}],\"inLanguage\":\"en-US\"},{\"@type\":\"Organization\",\"@id\":\"https:\/\/oplitegames.com\/#organization\",\"name\":\"OPLITE\",\"alternateName\":\"Oplite\",\"url\":\"https:\/\/oplitegames.com\/\",\"logo\":{\"@type\":\"ImageObject\",\"inLanguage\":\"en-US\",\"@id\":\"https:\/\/oplitegames.com\/#\/schema\/logo\/image\/\",\"url\":\"https:\/\/oplitegames.com\/wp-content\/uploads\/cropped-Favicon_oplite.jpg\",\"contentUrl\":\"https:\/\/oplitegames.com\/wp-content\/uploads\/cropped-Favicon_oplite.jpg\",\"width\":512,\"height\":512,\"caption\":\"OPLITE\"},\"image\":{\"@id\":\"https:\/\/oplitegames.com\/#\/schema\/logo\/image\/\"}}]}<\/script>\n<!-- \/ Yoast SEO plugin. -->","yoast_head_json":{"title":"Homepage - OPLITE","robots":{"index":"index","follow":"follow","max-snippet":"max-snippet:-1","max-image-preview":"max-image-preview:large","max-video-preview":"max-video-preview:-1"},"canonical":"https:\/\/oplitegames.com\/es\/","og_locale":"en_US","og_type":"article","og_title":"Homepage - OPLITE","og_description":"RACING AT THE NEXT LEVEL SIMULATION PRODUCTS Wheels Stands Cockpit NitroKart Cockpit GT3 Cockpit GTR S8 Infinity Cockpit GTR S8 Elite GAMING AT THE NEXT LEVEL GAMING PRODUCTS Gaming Desks...","og_url":"https:\/\/oplitegames.com\/es\/","og_site_name":"OPLITE","article_modified_time":"2024-08-08T12:38:22+00:00","og_image":[{"url":"https:\/\/oplitegames.com\/wp-content\/uploads\/circle.png","type":"","width":"","height":""}],"twitter_card":"summary_large_image","twitter_misc":{"Est. reading time":"1 minute"},"schema":{"@context":"https:\/\/schema.org","@graph":[{"@type":"WebPage","@id":"https:\/\/oplitegames.com\/es\/","url":"https:\/\/oplitegames.com\/es\/","name":"Homepage - OPLITE","isPartOf":{"@id":"https:\/\/oplitegames.com\/#website"},"primaryImageOfPage":{"@id":"https:\/\/oplitegames.com\/es\/#primaryimage"},"image":{"@id":"https:\/\/oplitegames.com\/es\/#primaryimage"},"thumbnailUrl":"https:\/\/oplitegames.com\/wp-content\/uploads\/circle.png","datePublished":"2022-10-26T12:58:03+00:00","dateModified":"2024-08-08T12:38:22+00:00","inLanguage":"en-US","potentialAction":[{"@type":"ReadAction","target":["https:\/\/oplitegames.com\/es\/"]}]},{"@type":"ImageObject","inLanguage":"en-US","@id":"https:\/\/oplitegames.com\/es\/#primaryimage","url":"https:\/\/oplitegames.com\/wp-content\/uploads\/circle.png","contentUrl":"https:\/\/oplitegames.com\/wp-content\/uploads\/circle.png"},{"@type":"WebSite","@id":"https:\/\/oplitegames.com\/#website","url":"https:\/\/oplitegames.com\/","name":"OPLITE","description":"","publisher":{"@id":"https:\/\/oplitegames.com\/#organization"},"alternateName":"Oplite","potentialAction":[{"@type":"SearchAction","target":{"@type":"EntryPoint","urlTemplate":"https:\/\/oplitegames.com\/?s={search_term_string}"},"query-input":{"@type":"PropertyValueSpecification","valueRequired":true,"valueName":"search_term_string"}}],"inLanguage":"en-US"},{"@type":"Organization","@id":"https:\/\/oplitegames.com\/#organization","name":"OPLITE","alternateName":"Oplite","url":"https:\/\/oplitegames.com\/","logo":{"@type":"ImageObject","inLanguage":"en-US","@id":"https:\/\/oplitegames.com\/#\/schema\/logo\/image\/","url":"https:\/\/oplitegames.com\/wp-content\/uploads\/cropped-Favicon_oplite.jpg","contentUrl":"https:\/\/oplitegames.com\/wp-content\/uploads\/cropped-Favicon_oplite.jpg","width":512,"height":512,"caption":"OPLITE"},"image":{"@id":"https:\/\/oplitegames.com\/#\/schema\/logo\/image\/"}}]}},"_links":{"self":[{"href":"https:\/\/oplitegames.com\/en\/wp-json\/wp\/v2\/pages\/24828","targetHints":{"allow":["GET"]}}],"collection":[{"href":"https:\/\/oplitegames.com\/en\/wp-json\/wp\/v2\/pages"}],"about":[{"href":"https:\/\/oplitegames.com\/en\/wp-json\/wp\/v2\/types\/page"}],"author":[{"embeddable":true,"href":"https:\/\/oplitegames.com\/en\/wp-json\/wp\/v2\/users\/122"}],"replies":[{"embeddable":true,"href":"https:\/\/oplitegames.com\/en\/wp-json\/wp\/v2\/comments?post=24828"}],"version-history":[{"count":44,"href":"https:\/\/oplitegames.com\/en\/wp-json\/wp\/v2\/pages\/24828\/revisions"}],"predecessor-version":[{"id":37713,"href":"https:\/\/oplitegames.com\/en\/wp-json\/wp\/v2\/pages\/24828\/revisions\/37713"}],"wp:attachment":[{"href":"https:\/\/oplitegames.com\/en\/wp-json\/wp\/v2\/media?parent=24828"}],"curies":[{"name":"wp","href":"https:\/\/api.w.org\/{rel}","templated":true}]}}