{"id":45698,"date":"2025-01-28T03:00:18","date_gmt":"2025-01-28T02:00:18","guid":{"rendered":"https:\/\/oplitegames.com\/?post_type=product&#038;p=45698"},"modified":"2026-04-05T19:43:34","modified_gmt":"2026-04-05T17:43:34","slug":"r8-extensions-triple-screen-mount","status":"publish","type":"product","link":"https:\/\/oplitegames.com\/en\/product\/r8-extensions-triple-screen-mount\/","title":{"rendered":"R8 \/ S8 Extensions Triple Screen Mount"},"content":{"rendered":"<p>The <strong>&#8216;R8 \/ S8 Extensions Triple Screen Mount&#8217;<\/strong> kit allows you to to upgrade your single screen mount from the \u201cR8\u201d or \u201cGTR\u201d series into a Triple Screen Stand. Designed for maximum immersive experience, this kit easily attaches to your Single Monitor Stand. The two panels are made from E355-grade steel, \u00d8 35 mm and 2 mm thick. This kit is compatible with a wide range of flat and curved monitors.<\/p>\n<p><strong><u>Key Points<\/u><\/strong><br \/>\n\u2022 Ideal for completing your R8 FURY setup &amp; GTR setup<br \/>\n\u2022 Quick installation &amp; ultra rigid<br \/>\n\u2022 Compatible with numerous flat and curved screens<\/p>\n<p><strong><u>Technical data<\/u><\/strong><br \/>\n<strong>Connecting Tubes:<\/strong><br \/>\n\u2022 Robust tubular steel structure, E355 type, \u00d8 35mm and 2mm thick<br \/>\n<strong>Screen Frame:<\/strong><br \/>\n\u2022 Steel structure, E355 type, 2mm thick<br \/>\n<strong>Screen Adjustments:<\/strong><br \/>\n\u2022 According to screen size and flat &amp; curved formats<\/p>\n<p><strong><u>Ecosystem:<\/u><\/strong><br \/>\n\u2022 From the launch of R8 FURY, a wide range of OPLITE products are available to build your Ecosystem<br \/>\n<strong><u>Compatible with:<\/u><\/strong><br \/>\n&gt; R8 SINGLE MONITOR MOUNT<br \/>\n&gt; R8 SINGLE MONITOR STAND<br \/>\n&gt; MONITOR STAND GTR S3\/S8<\/p>\n<p><span style=\"text-decoration: underline;\"><strong>Screen &amp; Compatibility<\/strong> <\/span><\/p>\n<table style=\"height: 170px;\" width=\"574\">\n<tbody>\n<tr>\n<th>Informations<\/th>\n<th>Technical Data<\/th>\n<\/tr>\n<tr>\n<td>MAXIMUM TV SIZE<\/td>\n<td>32&#8243; 16:9 flat or curved<\/td>\n<\/tr>\n<tr>\n<td>MAXIMUMPC MONITOR SIZE<\/td>\n<td>32&#8243; 16:9 flat or curved<\/td>\n<\/tr>\n<tr>\n<td>MAXIMUM WEIGHT<\/td>\n<td>2&#215;10 kg<\/td>\n<\/tr>\n<tr>\n<td>VESA<\/td>\n<td>75\u00d775,100\u00d7100,200\u00d7100,<br \/>\n200\u00d7200,300\u00d7200,400\u00d7200<\/td>\n<\/tr>\n<\/tbody>\n<\/table>\n<p>&nbsp;<\/p>\n<p><span style=\"text-decoration: underline;\"><strong>Ecosystem R8 Fury<br \/>\n<\/strong><\/span><\/p>\n<table>\n<tbody>\n<tr>\n<th>OPLITE<\/th>\n<th>Item No.<\/th>\n<th>Commercial Name GTIN<\/th>\n<\/tr>\n<tr>\n<td>OP-R8-CHB<\/td>\n<td>CHASSIS COCKPIT R8 FURY BLACK<\/td>\n<td>3770031134445<\/td>\n<\/tr>\n<tr>\n<td>OP-R8-CHW<\/td>\n<td>CHASSIS COCKPIT R8 FURY WHITE<\/td>\n<td>3770031134452<\/td>\n<\/tr>\n<tr>\n<td>OP-R8-B<\/td>\n<td>COCKPIT R8 FURY BLACK<\/td>\n<td>3770031134438<\/td>\n<\/tr>\n<tr>\n<td>OP-R8-W<\/td>\n<td>COCKPIT R8 FURY WHITE<\/td>\n<td>3770031134421<\/td>\n<\/tr>\n<tr>\n<td>OP-R8-HBB<\/td>\n<td>R8 GEAR SHIFT HANDBRAKE HOLDER BLACK<\/td>\n<td>3770031134414<\/td>\n<\/tr>\n<tr>\n<td>OP-R8-HBW<\/td>\n<td>R8 GEAR SHIFT HANDBRAKE HOLDER WHITE<\/td>\n<td>3770031134407<\/td>\n<\/tr>\n<tr>\n<td>OP-R8-CW<\/td>\n<td>R8 SUPREME CASTOR WHEEL<\/td>\n<td>3770031134391<\/td>\n<\/tr>\n<tr>\n<td>OP-R8-MKTB<\/td>\n<td>R8 KEYBOARD &amp; MOUSE TRAY<\/td>\n<td>3770031134377<\/td>\n<\/tr>\n<tr>\n<td>OP-R8-MKTW<\/td>\n<td>R8 KEYBOARD &amp; MOUSE TRAY<\/td>\n<td>3770031134544<\/td>\n<\/tr>\n<tr>\n<td>OP-R8-CPUHB<\/td>\n<td>R8 CPU HOLDER R8<\/td>\n<td>3770031134360<\/td>\n<\/tr>\n<tr>\n<td>OP-R8-CPUHW<\/td>\n<td>R8 CPU HOLDER R8<\/td>\n<td>3770031134551<\/td>\n<\/tr>\n<tr>\n<td>OP-R8-SMMB<\/td>\n<td>R8 SINGLE MONITOR MOUNT BLACK<\/td>\n<td>3770031134384<\/td>\n<\/tr>\n<tr>\n<td>OP-R8-SMMW<\/td>\n<td>R8 SINGLE MONITOR MOUNT WHITE<\/td>\n<td>3770031134353<\/td>\n<\/tr>\n<tr>\n<td>OP-R8-SMSB<\/td>\n<td>R8 SINGLE MONITOR STAND<\/td>\n<td>3770031134346<\/td>\n<\/tr>\n<tr>\n<td><strong>OP-R8-ETSM<\/strong><\/td>\n<td><strong>R8 EXTENSIONS TRIPLE SCREEN MOUNT<\/strong><\/td>\n<td><strong>3770031134339<\/strong><\/td>\n<\/tr>\n<tr>\n<td>OP-R8-4MMB<\/td>\n<td>R8 ON TOP MONITOR MOUNT<\/td>\n<td>3770031134322<\/td>\n<\/tr>\n<tr>\n<td>OP-R8-4MMW<\/td>\n<td>R8 ON TOP MONITOR MOUNT<\/td>\n<td>3770031134568<\/td>\n<\/tr>\n<\/tbody>\n<\/table>\n","protected":false},"excerpt":{"rendered":"<p>Expert in ergonomic product design for office and gaming sectors, OPLITE presents this single-to-triple screen conversion kit.<\/p>\n[embed]https:\/\/youtu.be\/yDJwHIkV1Tw[\/embed]\n","protected":false},"featured_media":45265,"template":"","meta":{"_acf_changed":false,"_themeisle_gutenberg_block_has_review":false,"footnotes":""},"product_brand":[],"product_cat":[600,761,794,798,800,886,598],"product_tag":[808],"class_list":{"0":"post-45698","1":"product","2":"type-product","3":"status-publish","4":"has-post-thumbnail","6":"product_cat-cockpit-gtr-s8-elite-en","7":"product_cat-cockpit-gtr-s8-infinity-en","8":"product_cat-cockpit-s8-ultra-en","9":"product_cat-cockpit-r8-fury-black-en","10":"product_cat-cockpit-r8-fury-white-en","11":"product_cat-r8-fury","12":"product_cat-simulators","13":"product_tag-r8-fury-en","15":"first","16":"instock","17":"taxable","18":"shipping-taxable","19":"purchasable","20":"product-type-simple"},"bundled_by":[],"bundle_stock_status":"instock","bundle_stock_quantity":9,"bundle_virtual":false,"bundle_layout":"","bundle_add_to_cart_form_location":"","bundle_editable_in_cart":false,"bundle_sold_individually_context":"","bundle_item_grouping":"","bundle_min_size":"","bundle_max_size":"","bundle_price":[],"bundled_items":[],"bundle_sell_ids":[],"acf":[],"yoast_head":"<!-- This site is optimized with the Yoast SEO plugin v27.1.1 - https:\/\/yoast.com\/product\/yoast-seo-wordpress\/ -->\n<title>R8 \/ S8 Extensions Triple Screen Mount - OPLITE<\/title>\n<meta name=\"robots\" content=\"index, follow, max-snippet:-1, max-image-preview:large, max-video-preview:-1\" \/>\n<link rel=\"canonical\" href=\"https:\/\/oplitegames.com\/en\/product\/r8-extensions-triple-screen-mount\/\" \/>\n<meta property=\"og:locale\" content=\"en_US\" \/>\n<meta property=\"og:type\" content=\"article\" \/>\n<meta property=\"og:title\" content=\"R8 \/ S8 Extensions Triple Screen Mount - OPLITE\" \/>\n<meta property=\"og:description\" content=\"Expert in ergonomic product design for office and gaming sectors, OPLITE presents this single-to-triple screen conversion kit.\" \/>\n<meta property=\"og:url\" content=\"https:\/\/oplitegames.com\/en\/product\/r8-extensions-triple-screen-mount\/\" \/>\n<meta property=\"og:site_name\" content=\"OPLITE\" \/>\n<meta property=\"article:modified_time\" content=\"2026-04-05T17:43:34+00:00\" \/>\n<meta property=\"og:image\" content=\"https:\/\/oplitegames.com\/wp-content\/uploads\/OPLITE-R8-EXTENSIONS-TRIPLE-SCREEN-MOUNT-OP-R8-ETSM_01.png\" \/>\n\t<meta property=\"og:image:width\" content=\"2750\" \/>\n\t<meta property=\"og:image:height\" content=\"2750\" \/>\n\t<meta property=\"og:image:type\" content=\"image\/png\" \/>\n<meta name=\"twitter:card\" content=\"summary_large_image\" \/>\n<meta name=\"twitter:label1\" content=\"Price\" \/>\n\t<meta name=\"twitter:data1\" content=\"69,90&nbsp;&euro;\" \/>\n\t<meta name=\"twitter:label2\" content=\"Availability\" \/>\n\t<meta name=\"twitter:data2\" content=\"In stock\" \/>\n<script type=\"application\/ld+json\" class=\"yoast-schema-graph\">{\"@context\":\"https:\/\/schema.org\",\"@graph\":[{\"@type\":\"WebPage\",\"@id\":\"https:\/\/oplitegames.com\/en\/product\/r8-extensions-triple-screen-mount\/\",\"url\":\"https:\/\/oplitegames.com\/en\/product\/r8-extensions-triple-screen-mount\/\",\"name\":\"R8 \/ S8 Extensions Triple Screen Mount - OPLITE\",\"isPartOf\":{\"@id\":\"https:\/\/oplitegames.com\/#website\"},\"primaryImageOfPage\":{\"@id\":\"https:\/\/oplitegames.com\/en\/product\/r8-extensions-triple-screen-mount\/#primaryimage\"},\"image\":{\"@id\":\"https:\/\/oplitegames.com\/en\/product\/r8-extensions-triple-screen-mount\/#primaryimage\"},\"thumbnailUrl\":\"https:\/\/oplitegames.com\/wp-content\/uploads\/OPLITE-R8-EXTENSIONS-TRIPLE-SCREEN-MOUNT-OP-R8-ETSM_01.png\",\"datePublished\":\"2025-01-28T02:00:18+00:00\",\"dateModified\":\"2026-04-05T17:43:34+00:00\",\"breadcrumb\":{\"@id\":\"https:\/\/oplitegames.com\/en\/product\/r8-extensions-triple-screen-mount\/#breadcrumb\"},\"inLanguage\":\"en-US\",\"potentialAction\":[{\"@type\":\"ReadAction\",\"target\":[\"https:\/\/oplitegames.com\/en\/product\/r8-extensions-triple-screen-mount\/\"]}]},{\"@type\":\"ImageObject\",\"inLanguage\":\"en-US\",\"@id\":\"https:\/\/oplitegames.com\/en\/product\/r8-extensions-triple-screen-mount\/#primaryimage\",\"url\":\"https:\/\/oplitegames.com\/wp-content\/uploads\/OPLITE-R8-EXTENSIONS-TRIPLE-SCREEN-MOUNT-OP-R8-ETSM_01.png\",\"contentUrl\":\"https:\/\/oplitegames.com\/wp-content\/uploads\/OPLITE-R8-EXTENSIONS-TRIPLE-SCREEN-MOUNT-OP-R8-ETSM_01.png\",\"width\":2750,\"height\":2750},{\"@type\":\"BreadcrumbList\",\"@id\":\"https:\/\/oplitegames.com\/en\/product\/r8-extensions-triple-screen-mount\/#breadcrumb\",\"itemListElement\":[{\"@type\":\"ListItem\",\"position\":1,\"name\":\"Shop\",\"item\":\"https:\/\/oplitegames.com\/en\/shop\/\"},{\"@type\":\"ListItem\",\"position\":2,\"name\":\"R8 \/ S8 Extensions Triple Screen Mount\"}]},{\"@type\":\"WebSite\",\"@id\":\"https:\/\/oplitegames.com\/#website\",\"url\":\"https:\/\/oplitegames.com\/\",\"name\":\"OPLITE\",\"description\":\"\",\"publisher\":{\"@id\":\"https:\/\/oplitegames.com\/#organization\"},\"alternateName\":\"Oplite\",\"potentialAction\":[{\"@type\":\"SearchAction\",\"target\":{\"@type\":\"EntryPoint\",\"urlTemplate\":\"https:\/\/oplitegames.com\/?s={search_term_string}\"},\"query-input\":{\"@type\":\"PropertyValueSpecification\",\"valueRequired\":true,\"valueName\":\"search_term_string\"}}],\"inLanguage\":\"en-US\"},{\"@type\":\"Organization\",\"@id\":\"https:\/\/oplitegames.com\/#organization\",\"name\":\"OPLITE\",\"alternateName\":\"Oplite\",\"url\":\"https:\/\/oplitegames.com\/\",\"logo\":{\"@type\":\"ImageObject\",\"inLanguage\":\"en-US\",\"@id\":\"https:\/\/oplitegames.com\/#\/schema\/logo\/image\/\",\"url\":\"https:\/\/oplitegames.com\/wp-content\/uploads\/cropped-Favicon_oplite.jpg\",\"contentUrl\":\"https:\/\/oplitegames.com\/wp-content\/uploads\/cropped-Favicon_oplite.jpg\",\"width\":512,\"height\":512,\"caption\":\"OPLITE\"},\"image\":{\"@id\":\"https:\/\/oplitegames.com\/#\/schema\/logo\/image\/\"}}]}<\/script>\n<meta property=\"product:price:amount\" content=\"69.90\" \/>\n<meta property=\"product:price:currency\" content=\"EUR\" \/>\n<meta property=\"og:availability\" content=\"instock\" \/>\n<meta property=\"product:availability\" content=\"instock\" \/>\n<meta property=\"product:retailer_item_id\" content=\"101273\" \/>\n<meta property=\"product:condition\" content=\"new\" \/>\n<!-- \/ Yoast SEO plugin. -->","yoast_head_json":{"title":"R8 \/ S8 Extensions Triple Screen Mount - OPLITE","robots":{"index":"index","follow":"follow","max-snippet":"max-snippet:-1","max-image-preview":"max-image-preview:large","max-video-preview":"max-video-preview:-1"},"canonical":"https:\/\/oplitegames.com\/en\/product\/r8-extensions-triple-screen-mount\/","og_locale":"en_US","og_type":"article","og_title":"R8 \/ S8 Extensions Triple Screen Mount - OPLITE","og_description":"Expert in ergonomic product design for office and gaming sectors, OPLITE presents this single-to-triple screen conversion kit.","og_url":"https:\/\/oplitegames.com\/en\/product\/r8-extensions-triple-screen-mount\/","og_site_name":"OPLITE","article_modified_time":"2026-04-05T17:43:34+00:00","og_image":[{"width":2750,"height":2750,"url":"https:\/\/oplitegames.com\/wp-content\/uploads\/OPLITE-R8-EXTENSIONS-TRIPLE-SCREEN-MOUNT-OP-R8-ETSM_01.png","type":"image\/png"}],"twitter_card":"summary_large_image","twitter_misc":{"Price":"69,90&nbsp;&euro;","Availability":"In stock"},"schema":{"@context":"https:\/\/schema.org","@graph":[{"@type":"WebPage","@id":"https:\/\/oplitegames.com\/en\/product\/r8-extensions-triple-screen-mount\/","url":"https:\/\/oplitegames.com\/en\/product\/r8-extensions-triple-screen-mount\/","name":"R8 \/ S8 Extensions Triple Screen Mount - OPLITE","isPartOf":{"@id":"https:\/\/oplitegames.com\/#website"},"primaryImageOfPage":{"@id":"https:\/\/oplitegames.com\/en\/product\/r8-extensions-triple-screen-mount\/#primaryimage"},"image":{"@id":"https:\/\/oplitegames.com\/en\/product\/r8-extensions-triple-screen-mount\/#primaryimage"},"thumbnailUrl":"https:\/\/oplitegames.com\/wp-content\/uploads\/OPLITE-R8-EXTENSIONS-TRIPLE-SCREEN-MOUNT-OP-R8-ETSM_01.png","datePublished":"2025-01-28T02:00:18+00:00","dateModified":"2026-04-05T17:43:34+00:00","breadcrumb":{"@id":"https:\/\/oplitegames.com\/en\/product\/r8-extensions-triple-screen-mount\/#breadcrumb"},"inLanguage":"en-US","potentialAction":[{"@type":"ReadAction","target":["https:\/\/oplitegames.com\/en\/product\/r8-extensions-triple-screen-mount\/"]}]},{"@type":"ImageObject","inLanguage":"en-US","@id":"https:\/\/oplitegames.com\/en\/product\/r8-extensions-triple-screen-mount\/#primaryimage","url":"https:\/\/oplitegames.com\/wp-content\/uploads\/OPLITE-R8-EXTENSIONS-TRIPLE-SCREEN-MOUNT-OP-R8-ETSM_01.png","contentUrl":"https:\/\/oplitegames.com\/wp-content\/uploads\/OPLITE-R8-EXTENSIONS-TRIPLE-SCREEN-MOUNT-OP-R8-ETSM_01.png","width":2750,"height":2750},{"@type":"BreadcrumbList","@id":"https:\/\/oplitegames.com\/en\/product\/r8-extensions-triple-screen-mount\/#breadcrumb","itemListElement":[{"@type":"ListItem","position":1,"name":"Shop","item":"https:\/\/oplitegames.com\/en\/shop\/"},{"@type":"ListItem","position":2,"name":"R8 \/ S8 Extensions Triple Screen Mount"}]},{"@type":"WebSite","@id":"https:\/\/oplitegames.com\/#website","url":"https:\/\/oplitegames.com\/","name":"OPLITE","description":"","publisher":{"@id":"https:\/\/oplitegames.com\/#organization"},"alternateName":"Oplite","potentialAction":[{"@type":"SearchAction","target":{"@type":"EntryPoint","urlTemplate":"https:\/\/oplitegames.com\/?s={search_term_string}"},"query-input":{"@type":"PropertyValueSpecification","valueRequired":true,"valueName":"search_term_string"}}],"inLanguage":"en-US"},{"@type":"Organization","@id":"https:\/\/oplitegames.com\/#organization","name":"OPLITE","alternateName":"Oplite","url":"https:\/\/oplitegames.com\/","logo":{"@type":"ImageObject","inLanguage":"en-US","@id":"https:\/\/oplitegames.com\/#\/schema\/logo\/image\/","url":"https:\/\/oplitegames.com\/wp-content\/uploads\/cropped-Favicon_oplite.jpg","contentUrl":"https:\/\/oplitegames.com\/wp-content\/uploads\/cropped-Favicon_oplite.jpg","width":512,"height":512,"caption":"OPLITE"},"image":{"@id":"https:\/\/oplitegames.com\/#\/schema\/logo\/image\/"}}]},"product_price_amount":"69.90","product_price_currency":"EUR","og_availability":"instock","product_availability":"instock","product_retailer_item_id":"101273","product_condition":"new"},"_links":{"self":[{"href":"https:\/\/oplitegames.com\/en\/wp-json\/wp\/v2\/product\/45698","targetHints":{"allow":["GET"]}}],"collection":[{"href":"https:\/\/oplitegames.com\/en\/wp-json\/wp\/v2\/product"}],"about":[{"href":"https:\/\/oplitegames.com\/en\/wp-json\/wp\/v2\/types\/product"}],"version-history":[{"count":5,"href":"https:\/\/oplitegames.com\/en\/wp-json\/wp\/v2\/product\/45698\/revisions"}],"predecessor-version":[{"id":62408,"href":"https:\/\/oplitegames.com\/en\/wp-json\/wp\/v2\/product\/45698\/revisions\/62408"}],"wp:featuredmedia":[{"embeddable":true,"href":"https:\/\/oplitegames.com\/en\/wp-json\/wp\/v2\/media\/45265"}],"wp:attachment":[{"href":"https:\/\/oplitegames.com\/en\/wp-json\/wp\/v2\/media?parent=45698"}],"wp:term":[{"taxonomy":"product_brand","embeddable":true,"href":"https:\/\/oplitegames.com\/en\/wp-json\/wp\/v2\/product_brand?post=45698"},{"taxonomy":"product_cat","embeddable":true,"href":"https:\/\/oplitegames.com\/en\/wp-json\/wp\/v2\/product_cat?post=45698"},{"taxonomy":"product_tag","embeddable":true,"href":"https:\/\/oplitegames.com\/en\/wp-json\/wp\/v2\/product_tag?post=45698"}],"curies":[{"name":"wp","href":"https:\/\/api.w.org\/{rel}","templated":true}]}}