{"id":29354,"date":"2022-11-29T15:17:53","date_gmt":"2022-11-29T14:17:53","guid":{"rendered":"https:\/\/oplitegames.com\/product\/oplite-gear-shift-holder\/"},"modified":"2026-04-14T10:39:04","modified_gmt":"2026-04-14T08:39:04","slug":"oplite-gear-shift-holder","status":"publish","type":"product","link":"https:\/\/oplitegames.com\/es\/producto\/oplite-gear-shift-holder\/","title":{"rendered":"Soporte de palanca de cambios GTR S3\/S8"},"content":{"rendered":"<p>El <strong>GEAR SHIFT HOLDER GTR<\/strong> ha sido desarrollado para mejorar tu experiencia de simulaci\u00f3n automovil\u00edstica d\u00e1ndote la opci\u00f3n de instalar una palanca de cambios para disfrutar de sensaciones aut\u00e9nticas. Este soporte de palanca de cambios ha sido especialmente dise\u00f1ado para adaptarse a todas las generaciones de cockpits de la serie OPLITE GTR. Al igual que tu cockpit, su dise\u00f1o se inspira en el mundo del automovilismo y ofrece una ergonom\u00eda lo m\u00e1s parecida posible a la real. Quedar\u00e1 seducido por el aspecto y la robustez general de todo su equipo de conducci\u00f3n.<\/p>\n<p><strong><span style=\"text-decoration: underline;\">Caracter\u00edsticas t\u00e9cnicas:<\/span><\/strong><br \/>\n\u2022 Estructura tubular de \u00d848 mm para una estabilidad y rigidez \u00f3ptimas.<br \/>\n<strong><span style=\"text-decoration: underline;\">Compatibilidad con perif\u00e9ricos:<\/span><\/strong><br \/>\n\u2022 Cajas de cambios Fanatec\u00ae, Moza\u00ae, Thrustmaster\u00ae, Logitech\u00ae, Turtle Beach\u00ae o Asetek\u00ae.<br \/>\n<strong><span style=\"text-decoration: underline;\">Compatibilidad del producto :<\/span> <\/strong>100% Compatible* con los cockpits de la serie GTR<\/p>\n<p><small> *Per garantire la massima compatibilit\u00e0 con alcuni dispositivi, potrebbero essere necessari piccoli adattamenti. Nessuna preoccupazione: la qualit\u00e0 e la garanzia del prodotto non ne risentono.<\/small><\/p>\n","protected":false},"excerpt":{"rendered":"<p>Expertos en el dise\u00f1o de productos ergon\u00f3micos para los sectores de oficina y gaming, OPLITE presenta su <strong>GEAR SHIFT HOLDER GTR<\/strong>, compatible con todas las generaciones de cockpits OPLITE GTR.<br \/>\n\u00a1Es hora de pasar de jugador a piloto! Carreras de coches o aviaci\u00f3n, \u00a1elige!<\/p>\n","protected":false},"featured_media":28493,"template":"","meta":{"_acf_changed":false,"_themeisle_gutenberg_block_has_review":false,"footnotes":""},"product_brand":[],"product_cat":[764,797,731],"product_tag":[759],"class_list":{"0":"post-29354","1":"product","2":"type-product","3":"status-publish","4":"has-post-thumbnail","6":"product_cat-cabina-gtr-s8-infinity-es","7":"product_cat-cockpit-s8-ultra-es","8":"product_cat-simuladores","9":"product_tag-oplite-gaming-es","11":"first","12":"instock","13":"taxable","14":"shipping-taxable","15":"purchasable","16":"product-type-simple"},"bundled_by":[],"bundle_stock_status":"instock","bundle_stock_quantity":307,"bundle_virtual":false,"bundle_layout":"","bundle_add_to_cart_form_location":"","bundle_editable_in_cart":false,"bundle_sold_individually_context":"","bundle_item_grouping":"","bundle_min_size":"","bundle_max_size":"","bundle_price":[],"bundled_items":[],"bundle_sell_ids":[],"acf":[],"yoast_head":"<!-- This site is optimized with the Yoast SEO plugin v27.1.1 - https:\/\/yoast.com\/product\/yoast-seo-wordpress\/ -->\n<title>Soporte de palanca de cambios GTR S3\/S8 - OPLITE<\/title>\n<meta name=\"robots\" content=\"index, follow, max-snippet:-1, max-image-preview:large, max-video-preview:-1\" \/>\n<link rel=\"canonical\" href=\"https:\/\/oplitegames.com\/es\/producto\/oplite-gear-shift-holder\/\" \/>\n<meta property=\"og:locale\" content=\"es_ES\" \/>\n<meta property=\"og:type\" content=\"article\" \/>\n<meta property=\"og:title\" content=\"Soporte de palanca de cambios GTR S3\/S8 - OPLITE\" \/>\n<meta property=\"og:description\" content=\"Expertos en el dise\u00f1o de productos ergon\u00f3micos para los sectores de oficina y gaming, OPLITE presenta su GEAR SHIFT HOLDER GTR, compatible con todas las generaciones de cockpits OPLITE GTR. \u00a1Es hora de pasar de jugador a piloto! Carreras de coches o aviaci\u00f3n, \u00a1elige!\" \/>\n<meta property=\"og:url\" content=\"https:\/\/oplitegames.com\/es\/producto\/oplite-gear-shift-holder\/\" \/>\n<meta property=\"og:site_name\" content=\"OPLITE\" \/>\n<meta property=\"article:modified_time\" content=\"2026-04-14T08:39:04+00:00\" \/>\n<meta property=\"og:image\" content=\"https:\/\/oplitegames.com\/wp-content\/uploads\/OPLITE-GTR-GEAR-SHIFT-HOLDER-1000x1000-1-1.jpg\" \/>\n\t<meta property=\"og:image:width\" content=\"1000\" \/>\n\t<meta property=\"og:image:height\" content=\"1000\" \/>\n\t<meta property=\"og:image:type\" content=\"image\/jpeg\" \/>\n<meta name=\"twitter:card\" content=\"summary_large_image\" \/>\n<meta name=\"twitter:label1\" content=\"Price\" \/>\n\t<meta name=\"twitter:data1\" content=\"59,90&nbsp;&euro;\" \/>\n\t<meta name=\"twitter:label2\" content=\"Availability\" \/>\n\t<meta name=\"twitter:data2\" content=\"In stock\" \/>\n<script type=\"application\/ld+json\" class=\"yoast-schema-graph\">{\"@context\":\"https:\/\/schema.org\",\"@graph\":[{\"@type\":\"WebPage\",\"@id\":\"https:\/\/oplitegames.com\/es\/producto\/oplite-gear-shift-holder\/\",\"url\":\"https:\/\/oplitegames.com\/es\/producto\/oplite-gear-shift-holder\/\",\"name\":\"Soporte de palanca de cambios GTR S3\/S8 - OPLITE\",\"isPartOf\":{\"@id\":\"https:\/\/oplitegames.com\/#website\"},\"primaryImageOfPage\":{\"@id\":\"https:\/\/oplitegames.com\/es\/producto\/oplite-gear-shift-holder\/#primaryimage\"},\"image\":{\"@id\":\"https:\/\/oplitegames.com\/es\/producto\/oplite-gear-shift-holder\/#primaryimage\"},\"thumbnailUrl\":\"https:\/\/oplitegames.com\/wp-content\/uploads\/OPLITE-GTR-GEAR-SHIFT-HOLDER-1000x1000-1-1.jpg\",\"datePublished\":\"2022-11-29T14:17:53+00:00\",\"dateModified\":\"2026-04-14T08:39:04+00:00\",\"breadcrumb\":{\"@id\":\"https:\/\/oplitegames.com\/es\/producto\/oplite-gear-shift-holder\/#breadcrumb\"},\"inLanguage\":\"es\",\"potentialAction\":[{\"@type\":\"ReadAction\",\"target\":[\"https:\/\/oplitegames.com\/es\/producto\/oplite-gear-shift-holder\/\"]}]},{\"@type\":\"ImageObject\",\"inLanguage\":\"es\",\"@id\":\"https:\/\/oplitegames.com\/es\/producto\/oplite-gear-shift-holder\/#primaryimage\",\"url\":\"https:\/\/oplitegames.com\/wp-content\/uploads\/OPLITE-GTR-GEAR-SHIFT-HOLDER-1000x1000-1-1.jpg\",\"contentUrl\":\"https:\/\/oplitegames.com\/wp-content\/uploads\/OPLITE-GTR-GEAR-SHIFT-HOLDER-1000x1000-1-1.jpg\",\"width\":1000,\"height\":1000},{\"@type\":\"BreadcrumbList\",\"@id\":\"https:\/\/oplitegames.com\/es\/producto\/oplite-gear-shift-holder\/#breadcrumb\",\"itemListElement\":[{\"@type\":\"ListItem\",\"position\":1,\"name\":\"Comercio\",\"item\":\"https:\/\/oplitegames.com\/es\/comercio\/\"},{\"@type\":\"ListItem\",\"position\":2,\"name\":\"Soporte de palanca de cambios GTR S3\/S8\"}]},{\"@type\":\"WebSite\",\"@id\":\"https:\/\/oplitegames.com\/#website\",\"url\":\"https:\/\/oplitegames.com\/\",\"name\":\"OPLITE\",\"description\":\"\",\"publisher\":{\"@id\":\"https:\/\/oplitegames.com\/#organization\"},\"alternateName\":\"Oplite\",\"potentialAction\":[{\"@type\":\"SearchAction\",\"target\":{\"@type\":\"EntryPoint\",\"urlTemplate\":\"https:\/\/oplitegames.com\/?s={search_term_string}\"},\"query-input\":{\"@type\":\"PropertyValueSpecification\",\"valueRequired\":true,\"valueName\":\"search_term_string\"}}],\"inLanguage\":\"es\"},{\"@type\":\"Organization\",\"@id\":\"https:\/\/oplitegames.com\/#organization\",\"name\":\"OPLITE\",\"alternateName\":\"Oplite\",\"url\":\"https:\/\/oplitegames.com\/\",\"logo\":{\"@type\":\"ImageObject\",\"inLanguage\":\"es\",\"@id\":\"https:\/\/oplitegames.com\/#\/schema\/logo\/image\/\",\"url\":\"https:\/\/oplitegames.com\/wp-content\/uploads\/cropped-Favicon_oplite.jpg\",\"contentUrl\":\"https:\/\/oplitegames.com\/wp-content\/uploads\/cropped-Favicon_oplite.jpg\",\"width\":512,\"height\":512,\"caption\":\"OPLITE\"},\"image\":{\"@id\":\"https:\/\/oplitegames.com\/#\/schema\/logo\/image\/\"}}]}<\/script>\n<meta property=\"product:price:amount\" content=\"59.90\" \/>\n<meta property=\"product:price:currency\" content=\"EUR\" \/>\n<meta property=\"og:availability\" content=\"instock\" \/>\n<meta property=\"product:availability\" content=\"instock\" \/>\n<meta property=\"product:retailer_item_id\" content=\"86771\" \/>\n<meta property=\"product:condition\" content=\"new\" \/>\n<!-- \/ Yoast SEO plugin. -->","yoast_head_json":{"title":"Soporte de palanca de cambios GTR S3\/S8 - OPLITE","robots":{"index":"index","follow":"follow","max-snippet":"max-snippet:-1","max-image-preview":"max-image-preview:large","max-video-preview":"max-video-preview:-1"},"canonical":"https:\/\/oplitegames.com\/es\/producto\/oplite-gear-shift-holder\/","og_locale":"es_ES","og_type":"article","og_title":"Soporte de palanca de cambios GTR S3\/S8 - OPLITE","og_description":"Expertos en el dise\u00f1o de productos ergon\u00f3micos para los sectores de oficina y gaming, OPLITE presenta su GEAR SHIFT HOLDER GTR, compatible con todas las generaciones de cockpits OPLITE GTR. \u00a1Es hora de pasar de jugador a piloto! Carreras de coches o aviaci\u00f3n, \u00a1elige!","og_url":"https:\/\/oplitegames.com\/es\/producto\/oplite-gear-shift-holder\/","og_site_name":"OPLITE","article_modified_time":"2026-04-14T08:39:04+00:00","og_image":[{"width":1000,"height":1000,"url":"https:\/\/oplitegames.com\/wp-content\/uploads\/OPLITE-GTR-GEAR-SHIFT-HOLDER-1000x1000-1-1.jpg","type":"image\/jpeg"}],"twitter_card":"summary_large_image","twitter_misc":{"Price":"59,90&nbsp;&euro;","Availability":"In stock"},"schema":{"@context":"https:\/\/schema.org","@graph":[{"@type":"WebPage","@id":"https:\/\/oplitegames.com\/es\/producto\/oplite-gear-shift-holder\/","url":"https:\/\/oplitegames.com\/es\/producto\/oplite-gear-shift-holder\/","name":"Soporte de palanca de cambios GTR S3\/S8 - OPLITE","isPartOf":{"@id":"https:\/\/oplitegames.com\/#website"},"primaryImageOfPage":{"@id":"https:\/\/oplitegames.com\/es\/producto\/oplite-gear-shift-holder\/#primaryimage"},"image":{"@id":"https:\/\/oplitegames.com\/es\/producto\/oplite-gear-shift-holder\/#primaryimage"},"thumbnailUrl":"https:\/\/oplitegames.com\/wp-content\/uploads\/OPLITE-GTR-GEAR-SHIFT-HOLDER-1000x1000-1-1.jpg","datePublished":"2022-11-29T14:17:53+00:00","dateModified":"2026-04-14T08:39:04+00:00","breadcrumb":{"@id":"https:\/\/oplitegames.com\/es\/producto\/oplite-gear-shift-holder\/#breadcrumb"},"inLanguage":"es","potentialAction":[{"@type":"ReadAction","target":["https:\/\/oplitegames.com\/es\/producto\/oplite-gear-shift-holder\/"]}]},{"@type":"ImageObject","inLanguage":"es","@id":"https:\/\/oplitegames.com\/es\/producto\/oplite-gear-shift-holder\/#primaryimage","url":"https:\/\/oplitegames.com\/wp-content\/uploads\/OPLITE-GTR-GEAR-SHIFT-HOLDER-1000x1000-1-1.jpg","contentUrl":"https:\/\/oplitegames.com\/wp-content\/uploads\/OPLITE-GTR-GEAR-SHIFT-HOLDER-1000x1000-1-1.jpg","width":1000,"height":1000},{"@type":"BreadcrumbList","@id":"https:\/\/oplitegames.com\/es\/producto\/oplite-gear-shift-holder\/#breadcrumb","itemListElement":[{"@type":"ListItem","position":1,"name":"Comercio","item":"https:\/\/oplitegames.com\/es\/comercio\/"},{"@type":"ListItem","position":2,"name":"Soporte de palanca de cambios GTR S3\/S8"}]},{"@type":"WebSite","@id":"https:\/\/oplitegames.com\/#website","url":"https:\/\/oplitegames.com\/","name":"OPLITE","description":"","publisher":{"@id":"https:\/\/oplitegames.com\/#organization"},"alternateName":"Oplite","potentialAction":[{"@type":"SearchAction","target":{"@type":"EntryPoint","urlTemplate":"https:\/\/oplitegames.com\/?s={search_term_string}"},"query-input":{"@type":"PropertyValueSpecification","valueRequired":true,"valueName":"search_term_string"}}],"inLanguage":"es"},{"@type":"Organization","@id":"https:\/\/oplitegames.com\/#organization","name":"OPLITE","alternateName":"Oplite","url":"https:\/\/oplitegames.com\/","logo":{"@type":"ImageObject","inLanguage":"es","@id":"https:\/\/oplitegames.com\/#\/schema\/logo\/image\/","url":"https:\/\/oplitegames.com\/wp-content\/uploads\/cropped-Favicon_oplite.jpg","contentUrl":"https:\/\/oplitegames.com\/wp-content\/uploads\/cropped-Favicon_oplite.jpg","width":512,"height":512,"caption":"OPLITE"},"image":{"@id":"https:\/\/oplitegames.com\/#\/schema\/logo\/image\/"}}]},"product_price_amount":"59.90","product_price_currency":"EUR","og_availability":"instock","product_availability":"instock","product_retailer_item_id":"86771","product_condition":"new"},"_links":{"self":[{"href":"https:\/\/oplitegames.com\/es\/wp-json\/wp\/v2\/product\/29354","targetHints":{"allow":["GET"]}}],"collection":[{"href":"https:\/\/oplitegames.com\/es\/wp-json\/wp\/v2\/product"}],"about":[{"href":"https:\/\/oplitegames.com\/es\/wp-json\/wp\/v2\/types\/product"}],"version-history":[{"count":5,"href":"https:\/\/oplitegames.com\/es\/wp-json\/wp\/v2\/product\/29354\/revisions"}],"predecessor-version":[{"id":53404,"href":"https:\/\/oplitegames.com\/es\/wp-json\/wp\/v2\/product\/29354\/revisions\/53404"}],"wp:featuredmedia":[{"embeddable":true,"href":"https:\/\/oplitegames.com\/es\/wp-json\/wp\/v2\/media\/28493"}],"wp:attachment":[{"href":"https:\/\/oplitegames.com\/es\/wp-json\/wp\/v2\/media?parent=29354"}],"wp:term":[{"taxonomy":"product_brand","embeddable":true,"href":"https:\/\/oplitegames.com\/es\/wp-json\/wp\/v2\/product_brand?post=29354"},{"taxonomy":"product_cat","embeddable":true,"href":"https:\/\/oplitegames.com\/es\/wp-json\/wp\/v2\/product_cat?post=29354"},{"taxonomy":"product_tag","embeddable":true,"href":"https:\/\/oplitegames.com\/es\/wp-json\/wp\/v2\/product_tag?post=29354"}],"curies":[{"name":"wp","href":"https:\/\/api.w.org\/{rel}","templated":true}]}}