{"id":29382,"date":"2022-10-27T15:03:16","date_gmt":"2022-10-27T13:03:16","guid":{"rendered":"https:\/\/oplitegames.com\/product\/oplite-cockpit-gtr-s3-elite-yellow\/"},"modified":"2026-04-06T11:58:55","modified_gmt":"2026-04-06T09:58:55","slug":"oplite-cockpit-gtr-s3-elite-yellow","status":"publish","type":"product","link":"https:\/\/oplitegames.com\/es\/producto\/oplite-cockpit-gtr-s3-elite-yellow\/","title":{"rendered":"Cockpit GTR S8 Elite Yellow"},"content":{"rendered":"<p>La COCKPIT de simulaci\u00f3n <strong>GTR S8 YELLOW<\/strong> combina los \u00faltimos avances tecnol\u00f3gicos de la marca en Simracing con un dise\u00f1o atemporal inspirado en el universo de la competici\u00f3n. Su estructura tubular de acero al carbono de alta densidad con un di\u00e1metro de 48 mm garantiza una rigidez \u00f3ptima, y las placas de montaje aseguran una compatibilidad total con las soluciones de las principales marcas como Fanatec o Moza o Thrustmaster prete, Logitech a, Turtle Beach a. o Asetek a. Con numerosas opciones de ajuste, esta cabina ofrece una cabina ergon\u00f3mica adecuada para varios modos de conducci\u00f3n, GT, Drift, F1 y Rallye.<\/p>\n<p><strong>Puntos fuertes:<\/strong><br \/>\n\u2022 Asiento real de la tina de fibra de vidrio recubierto de gamuza, montado sobre gu\u00edas, adecuado para todos los tama\u00f1os de 1m50 a + 2m10 para una capacidad de carga de hasta 150KG.<br \/>\n\u2022 Logotipo de la marca cortado con l\u00e1ser en las escuadras de la tina.<br \/>\n\u2022 Soporte de pedal reforzado que permite la instalaci\u00f3n de pedales LoadCell, incluso de plano.<br \/>\n\u2022 M\u00faltiples ajustes disponibles, ajuste r\u00e1pido mediante el uso de rodillos de sujeci\u00f3n<br \/>\n\u2022 Soporte volante ajustable en altura e inclinaci\u00f3n compatible con las tecnolog\u00edas Force Feedback Direct Drive y Correa.<br \/>\n\u2022 Torniller\u00eda de acero n\u00edquel e insertos roscados de alta calidad de la industria del autom\u00f3vil.<br \/>\n\u2022 \u00c1ngulos de rigidez en la parte delantera y trasera del bastidor con ranuras oblongas de 6 mm de di\u00e1metro, que permiten la instalaci\u00f3n de accesorios fabricados en impresi\u00f3n 3D u otros m\u00e9todos, en un esp\u00edritu &#8216;Do It Yourself&#8217; (DIY).<br \/>\n\u2022 Chasis con ocho tuercas soldadas que se pueden utilizar para fijar las patas Rotuladas Oplite incluidas o el kit de ruedas de alto rendimiento <strong>CASTOR WHEEL GTR S8<\/strong> opcional.<br \/>\n\u2022 Los \u00faltimos avances tecnol\u00f3gicos abren nuevas oportunidades para la simulaci\u00f3n de vuelo gracias a la adici\u00f3n opcional de <strong>FULL FORCE KIT GTR S3\/S8<\/strong> y <strong>SIMRACING &amp; FLIGHTSIM HOLDER.<\/strong><\/p>\n<p><span style=\"text-decoration: underline;\"><strong>Caracter\u00edsticas t\u00e9cnicas:<\/strong><\/span><br \/>\n<strong>Chasis :<\/strong><br \/>\n\u2022 Estructura Tubular de \u00d8 48mm x 2 mm de espesor<br \/>\n\u2022 Pintura satinada roja y negra, alta resistencia para un acabado premium<br \/>\n<strong>Soporte volante :<\/strong><br \/>\n\u2022 Ajuste alto\/bajo \u00b130\u00b0<br \/>\n\u2022 Inclinaci\u00f3n alta\/baja \u00b130\u00b0<br \/>\n<strong>Soporte de pedales :<\/strong><br \/>\n\u2022 Ajuste de profundidad Permite ajustar la posici\u00f3n delantera\/trasera 200mm y la inclinaci\u00f3n de 0 fp a +30 fp, para adaptarse a su morfolog\u00eda<br \/>\n<strong>Asiento tipo baquet: RS2 FiberCore\u00ae<\/strong><br \/>\n\u2022 Estructura FiberCore\u00ae compuesta por 4 capas de fibra de vidrio entrelazadas y reforzadas.<br \/>\n\u2022 Revestimiento de ante transpirable, suave y agradable al tacto, con logotipo OPLITE bordado en ambos lados del reposacabezas.<br \/>\n\u2022 Tama\u00f1o universal adaptado a todas las morfolog\u00edas, con 5 pasadores para arn\u00e9s compatibles con arneses de 3 y 4 puntos.<br \/>\n\u2022 M\u00faltiples ajustes: profundidad ajustable \u00b1220 mm mediante gu\u00edas deslizantes, ajuste de altura e inclinaci\u00f3n de -24\u00b0 a +24\u00b0.<br \/>\n\u2022 Fijaciones laterales est\u00e1ndar de 290 mm con 4 tornillos M8x20 incluidos para el montaje.<br \/>\n<span style=\"text-decoration: underline;\"><strong>Compatibilidad del producto:<\/strong><\/span><br \/>\n100% Compatible* con los volantes y pedales de las marcas Thrustmaster \u00ae**, Turtle beach\u00ae, Logitech \u00ae, Moza\u00ae, Nacon\u00ae, Revosim\u00ae o Fanatec\u00ae<\/p>\n<p><small> *Per garantire la massima compatibilit\u00e0 con alcuni dispositivi, potrebbero essere necessari piccoli adattamenti. Nessuna preoccupazione: la qualit\u00e0 e la garanzia del prodotto non ne risentono.<br \/>\n**Todos los productos Thrusmaster excepto T150 y TMX<\/small><\/p>\n","protected":false},"excerpt":{"rendered":"<p>Experto en dise\u00f1o de productos ergon\u00f3micos para los sectores ofim\u00e1tico y gaming, OPLITE presenta su \u00faltimo COCKPIT de simulaci\u00f3n de carrera, el <strong>GTR S8 ELITE YELLOW<\/strong>.<br \/>\nCon su acabado negro y amarillo satinado, la <strong>COCKPIT S8 ELITE YELLOW<\/strong> se sit\u00faa entre los modelos premium de la marca. Con acabados de primera calidad y un asiento de cubo de fibra de vidrio revestido de gamuza, marca la transici\u00f3n de jugador a piloto.<\/p>\n[embed]https:\/\/www.youtube.com\/watch?v=kygailipLPY&#038;t=33s[\/embed]\n","protected":false},"featured_media":32325,"template":"","meta":{"_acf_changed":false,"_themeisle_gutenberg_block_has_review":false,"footnotes":""},"product_brand":[],"product_cat":[744,731],"product_tag":[893,759],"class_list":{"0":"post-29382","1":"product","2":"type-product","3":"status-publish","4":"has-post-thumbnail","6":"product_cat-cabina-gtr-s8-elite","7":"product_cat-simuladores","8":"product_tag-gtr-s8-elite","9":"product_tag-oplite-gaming-es","11":"first","12":"instock","13":"taxable","14":"shipping-taxable","15":"purchasable","16":"product-type-simple"},"bundled_by":[],"bundle_stock_status":"instock","bundle_stock_quantity":42,"bundle_virtual":false,"bundle_layout":"","bundle_add_to_cart_form_location":"","bundle_editable_in_cart":false,"bundle_sold_individually_context":"","bundle_item_grouping":"","bundle_min_size":"","bundle_max_size":"","bundle_price":[],"bundled_items":[],"bundle_sell_ids":[],"acf":[],"yoast_head":"<!-- This site is optimized with the Yoast SEO plugin v27.1.1 - https:\/\/yoast.com\/product\/yoast-seo-wordpress\/ -->\n<title>Cockpit GTR S8 Elite Yellow - OPLITE<\/title>\n<meta name=\"robots\" content=\"index, follow, max-snippet:-1, max-image-preview:large, max-video-preview:-1\" \/>\n<link rel=\"canonical\" href=\"https:\/\/oplitegames.com\/es\/producto\/oplite-cockpit-gtr-s3-elite-yellow\/\" \/>\n<meta property=\"og:locale\" content=\"es_ES\" \/>\n<meta property=\"og:type\" content=\"article\" \/>\n<meta property=\"og:title\" content=\"Cockpit GTR S8 Elite Yellow - OPLITE\" \/>\n<meta property=\"og:description\" content=\"Experto en dise\u00f1o de productos ergon\u00f3micos para los sectores ofim\u00e1tico y gaming, OPLITE presenta su \u00faltimo COCKPIT de simulaci\u00f3n de carrera, el GTR S8 ELITE YELLOW. Con su acabado negro y amarillo satinado, la COCKPIT S8 ELITE YELLOW se sit\u00faa entre los modelos premium de la marca. Con acabados de primera calidad y un asiento de cubo de fibra de vidrio revestido de gamuza, marca la transici\u00f3n de jugador a piloto.\" \/>\n<meta property=\"og:url\" content=\"https:\/\/oplitegames.com\/es\/producto\/oplite-cockpit-gtr-s3-elite-yellow\/\" \/>\n<meta property=\"og:site_name\" content=\"OPLITE\" \/>\n<meta property=\"article:modified_time\" content=\"2026-04-06T09:58:55+00:00\" \/>\n<meta property=\"og:image\" content=\"https:\/\/oplitegames.com\/wp-content\/uploads\/Cockpit-GTR-S8-Elite-RED-OP-GTR-EY-image_1.png\" \/>\n\t<meta property=\"og:image:width\" content=\"1000\" \/>\n\t<meta property=\"og:image:height\" content=\"1000\" \/>\n\t<meta property=\"og:image:type\" content=\"image\/png\" \/>\n<meta name=\"twitter:card\" content=\"summary_large_image\" \/>\n<meta name=\"twitter:label1\" content=\"Price\" \/>\n\t<meta name=\"twitter:data1\" content=\"569,90&nbsp;&euro;\" \/>\n\t<meta name=\"twitter:label2\" content=\"Availability\" \/>\n\t<meta name=\"twitter:data2\" content=\"In stock\" \/>\n<script type=\"application\/ld+json\" class=\"yoast-schema-graph\">{\"@context\":\"https:\/\/schema.org\",\"@graph\":[{\"@type\":\"WebPage\",\"@id\":\"https:\/\/oplitegames.com\/es\/producto\/oplite-cockpit-gtr-s3-elite-yellow\/\",\"url\":\"https:\/\/oplitegames.com\/es\/producto\/oplite-cockpit-gtr-s3-elite-yellow\/\",\"name\":\"Cockpit GTR S8 Elite Yellow - OPLITE\",\"isPartOf\":{\"@id\":\"https:\/\/oplitegames.com\/#website\"},\"primaryImageOfPage\":{\"@id\":\"https:\/\/oplitegames.com\/es\/producto\/oplite-cockpit-gtr-s3-elite-yellow\/#primaryimage\"},\"image\":{\"@id\":\"https:\/\/oplitegames.com\/es\/producto\/oplite-cockpit-gtr-s3-elite-yellow\/#primaryimage\"},\"thumbnailUrl\":\"https:\/\/oplitegames.com\/wp-content\/uploads\/Cockpit-GTR-S8-Elite-RED-OP-GTR-EY-image_1.png\",\"datePublished\":\"2022-10-27T13:03:16+00:00\",\"dateModified\":\"2026-04-06T09:58:55+00:00\",\"breadcrumb\":{\"@id\":\"https:\/\/oplitegames.com\/es\/producto\/oplite-cockpit-gtr-s3-elite-yellow\/#breadcrumb\"},\"inLanguage\":\"es\",\"potentialAction\":[{\"@type\":\"ReadAction\",\"target\":[\"https:\/\/oplitegames.com\/es\/producto\/oplite-cockpit-gtr-s3-elite-yellow\/\"]}]},{\"@type\":\"ImageObject\",\"inLanguage\":\"es\",\"@id\":\"https:\/\/oplitegames.com\/es\/producto\/oplite-cockpit-gtr-s3-elite-yellow\/#primaryimage\",\"url\":\"https:\/\/oplitegames.com\/wp-content\/uploads\/Cockpit-GTR-S8-Elite-RED-OP-GTR-EY-image_1.png\",\"contentUrl\":\"https:\/\/oplitegames.com\/wp-content\/uploads\/Cockpit-GTR-S8-Elite-RED-OP-GTR-EY-image_1.png\",\"width\":1000,\"height\":1000},{\"@type\":\"BreadcrumbList\",\"@id\":\"https:\/\/oplitegames.com\/es\/producto\/oplite-cockpit-gtr-s3-elite-yellow\/#breadcrumb\",\"itemListElement\":[{\"@type\":\"ListItem\",\"position\":1,\"name\":\"Comercio\",\"item\":\"https:\/\/oplitegames.com\/es\/comercio\/\"},{\"@type\":\"ListItem\",\"position\":2,\"name\":\"Cockpit GTR S8 Elite Yellow\"}]},{\"@type\":\"WebSite\",\"@id\":\"https:\/\/oplitegames.com\/#website\",\"url\":\"https:\/\/oplitegames.com\/\",\"name\":\"OPLITE\",\"description\":\"\",\"publisher\":{\"@id\":\"https:\/\/oplitegames.com\/#organization\"},\"alternateName\":\"Oplite\",\"potentialAction\":[{\"@type\":\"SearchAction\",\"target\":{\"@type\":\"EntryPoint\",\"urlTemplate\":\"https:\/\/oplitegames.com\/?s={search_term_string}\"},\"query-input\":{\"@type\":\"PropertyValueSpecification\",\"valueRequired\":true,\"valueName\":\"search_term_string\"}}],\"inLanguage\":\"es\"},{\"@type\":\"Organization\",\"@id\":\"https:\/\/oplitegames.com\/#organization\",\"name\":\"OPLITE\",\"alternateName\":\"Oplite\",\"url\":\"https:\/\/oplitegames.com\/\",\"logo\":{\"@type\":\"ImageObject\",\"inLanguage\":\"es\",\"@id\":\"https:\/\/oplitegames.com\/#\/schema\/logo\/image\/\",\"url\":\"https:\/\/oplitegames.com\/wp-content\/uploads\/cropped-Favicon_oplite.jpg\",\"contentUrl\":\"https:\/\/oplitegames.com\/wp-content\/uploads\/cropped-Favicon_oplite.jpg\",\"width\":512,\"height\":512,\"caption\":\"OPLITE\"},\"image\":{\"@id\":\"https:\/\/oplitegames.com\/#\/schema\/logo\/image\/\"}}]}<\/script>\n<meta property=\"product:price:amount\" content=\"569.90\" \/>\n<meta property=\"product:price:currency\" content=\"EUR\" \/>\n<meta property=\"og:availability\" content=\"instock\" \/>\n<meta property=\"product:availability\" content=\"instock\" \/>\n<meta property=\"product:retailer_item_id\" content=\"89130\" \/>\n<meta property=\"product:condition\" content=\"new\" \/>\n<!-- \/ Yoast SEO plugin. -->","yoast_head_json":{"title":"Cockpit GTR S8 Elite Yellow - OPLITE","robots":{"index":"index","follow":"follow","max-snippet":"max-snippet:-1","max-image-preview":"max-image-preview:large","max-video-preview":"max-video-preview:-1"},"canonical":"https:\/\/oplitegames.com\/es\/producto\/oplite-cockpit-gtr-s3-elite-yellow\/","og_locale":"es_ES","og_type":"article","og_title":"Cockpit GTR S8 Elite Yellow - OPLITE","og_description":"Experto en dise\u00f1o de productos ergon\u00f3micos para los sectores ofim\u00e1tico y gaming, OPLITE presenta su \u00faltimo COCKPIT de simulaci\u00f3n de carrera, el GTR S8 ELITE YELLOW. Con su acabado negro y amarillo satinado, la COCKPIT S8 ELITE YELLOW se sit\u00faa entre los modelos premium de la marca. Con acabados de primera calidad y un asiento de cubo de fibra de vidrio revestido de gamuza, marca la transici\u00f3n de jugador a piloto.","og_url":"https:\/\/oplitegames.com\/es\/producto\/oplite-cockpit-gtr-s3-elite-yellow\/","og_site_name":"OPLITE","article_modified_time":"2026-04-06T09:58:55+00:00","og_image":[{"width":1000,"height":1000,"url":"https:\/\/oplitegames.com\/wp-content\/uploads\/Cockpit-GTR-S8-Elite-RED-OP-GTR-EY-image_1.png","type":"image\/png"}],"twitter_card":"summary_large_image","twitter_misc":{"Price":"569,90&nbsp;&euro;","Availability":"In stock"},"schema":{"@context":"https:\/\/schema.org","@graph":[{"@type":"WebPage","@id":"https:\/\/oplitegames.com\/es\/producto\/oplite-cockpit-gtr-s3-elite-yellow\/","url":"https:\/\/oplitegames.com\/es\/producto\/oplite-cockpit-gtr-s3-elite-yellow\/","name":"Cockpit GTR S8 Elite Yellow - OPLITE","isPartOf":{"@id":"https:\/\/oplitegames.com\/#website"},"primaryImageOfPage":{"@id":"https:\/\/oplitegames.com\/es\/producto\/oplite-cockpit-gtr-s3-elite-yellow\/#primaryimage"},"image":{"@id":"https:\/\/oplitegames.com\/es\/producto\/oplite-cockpit-gtr-s3-elite-yellow\/#primaryimage"},"thumbnailUrl":"https:\/\/oplitegames.com\/wp-content\/uploads\/Cockpit-GTR-S8-Elite-RED-OP-GTR-EY-image_1.png","datePublished":"2022-10-27T13:03:16+00:00","dateModified":"2026-04-06T09:58:55+00:00","breadcrumb":{"@id":"https:\/\/oplitegames.com\/es\/producto\/oplite-cockpit-gtr-s3-elite-yellow\/#breadcrumb"},"inLanguage":"es","potentialAction":[{"@type":"ReadAction","target":["https:\/\/oplitegames.com\/es\/producto\/oplite-cockpit-gtr-s3-elite-yellow\/"]}]},{"@type":"ImageObject","inLanguage":"es","@id":"https:\/\/oplitegames.com\/es\/producto\/oplite-cockpit-gtr-s3-elite-yellow\/#primaryimage","url":"https:\/\/oplitegames.com\/wp-content\/uploads\/Cockpit-GTR-S8-Elite-RED-OP-GTR-EY-image_1.png","contentUrl":"https:\/\/oplitegames.com\/wp-content\/uploads\/Cockpit-GTR-S8-Elite-RED-OP-GTR-EY-image_1.png","width":1000,"height":1000},{"@type":"BreadcrumbList","@id":"https:\/\/oplitegames.com\/es\/producto\/oplite-cockpit-gtr-s3-elite-yellow\/#breadcrumb","itemListElement":[{"@type":"ListItem","position":1,"name":"Comercio","item":"https:\/\/oplitegames.com\/es\/comercio\/"},{"@type":"ListItem","position":2,"name":"Cockpit GTR S8 Elite Yellow"}]},{"@type":"WebSite","@id":"https:\/\/oplitegames.com\/#website","url":"https:\/\/oplitegames.com\/","name":"OPLITE","description":"","publisher":{"@id":"https:\/\/oplitegames.com\/#organization"},"alternateName":"Oplite","potentialAction":[{"@type":"SearchAction","target":{"@type":"EntryPoint","urlTemplate":"https:\/\/oplitegames.com\/?s={search_term_string}"},"query-input":{"@type":"PropertyValueSpecification","valueRequired":true,"valueName":"search_term_string"}}],"inLanguage":"es"},{"@type":"Organization","@id":"https:\/\/oplitegames.com\/#organization","name":"OPLITE","alternateName":"Oplite","url":"https:\/\/oplitegames.com\/","logo":{"@type":"ImageObject","inLanguage":"es","@id":"https:\/\/oplitegames.com\/#\/schema\/logo\/image\/","url":"https:\/\/oplitegames.com\/wp-content\/uploads\/cropped-Favicon_oplite.jpg","contentUrl":"https:\/\/oplitegames.com\/wp-content\/uploads\/cropped-Favicon_oplite.jpg","width":512,"height":512,"caption":"OPLITE"},"image":{"@id":"https:\/\/oplitegames.com\/#\/schema\/logo\/image\/"}}]},"product_price_amount":"569.90","product_price_currency":"EUR","og_availability":"instock","product_availability":"instock","product_retailer_item_id":"89130","product_condition":"new"},"_links":{"self":[{"href":"https:\/\/oplitegames.com\/es\/wp-json\/wp\/v2\/product\/29382","targetHints":{"allow":["GET"]}}],"collection":[{"href":"https:\/\/oplitegames.com\/es\/wp-json\/wp\/v2\/product"}],"about":[{"href":"https:\/\/oplitegames.com\/es\/wp-json\/wp\/v2\/types\/product"}],"version-history":[{"count":12,"href":"https:\/\/oplitegames.com\/es\/wp-json\/wp\/v2\/product\/29382\/revisions"}],"predecessor-version":[{"id":68282,"href":"https:\/\/oplitegames.com\/es\/wp-json\/wp\/v2\/product\/29382\/revisions\/68282"}],"wp:featuredmedia":[{"embeddable":true,"href":"https:\/\/oplitegames.com\/es\/wp-json\/wp\/v2\/media\/32325"}],"wp:attachment":[{"href":"https:\/\/oplitegames.com\/es\/wp-json\/wp\/v2\/media?parent=29382"}],"wp:term":[{"taxonomy":"product_brand","embeddable":true,"href":"https:\/\/oplitegames.com\/es\/wp-json\/wp\/v2\/product_brand?post=29382"},{"taxonomy":"product_cat","embeddable":true,"href":"https:\/\/oplitegames.com\/es\/wp-json\/wp\/v2\/product_cat?post=29382"},{"taxonomy":"product_tag","embeddable":true,"href":"https:\/\/oplitegames.com\/es\/wp-json\/wp\/v2\/product_tag?post=29382"}],"curies":[{"name":"wp","href":"https:\/\/api.w.org\/{rel}","templated":true}]}}