{"id":29418,"date":"2022-11-29T15:17:58","date_gmt":"2022-11-29T14:17:58","guid":{"rendered":"https:\/\/oplitegames.com\/product\/oplite-wheel-stand-gt-pro\/"},"modified":"2026-04-08T08:41:36","modified_gmt":"2026-04-08T06:41:36","slug":"oplite-wheel-stand-gt-pro","status":"publish","type":"product","link":"https:\/\/oplitegames.com\/es\/producto\/oplite-wheel-stand-gt-pro\/","title":{"rendered":"Wheel Stand GT Pro V2"},"content":{"rendered":"<p>El Wheel Stand GT Pro V2 representa una evoluci\u00f3n significativa de una soluci\u00f3n ya popular entre los entusiastas de la simulaci\u00f3n de carreras. Nacido del compromiso continuo de la marca con la innovaci\u00f3n y la calidad, este modelo incorpora mejoras sustanciales basadas en los comentarios de los clientes. Dise\u00f1ado para ofrecer una experiencia de simulaci\u00f3n de carreras a\u00fan m\u00e1s envolvente, este soporte combina funcionalidad avanzada, robustez y practicidad. Proporciona a los conductores una plataforma estable y adaptable para accesorios como volantes, pedales, palancas de cambio y frenos de mano. Plegable, es f\u00e1cil de guardar y ocupa un espacio m\u00ednimo.<\/p>\n<p><strong><span style=\"text-decoration: underline;\">Aspectos destacados<\/span><\/strong><\/p>\n<p>\u2705 Dise\u00f1o robusto fabricado con materiales de alta calidad para garantizar su resistencia y durabilidad<br \/>\n\u2705 M\u00faltiples ajustes r\u00e1pidos y sencillos para el soporte del volante y los pedales<br \/>\n\u2705 El soporte de la caja de cambios se puede montar en el lado izquierdo o derecho<br \/>\n\u2705 Bloqueo universal de la rueda de la silla, ajustable en profundidad<br \/>\n\u2705 Doble sistema de seguridad (pasador y cadena) para un uso sin riesgos<br \/>\n\u2705 Plegable, para facilitar el almacenamiento y ocupar el m\u00ednimo espacio<br \/>\n\u2705 Compatibilidad sin compromisos con una amplia gama de accesorios de simulaci\u00f3n de coche<\/p>\n<p><strong><span style=\"text-decoration: underline;\">Caracter\u00edsticas t\u00e9cnicas<\/span> <\/strong><\/p>\n<p><strong>Chasis :<\/strong><br \/>\n&#8211; Bastidor de acero JIS STKM 13A en acabado negro mate<br \/>\n&#8211; 4 patines antideslizantes y regulables en altura<br \/>\n&#8211; Sistema de bloqueo universal de la rueda de la silla ajustable en profundidad<br \/>\n<strong>Soporte del volante :<\/strong><br \/>\n&#8211; Estructura de acero tipo JIS STKM 13A<br \/>\n&#8211; Inclinaci\u00f3n 15\u00b0\/0\u00b0\/+15\u00b0 arriba\/abajo<br \/>\n<strong>Soporte del pedal :<\/strong><br \/>\n&#8211; Estructura de acero tipo JIS STKM 13A<br \/>\n&#8211; Inclinaci\u00f3n arriba\/abajo 7\u00b0\/12\u00b0\/18\u00b0.<br \/>\n<strong>Soporte de la caja de cambios :<\/strong><br \/>\n&#8211; Estructura de acero tipo JIS STKM 13A ambidiestro<br \/>\n&#8211; Palanca de cambios Logitech\u00ae Driving Force, compatible con Thrustmaster\u00ae TH8A<br \/>\n<strong>Compatibilidad*:<\/strong><br \/>\n&#8211; El Wheel Stand GT PRO V2 es compatible con una amplia gama de perif\u00e9ricos, incluidos Thrustmaster\u00ae, Logitech\u00ae, Turtle Beach Beach\u00ae y muchos otros<\/p>\n<table>\n<tbody>\n<tr>\n<td><strong>Marca<\/strong><\/td>\n<td><strong>Tipo de producto<\/strong><\/td>\n<td><strong>Productos compatibles<\/strong><\/td>\n<\/tr>\n<tr>\n<td>THRUSTMASTER<\/td>\n<td>Pies \/ Pedales<\/td>\n<td>T300, T300RS, TS-XW, TS-PC, TGTII, T3PM, TLCM<\/td>\n<\/tr>\n<tr>\n<td>LOGITECH<\/td>\n<td>Distancias entre ejes \/ Pedales<\/td>\n<td>G29, G920, G923, ProWheel<\/td>\n<\/tr>\n<tr>\n<td>TURTLE BEACH<\/td>\n<td>Ruedas \/ Pedales<\/td>\n<td>VelocityOne Race<\/td>\n<\/tr>\n<tr>\n<td>MOZA<\/td>\n<td>Distancias entre ejes \/ Pedales<\/td>\n<td>R5, R9<\/td>\n<\/tr>\n<tr>\n<td>FANATEC<\/td>\n<td>Distancias entre ejes \/ Pedales<\/td>\n<td>CSL DD 5&amp;8 Nm, Gran Turismo DD Pro 5&amp;8 Nm, Pedales CSL, Pedales CSL LC<\/td>\n<\/tr>\n<\/tbody>\n<\/table>\n<p><small>*Para garantizar una compatibilidad \u00f3ptima con ciertos dispositivos, pueden ser necesarios peque\u00f1os ajustes. Tranquilo: esto no afecta la calidad ni la garant\u00eda de tu producto.<\/small><\/p>\n<div class=\"x_elementToProof\"><\/div>\n","protected":false},"excerpt":{"rendered":"<p>Expertos en el dise\u00f1o de productos ergon\u00f3micos para los sectores de la oficina y el juego, OPLITE presenta la evoluci\u00f3n definitiva de su Wheel Stand GT Pro V2.<\/p>\n","protected":false},"featured_media":39302,"template":"","meta":{"_acf_changed":false,"_themeisle_gutenberg_block_has_review":false,"footnotes":""},"product_brand":[],"product_cat":[731,733],"product_tag":[759],"class_list":{"0":"post-29418","1":"product","2":"type-product","3":"status-publish","4":"has-post-thumbnail","6":"product_cat-simuladores","7":"product_cat-soportes-de-rueda","8":"product_tag-oplite-gaming-es","10":"first","11":"instock","12":"taxable","13":"shipping-taxable","14":"purchasable","15":"product-type-simple"},"bundled_by":[],"bundle_stock_status":"instock","bundle_stock_quantity":341,"bundle_virtual":false,"bundle_layout":"","bundle_add_to_cart_form_location":"","bundle_editable_in_cart":false,"bundle_sold_individually_context":"","bundle_item_grouping":"","bundle_min_size":"","bundle_max_size":"","bundle_price":[],"bundled_items":[],"bundle_sell_ids":[],"acf":[],"yoast_head":"<!-- This site is optimized with the Yoast SEO plugin v27.1.1 - https:\/\/yoast.com\/product\/yoast-seo-wordpress\/ -->\n<title>Wheel Stand GT Pro V2 - OPLITE<\/title>\n<meta name=\"robots\" content=\"index, follow, max-snippet:-1, max-image-preview:large, max-video-preview:-1\" \/>\n<link rel=\"canonical\" href=\"https:\/\/oplitegames.com\/es\/producto\/oplite-wheel-stand-gt-pro\/\" \/>\n<meta property=\"og:locale\" content=\"es_ES\" \/>\n<meta property=\"og:type\" content=\"article\" \/>\n<meta property=\"og:title\" content=\"Wheel Stand GT Pro V2 - OPLITE\" \/>\n<meta property=\"og:description\" content=\"Expertos en el dise\u00f1o de productos ergon\u00f3micos para los sectores de la oficina y el juego, OPLITE presenta la evoluci\u00f3n definitiva de su Wheel Stand GT Pro V2.\" \/>\n<meta property=\"og:url\" content=\"https:\/\/oplitegames.com\/es\/producto\/oplite-wheel-stand-gt-pro\/\" \/>\n<meta property=\"og:site_name\" content=\"OPLITE\" \/>\n<meta property=\"article:modified_time\" content=\"2026-04-08T06:41:36+00:00\" \/>\n<meta property=\"og:image\" content=\"https:\/\/oplitegames.com\/wp-content\/uploads\/OPLITE-Wheel-Stand-GTPro-V2-OP-WS-GTPRO_1.png\" \/>\n\t<meta property=\"og:image:width\" content=\"1000\" \/>\n\t<meta property=\"og:image:height\" content=\"1000\" \/>\n\t<meta property=\"og:image:type\" content=\"image\/png\" \/>\n<meta name=\"twitter:card\" content=\"summary_large_image\" \/>\n<meta name=\"twitter:label1\" content=\"Price\" \/>\n\t<meta name=\"twitter:data1\" content=\"159,90&nbsp;&euro;\" \/>\n\t<meta name=\"twitter:label2\" content=\"Availability\" \/>\n\t<meta name=\"twitter:data2\" content=\"In stock\" \/>\n<script type=\"application\/ld+json\" class=\"yoast-schema-graph\">{\"@context\":\"https:\/\/schema.org\",\"@graph\":[{\"@type\":\"WebPage\",\"@id\":\"https:\/\/oplitegames.com\/es\/producto\/oplite-wheel-stand-gt-pro\/\",\"url\":\"https:\/\/oplitegames.com\/es\/producto\/oplite-wheel-stand-gt-pro\/\",\"name\":\"Wheel Stand GT Pro V2 - OPLITE\",\"isPartOf\":{\"@id\":\"https:\/\/oplitegames.com\/#website\"},\"primaryImageOfPage\":{\"@id\":\"https:\/\/oplitegames.com\/es\/producto\/oplite-wheel-stand-gt-pro\/#primaryimage\"},\"image\":{\"@id\":\"https:\/\/oplitegames.com\/es\/producto\/oplite-wheel-stand-gt-pro\/#primaryimage\"},\"thumbnailUrl\":\"https:\/\/oplitegames.com\/wp-content\/uploads\/OPLITE-Wheel-Stand-GTPro-V2-OP-WS-GTPRO_1.png\",\"datePublished\":\"2022-11-29T14:17:58+00:00\",\"dateModified\":\"2026-04-08T06:41:36+00:00\",\"breadcrumb\":{\"@id\":\"https:\/\/oplitegames.com\/es\/producto\/oplite-wheel-stand-gt-pro\/#breadcrumb\"},\"inLanguage\":\"es\",\"potentialAction\":[{\"@type\":\"ReadAction\",\"target\":[\"https:\/\/oplitegames.com\/es\/producto\/oplite-wheel-stand-gt-pro\/\"]}]},{\"@type\":\"ImageObject\",\"inLanguage\":\"es\",\"@id\":\"https:\/\/oplitegames.com\/es\/producto\/oplite-wheel-stand-gt-pro\/#primaryimage\",\"url\":\"https:\/\/oplitegames.com\/wp-content\/uploads\/OPLITE-Wheel-Stand-GTPro-V2-OP-WS-GTPRO_1.png\",\"contentUrl\":\"https:\/\/oplitegames.com\/wp-content\/uploads\/OPLITE-Wheel-Stand-GTPro-V2-OP-WS-GTPRO_1.png\",\"width\":1000,\"height\":1000},{\"@type\":\"BreadcrumbList\",\"@id\":\"https:\/\/oplitegames.com\/es\/producto\/oplite-wheel-stand-gt-pro\/#breadcrumb\",\"itemListElement\":[{\"@type\":\"ListItem\",\"position\":1,\"name\":\"Comercio\",\"item\":\"https:\/\/oplitegames.com\/es\/comercio\/\"},{\"@type\":\"ListItem\",\"position\":2,\"name\":\"Wheel Stand GT Pro V2\"}]},{\"@type\":\"WebSite\",\"@id\":\"https:\/\/oplitegames.com\/#website\",\"url\":\"https:\/\/oplitegames.com\/\",\"name\":\"OPLITE\",\"description\":\"\",\"publisher\":{\"@id\":\"https:\/\/oplitegames.com\/#organization\"},\"alternateName\":\"Oplite\",\"potentialAction\":[{\"@type\":\"SearchAction\",\"target\":{\"@type\":\"EntryPoint\",\"urlTemplate\":\"https:\/\/oplitegames.com\/?s={search_term_string}\"},\"query-input\":{\"@type\":\"PropertyValueSpecification\",\"valueRequired\":true,\"valueName\":\"search_term_string\"}}],\"inLanguage\":\"es\"},{\"@type\":\"Organization\",\"@id\":\"https:\/\/oplitegames.com\/#organization\",\"name\":\"OPLITE\",\"alternateName\":\"Oplite\",\"url\":\"https:\/\/oplitegames.com\/\",\"logo\":{\"@type\":\"ImageObject\",\"inLanguage\":\"es\",\"@id\":\"https:\/\/oplitegames.com\/#\/schema\/logo\/image\/\",\"url\":\"https:\/\/oplitegames.com\/wp-content\/uploads\/cropped-Favicon_oplite.jpg\",\"contentUrl\":\"https:\/\/oplitegames.com\/wp-content\/uploads\/cropped-Favicon_oplite.jpg\",\"width\":512,\"height\":512,\"caption\":\"OPLITE\"},\"image\":{\"@id\":\"https:\/\/oplitegames.com\/#\/schema\/logo\/image\/\"}}]}<\/script>\n<meta property=\"product:price:amount\" content=\"159.90\" \/>\n<meta property=\"product:price:currency\" content=\"EUR\" \/>\n<meta property=\"og:availability\" content=\"instock\" \/>\n<meta property=\"product:availability\" content=\"instock\" \/>\n<meta property=\"product:retailer_item_id\" content=\"89699\" \/>\n<meta property=\"product:condition\" content=\"new\" \/>\n<!-- \/ Yoast SEO plugin. -->","yoast_head_json":{"title":"Wheel Stand GT Pro V2 - OPLITE","robots":{"index":"index","follow":"follow","max-snippet":"max-snippet:-1","max-image-preview":"max-image-preview:large","max-video-preview":"max-video-preview:-1"},"canonical":"https:\/\/oplitegames.com\/es\/producto\/oplite-wheel-stand-gt-pro\/","og_locale":"es_ES","og_type":"article","og_title":"Wheel Stand GT Pro V2 - OPLITE","og_description":"Expertos en el dise\u00f1o de productos ergon\u00f3micos para los sectores de la oficina y el juego, OPLITE presenta la evoluci\u00f3n definitiva de su Wheel Stand GT Pro V2.","og_url":"https:\/\/oplitegames.com\/es\/producto\/oplite-wheel-stand-gt-pro\/","og_site_name":"OPLITE","article_modified_time":"2026-04-08T06:41:36+00:00","og_image":[{"width":1000,"height":1000,"url":"https:\/\/oplitegames.com\/wp-content\/uploads\/OPLITE-Wheel-Stand-GTPro-V2-OP-WS-GTPRO_1.png","type":"image\/png"}],"twitter_card":"summary_large_image","twitter_misc":{"Price":"159,90&nbsp;&euro;","Availability":"In stock"},"schema":{"@context":"https:\/\/schema.org","@graph":[{"@type":"WebPage","@id":"https:\/\/oplitegames.com\/es\/producto\/oplite-wheel-stand-gt-pro\/","url":"https:\/\/oplitegames.com\/es\/producto\/oplite-wheel-stand-gt-pro\/","name":"Wheel Stand GT Pro V2 - OPLITE","isPartOf":{"@id":"https:\/\/oplitegames.com\/#website"},"primaryImageOfPage":{"@id":"https:\/\/oplitegames.com\/es\/producto\/oplite-wheel-stand-gt-pro\/#primaryimage"},"image":{"@id":"https:\/\/oplitegames.com\/es\/producto\/oplite-wheel-stand-gt-pro\/#primaryimage"},"thumbnailUrl":"https:\/\/oplitegames.com\/wp-content\/uploads\/OPLITE-Wheel-Stand-GTPro-V2-OP-WS-GTPRO_1.png","datePublished":"2022-11-29T14:17:58+00:00","dateModified":"2026-04-08T06:41:36+00:00","breadcrumb":{"@id":"https:\/\/oplitegames.com\/es\/producto\/oplite-wheel-stand-gt-pro\/#breadcrumb"},"inLanguage":"es","potentialAction":[{"@type":"ReadAction","target":["https:\/\/oplitegames.com\/es\/producto\/oplite-wheel-stand-gt-pro\/"]}]},{"@type":"ImageObject","inLanguage":"es","@id":"https:\/\/oplitegames.com\/es\/producto\/oplite-wheel-stand-gt-pro\/#primaryimage","url":"https:\/\/oplitegames.com\/wp-content\/uploads\/OPLITE-Wheel-Stand-GTPro-V2-OP-WS-GTPRO_1.png","contentUrl":"https:\/\/oplitegames.com\/wp-content\/uploads\/OPLITE-Wheel-Stand-GTPro-V2-OP-WS-GTPRO_1.png","width":1000,"height":1000},{"@type":"BreadcrumbList","@id":"https:\/\/oplitegames.com\/es\/producto\/oplite-wheel-stand-gt-pro\/#breadcrumb","itemListElement":[{"@type":"ListItem","position":1,"name":"Comercio","item":"https:\/\/oplitegames.com\/es\/comercio\/"},{"@type":"ListItem","position":2,"name":"Wheel Stand GT Pro V2"}]},{"@type":"WebSite","@id":"https:\/\/oplitegames.com\/#website","url":"https:\/\/oplitegames.com\/","name":"OPLITE","description":"","publisher":{"@id":"https:\/\/oplitegames.com\/#organization"},"alternateName":"Oplite","potentialAction":[{"@type":"SearchAction","target":{"@type":"EntryPoint","urlTemplate":"https:\/\/oplitegames.com\/?s={search_term_string}"},"query-input":{"@type":"PropertyValueSpecification","valueRequired":true,"valueName":"search_term_string"}}],"inLanguage":"es"},{"@type":"Organization","@id":"https:\/\/oplitegames.com\/#organization","name":"OPLITE","alternateName":"Oplite","url":"https:\/\/oplitegames.com\/","logo":{"@type":"ImageObject","inLanguage":"es","@id":"https:\/\/oplitegames.com\/#\/schema\/logo\/image\/","url":"https:\/\/oplitegames.com\/wp-content\/uploads\/cropped-Favicon_oplite.jpg","contentUrl":"https:\/\/oplitegames.com\/wp-content\/uploads\/cropped-Favicon_oplite.jpg","width":512,"height":512,"caption":"OPLITE"},"image":{"@id":"https:\/\/oplitegames.com\/#\/schema\/logo\/image\/"}}]},"product_price_amount":"159.90","product_price_currency":"EUR","og_availability":"instock","product_availability":"instock","product_retailer_item_id":"89699","product_condition":"new"},"_links":{"self":[{"href":"https:\/\/oplitegames.com\/es\/wp-json\/wp\/v2\/product\/29418","targetHints":{"allow":["GET"]}}],"collection":[{"href":"https:\/\/oplitegames.com\/es\/wp-json\/wp\/v2\/product"}],"about":[{"href":"https:\/\/oplitegames.com\/es\/wp-json\/wp\/v2\/types\/product"}],"version-history":[{"count":6,"href":"https:\/\/oplitegames.com\/es\/wp-json\/wp\/v2\/product\/29418\/revisions"}],"predecessor-version":[{"id":53338,"href":"https:\/\/oplitegames.com\/es\/wp-json\/wp\/v2\/product\/29418\/revisions\/53338"}],"wp:featuredmedia":[{"embeddable":true,"href":"https:\/\/oplitegames.com\/es\/wp-json\/wp\/v2\/media\/39302"}],"wp:attachment":[{"href":"https:\/\/oplitegames.com\/es\/wp-json\/wp\/v2\/media?parent=29418"}],"wp:term":[{"taxonomy":"product_brand","embeddable":true,"href":"https:\/\/oplitegames.com\/es\/wp-json\/wp\/v2\/product_brand?post=29418"},{"taxonomy":"product_cat","embeddable":true,"href":"https:\/\/oplitegames.com\/es\/wp-json\/wp\/v2\/product_cat?post=29418"},{"taxonomy":"product_tag","embeddable":true,"href":"https:\/\/oplitegames.com\/es\/wp-json\/wp\/v2\/product_tag?post=29418"}],"curies":[{"name":"wp","href":"https:\/\/api.w.org\/{rel}","templated":true}]}}