{"id":29988,"date":"2023-05-25T17:11:38","date_gmt":"2023-05-25T15:11:38","guid":{"rendered":"https:\/\/oplitegames.com\/product\/simracing-gloves-m\/"},"modified":"2026-04-12T14:08:50","modified_gmt":"2026-04-12T12:08:50","slug":"simracing-gloves-m","status":"publish","type":"product","link":"https:\/\/oplitegames.com\/es\/producto\/simracing-gloves-m\/","title":{"rendered":"Simracing Gloves M"},"content":{"rendered":"<p><span style=\"text-decoration: underline;\"><strong>Talla :<\/strong><\/span><br \/>\nM: 22.4cm x 9 cm<\/p>\n<p><span style=\"text-decoration: underline;\"><strong>Composici\u00f3n:<\/strong><\/span><br \/>\nMateriales: 40% piel sint\u00e9tica, 30% poli\u00e9ster, 10% elastano, 10% esponja, 10% silicona<\/p>\n","protected":false},"excerpt":{"rendered":"<p>Los &#8220;guantes Simracing&#8221; se han desarrollado para proporcionar sensaciones de conducci\u00f3n que rara vez se experimentan en el mundo de Simracing.<br \/>\nLa elecci\u00f3n de materiales de primera calidad garantiza que los guantes sean transpirables, ajustados, regulables (con velcro) y resistentes para largas sesiones de conducci\u00f3n.<br \/>\nCon un revestimiento especial antideslizante en las palmas de las manos, se garantiza un agarre excepcional al volante.<br \/>\nLa incorporaci\u00f3n de ante en el dedo \u00edndice le permite utilizar con normalidad sus dispositivos m\u00f3viles o electr\u00f3nicos (sin tener que quit\u00e1rselos).<br \/>\nPor \u00faltimo, el uso regular de los guantes OPLITE contribuye a prolongar la vida \u00fatil de los volantes, especialmente los de alc\u00e1ntara o imitaci\u00f3n de cuero.<\/p>\n","protected":false},"featured_media":30102,"template":"","meta":{"_acf_changed":false,"_themeisle_gutenberg_block_has_review":false,"footnotes":""},"product_brand":[],"product_cat":[750,731],"product_tag":[759],"class_list":{"0":"post-29988","1":"product","2":"type-product","3":"status-publish","4":"has-post-thumbnail","6":"product_cat-accesorios-simuladores","7":"product_cat-simuladores","8":"product_tag-oplite-gaming-es","10":"first","11":"instock","12":"taxable","13":"shipping-taxable","14":"purchasable","15":"product-type-simple"},"bundled_by":[],"bundle_stock_status":"instock","bundle_stock_quantity":307,"bundle_virtual":false,"bundle_layout":"","bundle_add_to_cart_form_location":"","bundle_editable_in_cart":false,"bundle_sold_individually_context":"","bundle_item_grouping":"","bundle_min_size":"","bundle_max_size":"","bundle_price":[],"bundled_items":[],"bundle_sell_ids":[],"acf":[],"yoast_head":"<!-- This site is optimized with the Yoast SEO plugin v27.1.1 - https:\/\/yoast.com\/product\/yoast-seo-wordpress\/ -->\n<title>Simracing Gloves M - OPLITE<\/title>\n<meta name=\"robots\" content=\"index, follow, max-snippet:-1, max-image-preview:large, max-video-preview:-1\" \/>\n<link rel=\"canonical\" href=\"https:\/\/oplitegames.com\/es\/producto\/simracing-gloves-m\/\" \/>\n<meta property=\"og:locale\" content=\"es_ES\" \/>\n<meta property=\"og:type\" content=\"article\" \/>\n<meta property=\"og:title\" content=\"Simracing Gloves M - OPLITE\" \/>\n<meta property=\"og:description\" content=\"Los &quot;guantes Simracing&quot; se han desarrollado para proporcionar sensaciones de conducci\u00f3n que rara vez se experimentan en el mundo de Simracing. La elecci\u00f3n de materiales de primera calidad garantiza que los guantes sean transpirables, ajustados, regulables (con velcro) y resistentes para largas sesiones de conducci\u00f3n. Con un revestimiento especial antideslizante en las palmas de las manos, se garantiza un agarre excepcional al volante. La incorporaci\u00f3n de ante en el dedo \u00edndice le permite utilizar con normalidad sus dispositivos m\u00f3viles o electr\u00f3nicos (sin tener que quit\u00e1rselos). Por \u00faltimo, el uso regular de los guantes OPLITE contribuye a prolongar la vida \u00fatil de los volantes, especialmente los de alc\u00e1ntara o imitaci\u00f3n de cuero.\" \/>\n<meta property=\"og:url\" content=\"https:\/\/oplitegames.com\/es\/producto\/simracing-gloves-m\/\" \/>\n<meta property=\"og:site_name\" content=\"OPLITE\" \/>\n<meta property=\"article:modified_time\" content=\"2026-04-12T12:08:50+00:00\" \/>\n<meta property=\"og:image\" content=\"https:\/\/oplitegames.com\/wp-content\/uploads\/OP-GLOVE-M_1-1.png\" \/>\n\t<meta property=\"og:image:width\" content=\"1000\" \/>\n\t<meta property=\"og:image:height\" content=\"1000\" \/>\n\t<meta property=\"og:image:type\" content=\"image\/png\" \/>\n<meta name=\"twitter:card\" content=\"summary_large_image\" \/>\n<meta name=\"twitter:label1\" content=\"Price\" \/>\n\t<meta name=\"twitter:data1\" content=\"24,90&nbsp;&euro;\" \/>\n\t<meta name=\"twitter:label2\" content=\"Availability\" \/>\n\t<meta name=\"twitter:data2\" content=\"In stock\" \/>\n<script type=\"application\/ld+json\" class=\"yoast-schema-graph\">{\"@context\":\"https:\/\/schema.org\",\"@graph\":[{\"@type\":\"WebPage\",\"@id\":\"https:\/\/oplitegames.com\/es\/producto\/simracing-gloves-m\/\",\"url\":\"https:\/\/oplitegames.com\/es\/producto\/simracing-gloves-m\/\",\"name\":\"Simracing Gloves M - OPLITE\",\"isPartOf\":{\"@id\":\"https:\/\/oplitegames.com\/#website\"},\"primaryImageOfPage\":{\"@id\":\"https:\/\/oplitegames.com\/es\/producto\/simracing-gloves-m\/#primaryimage\"},\"image\":{\"@id\":\"https:\/\/oplitegames.com\/es\/producto\/simracing-gloves-m\/#primaryimage\"},\"thumbnailUrl\":\"https:\/\/oplitegames.com\/wp-content\/uploads\/OP-GLOVE-M_1-1.png\",\"datePublished\":\"2023-05-25T15:11:38+00:00\",\"dateModified\":\"2026-04-12T12:08:50+00:00\",\"breadcrumb\":{\"@id\":\"https:\/\/oplitegames.com\/es\/producto\/simracing-gloves-m\/#breadcrumb\"},\"inLanguage\":\"es\",\"potentialAction\":[{\"@type\":\"ReadAction\",\"target\":[\"https:\/\/oplitegames.com\/es\/producto\/simracing-gloves-m\/\"]}]},{\"@type\":\"ImageObject\",\"inLanguage\":\"es\",\"@id\":\"https:\/\/oplitegames.com\/es\/producto\/simracing-gloves-m\/#primaryimage\",\"url\":\"https:\/\/oplitegames.com\/wp-content\/uploads\/OP-GLOVE-M_1-1.png\",\"contentUrl\":\"https:\/\/oplitegames.com\/wp-content\/uploads\/OP-GLOVE-M_1-1.png\",\"width\":1000,\"height\":1000},{\"@type\":\"BreadcrumbList\",\"@id\":\"https:\/\/oplitegames.com\/es\/producto\/simracing-gloves-m\/#breadcrumb\",\"itemListElement\":[{\"@type\":\"ListItem\",\"position\":1,\"name\":\"Comercio\",\"item\":\"https:\/\/oplitegames.com\/es\/comercio\/\"},{\"@type\":\"ListItem\",\"position\":2,\"name\":\"Simracing Gloves M\"}]},{\"@type\":\"WebSite\",\"@id\":\"https:\/\/oplitegames.com\/#website\",\"url\":\"https:\/\/oplitegames.com\/\",\"name\":\"OPLITE\",\"description\":\"\",\"publisher\":{\"@id\":\"https:\/\/oplitegames.com\/#organization\"},\"alternateName\":\"Oplite\",\"potentialAction\":[{\"@type\":\"SearchAction\",\"target\":{\"@type\":\"EntryPoint\",\"urlTemplate\":\"https:\/\/oplitegames.com\/?s={search_term_string}\"},\"query-input\":{\"@type\":\"PropertyValueSpecification\",\"valueRequired\":true,\"valueName\":\"search_term_string\"}}],\"inLanguage\":\"es\"},{\"@type\":\"Organization\",\"@id\":\"https:\/\/oplitegames.com\/#organization\",\"name\":\"OPLITE\",\"alternateName\":\"Oplite\",\"url\":\"https:\/\/oplitegames.com\/\",\"logo\":{\"@type\":\"ImageObject\",\"inLanguage\":\"es\",\"@id\":\"https:\/\/oplitegames.com\/#\/schema\/logo\/image\/\",\"url\":\"https:\/\/oplitegames.com\/wp-content\/uploads\/cropped-Favicon_oplite.jpg\",\"contentUrl\":\"https:\/\/oplitegames.com\/wp-content\/uploads\/cropped-Favicon_oplite.jpg\",\"width\":512,\"height\":512,\"caption\":\"OPLITE\"},\"image\":{\"@id\":\"https:\/\/oplitegames.com\/#\/schema\/logo\/image\/\"}}]}<\/script>\n<meta property=\"product:price:amount\" content=\"24.90\" \/>\n<meta property=\"product:price:currency\" content=\"EUR\" \/>\n<meta property=\"og:availability\" content=\"instock\" \/>\n<meta property=\"product:availability\" content=\"instock\" \/>\n<meta property=\"product:retailer_item_id\" content=\"96459\" \/>\n<meta property=\"product:condition\" content=\"new\" \/>\n<!-- \/ Yoast SEO plugin. -->","yoast_head_json":{"title":"Simracing Gloves M - OPLITE","robots":{"index":"index","follow":"follow","max-snippet":"max-snippet:-1","max-image-preview":"max-image-preview:large","max-video-preview":"max-video-preview:-1"},"canonical":"https:\/\/oplitegames.com\/es\/producto\/simracing-gloves-m\/","og_locale":"es_ES","og_type":"article","og_title":"Simracing Gloves M - OPLITE","og_description":"Los \"guantes Simracing\" se han desarrollado para proporcionar sensaciones de conducci\u00f3n que rara vez se experimentan en el mundo de Simracing. La elecci\u00f3n de materiales de primera calidad garantiza que los guantes sean transpirables, ajustados, regulables (con velcro) y resistentes para largas sesiones de conducci\u00f3n. Con un revestimiento especial antideslizante en las palmas de las manos, se garantiza un agarre excepcional al volante. La incorporaci\u00f3n de ante en el dedo \u00edndice le permite utilizar con normalidad sus dispositivos m\u00f3viles o electr\u00f3nicos (sin tener que quit\u00e1rselos). Por \u00faltimo, el uso regular de los guantes OPLITE contribuye a prolongar la vida \u00fatil de los volantes, especialmente los de alc\u00e1ntara o imitaci\u00f3n de cuero.","og_url":"https:\/\/oplitegames.com\/es\/producto\/simracing-gloves-m\/","og_site_name":"OPLITE","article_modified_time":"2026-04-12T12:08:50+00:00","og_image":[{"width":1000,"height":1000,"url":"https:\/\/oplitegames.com\/wp-content\/uploads\/OP-GLOVE-M_1-1.png","type":"image\/png"}],"twitter_card":"summary_large_image","twitter_misc":{"Price":"24,90&nbsp;&euro;","Availability":"In stock"},"schema":{"@context":"https:\/\/schema.org","@graph":[{"@type":"WebPage","@id":"https:\/\/oplitegames.com\/es\/producto\/simracing-gloves-m\/","url":"https:\/\/oplitegames.com\/es\/producto\/simracing-gloves-m\/","name":"Simracing Gloves M - OPLITE","isPartOf":{"@id":"https:\/\/oplitegames.com\/#website"},"primaryImageOfPage":{"@id":"https:\/\/oplitegames.com\/es\/producto\/simracing-gloves-m\/#primaryimage"},"image":{"@id":"https:\/\/oplitegames.com\/es\/producto\/simracing-gloves-m\/#primaryimage"},"thumbnailUrl":"https:\/\/oplitegames.com\/wp-content\/uploads\/OP-GLOVE-M_1-1.png","datePublished":"2023-05-25T15:11:38+00:00","dateModified":"2026-04-12T12:08:50+00:00","breadcrumb":{"@id":"https:\/\/oplitegames.com\/es\/producto\/simracing-gloves-m\/#breadcrumb"},"inLanguage":"es","potentialAction":[{"@type":"ReadAction","target":["https:\/\/oplitegames.com\/es\/producto\/simracing-gloves-m\/"]}]},{"@type":"ImageObject","inLanguage":"es","@id":"https:\/\/oplitegames.com\/es\/producto\/simracing-gloves-m\/#primaryimage","url":"https:\/\/oplitegames.com\/wp-content\/uploads\/OP-GLOVE-M_1-1.png","contentUrl":"https:\/\/oplitegames.com\/wp-content\/uploads\/OP-GLOVE-M_1-1.png","width":1000,"height":1000},{"@type":"BreadcrumbList","@id":"https:\/\/oplitegames.com\/es\/producto\/simracing-gloves-m\/#breadcrumb","itemListElement":[{"@type":"ListItem","position":1,"name":"Comercio","item":"https:\/\/oplitegames.com\/es\/comercio\/"},{"@type":"ListItem","position":2,"name":"Simracing Gloves M"}]},{"@type":"WebSite","@id":"https:\/\/oplitegames.com\/#website","url":"https:\/\/oplitegames.com\/","name":"OPLITE","description":"","publisher":{"@id":"https:\/\/oplitegames.com\/#organization"},"alternateName":"Oplite","potentialAction":[{"@type":"SearchAction","target":{"@type":"EntryPoint","urlTemplate":"https:\/\/oplitegames.com\/?s={search_term_string}"},"query-input":{"@type":"PropertyValueSpecification","valueRequired":true,"valueName":"search_term_string"}}],"inLanguage":"es"},{"@type":"Organization","@id":"https:\/\/oplitegames.com\/#organization","name":"OPLITE","alternateName":"Oplite","url":"https:\/\/oplitegames.com\/","logo":{"@type":"ImageObject","inLanguage":"es","@id":"https:\/\/oplitegames.com\/#\/schema\/logo\/image\/","url":"https:\/\/oplitegames.com\/wp-content\/uploads\/cropped-Favicon_oplite.jpg","contentUrl":"https:\/\/oplitegames.com\/wp-content\/uploads\/cropped-Favicon_oplite.jpg","width":512,"height":512,"caption":"OPLITE"},"image":{"@id":"https:\/\/oplitegames.com\/#\/schema\/logo\/image\/"}}]},"product_price_amount":"24.90","product_price_currency":"EUR","og_availability":"instock","product_availability":"instock","product_retailer_item_id":"96459","product_condition":"new"},"_links":{"self":[{"href":"https:\/\/oplitegames.com\/es\/wp-json\/wp\/v2\/product\/29988","targetHints":{"allow":["GET"]}}],"collection":[{"href":"https:\/\/oplitegames.com\/es\/wp-json\/wp\/v2\/product"}],"about":[{"href":"https:\/\/oplitegames.com\/es\/wp-json\/wp\/v2\/types\/product"}],"version-history":[{"count":3,"href":"https:\/\/oplitegames.com\/es\/wp-json\/wp\/v2\/product\/29988\/revisions"}],"predecessor-version":[{"id":60774,"href":"https:\/\/oplitegames.com\/es\/wp-json\/wp\/v2\/product\/29988\/revisions\/60774"}],"wp:featuredmedia":[{"embeddable":true,"href":"https:\/\/oplitegames.com\/es\/wp-json\/wp\/v2\/media\/30102"}],"wp:attachment":[{"href":"https:\/\/oplitegames.com\/es\/wp-json\/wp\/v2\/media?parent=29988"}],"wp:term":[{"taxonomy":"product_brand","embeddable":true,"href":"https:\/\/oplitegames.com\/es\/wp-json\/wp\/v2\/product_brand?post=29988"},{"taxonomy":"product_cat","embeddable":true,"href":"https:\/\/oplitegames.com\/es\/wp-json\/wp\/v2\/product_cat?post=29988"},{"taxonomy":"product_tag","embeddable":true,"href":"https:\/\/oplitegames.com\/es\/wp-json\/wp\/v2\/product_tag?post=29988"}],"curies":[{"name":"wp","href":"https:\/\/api.w.org\/{rel}","templated":true}]}}