{"id":32179,"date":"2023-11-06T14:59:16","date_gmt":"2023-11-06T13:59:16","guid":{"rendered":"https:\/\/oplitegames.com\/?post_type=product&#038;p=32179"},"modified":"2026-04-29T04:03:47","modified_gmt":"2026-04-29T02:03:47","slug":"cockpit-gtr-s8-infinity-force","status":"publish","type":"product","link":"https:\/\/oplitegames.com\/es\/producto\/cockpit-gtr-s8-infinity-force\/","title":{"rendered":"Cockpit GTR S8 Infinity Force"},"content":{"rendered":"<p>La cabina de simulaci\u00f3n <strong>OPLITE GTR S8 Infinity Force<\/strong> combina los \u00faltimos avances de la marca en tecnolog\u00eda de simulaci\u00f3n con un dise\u00f1o atemporal inspirado en las carreras. Su estructura tubular de acero al carbono de alta densidad con un di\u00e1metro de 48 mm garantiza una rigidez \u00f3ptima, mientras que las placas de montaje aseguran una compatibilidad total con soluciones de marcas l\u00edderes como Fanatec\u00ae, Moza\u00ae, Thrustmaster\u00ae, Logitech\u00ae, Turtle Beach\u00ae, Asetek\u00ae o Nacon\u00ae. Equipado con una amplia gama de opciones de ajuste, este cockpit ofrece una cabina ergon\u00f3mica adecuada para varios modos de conducci\u00f3n, incluidos GT, Drift, F1 y Rally.<\/p>\n<p><span style=\"text-decoration: underline;\"><strong>Caracter\u00edsticas principales:<\/strong> <\/span><br \/>\n\u2022 Asiento de aut\u00e9ntica fibra de vidrio, montado sobre patines, apto para todas las tallas de 1m50 a + 2m10 para capacidad de carga de hasta 150KG.<br \/>\n\u2022 Soporte de pedal reforzado para la instalaci\u00f3n de pedales LoadCell, incluidos los planos.<br \/>\n\u2022 Kit Full Force incluido para una rigidez \u00f3ptima y un aspecto agresivo.<br \/>\n\u2022 Numerosos ajustes r\u00e1pidos y sencillos mediante cierres r\u00e1pidos.<br \/>\n\u2022 Base de volante ajustable en altura e inclinaci\u00f3n, compatible con las tecnolog\u00edas Force Feedback Direct Drive y Courroie.<br \/>\n\u2022 Tornillos de alta calidad e insertos roscados de acero niquelado de la industria del autom\u00f3vil.<br \/>\n\u2022 Soportes de refuerzo en la parte delantera y trasera del chasis con ranuras alargadas de 6 mm de di\u00e1metro que permiten la instalaci\u00f3n de accesorios de impresi\u00f3n 3D u otros m\u00e9todos de bricolaje.<br \/>\n\u2022 El chasis cuenta con ocho tuercas soldadas que pueden utilizarse para fijar las patas giratorias Oplite suministradas o el juego de ruedas de alto rendimiento <strong>CASTOR WHEEL GTR S8<\/strong> opcional.<br \/>\n\u2022 Los \u00faltimos avances tecnol\u00f3gicos abren nuevas posibilidades para la simulaci\u00f3n de vuelo con el <strong>SIMRACING &amp; FLIGHTSIM HOLDER<\/strong> opcional.<\/p>\n<p><span style=\"text-decoration: underline;\"><strong>Caracter\u00edsticas t\u00e9cnicas :<\/strong><\/span><br \/>\n<strong>Armaz\u00f3n :<\/strong><br \/>\n\u2022 Marco tubular \u00d8 48mm x 2mm de espesor<br \/>\n\u2022 Kit Full Force incluido<br \/>\n\u2022 Pintura negra mate de alta resistencia para un acabado de alta calidad<br \/>\n<strong>Soporte del volante :<\/strong><br \/>\n\u2022 Ajuste arriba\/abajo \u00b130<br \/>\n\u2022Inclinaci\u00f3n arriba\/abajo \u00b130<br \/>\n<strong>Soporte de pedales :<\/strong><br \/>\n\u2022 Ajuste de profundidad Permite ajustar la posici\u00f3n delantera\/trasera en \u00b1200 mm y la inclinaci\u00f3n de 0\u00b0 a +30\u00b0, para adaptarse a la forma de su cuerpo<br \/>\n\u2022 Asiento de cubo<br \/>\n<strong>Asiento tipo baquet: RS2 FiberCore\u00ae :<\/strong><br \/>\n\u2022 Estructura FiberCore\u00ae compuesta por 4 capas de fibra de vidrio entrelazadas y reforzadas.<br \/>\n\u2022 Revestimiento de ante transpirable, suave y agradable al tacto, con logotipo OPLITE bordado en ambos lados del reposacabezas.<br \/>\n\u2022 Tama\u00f1o universal adaptado a todas las morfolog\u00edas, con 5 pasadores para arn\u00e9s compatibles con arneses de 3 y 4 puntos.<br \/>\n\u2022 M\u00faltiples ajustes: profundidad ajustable \u00b1220 mm mediante gu\u00edas deslizantes, ajuste de altura e inclinaci\u00f3n de -24\u00b0 a +24\u00b0.<br \/>\n\u2022 Fijaciones laterales est\u00e1ndar de 290 mm con 4 tornillos M8x20 incluidos para el montaje.<br \/>\n<span style=\"text-decoration: underline;\"><strong>Compatibilidad del producto :<\/strong><\/span><br \/>\n100% Compatible* con volantes y pedales Thrustmaster\u00ae**, Turtle beach\u00ae, Logitech\u00ae, Moza\u00ae, Fanatec y Revosim\u00ae.<\/p>\n<p><small> *Per garantire la massima compatibilit\u00e0 con alcuni dispositivi, potrebbero essere necessari piccoli adattamenti. Nessuna preoccupazione: la qualit\u00e0 e la garanzia del prodotto non ne risentono.<br \/>\n**Todos los productos Thrusmaster excepto T150 y TMX<\/small><\/p>\n<p>&nbsp;<\/p>\n","protected":false},"excerpt":{"rendered":"<p>Expertos en el dise\u00f1o de productos ergon\u00f3micos para oficina y juegos, OPLITE presenta su\u00faltimo cockpit de simulaci\u00f3n de carreras, el <strong>GTR S8 INFINITY FORCE<\/strong>.<br \/>\nCon el KIT FUll FORCE incluido, la cabina GTR S8 est\u00e1 lista para recibir el SOPORTESIMRACING &amp; FLIGHTSIM. \u00a1Es el accesorio imprescindible para los entusiastas de las carreras y la aviaci\u00f3n que te llevar\u00e1 de jugador a piloto!<\/p>\n[embed]https:\/\/www.youtube.com\/watch?v=kygailipLPY&#038;t=33s[\/embed]\n","protected":false},"featured_media":32129,"template":"","meta":{"_acf_changed":false,"_themeisle_gutenberg_block_has_review":false,"footnotes":""},"product_brand":[],"product_cat":[764,731],"product_tag":[759,767,823],"class_list":{"0":"post-32179","1":"product","2":"type-product","3":"status-publish","4":"has-post-thumbnail","6":"product_cat-cabina-gtr-s8-infinity-es","7":"product_cat-simuladores","8":"product_tag-oplite-gaming-es","9":"product_tag-promotions","10":"product_tag-promotions-es","12":"first","13":"instock","14":"sale","15":"taxable","16":"shipping-taxable","17":"purchasable","18":"product-type-simple"},"bundled_by":[],"bundle_stock_status":"instock","bundle_stock_quantity":97,"bundle_virtual":false,"bundle_layout":"","bundle_add_to_cart_form_location":"","bundle_editable_in_cart":false,"bundle_sold_individually_context":"","bundle_item_grouping":"","bundle_min_size":"","bundle_max_size":"","bundle_price":[],"bundled_items":[],"bundle_sell_ids":[],"acf":[],"yoast_head":"<!-- This site is optimized with the Yoast SEO plugin v27.1.1 - https:\/\/yoast.com\/product\/yoast-seo-wordpress\/ -->\n<title>Cockpit GTR S8 Infinity Force - OPLITE<\/title>\n<meta name=\"robots\" content=\"index, follow, max-snippet:-1, max-image-preview:large, max-video-preview:-1\" \/>\n<link rel=\"canonical\" href=\"https:\/\/oplitegames.com\/es\/producto\/cockpit-gtr-s8-infinity-force\/\" \/>\n<meta property=\"og:locale\" content=\"es_ES\" \/>\n<meta property=\"og:type\" content=\"article\" \/>\n<meta property=\"og:title\" content=\"Cockpit GTR S8 Infinity Force - OPLITE\" \/>\n<meta property=\"og:description\" content=\"Expertos en el dise\u00f1o de productos ergon\u00f3micos para oficina y juegos, OPLITE presenta su\u00faltimo cockpit de simulaci\u00f3n de carreras, el GTR S8 INFINITY FORCE. Con el KIT FUll FORCE incluido, la cabina GTR S8 est\u00e1 lista para recibir el SOPORTESIMRACING &amp; FLIGHTSIM. \u00a1Es el accesorio imprescindible para los entusiastas de las carreras y la aviaci\u00f3n que te llevar\u00e1 de jugador a piloto!\" \/>\n<meta property=\"og:url\" content=\"https:\/\/oplitegames.com\/es\/producto\/cockpit-gtr-s8-infinity-force\/\" \/>\n<meta property=\"og:site_name\" content=\"OPLITE\" \/>\n<meta property=\"article:modified_time\" content=\"2026-04-29T02:03:47+00:00\" \/>\n<meta property=\"og:image\" content=\"https:\/\/oplitegames.com\/wp-content\/uploads\/COCKPIT-GTR-S8-INFINITY-FORCE-OP-GTR-S8FF-_1.jpg\" \/>\n\t<meta property=\"og:image:width\" content=\"2000\" \/>\n\t<meta property=\"og:image:height\" content=\"2000\" \/>\n\t<meta property=\"og:image:type\" content=\"image\/jpeg\" \/>\n<meta name=\"twitter:card\" content=\"summary_large_image\" \/>\n<meta name=\"twitter:label1\" content=\"Price\" \/>\n\t<meta name=\"twitter:data1\" content=\"549,90&nbsp;&euro;\" \/>\n\t<meta name=\"twitter:label2\" content=\"Availability\" \/>\n\t<meta name=\"twitter:data2\" content=\"In stock\" \/>\n<script type=\"application\/ld+json\" class=\"yoast-schema-graph\">{\"@context\":\"https:\/\/schema.org\",\"@graph\":[{\"@type\":\"WebPage\",\"@id\":\"https:\/\/oplitegames.com\/es\/producto\/cockpit-gtr-s8-infinity-force\/\",\"url\":\"https:\/\/oplitegames.com\/es\/producto\/cockpit-gtr-s8-infinity-force\/\",\"name\":\"Cockpit GTR S8 Infinity Force - OPLITE\",\"isPartOf\":{\"@id\":\"https:\/\/oplitegames.com\/#website\"},\"primaryImageOfPage\":{\"@id\":\"https:\/\/oplitegames.com\/es\/producto\/cockpit-gtr-s8-infinity-force\/#primaryimage\"},\"image\":{\"@id\":\"https:\/\/oplitegames.com\/es\/producto\/cockpit-gtr-s8-infinity-force\/#primaryimage\"},\"thumbnailUrl\":\"https:\/\/oplitegames.com\/wp-content\/uploads\/COCKPIT-GTR-S8-INFINITY-FORCE-OP-GTR-S8FF-_1.jpg\",\"datePublished\":\"2023-11-06T13:59:16+00:00\",\"dateModified\":\"2026-04-29T02:03:47+00:00\",\"breadcrumb\":{\"@id\":\"https:\/\/oplitegames.com\/es\/producto\/cockpit-gtr-s8-infinity-force\/#breadcrumb\"},\"inLanguage\":\"es\",\"potentialAction\":[{\"@type\":\"ReadAction\",\"target\":[\"https:\/\/oplitegames.com\/es\/producto\/cockpit-gtr-s8-infinity-force\/\"]}]},{\"@type\":\"ImageObject\",\"inLanguage\":\"es\",\"@id\":\"https:\/\/oplitegames.com\/es\/producto\/cockpit-gtr-s8-infinity-force\/#primaryimage\",\"url\":\"https:\/\/oplitegames.com\/wp-content\/uploads\/COCKPIT-GTR-S8-INFINITY-FORCE-OP-GTR-S8FF-_1.jpg\",\"contentUrl\":\"https:\/\/oplitegames.com\/wp-content\/uploads\/COCKPIT-GTR-S8-INFINITY-FORCE-OP-GTR-S8FF-_1.jpg\",\"width\":2000,\"height\":2000},{\"@type\":\"BreadcrumbList\",\"@id\":\"https:\/\/oplitegames.com\/es\/producto\/cockpit-gtr-s8-infinity-force\/#breadcrumb\",\"itemListElement\":[{\"@type\":\"ListItem\",\"position\":1,\"name\":\"Comercio\",\"item\":\"https:\/\/oplitegames.com\/es\/comercio\/\"},{\"@type\":\"ListItem\",\"position\":2,\"name\":\"Cockpit GTR S8 Infinity Force\"}]},{\"@type\":\"WebSite\",\"@id\":\"https:\/\/oplitegames.com\/#website\",\"url\":\"https:\/\/oplitegames.com\/\",\"name\":\"OPLITE\",\"description\":\"\",\"publisher\":{\"@id\":\"https:\/\/oplitegames.com\/#organization\"},\"alternateName\":\"Oplite\",\"potentialAction\":[{\"@type\":\"SearchAction\",\"target\":{\"@type\":\"EntryPoint\",\"urlTemplate\":\"https:\/\/oplitegames.com\/?s={search_term_string}\"},\"query-input\":{\"@type\":\"PropertyValueSpecification\",\"valueRequired\":true,\"valueName\":\"search_term_string\"}}],\"inLanguage\":\"es\"},{\"@type\":\"Organization\",\"@id\":\"https:\/\/oplitegames.com\/#organization\",\"name\":\"OPLITE\",\"alternateName\":\"Oplite\",\"url\":\"https:\/\/oplitegames.com\/\",\"logo\":{\"@type\":\"ImageObject\",\"inLanguage\":\"es\",\"@id\":\"https:\/\/oplitegames.com\/#\/schema\/logo\/image\/\",\"url\":\"https:\/\/oplitegames.com\/wp-content\/uploads\/cropped-Favicon_oplite.jpg\",\"contentUrl\":\"https:\/\/oplitegames.com\/wp-content\/uploads\/cropped-Favicon_oplite.jpg\",\"width\":512,\"height\":512,\"caption\":\"OPLITE\"},\"image\":{\"@id\":\"https:\/\/oplitegames.com\/#\/schema\/logo\/image\/\"}}]}<\/script>\n<meta property=\"product:price:amount\" content=\"549.90\" \/>\n<meta property=\"product:price:currency\" content=\"EUR\" \/>\n<meta property=\"og:availability\" content=\"instock\" \/>\n<meta property=\"product:availability\" content=\"instock\" \/>\n<meta property=\"product:retailer_item_id\" content=\"97528\" \/>\n<meta property=\"product:condition\" content=\"new\" \/>\n<!-- \/ Yoast SEO plugin. -->","yoast_head_json":{"title":"Cockpit GTR S8 Infinity Force - OPLITE","robots":{"index":"index","follow":"follow","max-snippet":"max-snippet:-1","max-image-preview":"max-image-preview:large","max-video-preview":"max-video-preview:-1"},"canonical":"https:\/\/oplitegames.com\/es\/producto\/cockpit-gtr-s8-infinity-force\/","og_locale":"es_ES","og_type":"article","og_title":"Cockpit GTR S8 Infinity Force - OPLITE","og_description":"Expertos en el dise\u00f1o de productos ergon\u00f3micos para oficina y juegos, OPLITE presenta su\u00faltimo cockpit de simulaci\u00f3n de carreras, el GTR S8 INFINITY FORCE. Con el KIT FUll FORCE incluido, la cabina GTR S8 est\u00e1 lista para recibir el SOPORTESIMRACING &amp; FLIGHTSIM. \u00a1Es el accesorio imprescindible para los entusiastas de las carreras y la aviaci\u00f3n que te llevar\u00e1 de jugador a piloto!","og_url":"https:\/\/oplitegames.com\/es\/producto\/cockpit-gtr-s8-infinity-force\/","og_site_name":"OPLITE","article_modified_time":"2026-04-29T02:03:47+00:00","og_image":[{"width":2000,"height":2000,"url":"https:\/\/oplitegames.com\/wp-content\/uploads\/COCKPIT-GTR-S8-INFINITY-FORCE-OP-GTR-S8FF-_1.jpg","type":"image\/jpeg"}],"twitter_card":"summary_large_image","twitter_misc":{"Price":"549,90&nbsp;&euro;","Availability":"In stock"},"schema":{"@context":"https:\/\/schema.org","@graph":[{"@type":"WebPage","@id":"https:\/\/oplitegames.com\/es\/producto\/cockpit-gtr-s8-infinity-force\/","url":"https:\/\/oplitegames.com\/es\/producto\/cockpit-gtr-s8-infinity-force\/","name":"Cockpit GTR S8 Infinity Force - OPLITE","isPartOf":{"@id":"https:\/\/oplitegames.com\/#website"},"primaryImageOfPage":{"@id":"https:\/\/oplitegames.com\/es\/producto\/cockpit-gtr-s8-infinity-force\/#primaryimage"},"image":{"@id":"https:\/\/oplitegames.com\/es\/producto\/cockpit-gtr-s8-infinity-force\/#primaryimage"},"thumbnailUrl":"https:\/\/oplitegames.com\/wp-content\/uploads\/COCKPIT-GTR-S8-INFINITY-FORCE-OP-GTR-S8FF-_1.jpg","datePublished":"2023-11-06T13:59:16+00:00","dateModified":"2026-04-29T02:03:47+00:00","breadcrumb":{"@id":"https:\/\/oplitegames.com\/es\/producto\/cockpit-gtr-s8-infinity-force\/#breadcrumb"},"inLanguage":"es","potentialAction":[{"@type":"ReadAction","target":["https:\/\/oplitegames.com\/es\/producto\/cockpit-gtr-s8-infinity-force\/"]}]},{"@type":"ImageObject","inLanguage":"es","@id":"https:\/\/oplitegames.com\/es\/producto\/cockpit-gtr-s8-infinity-force\/#primaryimage","url":"https:\/\/oplitegames.com\/wp-content\/uploads\/COCKPIT-GTR-S8-INFINITY-FORCE-OP-GTR-S8FF-_1.jpg","contentUrl":"https:\/\/oplitegames.com\/wp-content\/uploads\/COCKPIT-GTR-S8-INFINITY-FORCE-OP-GTR-S8FF-_1.jpg","width":2000,"height":2000},{"@type":"BreadcrumbList","@id":"https:\/\/oplitegames.com\/es\/producto\/cockpit-gtr-s8-infinity-force\/#breadcrumb","itemListElement":[{"@type":"ListItem","position":1,"name":"Comercio","item":"https:\/\/oplitegames.com\/es\/comercio\/"},{"@type":"ListItem","position":2,"name":"Cockpit GTR S8 Infinity Force"}]},{"@type":"WebSite","@id":"https:\/\/oplitegames.com\/#website","url":"https:\/\/oplitegames.com\/","name":"OPLITE","description":"","publisher":{"@id":"https:\/\/oplitegames.com\/#organization"},"alternateName":"Oplite","potentialAction":[{"@type":"SearchAction","target":{"@type":"EntryPoint","urlTemplate":"https:\/\/oplitegames.com\/?s={search_term_string}"},"query-input":{"@type":"PropertyValueSpecification","valueRequired":true,"valueName":"search_term_string"}}],"inLanguage":"es"},{"@type":"Organization","@id":"https:\/\/oplitegames.com\/#organization","name":"OPLITE","alternateName":"Oplite","url":"https:\/\/oplitegames.com\/","logo":{"@type":"ImageObject","inLanguage":"es","@id":"https:\/\/oplitegames.com\/#\/schema\/logo\/image\/","url":"https:\/\/oplitegames.com\/wp-content\/uploads\/cropped-Favicon_oplite.jpg","contentUrl":"https:\/\/oplitegames.com\/wp-content\/uploads\/cropped-Favicon_oplite.jpg","width":512,"height":512,"caption":"OPLITE"},"image":{"@id":"https:\/\/oplitegames.com\/#\/schema\/logo\/image\/"}}]},"product_price_amount":"549.90","product_price_currency":"EUR","og_availability":"instock","product_availability":"instock","product_retailer_item_id":"97528","product_condition":"new"},"_links":{"self":[{"href":"https:\/\/oplitegames.com\/es\/wp-json\/wp\/v2\/product\/32179","targetHints":{"allow":["GET"]}}],"collection":[{"href":"https:\/\/oplitegames.com\/es\/wp-json\/wp\/v2\/product"}],"about":[{"href":"https:\/\/oplitegames.com\/es\/wp-json\/wp\/v2\/types\/product"}],"version-history":[{"count":7,"href":"https:\/\/oplitegames.com\/es\/wp-json\/wp\/v2\/product\/32179\/revisions"}],"predecessor-version":[{"id":68298,"href":"https:\/\/oplitegames.com\/es\/wp-json\/wp\/v2\/product\/32179\/revisions\/68298"}],"wp:featuredmedia":[{"embeddable":true,"href":"https:\/\/oplitegames.com\/es\/wp-json\/wp\/v2\/media\/32129"}],"wp:attachment":[{"href":"https:\/\/oplitegames.com\/es\/wp-json\/wp\/v2\/media?parent=32179"}],"wp:term":[{"taxonomy":"product_brand","embeddable":true,"href":"https:\/\/oplitegames.com\/es\/wp-json\/wp\/v2\/product_brand?post=32179"},{"taxonomy":"product_cat","embeddable":true,"href":"https:\/\/oplitegames.com\/es\/wp-json\/wp\/v2\/product_cat?post=32179"},{"taxonomy":"product_tag","embeddable":true,"href":"https:\/\/oplitegames.com\/es\/wp-json\/wp\/v2\/product_tag?post=32179"}],"curies":[{"name":"wp","href":"https:\/\/api.w.org\/{rel}","templated":true}]}}