{"id":37449,"date":"2024-09-23T14:29:38","date_gmt":"2024-09-23T12:29:38","guid":{"rendered":"https:\/\/oplitegames.com\/?post_type=product&#038;p=37449"},"modified":"2025-10-08T14:24:43","modified_gmt":"2025-10-08T12:24:43","slug":"mt57-monitor-arm","status":"publish","type":"product","link":"https:\/\/oplitegames.com\/es\/producto\/mt57-monitor-arm\/","title":{"rendered":"MT57 Monitor Arm"},"content":{"rendered":"<p>La <strong>MT57<\/strong> ha sido dise\u00f1ada espec\u00edficamente para recibir pantallas de 57 pulgadas. Ofrece una gran libertad de movimiento y orientaci\u00f3n para su pantalla ultra-curvadaTan grande como el Samsung\u00ae Odyssey Neo G9 57&#8221; o cualquier otra marca que tenga un sistema de fijaci\u00f3n a la norma universal VESA 75&#215;75,100&#215;100, 100&#215;200, 200&#215;100, 200&#215;200. (Samsung\u00ae, Dell\u00ae, LG\u00ae, Lenovo\u00ae, Asus\u00ae, BenQ\u00ae, ACER\u00ae, HP\u00ae etc\u2026).<br \/>\nFabricado en aluminio y acero al carbono forjado, el MT57 combina materiales de alta calidad con un dise\u00f1o limpio. Equipado con un potente actuador de gas ajustable, que le acompa\u00f1ar\u00e1 en los movimientos de ajuste hacia arriba o hacia abajo sin ning\u00fan esfuerzo.<\/p>\n<p><span style=\"text-decoration: underline;\"><strong>Puntos fuertes:<\/strong><\/span><br \/>\n\u2705Dise\u00f1o de aluminio de alta calidad, acero al carbono de alta densidad y carenado ABS.<br \/>\n\u2705Combina un estilo elegante y futurista en l\u00ednea con los \u00faltimos dise\u00f1os de pantallas de las principales marcas.<br \/>\n\u2705 F\u00e1cil de ajustar, su potente muelle de gas le permite ajustar perfectamente la disposici\u00f3n de su pantalla sin esfuerzo. El resultado es una estaci\u00f3n de trabajo o de juego ergon\u00f3mica, pr\u00e1ctica y eficiente<br \/>\n\u2705Libera espacio de escritorio, permite elevar la pantalla<br \/>\n\u2705 Capacidad de inclinaci\u00f3n de +60\/-20 grados para trabajar o jugar c\u00f3modamente sentado o de pie.<br \/>\n\u2705 Compatible con pantallas curvas de gran tama\u00f1o como el Samsung Odyssey Neo G9 57&#8221; o cualquier otra marca que tenga un sistema de fijaci\u00f3n est\u00e1ndar universal VESA 75&#215;75,La Comisi\u00f3n ha decidido no oponerse a la propuesta de la Comisi\u00f3n.<br \/>\n\u2705Montaje de la pantalla facilitado gracias a la placa VESA desmontable suministrada.<br \/>\n\u2705 Fijaci\u00f3n del brazo a su escritorio mediante una sujeci\u00f3n en \u00abC\u00bb (tornillo de banco doble) o con un tornillo que atraviesa su escritorio.<\/p>\n<p><span style=\"text-decoration: underline;\"><strong>Caract\u00e9ristiques techniques :<\/strong><\/span><br \/>\n\u2705 Taille de l&#8217;\u00e9cran compatible :17&#8243;-57&#8243;<br \/>\n\u2705 Quantit\u00e9 d&#8217;\u00e9cran :1<br \/>\n\u2705 Capacit\u00e9 de poids (par \u00e9cran) :1~27kg<br \/>\n\u2705 Plage d&#8217;inclinaison : +60\u00b0~-20\u00b0<br \/>\n\u2705 Plage de pivotement : +90\u00b0~-90<br \/>\n\u2705 Rotation de l\u2019\u00e9cran : +90\u00b0~-90<\/p>\n<p><span style=\"text-decoration: underline;\"><strong>Compatibilit\u00e9 produit :<\/strong> <\/span><br \/>\n\u2705 Tous les \u00e9crans VESA : 75&#215;75,100&#215;100, 100&#215;200, 200&#215;100, 200&#215;200<br \/>\n\u2705 Tous les bureaux de la marque OPLITE<br \/>\n\u2705 Tous les bureaux des autres fabricants<\/p>\n","protected":false},"excerpt":{"rendered":"<p>\u00a1Es hora de experimentar experiencias m\u00e1s inmersivas y liberar espacio en tu escritorio!<br \/>\nEspecializada en el dise\u00f1o de productos ergon\u00f3micos para la oficina y los juegos, OPLITE presenta su nuevo brazo monitor articulado de muy alta capacidad, el <strong>MT57<\/strong>.<\/p>\n","protected":false},"featured_media":37410,"template":"","meta":{"_acf_changed":false,"_themeisle_gutenberg_block_has_review":false,"footnotes":""},"product_brand":[],"product_cat":[729],"product_tag":[],"class_list":{"0":"post-37449","1":"product","2":"type-product","3":"status-publish","4":"has-post-thumbnail","6":"product_cat-brazos-articulados","8":"first","9":"outofstock","10":"taxable","11":"shipping-taxable","12":"purchasable","13":"product-type-simple"},"bundled_by":[],"bundle_stock_status":"outofstock","bundle_stock_quantity":0,"bundle_virtual":false,"bundle_layout":"","bundle_add_to_cart_form_location":"","bundle_editable_in_cart":false,"bundle_sold_individually_context":"","bundle_item_grouping":"","bundle_min_size":"","bundle_max_size":"","bundle_price":[],"bundled_items":[],"bundle_sell_ids":[],"acf":[],"yoast_head":"<!-- This site is optimized with the Yoast SEO plugin v27.1.1 - https:\/\/yoast.com\/product\/yoast-seo-wordpress\/ -->\n<title>MT57 Monitor Arm - OPLITE<\/title>\n<meta name=\"robots\" content=\"index, follow, max-snippet:-1, max-image-preview:large, max-video-preview:-1\" \/>\n<link rel=\"canonical\" href=\"https:\/\/oplitegames.com\/es\/producto\/mt57-monitor-arm\/\" \/>\n<meta property=\"og:locale\" content=\"es_ES\" \/>\n<meta property=\"og:type\" content=\"article\" \/>\n<meta property=\"og:title\" content=\"MT57 Monitor Arm - OPLITE\" \/>\n<meta property=\"og:description\" content=\"\u00a1Es hora de experimentar experiencias m\u00e1s inmersivas y liberar espacio en tu escritorio! Especializada en el dise\u00f1o de productos ergon\u00f3micos para la oficina y los juegos, OPLITE presenta su nuevo brazo monitor articulado de muy alta capacidad, el MT57.\" \/>\n<meta property=\"og:url\" content=\"https:\/\/oplitegames.com\/es\/producto\/mt57-monitor-arm\/\" \/>\n<meta property=\"og:site_name\" content=\"OPLITE\" \/>\n<meta property=\"article:modified_time\" content=\"2025-10-08T12:24:43+00:00\" \/>\n<meta property=\"og:image\" content=\"https:\/\/oplitegames.com\/wp-content\/uploads\/OPLITE-MT57-MONITOR-ARM_01.png\" \/>\n\t<meta property=\"og:image:width\" content=\"1000\" \/>\n\t<meta property=\"og:image:height\" content=\"1000\" \/>\n\t<meta property=\"og:image:type\" content=\"image\/png\" \/>\n<meta name=\"twitter:card\" content=\"summary_large_image\" \/>\n<meta name=\"twitter:label1\" content=\"Price\" \/>\n\t<meta name=\"twitter:data1\" content=\"169,90&nbsp;&euro;\" \/>\n\t<meta name=\"twitter:label2\" content=\"Availability\" \/>\n\t<meta name=\"twitter:data2\" content=\"Out of stock\" \/>\n<script type=\"application\/ld+json\" class=\"yoast-schema-graph\">{\"@context\":\"https:\/\/schema.org\",\"@graph\":[{\"@type\":\"WebPage\",\"@id\":\"https:\/\/oplitegames.com\/es\/producto\/mt57-monitor-arm\/\",\"url\":\"https:\/\/oplitegames.com\/es\/producto\/mt57-monitor-arm\/\",\"name\":\"MT57 Monitor Arm - OPLITE\",\"isPartOf\":{\"@id\":\"https:\/\/oplitegames.com\/#website\"},\"primaryImageOfPage\":{\"@id\":\"https:\/\/oplitegames.com\/es\/producto\/mt57-monitor-arm\/#primaryimage\"},\"image\":{\"@id\":\"https:\/\/oplitegames.com\/es\/producto\/mt57-monitor-arm\/#primaryimage\"},\"thumbnailUrl\":\"https:\/\/oplitegames.com\/wp-content\/uploads\/OPLITE-MT57-MONITOR-ARM_01.png\",\"datePublished\":\"2024-09-23T12:29:38+00:00\",\"dateModified\":\"2025-10-08T12:24:43+00:00\",\"breadcrumb\":{\"@id\":\"https:\/\/oplitegames.com\/es\/producto\/mt57-monitor-arm\/#breadcrumb\"},\"inLanguage\":\"es\",\"potentialAction\":[{\"@type\":\"ReadAction\",\"target\":[\"https:\/\/oplitegames.com\/es\/producto\/mt57-monitor-arm\/\"]}]},{\"@type\":\"ImageObject\",\"inLanguage\":\"es\",\"@id\":\"https:\/\/oplitegames.com\/es\/producto\/mt57-monitor-arm\/#primaryimage\",\"url\":\"https:\/\/oplitegames.com\/wp-content\/uploads\/OPLITE-MT57-MONITOR-ARM_01.png\",\"contentUrl\":\"https:\/\/oplitegames.com\/wp-content\/uploads\/OPLITE-MT57-MONITOR-ARM_01.png\",\"width\":1000,\"height\":1000},{\"@type\":\"BreadcrumbList\",\"@id\":\"https:\/\/oplitegames.com\/es\/producto\/mt57-monitor-arm\/#breadcrumb\",\"itemListElement\":[{\"@type\":\"ListItem\",\"position\":1,\"name\":\"Comercio\",\"item\":\"https:\/\/oplitegames.com\/es\/comercio\/\"},{\"@type\":\"ListItem\",\"position\":2,\"name\":\"MT57 Monitor Arm\"}]},{\"@type\":\"WebSite\",\"@id\":\"https:\/\/oplitegames.com\/#website\",\"url\":\"https:\/\/oplitegames.com\/\",\"name\":\"OPLITE\",\"description\":\"\",\"publisher\":{\"@id\":\"https:\/\/oplitegames.com\/#organization\"},\"alternateName\":\"Oplite\",\"potentialAction\":[{\"@type\":\"SearchAction\",\"target\":{\"@type\":\"EntryPoint\",\"urlTemplate\":\"https:\/\/oplitegames.com\/?s={search_term_string}\"},\"query-input\":{\"@type\":\"PropertyValueSpecification\",\"valueRequired\":true,\"valueName\":\"search_term_string\"}}],\"inLanguage\":\"es\"},{\"@type\":\"Organization\",\"@id\":\"https:\/\/oplitegames.com\/#organization\",\"name\":\"OPLITE\",\"alternateName\":\"Oplite\",\"url\":\"https:\/\/oplitegames.com\/\",\"logo\":{\"@type\":\"ImageObject\",\"inLanguage\":\"es\",\"@id\":\"https:\/\/oplitegames.com\/#\/schema\/logo\/image\/\",\"url\":\"https:\/\/oplitegames.com\/wp-content\/uploads\/cropped-Favicon_oplite.jpg\",\"contentUrl\":\"https:\/\/oplitegames.com\/wp-content\/uploads\/cropped-Favicon_oplite.jpg\",\"width\":512,\"height\":512,\"caption\":\"OPLITE\"},\"image\":{\"@id\":\"https:\/\/oplitegames.com\/#\/schema\/logo\/image\/\"}}]}<\/script>\n<meta property=\"product:price:amount\" content=\"169.90\" \/>\n<meta property=\"product:price:currency\" content=\"EUR\" \/>\n<meta property=\"og:availability\" content=\"out of stock\" \/>\n<meta property=\"product:availability\" content=\"out of stock\" \/>\n<meta property=\"product:retailer_item_id\" content=\"101085\" \/>\n<meta property=\"product:condition\" content=\"new\" \/>\n<!-- \/ Yoast SEO plugin. -->","yoast_head_json":{"title":"MT57 Monitor Arm - OPLITE","robots":{"index":"index","follow":"follow","max-snippet":"max-snippet:-1","max-image-preview":"max-image-preview:large","max-video-preview":"max-video-preview:-1"},"canonical":"https:\/\/oplitegames.com\/es\/producto\/mt57-monitor-arm\/","og_locale":"es_ES","og_type":"article","og_title":"MT57 Monitor Arm - OPLITE","og_description":"\u00a1Es hora de experimentar experiencias m\u00e1s inmersivas y liberar espacio en tu escritorio! Especializada en el dise\u00f1o de productos ergon\u00f3micos para la oficina y los juegos, OPLITE presenta su nuevo brazo monitor articulado de muy alta capacidad, el MT57.","og_url":"https:\/\/oplitegames.com\/es\/producto\/mt57-monitor-arm\/","og_site_name":"OPLITE","article_modified_time":"2025-10-08T12:24:43+00:00","og_image":[{"width":1000,"height":1000,"url":"https:\/\/oplitegames.com\/wp-content\/uploads\/OPLITE-MT57-MONITOR-ARM_01.png","type":"image\/png"}],"twitter_card":"summary_large_image","twitter_misc":{"Price":"169,90&nbsp;&euro;","Availability":"Out of stock"},"schema":{"@context":"https:\/\/schema.org","@graph":[{"@type":"WebPage","@id":"https:\/\/oplitegames.com\/es\/producto\/mt57-monitor-arm\/","url":"https:\/\/oplitegames.com\/es\/producto\/mt57-monitor-arm\/","name":"MT57 Monitor Arm - OPLITE","isPartOf":{"@id":"https:\/\/oplitegames.com\/#website"},"primaryImageOfPage":{"@id":"https:\/\/oplitegames.com\/es\/producto\/mt57-monitor-arm\/#primaryimage"},"image":{"@id":"https:\/\/oplitegames.com\/es\/producto\/mt57-monitor-arm\/#primaryimage"},"thumbnailUrl":"https:\/\/oplitegames.com\/wp-content\/uploads\/OPLITE-MT57-MONITOR-ARM_01.png","datePublished":"2024-09-23T12:29:38+00:00","dateModified":"2025-10-08T12:24:43+00:00","breadcrumb":{"@id":"https:\/\/oplitegames.com\/es\/producto\/mt57-monitor-arm\/#breadcrumb"},"inLanguage":"es","potentialAction":[{"@type":"ReadAction","target":["https:\/\/oplitegames.com\/es\/producto\/mt57-monitor-arm\/"]}]},{"@type":"ImageObject","inLanguage":"es","@id":"https:\/\/oplitegames.com\/es\/producto\/mt57-monitor-arm\/#primaryimage","url":"https:\/\/oplitegames.com\/wp-content\/uploads\/OPLITE-MT57-MONITOR-ARM_01.png","contentUrl":"https:\/\/oplitegames.com\/wp-content\/uploads\/OPLITE-MT57-MONITOR-ARM_01.png","width":1000,"height":1000},{"@type":"BreadcrumbList","@id":"https:\/\/oplitegames.com\/es\/producto\/mt57-monitor-arm\/#breadcrumb","itemListElement":[{"@type":"ListItem","position":1,"name":"Comercio","item":"https:\/\/oplitegames.com\/es\/comercio\/"},{"@type":"ListItem","position":2,"name":"MT57 Monitor Arm"}]},{"@type":"WebSite","@id":"https:\/\/oplitegames.com\/#website","url":"https:\/\/oplitegames.com\/","name":"OPLITE","description":"","publisher":{"@id":"https:\/\/oplitegames.com\/#organization"},"alternateName":"Oplite","potentialAction":[{"@type":"SearchAction","target":{"@type":"EntryPoint","urlTemplate":"https:\/\/oplitegames.com\/?s={search_term_string}"},"query-input":{"@type":"PropertyValueSpecification","valueRequired":true,"valueName":"search_term_string"}}],"inLanguage":"es"},{"@type":"Organization","@id":"https:\/\/oplitegames.com\/#organization","name":"OPLITE","alternateName":"Oplite","url":"https:\/\/oplitegames.com\/","logo":{"@type":"ImageObject","inLanguage":"es","@id":"https:\/\/oplitegames.com\/#\/schema\/logo\/image\/","url":"https:\/\/oplitegames.com\/wp-content\/uploads\/cropped-Favicon_oplite.jpg","contentUrl":"https:\/\/oplitegames.com\/wp-content\/uploads\/cropped-Favicon_oplite.jpg","width":512,"height":512,"caption":"OPLITE"},"image":{"@id":"https:\/\/oplitegames.com\/#\/schema\/logo\/image\/"}}]},"product_price_amount":"169.90","product_price_currency":"EUR","og_availability":"out of stock","product_availability":"out of stock","product_retailer_item_id":"101085","product_condition":"new"},"_links":{"self":[{"href":"https:\/\/oplitegames.com\/es\/wp-json\/wp\/v2\/product\/37449","targetHints":{"allow":["GET"]}}],"collection":[{"href":"https:\/\/oplitegames.com\/es\/wp-json\/wp\/v2\/product"}],"about":[{"href":"https:\/\/oplitegames.com\/es\/wp-json\/wp\/v2\/types\/product"}],"version-history":[{"count":4,"href":"https:\/\/oplitegames.com\/es\/wp-json\/wp\/v2\/product\/37449\/revisions"}],"predecessor-version":[{"id":48344,"href":"https:\/\/oplitegames.com\/es\/wp-json\/wp\/v2\/product\/37449\/revisions\/48344"}],"wp:featuredmedia":[{"embeddable":true,"href":"https:\/\/oplitegames.com\/es\/wp-json\/wp\/v2\/media\/37410"}],"wp:attachment":[{"href":"https:\/\/oplitegames.com\/es\/wp-json\/wp\/v2\/media?parent=37449"}],"wp:term":[{"taxonomy":"product_brand","embeddable":true,"href":"https:\/\/oplitegames.com\/es\/wp-json\/wp\/v2\/product_brand?post=37449"},{"taxonomy":"product_cat","embeddable":true,"href":"https:\/\/oplitegames.com\/es\/wp-json\/wp\/v2\/product_cat?post=37449"},{"taxonomy":"product_tag","embeddable":true,"href":"https:\/\/oplitegames.com\/es\/wp-json\/wp\/v2\/product_tag?post=37449"}],"curies":[{"name":"wp","href":"https:\/\/api.w.org\/{rel}","templated":true}]}}