{"id":45855,"date":"2025-01-28T03:00:11","date_gmt":"2025-01-28T02:00:11","guid":{"rendered":"https:\/\/oplitegames.com\/?post_type=product&#038;p=45855"},"modified":"2026-04-04T06:12:19","modified_gmt":"2026-04-04T04:12:19","slug":"r8-gear-shift-handbrake-holder-black","status":"publish","type":"product","link":"https:\/\/oplitegames.com\/es\/producto\/r8-gear-shift-handbrake-holder-black\/","title":{"rendered":"R8 Gear Shift Handbrake Holder Black"},"content":{"rendered":"<p>Sum\u00e9rgete en una nueva dimensi\u00f3n de simulaci\u00f3n de carreras al a\u00f1adir a tu R8 FURY el soporte para cambio y freno de mano <strong>Gear Shift Handbrake Holder<\/strong>. Inspirado en los arcos de seguridad presentes en los coches de NASCAR (doble tubo paralelo), el dise\u00f1o ha sido meticulosamente trabajado para integrarse perfectamente con tu R8 FURY. La ergonom\u00eda y la compatibilidad con perif\u00e9ricos fueron los dos pilares clave en el dise\u00f1o de este soporte para cambio y freno de mano. El Gear Shift Hand Brake Holder ha sido dise\u00f1ado para satisfacer a los pilotos exigentes que buscan una rigidez excepcional para sus dispositivos, como el freno de mano y la caja de cambios. Su construcci\u00f3n se basa en acero particularmente robusto del tipo E355 y se fija firmemente mediante 8 puntos de anclaje.<\/p>\n<p><strong><u>Puntos Fuertes <\/u><\/strong><br \/>\n\u2022 Integraci\u00f3n perfecta con tu cockpit R8 FURY<br \/>\n\u2022 Instalaci\u00f3n r\u00e1pida<br \/>\n\u2022 Gran compatibilidad con perif\u00e9ricos<br \/>\n\u2022 M\u00faltiples ajustes posibles<\/p>\n<p><span style=\"text-decoration: underline;\"><strong>Tubos de conexi\u00f3n:<\/strong><\/span><br \/>\n\u2022 Estructura de acero tubular resistente de tipo E355 con un di\u00e1metro de \u00d8 35 mm y un espeso de 2 mm.<br \/>\n<strong>Placa receptora de perif\u00e9ricos:<\/strong><br \/>\n\u2022 Estructura de acero tipo E355 con un espesor de 4 mm.<br \/>\n<strong>Compatibilidad de perif\u00e9ricos:<\/strong><br \/>\n\u2022 La placa receptora de cajas de cambios y frenos de mano es una de las m\u00e1s completas y avanzadas del mercado.<\/p>\n<p><span style=\"text-decoration: underline;\"><strong>Ecosistema:<\/strong><\/span><br \/>\n\u2022 Desde el lanzamiento del R8 FURY, una amplia selecci\u00f3n de productos OPLITE est\u00e1 disponible para dise\u00f1ar su ecosistema.<br \/>\n<strong>Compatibilidad del producto :<\/strong><br \/>\n&gt; CHASSIS R8 FURY<br \/>\n&gt; COCKPIT R8 FURY<\/p>\n<p><span style=\"text-decoration: underline;\"><strong>Compatibilidad de perif\u00e9ricos*<\/strong><\/span><\/p>\n<table width=\"647\">\n<tbody>\n<tr>\n<th>Brand<\/th>\n<th>Product Type<\/th>\n<th>Compatible Products<\/th>\n<\/tr>\n<tr>\n<td>LOGITECH<\/td>\n<td>Gear Shift<\/td>\n<td>Driving Force Shifter<\/td>\n<\/tr>\n<tr>\n<td>THRUSTMASTER<\/td>\n<td>Gear Shift<\/td>\n<td>TH8A<\/td>\n<\/tr>\n<tr>\n<td>THRUSTMASTER<\/td>\n<td>Hand Brake<\/td>\n<td>TSS Sparco\u00ae<\/td>\n<\/tr>\n<tr>\n<td>MOZA<\/td>\n<td>Gear Shift<\/td>\n<td>HGP Shifter<\/td>\n<\/tr>\n<tr>\n<td>MOZA<\/td>\n<td>Hand Brake<\/td>\n<td>SBP Sequential Shifter, HBP Handbrake<\/td>\n<\/tr>\n<tr>\n<td>FANATEC<\/td>\n<td>Gear Shift<\/td>\n<td>ClubSport Shifter SQ<\/td>\n<\/tr>\n<tr>\n<td>FANATEC<\/td>\n<td>Hand Brake<\/td>\n<td>ClubSport Handbrake<\/td>\n<\/tr>\n<\/tbody>\n<\/table>\n<p><small>*Per garantire la massima compatibilit\u00e0 con alcuni dispositivi, potrebbero essere necessari piccoli adattamenti. Nessuna preoccupazione: la qualit\u00e0 e la garanzia del prodotto non ne risentono<\/small><\/p>\n<p><span style=\"text-decoration: underline;\"><strong>Ecosistema R8 Fury<\/strong><\/span><\/p>\n<table width=\"814\">\n<tbody>\n<tr>\n<th>OPLITE<\/th>\n<th>Item No.<\/th>\n<th>Commercial Name GTIN<\/th>\n<\/tr>\n<tr>\n<td>OP-R8-CHB<\/td>\n<td>CHASSIS COCKPIT R8 FURY BLACK<\/td>\n<td>3770031134445<\/td>\n<\/tr>\n<tr>\n<td>OP-R8-CHW<\/td>\n<td>CHASSIS COCKPIT R8 FURY WHITE<\/td>\n<td>3770031134452<\/td>\n<\/tr>\n<tr>\n<td>OP-R8-B<\/td>\n<td>COCKPIT R8 FURY BLACK<\/td>\n<td>3770031134438<\/td>\n<\/tr>\n<tr>\n<td>OP-R8-W<\/td>\n<td>COCKPIT R8 FURY WHITE<\/td>\n<td>3770031134421<\/td>\n<\/tr>\n<tr>\n<td><strong>OP-R8-HBB<\/strong><\/td>\n<td><strong>R8 GEAR SHIFT HANDBRAKE HOLDER BLACK<\/strong><\/td>\n<td><strong>3770031134414<\/strong><\/td>\n<\/tr>\n<tr>\n<td>OP-R8-HBW<\/td>\n<td>R8 GEAR SHIFT HANDBRAKE HOLDER WHITE<\/td>\n<td>3770031134407<\/td>\n<\/tr>\n<tr>\n<td>OP-R8-CW<\/td>\n<td>R8 SUPREME CASTOR WHEEL<\/td>\n<td>3770031134391<\/td>\n<\/tr>\n<tr>\n<td>OP-R8-MKTB<\/td>\n<td>R8 KEYBOARD &amp; MOUSE TRAY BLACK<\/td>\n<td>3770031134377<\/td>\n<\/tr>\n<tr>\n<td>OP-R8-MKTW<\/td>\n<td>R8 KEYBOARD &amp; MOUSE TRAY WHITE<\/td>\n<td>3770031134544<\/td>\n<\/tr>\n<tr>\n<td>OP-R8-CPUHB<\/td>\n<td>R8 CPU HOLDER R8 BLACK<\/td>\n<td>3770031134360<\/td>\n<\/tr>\n<tr>\n<td>OP-R8-CPUHW<\/td>\n<td>R8 CPU HOLDER R8 WHITE<\/td>\n<td>3770031134551<\/td>\n<\/tr>\n<tr>\n<td>OP-R8-SMMB<\/td>\n<td>R8 SINGLE MONITOR MOUNT BLACK<\/td>\n<td>3770031134384<\/td>\n<\/tr>\n<tr>\n<td>OP-R8-SMMW<\/td>\n<td>R8 SINGLE MONITOR MOUNT WHITE<\/td>\n<td>3770031134353<\/td>\n<\/tr>\n<tr>\n<td>OP-R8-SMSB<\/td>\n<td>R8 SINGLE MONITOR STAND<\/td>\n<td>3770031134346<\/td>\n<\/tr>\n<tr>\n<td>OP-R8-ETSM<\/td>\n<td>R8 EXTENSIONS TRIPLE SCREEN MOUNT<\/td>\n<td>3770031134339<\/td>\n<\/tr>\n<tr>\n<td>OP-R8-4MMB<\/td>\n<td>R8 ON TOP MONITOR MOUNT BLACK<\/td>\n<td>3770031134322<\/td>\n<\/tr>\n<tr>\n<td>OP-R8-4MMW<\/td>\n<td>R8 ON TOP MONITOR MOUNT WHITE<\/td>\n<td>3770031134568<\/td>\n<\/tr>\n<\/tbody>\n<\/table>\n","protected":false},"excerpt":{"rendered":"<p>Experto en el dise\u00f1o de productos ergon\u00f3micos para los sectores de oficina y gaming, OPLITE presenta su <strong>\u00faltimo soporte de palanca de cambios y freno de mano<\/strong> para tu R8 FURY.<\/p>\n","protected":false},"featured_media":44932,"template":"","meta":{"_acf_changed":false,"_themeisle_gutenberg_block_has_review":false,"footnotes":""},"product_brand":[],"product_cat":[806,889,731],"product_tag":[811],"class_list":{"0":"post-45855","1":"product","2":"type-product","3":"status-publish","4":"has-post-thumbnail","6":"product_cat-cockpit-r8-fury-black-es","7":"product_cat-r8-fury-es","8":"product_cat-simuladores","9":"product_tag-r8-fury-es","11":"first","12":"instock","13":"taxable","14":"shipping-taxable","15":"purchasable","16":"product-type-simple"},"bundled_by":[],"bundle_stock_status":"instock","bundle_stock_quantity":294,"bundle_virtual":false,"bundle_layout":"","bundle_add_to_cart_form_location":"","bundle_editable_in_cart":false,"bundle_sold_individually_context":"","bundle_item_grouping":"","bundle_min_size":"","bundle_max_size":"","bundle_price":[],"bundled_items":[],"bundle_sell_ids":[],"acf":[],"yoast_head":"<!-- This site is optimized with the Yoast SEO plugin v27.1.1 - https:\/\/yoast.com\/product\/yoast-seo-wordpress\/ -->\n<title>R8 Gear Shift Handbrake Holder Black - OPLITE<\/title>\n<meta name=\"robots\" content=\"index, follow, max-snippet:-1, max-image-preview:large, max-video-preview:-1\" \/>\n<link rel=\"canonical\" href=\"https:\/\/oplitegames.com\/es\/producto\/r8-gear-shift-handbrake-holder-black\/\" \/>\n<meta property=\"og:locale\" content=\"es_ES\" \/>\n<meta property=\"og:type\" content=\"article\" \/>\n<meta property=\"og:title\" content=\"R8 Gear Shift Handbrake Holder Black - OPLITE\" \/>\n<meta property=\"og:description\" content=\"Experto en el dise\u00f1o de productos ergon\u00f3micos para los sectores de oficina y gaming, OPLITE presenta su \u00faltimo soporte de palanca de cambios y freno de mano para tu R8 FURY.\" \/>\n<meta property=\"og:url\" content=\"https:\/\/oplitegames.com\/es\/producto\/r8-gear-shift-handbrake-holder-black\/\" \/>\n<meta property=\"og:site_name\" content=\"OPLITE\" \/>\n<meta property=\"article:modified_time\" content=\"2026-04-04T04:12:19+00:00\" \/>\n<meta property=\"og:image\" content=\"https:\/\/oplitegames.com\/wp-content\/uploads\/OPLITE-R8-GEAR-SHIFT-HANDBRAKE-HOLDER-BLACK-OP-R8-HBB_01.png\" \/>\n\t<meta property=\"og:image:width\" content=\"2750\" \/>\n\t<meta property=\"og:image:height\" content=\"2750\" \/>\n\t<meta property=\"og:image:type\" content=\"image\/png\" \/>\n<meta name=\"twitter:card\" content=\"summary_large_image\" \/>\n<meta name=\"twitter:label1\" content=\"Price\" \/>\n\t<meta name=\"twitter:data1\" content=\"79,90&nbsp;&euro;\" \/>\n\t<meta name=\"twitter:label2\" content=\"Availability\" \/>\n\t<meta name=\"twitter:data2\" content=\"In stock\" \/>\n<script type=\"application\/ld+json\" class=\"yoast-schema-graph\">{\"@context\":\"https:\/\/schema.org\",\"@graph\":[{\"@type\":\"WebPage\",\"@id\":\"https:\/\/oplitegames.com\/es\/producto\/r8-gear-shift-handbrake-holder-black\/\",\"url\":\"https:\/\/oplitegames.com\/es\/producto\/r8-gear-shift-handbrake-holder-black\/\",\"name\":\"R8 Gear Shift Handbrake Holder Black - OPLITE\",\"isPartOf\":{\"@id\":\"https:\/\/oplitegames.com\/#website\"},\"primaryImageOfPage\":{\"@id\":\"https:\/\/oplitegames.com\/es\/producto\/r8-gear-shift-handbrake-holder-black\/#primaryimage\"},\"image\":{\"@id\":\"https:\/\/oplitegames.com\/es\/producto\/r8-gear-shift-handbrake-holder-black\/#primaryimage\"},\"thumbnailUrl\":\"https:\/\/oplitegames.com\/wp-content\/uploads\/OPLITE-R8-GEAR-SHIFT-HANDBRAKE-HOLDER-BLACK-OP-R8-HBB_01.png\",\"datePublished\":\"2025-01-28T02:00:11+00:00\",\"dateModified\":\"2026-04-04T04:12:19+00:00\",\"breadcrumb\":{\"@id\":\"https:\/\/oplitegames.com\/es\/producto\/r8-gear-shift-handbrake-holder-black\/#breadcrumb\"},\"inLanguage\":\"es\",\"potentialAction\":[{\"@type\":\"ReadAction\",\"target\":[\"https:\/\/oplitegames.com\/es\/producto\/r8-gear-shift-handbrake-holder-black\/\"]}]},{\"@type\":\"ImageObject\",\"inLanguage\":\"es\",\"@id\":\"https:\/\/oplitegames.com\/es\/producto\/r8-gear-shift-handbrake-holder-black\/#primaryimage\",\"url\":\"https:\/\/oplitegames.com\/wp-content\/uploads\/OPLITE-R8-GEAR-SHIFT-HANDBRAKE-HOLDER-BLACK-OP-R8-HBB_01.png\",\"contentUrl\":\"https:\/\/oplitegames.com\/wp-content\/uploads\/OPLITE-R8-GEAR-SHIFT-HANDBRAKE-HOLDER-BLACK-OP-R8-HBB_01.png\",\"width\":2750,\"height\":2750},{\"@type\":\"BreadcrumbList\",\"@id\":\"https:\/\/oplitegames.com\/es\/producto\/r8-gear-shift-handbrake-holder-black\/#breadcrumb\",\"itemListElement\":[{\"@type\":\"ListItem\",\"position\":1,\"name\":\"Comercio\",\"item\":\"https:\/\/oplitegames.com\/es\/comercio\/\"},{\"@type\":\"ListItem\",\"position\":2,\"name\":\"R8 Gear Shift Handbrake Holder Black\"}]},{\"@type\":\"WebSite\",\"@id\":\"https:\/\/oplitegames.com\/#website\",\"url\":\"https:\/\/oplitegames.com\/\",\"name\":\"OPLITE\",\"description\":\"\",\"publisher\":{\"@id\":\"https:\/\/oplitegames.com\/#organization\"},\"alternateName\":\"Oplite\",\"potentialAction\":[{\"@type\":\"SearchAction\",\"target\":{\"@type\":\"EntryPoint\",\"urlTemplate\":\"https:\/\/oplitegames.com\/?s={search_term_string}\"},\"query-input\":{\"@type\":\"PropertyValueSpecification\",\"valueRequired\":true,\"valueName\":\"search_term_string\"}}],\"inLanguage\":\"es\"},{\"@type\":\"Organization\",\"@id\":\"https:\/\/oplitegames.com\/#organization\",\"name\":\"OPLITE\",\"alternateName\":\"Oplite\",\"url\":\"https:\/\/oplitegames.com\/\",\"logo\":{\"@type\":\"ImageObject\",\"inLanguage\":\"es\",\"@id\":\"https:\/\/oplitegames.com\/#\/schema\/logo\/image\/\",\"url\":\"https:\/\/oplitegames.com\/wp-content\/uploads\/cropped-Favicon_oplite.jpg\",\"contentUrl\":\"https:\/\/oplitegames.com\/wp-content\/uploads\/cropped-Favicon_oplite.jpg\",\"width\":512,\"height\":512,\"caption\":\"OPLITE\"},\"image\":{\"@id\":\"https:\/\/oplitegames.com\/#\/schema\/logo\/image\/\"}}]}<\/script>\n<meta property=\"product:price:amount\" content=\"79.90\" \/>\n<meta property=\"product:price:currency\" content=\"EUR\" \/>\n<meta property=\"og:availability\" content=\"instock\" \/>\n<meta property=\"product:availability\" content=\"instock\" \/>\n<meta property=\"product:retailer_item_id\" content=\"101266\" \/>\n<meta property=\"product:condition\" content=\"new\" \/>\n<!-- \/ Yoast SEO plugin. -->","yoast_head_json":{"title":"R8 Gear Shift Handbrake Holder Black - OPLITE","robots":{"index":"index","follow":"follow","max-snippet":"max-snippet:-1","max-image-preview":"max-image-preview:large","max-video-preview":"max-video-preview:-1"},"canonical":"https:\/\/oplitegames.com\/es\/producto\/r8-gear-shift-handbrake-holder-black\/","og_locale":"es_ES","og_type":"article","og_title":"R8 Gear Shift Handbrake Holder Black - OPLITE","og_description":"Experto en el dise\u00f1o de productos ergon\u00f3micos para los sectores de oficina y gaming, OPLITE presenta su \u00faltimo soporte de palanca de cambios y freno de mano para tu R8 FURY.","og_url":"https:\/\/oplitegames.com\/es\/producto\/r8-gear-shift-handbrake-holder-black\/","og_site_name":"OPLITE","article_modified_time":"2026-04-04T04:12:19+00:00","og_image":[{"width":2750,"height":2750,"url":"https:\/\/oplitegames.com\/wp-content\/uploads\/OPLITE-R8-GEAR-SHIFT-HANDBRAKE-HOLDER-BLACK-OP-R8-HBB_01.png","type":"image\/png"}],"twitter_card":"summary_large_image","twitter_misc":{"Price":"79,90&nbsp;&euro;","Availability":"In stock"},"schema":{"@context":"https:\/\/schema.org","@graph":[{"@type":"WebPage","@id":"https:\/\/oplitegames.com\/es\/producto\/r8-gear-shift-handbrake-holder-black\/","url":"https:\/\/oplitegames.com\/es\/producto\/r8-gear-shift-handbrake-holder-black\/","name":"R8 Gear Shift Handbrake Holder Black - OPLITE","isPartOf":{"@id":"https:\/\/oplitegames.com\/#website"},"primaryImageOfPage":{"@id":"https:\/\/oplitegames.com\/es\/producto\/r8-gear-shift-handbrake-holder-black\/#primaryimage"},"image":{"@id":"https:\/\/oplitegames.com\/es\/producto\/r8-gear-shift-handbrake-holder-black\/#primaryimage"},"thumbnailUrl":"https:\/\/oplitegames.com\/wp-content\/uploads\/OPLITE-R8-GEAR-SHIFT-HANDBRAKE-HOLDER-BLACK-OP-R8-HBB_01.png","datePublished":"2025-01-28T02:00:11+00:00","dateModified":"2026-04-04T04:12:19+00:00","breadcrumb":{"@id":"https:\/\/oplitegames.com\/es\/producto\/r8-gear-shift-handbrake-holder-black\/#breadcrumb"},"inLanguage":"es","potentialAction":[{"@type":"ReadAction","target":["https:\/\/oplitegames.com\/es\/producto\/r8-gear-shift-handbrake-holder-black\/"]}]},{"@type":"ImageObject","inLanguage":"es","@id":"https:\/\/oplitegames.com\/es\/producto\/r8-gear-shift-handbrake-holder-black\/#primaryimage","url":"https:\/\/oplitegames.com\/wp-content\/uploads\/OPLITE-R8-GEAR-SHIFT-HANDBRAKE-HOLDER-BLACK-OP-R8-HBB_01.png","contentUrl":"https:\/\/oplitegames.com\/wp-content\/uploads\/OPLITE-R8-GEAR-SHIFT-HANDBRAKE-HOLDER-BLACK-OP-R8-HBB_01.png","width":2750,"height":2750},{"@type":"BreadcrumbList","@id":"https:\/\/oplitegames.com\/es\/producto\/r8-gear-shift-handbrake-holder-black\/#breadcrumb","itemListElement":[{"@type":"ListItem","position":1,"name":"Comercio","item":"https:\/\/oplitegames.com\/es\/comercio\/"},{"@type":"ListItem","position":2,"name":"R8 Gear Shift Handbrake Holder Black"}]},{"@type":"WebSite","@id":"https:\/\/oplitegames.com\/#website","url":"https:\/\/oplitegames.com\/","name":"OPLITE","description":"","publisher":{"@id":"https:\/\/oplitegames.com\/#organization"},"alternateName":"Oplite","potentialAction":[{"@type":"SearchAction","target":{"@type":"EntryPoint","urlTemplate":"https:\/\/oplitegames.com\/?s={search_term_string}"},"query-input":{"@type":"PropertyValueSpecification","valueRequired":true,"valueName":"search_term_string"}}],"inLanguage":"es"},{"@type":"Organization","@id":"https:\/\/oplitegames.com\/#organization","name":"OPLITE","alternateName":"Oplite","url":"https:\/\/oplitegames.com\/","logo":{"@type":"ImageObject","inLanguage":"es","@id":"https:\/\/oplitegames.com\/#\/schema\/logo\/image\/","url":"https:\/\/oplitegames.com\/wp-content\/uploads\/cropped-Favicon_oplite.jpg","contentUrl":"https:\/\/oplitegames.com\/wp-content\/uploads\/cropped-Favicon_oplite.jpg","width":512,"height":512,"caption":"OPLITE"},"image":{"@id":"https:\/\/oplitegames.com\/#\/schema\/logo\/image\/"}}]},"product_price_amount":"79.90","product_price_currency":"EUR","og_availability":"instock","product_availability":"instock","product_retailer_item_id":"101266","product_condition":"new"},"_links":{"self":[{"href":"https:\/\/oplitegames.com\/es\/wp-json\/wp\/v2\/product\/45855","targetHints":{"allow":["GET"]}}],"collection":[{"href":"https:\/\/oplitegames.com\/es\/wp-json\/wp\/v2\/product"}],"about":[{"href":"https:\/\/oplitegames.com\/es\/wp-json\/wp\/v2\/types\/product"}],"version-history":[{"count":4,"href":"https:\/\/oplitegames.com\/es\/wp-json\/wp\/v2\/product\/45855\/revisions"}],"predecessor-version":[{"id":48815,"href":"https:\/\/oplitegames.com\/es\/wp-json\/wp\/v2\/product\/45855\/revisions\/48815"}],"wp:featuredmedia":[{"embeddable":true,"href":"https:\/\/oplitegames.com\/es\/wp-json\/wp\/v2\/media\/44932"}],"wp:attachment":[{"href":"https:\/\/oplitegames.com\/es\/wp-json\/wp\/v2\/media?parent=45855"}],"wp:term":[{"taxonomy":"product_brand","embeddable":true,"href":"https:\/\/oplitegames.com\/es\/wp-json\/wp\/v2\/product_brand?post=45855"},{"taxonomy":"product_cat","embeddable":true,"href":"https:\/\/oplitegames.com\/es\/wp-json\/wp\/v2\/product_cat?post=45855"},{"taxonomy":"product_tag","embeddable":true,"href":"https:\/\/oplitegames.com\/es\/wp-json\/wp\/v2\/product_tag?post=45855"}],"curies":[{"name":"wp","href":"https:\/\/api.w.org\/{rel}","templated":true}]}}