{"id":45881,"date":"2025-01-28T03:00:15","date_gmt":"2025-01-28T02:00:15","guid":{"rendered":"https:\/\/oplitegames.com\/?post_type=product&#038;p=45881"},"modified":"2026-04-02T20:42:50","modified_gmt":"2026-04-02T18:42:50","slug":"r8-cpu-holder-r8-black","status":"publish","type":"product","link":"https:\/\/oplitegames.com\/es\/producto\/r8-cpu-holder-r8-black\/","title":{"rendered":"R8 CPU Holder R8 Black"},"content":{"rendered":"<p>El <strong>soporte para CPU R8<\/strong> es un accesorio dise\u00f1ado inicialmente para jugadores de PC. Admite una CPU de tama\u00f1o medio, de hasta 600 mm de largo por 280 mm de ancho, o una consola de juegos. Se acopla f\u00e1cilmente al soporte para un solo monitor R8 o al soporte para un solo monitor R8. Este accesorio consta de una placa de acero E355 de 2 mm de grosor y dos correas de nailon para sujetar con seguridad la CPU o la consola.<\/p>\n<p><span style=\"text-decoration: underline;\"><strong>Puntos Fuertes<\/strong><\/span><br \/>\n\u2022 Ideal para completar la configuraci\u00f3n de su R8 FURY<br \/>\n\u2022 Instalaci\u00f3n r\u00e1pida y ultra r\u00edgida<br \/>\n\u2022 Compatible con una amplia gama de CPUs y consolas<\/p>\n<p><span style=\"text-decoration: underline;\"><strong>Caracter\u00edsticas t\u00e9cnicas<\/strong><\/span><br \/>\n<strong>Bastidor de recepci\u00f3n :<\/strong><br \/>\n\u2022 Estructura de acero tipo E355, 2 mm de espesor<br \/>\n<strong>Fijaci\u00f3n de la unidad central :<\/strong><br \/>\n\u2022 con correas dobles de nylon<\/p>\n<p><span style=\"text-decoration: underline;\"><strong>Ecosistema:<\/strong><\/span><br \/>\n\u2022 Desde el lanzamiento del R8 FURY, una amplia gama de productos OPLITE est\u00e1 disponible para dise\u00f1ar su ecosistema<br \/>\n<strong>Compatible :<\/strong><br \/>\n&gt; SOPORTE PARA UN MONITOR R8<br \/>\n&gt; SOPORTE DE MONITOR \u00daNICO R8<\/p>\n<p><span style=\"text-decoration: underline;\"><strong>Compatibilidad de la unidad central<\/strong><\/span><\/p>\n<table width=\"478\">\n<tbody>\n<tr>\n<th>Informaci\u00f3n<\/th>\n<th>Datos t\u00e9cnicos<\/th>\n<\/tr>\n<tr>\n<td>DIMENSIONES DE LA BANDEJA<\/td>\n<td>600mm x 300mm<\/td>\n<\/tr>\n<tr>\n<td>PESO M\u00c1XIMO<\/td>\n<td>30Kg<\/td>\n<\/tr>\n<\/tbody>\n<\/table>\n<p><span style=\"text-decoration: underline;\"><strong>Ecosistema R8 Fury<\/strong><\/span><\/p>\n<table>\n<tbody>\n<tr>\n<th>OPLITE<\/th>\n<th>Item No.<\/th>\n<th>Commercial Name GTIN<\/th>\n<\/tr>\n<tr>\n<td>OP-R8-CHB<\/td>\n<td>CHASSIS COCKPIT R8 FURY BLACK<\/td>\n<td>3770031134445<\/td>\n<\/tr>\n<tr>\n<td>OP-R8-CHW<\/td>\n<td>CHASSIS COCKPIT R8 FURY WHITE<\/td>\n<td>3770031134452<\/td>\n<\/tr>\n<tr>\n<td>OP-R8-B<\/td>\n<td>COCKPIT R8 FURY BLACK<\/td>\n<td>3770031134438<\/td>\n<\/tr>\n<tr>\n<td>OP-R8-W<\/td>\n<td>COCKPIT R8 FURY WHITE<\/td>\n<td>3770031134421<\/td>\n<\/tr>\n<tr>\n<td>OP-R8-HBB<\/td>\n<td>R8 GEAR SHIFT HANDBRAKE HOLDER BLACK<\/td>\n<td>3770031134414<\/td>\n<\/tr>\n<tr>\n<td>OP-R8-HBW<\/td>\n<td>R8 GEAR SHIFT HANDBRAKE HOLDER WHITE<\/td>\n<td>3770031134407<\/td>\n<\/tr>\n<tr>\n<td>OP-R8-CW<\/td>\n<td>R8 SUPREME CASTOR WHEEL<\/td>\n<td>3770031134391<\/td>\n<\/tr>\n<tr>\n<td>OP-R8-MKTB<\/td>\n<td>R8 KEYBOARD &amp; MOUSE TRAY BLACK<\/td>\n<td>3770031134377<\/td>\n<\/tr>\n<tr>\n<td>OP-R8-MKTW<\/td>\n<td>R8 KEYBOARD &amp; MOUSE TRAY WHITE<\/td>\n<td>3770031134544<\/td>\n<\/tr>\n<tr>\n<td><strong>OP-R8-CPUHB<\/strong><\/td>\n<td><strong>R8 CPU HOLDER R8 BLACK<br \/>\n<\/strong><\/td>\n<td><strong>3770031134360<\/strong><\/td>\n<\/tr>\n<tr>\n<td>OP-R8-CPUHW<\/td>\n<td>R8 CPU HOLDER R8 WHITE<strong><br \/>\n<\/strong><\/td>\n<td>3770031134551<\/td>\n<\/tr>\n<tr>\n<td>OP-R8-SMMB<\/td>\n<td>R8 SINGLE MONITOR MOUNT BLACK<\/td>\n<td>3770031134384<\/td>\n<\/tr>\n<tr>\n<td>OP-R8-SMMW<\/td>\n<td>R8 SINGLE MONITOR MOUNT WHITE<\/td>\n<td>3770031134353<\/td>\n<\/tr>\n<tr>\n<td>OP-R8-SMSB<\/td>\n<td>R8 SINGLE MONITOR STAND<\/td>\n<td>3770031134346<\/td>\n<\/tr>\n<tr>\n<td>OP-R8-ETSM<\/td>\n<td>R8 EXTENSIONS TRIPLE SCREEN MOUNT<\/td>\n<td>3770031134339<\/td>\n<\/tr>\n<tr>\n<td>OP-R8-4MMB<\/td>\n<td>R8 ON TOP MONITOR MOUNT BLACK<\/td>\n<td>3770031134322<\/td>\n<\/tr>\n<tr>\n<td>OP-R8-4MMW<\/td>\n<td>R8 ON TOP MONITOR MOUNT WHITE<\/td>\n<td>3770031134568<\/td>\n<\/tr>\n<\/tbody>\n<\/table>\n","protected":false},"excerpt":{"rendered":"<p>Expertos en el dise\u00f1o de productos ergon\u00f3micos para la oficina y el gaming, OPLITE presenta el <strong>Soporte CPU R8<\/strong> para tu R8 Fury.<\/p>\n","protected":false},"featured_media":45068,"template":"","meta":{"_acf_changed":false,"_themeisle_gutenberg_block_has_review":false,"footnotes":""},"product_brand":[],"product_cat":[806,889,731],"product_tag":[811],"class_list":{"0":"post-45881","1":"product","2":"type-product","3":"status-publish","4":"has-post-thumbnail","6":"product_cat-cockpit-r8-fury-black-es","7":"product_cat-r8-fury-es","8":"product_cat-simuladores","9":"product_tag-r8-fury-es","11":"first","12":"instock","13":"taxable","14":"shipping-taxable","15":"purchasable","16":"product-type-simple"},"bundled_by":[],"bundle_stock_status":"instock","bundle_stock_quantity":178,"bundle_virtual":false,"bundle_layout":"","bundle_add_to_cart_form_location":"","bundle_editable_in_cart":false,"bundle_sold_individually_context":"","bundle_item_grouping":"","bundle_min_size":"","bundle_max_size":"","bundle_price":[],"bundled_items":[],"bundle_sell_ids":[],"acf":[],"yoast_head":"<!-- This site is optimized with the Yoast SEO plugin v27.1.1 - https:\/\/yoast.com\/product\/yoast-seo-wordpress\/ -->\n<title>R8 CPU Holder R8 Black - OPLITE<\/title>\n<meta name=\"robots\" content=\"index, follow, max-snippet:-1, max-image-preview:large, max-video-preview:-1\" \/>\n<link rel=\"canonical\" href=\"https:\/\/oplitegames.com\/es\/producto\/r8-cpu-holder-r8-black\/\" \/>\n<meta property=\"og:locale\" content=\"es_ES\" \/>\n<meta property=\"og:type\" content=\"article\" \/>\n<meta property=\"og:title\" content=\"R8 CPU Holder R8 Black - OPLITE\" \/>\n<meta property=\"og:description\" content=\"Expertos en el dise\u00f1o de productos ergon\u00f3micos para la oficina y el gaming, OPLITE presenta el Soporte CPU R8 para tu R8 Fury.\" \/>\n<meta property=\"og:url\" content=\"https:\/\/oplitegames.com\/es\/producto\/r8-cpu-holder-r8-black\/\" \/>\n<meta property=\"og:site_name\" content=\"OPLITE\" \/>\n<meta property=\"article:modified_time\" content=\"2026-04-02T18:42:50+00:00\" \/>\n<meta property=\"og:image\" content=\"https:\/\/oplitegames.com\/wp-content\/uploads\/OPLITE-R8-CPU-HOLDER-R8-BLACK-OP-R8-CPUHB_01.png\" \/>\n\t<meta property=\"og:image:width\" content=\"2750\" \/>\n\t<meta property=\"og:image:height\" content=\"2750\" \/>\n\t<meta property=\"og:image:type\" content=\"image\/png\" \/>\n<meta name=\"twitter:card\" content=\"summary_large_image\" \/>\n<meta name=\"twitter:label1\" content=\"Price\" \/>\n\t<meta name=\"twitter:data1\" content=\"49,90&nbsp;&euro;\" \/>\n\t<meta name=\"twitter:label2\" content=\"Availability\" \/>\n\t<meta name=\"twitter:data2\" content=\"In stock\" \/>\n<script type=\"application\/ld+json\" class=\"yoast-schema-graph\">{\"@context\":\"https:\/\/schema.org\",\"@graph\":[{\"@type\":\"WebPage\",\"@id\":\"https:\/\/oplitegames.com\/es\/producto\/r8-cpu-holder-r8-black\/\",\"url\":\"https:\/\/oplitegames.com\/es\/producto\/r8-cpu-holder-r8-black\/\",\"name\":\"R8 CPU Holder R8 Black - OPLITE\",\"isPartOf\":{\"@id\":\"https:\/\/oplitegames.com\/#website\"},\"primaryImageOfPage\":{\"@id\":\"https:\/\/oplitegames.com\/es\/producto\/r8-cpu-holder-r8-black\/#primaryimage\"},\"image\":{\"@id\":\"https:\/\/oplitegames.com\/es\/producto\/r8-cpu-holder-r8-black\/#primaryimage\"},\"thumbnailUrl\":\"https:\/\/oplitegames.com\/wp-content\/uploads\/OPLITE-R8-CPU-HOLDER-R8-BLACK-OP-R8-CPUHB_01.png\",\"datePublished\":\"2025-01-28T02:00:15+00:00\",\"dateModified\":\"2026-04-02T18:42:50+00:00\",\"breadcrumb\":{\"@id\":\"https:\/\/oplitegames.com\/es\/producto\/r8-cpu-holder-r8-black\/#breadcrumb\"},\"inLanguage\":\"es\",\"potentialAction\":[{\"@type\":\"ReadAction\",\"target\":[\"https:\/\/oplitegames.com\/es\/producto\/r8-cpu-holder-r8-black\/\"]}]},{\"@type\":\"ImageObject\",\"inLanguage\":\"es\",\"@id\":\"https:\/\/oplitegames.com\/es\/producto\/r8-cpu-holder-r8-black\/#primaryimage\",\"url\":\"https:\/\/oplitegames.com\/wp-content\/uploads\/OPLITE-R8-CPU-HOLDER-R8-BLACK-OP-R8-CPUHB_01.png\",\"contentUrl\":\"https:\/\/oplitegames.com\/wp-content\/uploads\/OPLITE-R8-CPU-HOLDER-R8-BLACK-OP-R8-CPUHB_01.png\",\"width\":2750,\"height\":2750},{\"@type\":\"BreadcrumbList\",\"@id\":\"https:\/\/oplitegames.com\/es\/producto\/r8-cpu-holder-r8-black\/#breadcrumb\",\"itemListElement\":[{\"@type\":\"ListItem\",\"position\":1,\"name\":\"Comercio\",\"item\":\"https:\/\/oplitegames.com\/es\/comercio\/\"},{\"@type\":\"ListItem\",\"position\":2,\"name\":\"R8 CPU Holder R8 Black\"}]},{\"@type\":\"WebSite\",\"@id\":\"https:\/\/oplitegames.com\/#website\",\"url\":\"https:\/\/oplitegames.com\/\",\"name\":\"OPLITE\",\"description\":\"\",\"publisher\":{\"@id\":\"https:\/\/oplitegames.com\/#organization\"},\"alternateName\":\"Oplite\",\"potentialAction\":[{\"@type\":\"SearchAction\",\"target\":{\"@type\":\"EntryPoint\",\"urlTemplate\":\"https:\/\/oplitegames.com\/?s={search_term_string}\"},\"query-input\":{\"@type\":\"PropertyValueSpecification\",\"valueRequired\":true,\"valueName\":\"search_term_string\"}}],\"inLanguage\":\"es\"},{\"@type\":\"Organization\",\"@id\":\"https:\/\/oplitegames.com\/#organization\",\"name\":\"OPLITE\",\"alternateName\":\"Oplite\",\"url\":\"https:\/\/oplitegames.com\/\",\"logo\":{\"@type\":\"ImageObject\",\"inLanguage\":\"es\",\"@id\":\"https:\/\/oplitegames.com\/#\/schema\/logo\/image\/\",\"url\":\"https:\/\/oplitegames.com\/wp-content\/uploads\/cropped-Favicon_oplite.jpg\",\"contentUrl\":\"https:\/\/oplitegames.com\/wp-content\/uploads\/cropped-Favicon_oplite.jpg\",\"width\":512,\"height\":512,\"caption\":\"OPLITE\"},\"image\":{\"@id\":\"https:\/\/oplitegames.com\/#\/schema\/logo\/image\/\"}}]}<\/script>\n<meta property=\"product:price:amount\" content=\"49.90\" \/>\n<meta property=\"product:price:currency\" content=\"EUR\" \/>\n<meta property=\"og:availability\" content=\"instock\" \/>\n<meta property=\"product:availability\" content=\"instock\" \/>\n<meta property=\"product:retailer_item_id\" content=\"101270\" \/>\n<meta property=\"product:condition\" content=\"new\" \/>\n<!-- \/ Yoast SEO plugin. -->","yoast_head_json":{"title":"R8 CPU Holder R8 Black - OPLITE","robots":{"index":"index","follow":"follow","max-snippet":"max-snippet:-1","max-image-preview":"max-image-preview:large","max-video-preview":"max-video-preview:-1"},"canonical":"https:\/\/oplitegames.com\/es\/producto\/r8-cpu-holder-r8-black\/","og_locale":"es_ES","og_type":"article","og_title":"R8 CPU Holder R8 Black - OPLITE","og_description":"Expertos en el dise\u00f1o de productos ergon\u00f3micos para la oficina y el gaming, OPLITE presenta el Soporte CPU R8 para tu R8 Fury.","og_url":"https:\/\/oplitegames.com\/es\/producto\/r8-cpu-holder-r8-black\/","og_site_name":"OPLITE","article_modified_time":"2026-04-02T18:42:50+00:00","og_image":[{"width":2750,"height":2750,"url":"https:\/\/oplitegames.com\/wp-content\/uploads\/OPLITE-R8-CPU-HOLDER-R8-BLACK-OP-R8-CPUHB_01.png","type":"image\/png"}],"twitter_card":"summary_large_image","twitter_misc":{"Price":"49,90&nbsp;&euro;","Availability":"In stock"},"schema":{"@context":"https:\/\/schema.org","@graph":[{"@type":"WebPage","@id":"https:\/\/oplitegames.com\/es\/producto\/r8-cpu-holder-r8-black\/","url":"https:\/\/oplitegames.com\/es\/producto\/r8-cpu-holder-r8-black\/","name":"R8 CPU Holder R8 Black - OPLITE","isPartOf":{"@id":"https:\/\/oplitegames.com\/#website"},"primaryImageOfPage":{"@id":"https:\/\/oplitegames.com\/es\/producto\/r8-cpu-holder-r8-black\/#primaryimage"},"image":{"@id":"https:\/\/oplitegames.com\/es\/producto\/r8-cpu-holder-r8-black\/#primaryimage"},"thumbnailUrl":"https:\/\/oplitegames.com\/wp-content\/uploads\/OPLITE-R8-CPU-HOLDER-R8-BLACK-OP-R8-CPUHB_01.png","datePublished":"2025-01-28T02:00:15+00:00","dateModified":"2026-04-02T18:42:50+00:00","breadcrumb":{"@id":"https:\/\/oplitegames.com\/es\/producto\/r8-cpu-holder-r8-black\/#breadcrumb"},"inLanguage":"es","potentialAction":[{"@type":"ReadAction","target":["https:\/\/oplitegames.com\/es\/producto\/r8-cpu-holder-r8-black\/"]}]},{"@type":"ImageObject","inLanguage":"es","@id":"https:\/\/oplitegames.com\/es\/producto\/r8-cpu-holder-r8-black\/#primaryimage","url":"https:\/\/oplitegames.com\/wp-content\/uploads\/OPLITE-R8-CPU-HOLDER-R8-BLACK-OP-R8-CPUHB_01.png","contentUrl":"https:\/\/oplitegames.com\/wp-content\/uploads\/OPLITE-R8-CPU-HOLDER-R8-BLACK-OP-R8-CPUHB_01.png","width":2750,"height":2750},{"@type":"BreadcrumbList","@id":"https:\/\/oplitegames.com\/es\/producto\/r8-cpu-holder-r8-black\/#breadcrumb","itemListElement":[{"@type":"ListItem","position":1,"name":"Comercio","item":"https:\/\/oplitegames.com\/es\/comercio\/"},{"@type":"ListItem","position":2,"name":"R8 CPU Holder R8 Black"}]},{"@type":"WebSite","@id":"https:\/\/oplitegames.com\/#website","url":"https:\/\/oplitegames.com\/","name":"OPLITE","description":"","publisher":{"@id":"https:\/\/oplitegames.com\/#organization"},"alternateName":"Oplite","potentialAction":[{"@type":"SearchAction","target":{"@type":"EntryPoint","urlTemplate":"https:\/\/oplitegames.com\/?s={search_term_string}"},"query-input":{"@type":"PropertyValueSpecification","valueRequired":true,"valueName":"search_term_string"}}],"inLanguage":"es"},{"@type":"Organization","@id":"https:\/\/oplitegames.com\/#organization","name":"OPLITE","alternateName":"Oplite","url":"https:\/\/oplitegames.com\/","logo":{"@type":"ImageObject","inLanguage":"es","@id":"https:\/\/oplitegames.com\/#\/schema\/logo\/image\/","url":"https:\/\/oplitegames.com\/wp-content\/uploads\/cropped-Favicon_oplite.jpg","contentUrl":"https:\/\/oplitegames.com\/wp-content\/uploads\/cropped-Favicon_oplite.jpg","width":512,"height":512,"caption":"OPLITE"},"image":{"@id":"https:\/\/oplitegames.com\/#\/schema\/logo\/image\/"}}]},"product_price_amount":"49.90","product_price_currency":"EUR","og_availability":"instock","product_availability":"instock","product_retailer_item_id":"101270","product_condition":"new"},"_links":{"self":[{"href":"https:\/\/oplitegames.com\/es\/wp-json\/wp\/v2\/product\/45881","targetHints":{"allow":["GET"]}}],"collection":[{"href":"https:\/\/oplitegames.com\/es\/wp-json\/wp\/v2\/product"}],"about":[{"href":"https:\/\/oplitegames.com\/es\/wp-json\/wp\/v2\/types\/product"}],"version-history":[{"count":2,"href":"https:\/\/oplitegames.com\/es\/wp-json\/wp\/v2\/product\/45881\/revisions"}],"predecessor-version":[{"id":46422,"href":"https:\/\/oplitegames.com\/es\/wp-json\/wp\/v2\/product\/45881\/revisions\/46422"}],"wp:featuredmedia":[{"embeddable":true,"href":"https:\/\/oplitegames.com\/es\/wp-json\/wp\/v2\/media\/45068"}],"wp:attachment":[{"href":"https:\/\/oplitegames.com\/es\/wp-json\/wp\/v2\/media?parent=45881"}],"wp:term":[{"taxonomy":"product_brand","embeddable":true,"href":"https:\/\/oplitegames.com\/es\/wp-json\/wp\/v2\/product_brand?post=45881"},{"taxonomy":"product_cat","embeddable":true,"href":"https:\/\/oplitegames.com\/es\/wp-json\/wp\/v2\/product_cat?post=45881"},{"taxonomy":"product_tag","embeddable":true,"href":"https:\/\/oplitegames.com\/es\/wp-json\/wp\/v2\/product_tag?post=45881"}],"curies":[{"name":"wp","href":"https:\/\/api.w.org\/{rel}","templated":true}]}}