{"id":45896,"date":"2025-01-28T03:00:18","date_gmt":"2025-01-28T02:00:18","guid":{"rendered":"https:\/\/oplitegames.com\/?post_type=product&#038;p=45896"},"modified":"2026-04-05T12:39:02","modified_gmt":"2026-04-05T10:39:02","slug":"r8-extensions-triple-screen-mount","status":"publish","type":"product","link":"https:\/\/oplitegames.com\/es\/producto\/r8-extensions-triple-screen-mount\/","title":{"rendered":"R8 \/ S8 Extensions Triple Screen Mount"},"content":{"rendered":"<p>El kit &#8220;<strong>R8 \/ S8 Extensions Triple Screen Mount<\/strong>&#8221; permite transformar tu soporte de pantalla \u00fanica de la serie \u201cR8\u201d o \u201cGTR\u201d en un soporte para tres pantallas. Dise\u00f1ado para ofrecer una experiencia inmersiva m\u00e1xima, este kit se fija f\u00e1cilmente a tu soporte de monitor \u00fanico. Los dos paneles est\u00e1n fabricados en acero tipo<br \/>\nE355, con un di\u00e1metro de 35 mm y un grosor de 2mm. Este kit es compatible con una amplia gama de pantallas planas y curvas<\/p>\n<p><span style=\"text-decoration: underline;\"><strong>Puntos fuertes<\/strong><\/span><br \/>\n\u2022 Ideal para completar tu configuraci\u00f3n R8 FURY \/GTR<br \/>\n\u2022\u00a0Instalaci\u00f3n r\u00e1pida y ultra r\u00edgida<br \/>\n\u2022 Amplia compatibilidad con pantallas planas y curvas<\/p>\n<p><span style=\"text-decoration: underline;\"><strong>Especificaciones t\u00e9cnicas<\/strong><\/span><br \/>\n<strong>Tubos de conexi\u00f3n:<\/strong><br \/>\n\u2022 Estructura robusta de acero tubular tipo E355 con un di\u00e1metro de \u00d8 35 mm y un grosor de 2 mm<br \/>\n<strong>Marco receptor de la pantalla:<\/strong><br \/>\n\u2022 Estructura de acero tipo E355 con un grosor de 2 mm<br \/>\n<strong>Ajustes de la pantalla:<\/strong><br \/>\n\u2022 Ajustables seg\u00fan el tama\u00f1o de las pantallas y el formato plano e curvo<\/p>\n<p><span style=\"text-decoration: underline;\"><strong>Ecosistema:<\/strong><\/span><br \/>\n\u2022 Desde el lanzamiento del R8 FURY, una amplia gama de productos OPLITE est\u00e1 disponible para dise\u00f1ar su ecosistema<br \/>\n<strong>\u00a0Compatible con:<\/strong><br \/>\nR8 SINGLE MONITOR MOUNT<br \/>\nR8 SINGLE MONITOR STAND<br \/>\nMONITOR STAND GTR S3\/S8<\/p>\n<p><span style=\"text-decoration: underline;\"><strong>Compatibilidad con pantallas y televisores<\/strong><\/span><\/p>\n<table style=\"height: 170px;\" width=\"574\">\n<tbody>\n<tr>\n<th>Informaci\u00f3n<\/th>\n<th>Datos t\u00e9cnicos<\/th>\n<\/tr>\n<tr>\n<td>TAMA\u00d1O M\u00c1XIMO DEL TELEVISOR<\/td>\n<td>32&#8243; 16:9 plano o curvo<\/td>\n<\/tr>\n<tr>\n<td>TAMA\u00d1O M\u00c1XIMO DE LA PANTALLA<br \/>\nDEL PC<\/td>\n<td>32&#8243; 16:9 plano o curvo<\/td>\n<\/tr>\n<tr>\n<td>PESO M\u00c1XIMO<\/td>\n<td>2&#215;10 kg<\/td>\n<\/tr>\n<tr>\n<td>VESA<\/td>\n<td>75\u00d775,100\u00d7100,200\u00d7100,<br \/>\n200\u00d7200,300\u00d7200,400\u00d7200<\/td>\n<\/tr>\n<\/tbody>\n<\/table>\n<p><span style=\"text-decoration: underline;\"><strong>Ecosistema R8 Fury<\/strong><\/span><\/p>\n<table>\n<tbody>\n<tr>\n<th>OPLITE<\/th>\n<th>Item No.<\/th>\n<th>Commercial Name GTIN<\/th>\n<\/tr>\n<tr>\n<td>OP-R8-CHB<\/td>\n<td>CHASSIS COCKPIT R8 FURY BLACK<\/td>\n<td>3770031134445<\/td>\n<\/tr>\n<tr>\n<td>OP-R8-CHW<\/td>\n<td>CHASSIS COCKPIT R8 FURY WHITE<\/td>\n<td>3770031134452<\/td>\n<\/tr>\n<tr>\n<td>OP-R8-B<\/td>\n<td>COCKPIT R8 FURY BLACK<\/td>\n<td>3770031134438<\/td>\n<\/tr>\n<tr>\n<td>OP-R8-W<\/td>\n<td>COCKPIT R8 FURY WHITE<\/td>\n<td>3770031134421<\/td>\n<\/tr>\n<tr>\n<td>OP-R8-HBB<\/td>\n<td>R8 GEAR SHIFT HANDBRAKE HOLDER BLACK<\/td>\n<td>3770031134414<\/td>\n<\/tr>\n<tr>\n<td>OP-R8-HBW<\/td>\n<td>R8 GEAR SHIFT HANDBRAKE HOLDER WHITE<\/td>\n<td>3770031134407<\/td>\n<\/tr>\n<tr>\n<td>OP-R8-CW<\/td>\n<td>R8 SUPREME CASTOR WHEEL<\/td>\n<td>3770031134391<\/td>\n<\/tr>\n<tr>\n<td>OP-R8-MKTB<\/td>\n<td>R8 KEYBOARD &amp; MOUSE TRAY<\/td>\n<td>3770031134377<\/td>\n<\/tr>\n<tr>\n<td>OP-R8-MKTW<\/td>\n<td>R8 KEYBOARD &amp; MOUSE TRAY<\/td>\n<td>3770031134544<\/td>\n<\/tr>\n<tr>\n<td>OP-R8-CPUHB<\/td>\n<td>R8 CPU HOLDER R8<\/td>\n<td>3770031134360<\/td>\n<\/tr>\n<tr>\n<td>OP-R8-CPUHW<\/td>\n<td>R8 CPU HOLDER R8<\/td>\n<td>3770031134551<\/td>\n<\/tr>\n<tr>\n<td>OP-R8-SMMB<\/td>\n<td>R8 SINGLE MONITOR MOUNT BLACK<\/td>\n<td>3770031134384<\/td>\n<\/tr>\n<tr>\n<td>OP-R8-SMMW<\/td>\n<td>R8 SINGLE MONITOR MOUNT WHITE<\/td>\n<td>3770031134353<\/td>\n<\/tr>\n<tr>\n<td>OP-R8-SMSB<\/td>\n<td>R8 SINGLE MONITOR STAND<\/td>\n<td>3770031134346<\/td>\n<\/tr>\n<tr>\n<td><strong>OP-R8-ETSM<\/strong><\/td>\n<td><strong>R8 EXTENSIONS TRIPLE SCREEN MOUNT<\/strong><\/td>\n<td><strong>3770031134339<\/strong><\/td>\n<\/tr>\n<tr>\n<td>OP-R8-4MMB<\/td>\n<td>R8 ON TOP MONITOR MOUNT<\/td>\n<td>3770031134322<\/td>\n<\/tr>\n<tr>\n<td>OP-R8-4MMW<\/td>\n<td>R8 ON TOP MONITOR MOUNT<\/td>\n<td>3770031134568<\/td>\n<\/tr>\n<\/tbody>\n<\/table>\n","protected":false},"excerpt":{"rendered":"[embed]https:\/\/youtu.be\/yDJwHIkV1Tw[\/embed]\n<p>Como experto en dise\u00f1o de productos ergon\u00f3micos para los sectores de oficina y gaming, OPLITE presenta este kit de conversi\u00f3n de una a tres pantallas.<\/p>\n","protected":false},"featured_media":45268,"template":"","meta":{"_acf_changed":false,"_themeisle_gutenberg_block_has_review":false,"footnotes":""},"product_brand":[],"product_cat":[744,764,797,806,803,889,731],"product_tag":[811],"class_list":{"0":"post-45896","1":"product","2":"type-product","3":"status-publish","4":"has-post-thumbnail","6":"product_cat-cabina-gtr-s8-elite","7":"product_cat-cabina-gtr-s8-infinity-es","8":"product_cat-cockpit-s8-ultra-es","9":"product_cat-cockpit-r8-fury-black-es","10":"product_cat-cockpit-r8-fury-white-es","11":"product_cat-r8-fury-es","12":"product_cat-simuladores","13":"product_tag-r8-fury-es","15":"first","16":"instock","17":"taxable","18":"shipping-taxable","19":"purchasable","20":"product-type-simple"},"bundled_by":[],"bundle_stock_status":"instock","bundle_stock_quantity":9,"bundle_virtual":false,"bundle_layout":"","bundle_add_to_cart_form_location":"","bundle_editable_in_cart":false,"bundle_sold_individually_context":"","bundle_item_grouping":"","bundle_min_size":"","bundle_max_size":"","bundle_price":[],"bundled_items":[],"bundle_sell_ids":[],"acf":[],"yoast_head":"<!-- This site is optimized with the Yoast SEO plugin v27.1.1 - https:\/\/yoast.com\/product\/yoast-seo-wordpress\/ -->\n<title>R8 \/ S8 Extensions Triple Screen Mount - OPLITE<\/title>\n<meta name=\"robots\" content=\"index, follow, max-snippet:-1, max-image-preview:large, max-video-preview:-1\" \/>\n<link rel=\"canonical\" href=\"https:\/\/oplitegames.com\/es\/producto\/r8-extensions-triple-screen-mount\/\" \/>\n<meta property=\"og:locale\" content=\"es_ES\" \/>\n<meta property=\"og:type\" content=\"article\" \/>\n<meta property=\"og:title\" content=\"R8 \/ S8 Extensions Triple Screen Mount - OPLITE\" \/>\n<meta property=\"og:description\" content=\"Como experto en dise\u00f1o de productos ergon\u00f3micos para los sectores de oficina y gaming, OPLITE presenta este kit de conversi\u00f3n de una a tres pantallas.\" \/>\n<meta property=\"og:url\" content=\"https:\/\/oplitegames.com\/es\/producto\/r8-extensions-triple-screen-mount\/\" \/>\n<meta property=\"og:site_name\" content=\"OPLITE\" \/>\n<meta property=\"article:modified_time\" content=\"2026-04-05T10:39:02+00:00\" \/>\n<meta property=\"og:image\" content=\"https:\/\/oplitegames.com\/wp-content\/uploads\/OPLITE-R8-EXTENSIONS-TRIPLE-SCREEN-MOUNT-OP-R8-ETSM_01.png\" \/>\n\t<meta property=\"og:image:width\" content=\"2750\" \/>\n\t<meta property=\"og:image:height\" content=\"2750\" \/>\n\t<meta property=\"og:image:type\" content=\"image\/png\" \/>\n<meta name=\"twitter:card\" content=\"summary_large_image\" \/>\n<meta name=\"twitter:label1\" content=\"Price\" \/>\n\t<meta name=\"twitter:data1\" content=\"69,90&nbsp;&euro;\" \/>\n\t<meta name=\"twitter:label2\" content=\"Availability\" \/>\n\t<meta name=\"twitter:data2\" content=\"In stock\" \/>\n<script type=\"application\/ld+json\" class=\"yoast-schema-graph\">{\"@context\":\"https:\/\/schema.org\",\"@graph\":[{\"@type\":\"WebPage\",\"@id\":\"https:\/\/oplitegames.com\/es\/producto\/r8-extensions-triple-screen-mount\/\",\"url\":\"https:\/\/oplitegames.com\/es\/producto\/r8-extensions-triple-screen-mount\/\",\"name\":\"R8 \/ S8 Extensions Triple Screen Mount - OPLITE\",\"isPartOf\":{\"@id\":\"https:\/\/oplitegames.com\/#website\"},\"primaryImageOfPage\":{\"@id\":\"https:\/\/oplitegames.com\/es\/producto\/r8-extensions-triple-screen-mount\/#primaryimage\"},\"image\":{\"@id\":\"https:\/\/oplitegames.com\/es\/producto\/r8-extensions-triple-screen-mount\/#primaryimage\"},\"thumbnailUrl\":\"https:\/\/oplitegames.com\/wp-content\/uploads\/OPLITE-R8-EXTENSIONS-TRIPLE-SCREEN-MOUNT-OP-R8-ETSM_01.png\",\"datePublished\":\"2025-01-28T02:00:18+00:00\",\"dateModified\":\"2026-04-05T10:39:02+00:00\",\"breadcrumb\":{\"@id\":\"https:\/\/oplitegames.com\/es\/producto\/r8-extensions-triple-screen-mount\/#breadcrumb\"},\"inLanguage\":\"es\",\"potentialAction\":[{\"@type\":\"ReadAction\",\"target\":[\"https:\/\/oplitegames.com\/es\/producto\/r8-extensions-triple-screen-mount\/\"]}]},{\"@type\":\"ImageObject\",\"inLanguage\":\"es\",\"@id\":\"https:\/\/oplitegames.com\/es\/producto\/r8-extensions-triple-screen-mount\/#primaryimage\",\"url\":\"https:\/\/oplitegames.com\/wp-content\/uploads\/OPLITE-R8-EXTENSIONS-TRIPLE-SCREEN-MOUNT-OP-R8-ETSM_01.png\",\"contentUrl\":\"https:\/\/oplitegames.com\/wp-content\/uploads\/OPLITE-R8-EXTENSIONS-TRIPLE-SCREEN-MOUNT-OP-R8-ETSM_01.png\",\"width\":2750,\"height\":2750},{\"@type\":\"BreadcrumbList\",\"@id\":\"https:\/\/oplitegames.com\/es\/producto\/r8-extensions-triple-screen-mount\/#breadcrumb\",\"itemListElement\":[{\"@type\":\"ListItem\",\"position\":1,\"name\":\"Comercio\",\"item\":\"https:\/\/oplitegames.com\/es\/comercio\/\"},{\"@type\":\"ListItem\",\"position\":2,\"name\":\"R8 \/ S8 Extensions Triple Screen Mount\"}]},{\"@type\":\"WebSite\",\"@id\":\"https:\/\/oplitegames.com\/#website\",\"url\":\"https:\/\/oplitegames.com\/\",\"name\":\"OPLITE\",\"description\":\"\",\"publisher\":{\"@id\":\"https:\/\/oplitegames.com\/#organization\"},\"alternateName\":\"Oplite\",\"potentialAction\":[{\"@type\":\"SearchAction\",\"target\":{\"@type\":\"EntryPoint\",\"urlTemplate\":\"https:\/\/oplitegames.com\/?s={search_term_string}\"},\"query-input\":{\"@type\":\"PropertyValueSpecification\",\"valueRequired\":true,\"valueName\":\"search_term_string\"}}],\"inLanguage\":\"es\"},{\"@type\":\"Organization\",\"@id\":\"https:\/\/oplitegames.com\/#organization\",\"name\":\"OPLITE\",\"alternateName\":\"Oplite\",\"url\":\"https:\/\/oplitegames.com\/\",\"logo\":{\"@type\":\"ImageObject\",\"inLanguage\":\"es\",\"@id\":\"https:\/\/oplitegames.com\/#\/schema\/logo\/image\/\",\"url\":\"https:\/\/oplitegames.com\/wp-content\/uploads\/cropped-Favicon_oplite.jpg\",\"contentUrl\":\"https:\/\/oplitegames.com\/wp-content\/uploads\/cropped-Favicon_oplite.jpg\",\"width\":512,\"height\":512,\"caption\":\"OPLITE\"},\"image\":{\"@id\":\"https:\/\/oplitegames.com\/#\/schema\/logo\/image\/\"}}]}<\/script>\n<meta property=\"product:price:amount\" content=\"69.90\" \/>\n<meta property=\"product:price:currency\" content=\"EUR\" \/>\n<meta property=\"og:availability\" content=\"instock\" \/>\n<meta property=\"product:availability\" content=\"instock\" \/>\n<meta property=\"product:retailer_item_id\" content=\"101273\" \/>\n<meta property=\"product:condition\" content=\"new\" \/>\n<!-- \/ Yoast SEO plugin. -->","yoast_head_json":{"title":"R8 \/ S8 Extensions Triple Screen Mount - OPLITE","robots":{"index":"index","follow":"follow","max-snippet":"max-snippet:-1","max-image-preview":"max-image-preview:large","max-video-preview":"max-video-preview:-1"},"canonical":"https:\/\/oplitegames.com\/es\/producto\/r8-extensions-triple-screen-mount\/","og_locale":"es_ES","og_type":"article","og_title":"R8 \/ S8 Extensions Triple Screen Mount - OPLITE","og_description":"Como experto en dise\u00f1o de productos ergon\u00f3micos para los sectores de oficina y gaming, OPLITE presenta este kit de conversi\u00f3n de una a tres pantallas.","og_url":"https:\/\/oplitegames.com\/es\/producto\/r8-extensions-triple-screen-mount\/","og_site_name":"OPLITE","article_modified_time":"2026-04-05T10:39:02+00:00","og_image":[{"width":2750,"height":2750,"url":"https:\/\/oplitegames.com\/wp-content\/uploads\/OPLITE-R8-EXTENSIONS-TRIPLE-SCREEN-MOUNT-OP-R8-ETSM_01.png","type":"image\/png"}],"twitter_card":"summary_large_image","twitter_misc":{"Price":"69,90&nbsp;&euro;","Availability":"In stock"},"schema":{"@context":"https:\/\/schema.org","@graph":[{"@type":"WebPage","@id":"https:\/\/oplitegames.com\/es\/producto\/r8-extensions-triple-screen-mount\/","url":"https:\/\/oplitegames.com\/es\/producto\/r8-extensions-triple-screen-mount\/","name":"R8 \/ S8 Extensions Triple Screen Mount - OPLITE","isPartOf":{"@id":"https:\/\/oplitegames.com\/#website"},"primaryImageOfPage":{"@id":"https:\/\/oplitegames.com\/es\/producto\/r8-extensions-triple-screen-mount\/#primaryimage"},"image":{"@id":"https:\/\/oplitegames.com\/es\/producto\/r8-extensions-triple-screen-mount\/#primaryimage"},"thumbnailUrl":"https:\/\/oplitegames.com\/wp-content\/uploads\/OPLITE-R8-EXTENSIONS-TRIPLE-SCREEN-MOUNT-OP-R8-ETSM_01.png","datePublished":"2025-01-28T02:00:18+00:00","dateModified":"2026-04-05T10:39:02+00:00","breadcrumb":{"@id":"https:\/\/oplitegames.com\/es\/producto\/r8-extensions-triple-screen-mount\/#breadcrumb"},"inLanguage":"es","potentialAction":[{"@type":"ReadAction","target":["https:\/\/oplitegames.com\/es\/producto\/r8-extensions-triple-screen-mount\/"]}]},{"@type":"ImageObject","inLanguage":"es","@id":"https:\/\/oplitegames.com\/es\/producto\/r8-extensions-triple-screen-mount\/#primaryimage","url":"https:\/\/oplitegames.com\/wp-content\/uploads\/OPLITE-R8-EXTENSIONS-TRIPLE-SCREEN-MOUNT-OP-R8-ETSM_01.png","contentUrl":"https:\/\/oplitegames.com\/wp-content\/uploads\/OPLITE-R8-EXTENSIONS-TRIPLE-SCREEN-MOUNT-OP-R8-ETSM_01.png","width":2750,"height":2750},{"@type":"BreadcrumbList","@id":"https:\/\/oplitegames.com\/es\/producto\/r8-extensions-triple-screen-mount\/#breadcrumb","itemListElement":[{"@type":"ListItem","position":1,"name":"Comercio","item":"https:\/\/oplitegames.com\/es\/comercio\/"},{"@type":"ListItem","position":2,"name":"R8 \/ S8 Extensions Triple Screen Mount"}]},{"@type":"WebSite","@id":"https:\/\/oplitegames.com\/#website","url":"https:\/\/oplitegames.com\/","name":"OPLITE","description":"","publisher":{"@id":"https:\/\/oplitegames.com\/#organization"},"alternateName":"Oplite","potentialAction":[{"@type":"SearchAction","target":{"@type":"EntryPoint","urlTemplate":"https:\/\/oplitegames.com\/?s={search_term_string}"},"query-input":{"@type":"PropertyValueSpecification","valueRequired":true,"valueName":"search_term_string"}}],"inLanguage":"es"},{"@type":"Organization","@id":"https:\/\/oplitegames.com\/#organization","name":"OPLITE","alternateName":"Oplite","url":"https:\/\/oplitegames.com\/","logo":{"@type":"ImageObject","inLanguage":"es","@id":"https:\/\/oplitegames.com\/#\/schema\/logo\/image\/","url":"https:\/\/oplitegames.com\/wp-content\/uploads\/cropped-Favicon_oplite.jpg","contentUrl":"https:\/\/oplitegames.com\/wp-content\/uploads\/cropped-Favicon_oplite.jpg","width":512,"height":512,"caption":"OPLITE"},"image":{"@id":"https:\/\/oplitegames.com\/#\/schema\/logo\/image\/"}}]},"product_price_amount":"69.90","product_price_currency":"EUR","og_availability":"instock","product_availability":"instock","product_retailer_item_id":"101273","product_condition":"new"},"_links":{"self":[{"href":"https:\/\/oplitegames.com\/es\/wp-json\/wp\/v2\/product\/45896","targetHints":{"allow":["GET"]}}],"collection":[{"href":"https:\/\/oplitegames.com\/es\/wp-json\/wp\/v2\/product"}],"about":[{"href":"https:\/\/oplitegames.com\/es\/wp-json\/wp\/v2\/types\/product"}],"version-history":[{"count":6,"href":"https:\/\/oplitegames.com\/es\/wp-json\/wp\/v2\/product\/45896\/revisions"}],"predecessor-version":[{"id":62411,"href":"https:\/\/oplitegames.com\/es\/wp-json\/wp\/v2\/product\/45896\/revisions\/62411"}],"wp:featuredmedia":[{"embeddable":true,"href":"https:\/\/oplitegames.com\/es\/wp-json\/wp\/v2\/media\/45268"}],"wp:attachment":[{"href":"https:\/\/oplitegames.com\/es\/wp-json\/wp\/v2\/media?parent=45896"}],"wp:term":[{"taxonomy":"product_brand","embeddable":true,"href":"https:\/\/oplitegames.com\/es\/wp-json\/wp\/v2\/product_brand?post=45896"},{"taxonomy":"product_cat","embeddable":true,"href":"https:\/\/oplitegames.com\/es\/wp-json\/wp\/v2\/product_cat?post=45896"},{"taxonomy":"product_tag","embeddable":true,"href":"https:\/\/oplitegames.com\/es\/wp-json\/wp\/v2\/product_tag?post=45896"}],"curies":[{"name":"wp","href":"https:\/\/api.w.org\/{rel}","templated":true}]}}