{"id":61725,"date":"2025-09-30T04:01:25","date_gmt":"2025-09-30T02:01:25","guid":{"rendered":"https:\/\/oplitegames.com\/?post_type=product&#038;p=61725"},"modified":"2026-04-14T10:51:24","modified_gmt":"2026-04-14T08:51:24","slug":"r8-f1-extension-kit-black","status":"publish","type":"product","link":"https:\/\/oplitegames.com\/es\/producto\/r8-f1-extension-kit-black\/","title":{"rendered":"R8 F1 Extension Kit Black"},"content":{"rendered":"<p>El <strong>R8 F1 Extension Kit<\/strong> ha sido dise\u00f1ado especialmente para transformar su cockpit R8 Fury, inicialmente orientado al GT\/Rally, en una configuraci\u00f3n m\u00e1s cercana a la posici\u00f3n de conducci\u00f3n Formula. Con este kit, los apasionados de los monoplazas pueden disfrutar de una mayor inmersi\u00f3n y de una postura optimizada. Compuesto por 4 elementos de acero E355 (2 delanteros y 2 traseros), este kit robusto garantiza tanto estabilidad como durabilidad. Su ingenier\u00eda permite inclinar el asiento tipo bucket y elevar el soporte de pedales, reproduciendo as\u00ed la posici\u00f3n baja y reclinada caracter\u00edstica de los cockpits de Formula. F\u00e1cil de instalar, el R8 F1 Extension Kit se integra perfectamente en la estructura del R8 Fury sin comprometer su rigidez ni su fiabilidad. Es la soluci\u00f3n ideal para los simracers m\u00e1s exigentes que buscan un cockpit vers\u00e1til, capaz de pasar de una configuraci\u00f3n GT\/Rally a una experiencia Formula inmersiva.<\/p>\n<p><strong>Puntos fuertes<\/strong><\/p>\n<ul>\n<li>Transforma el R8 Fury GT\/Rallye en una posici\u00f3n de conducci\u00f3n Formula inmersiva<\/li>\n<li>Inmersi\u00f3n y ergonom\u00eda optimizadas: inclinaci\u00f3n del asiento y elevaci\u00f3n del soporte de pedales<\/li>\n<li>M\u00e1xima robustez gracias a elementos de acero E355 (delantero 10 mm \/ trasero 2 mm)<\/li>\n<li>Amplia compatibilidad: pedales LoadCell (hasta 200 kg), soportes de asiento tipo bucket universales FIA\u00ae y OPLITE\u00ae<\/li>\n<\/ul>\n<p><strong>Especificaciones t\u00e9cnicas<\/strong><br \/>\n<span style=\"text-decoration: underline;\">Estructura delantera:<\/span><br \/>\n\u2022 Elementos de acero tipo E355 con un grosor de 10 mm<br \/>\n\u2022 Compatible con los pedales LoadCell m\u00e1s potentes (hasta 200 kg de presi\u00f3n)<br \/>\n<span style=\"text-decoration: underline;\">Estructura trasera:<\/span><br \/>\n\u2022 Elementos de acero tipo E355 con un grosor de 2 mm<br \/>\n\u2022 Compatible con los soportes universales de asiento tipo bucket est\u00e1ndar FIA\u00ae<br \/>\n\u2022 Compatible con los soportes de asiento tipo bucket OPLITE\u00ae<br \/>\n<span style=\"text-decoration: underline;\">Ajuste:<\/span><br \/>\n\u2022 Se instala en lugar de los elementos originales<br \/>\n\u2022 M\u00faltiples opciones de ajuste para una ergonom\u00eda \u00f3ptima<\/p>\n<p><strong>Informaci\u00f3n adicional<\/strong><\/p>\n<ul>\n<li>Para obtener una aut\u00e9ntica posici\u00f3n de F\u00f3rmula 1, es imprescindible utilizar un asiento tipo bucket Sparco GP (o equivalente) junto con las escuadras del Pro Bracket Kit (o equivalente).<\/li>\n<li>Esta combinaci\u00f3n garantiza una postura perfectamente fiel a la de un cockpit monoplaza.<\/li>\n<\/ul>\n<p><strong>Compatibilidad con Cockpits<\/strong><\/p>\n<table>\n<tbody>\n<tr>\n<td><strong>Fabricantes<\/strong><\/td>\n<td><strong>Modelos<\/strong><\/td>\n<\/tr>\n<tr>\n<td>OPLITE<\/td>\n<td>CHASSIS COCKPIT R8 FURY BLACK<br \/>\nCHASSIS COCKPIT R8 FURY WHITE<br \/>\nCOCKPIT R8 FURY BLACK<br \/>\nCOCKPIT R8 FURY WHITE<\/td>\n<\/tr>\n<\/tbody>\n<\/table>\n","protected":false},"excerpt":{"rendered":"<p>Experta en el dise\u00f1o de productos ergon\u00f3micos para los sectores de oficina y gaming, OPLITE presenta el <strong>kit de extensi\u00f3n R8 F1<\/strong> paratu cockpit R8 FURY.<\/p>\n","protected":false},"featured_media":60989,"template":"","meta":{"_acf_changed":false,"_themeisle_gutenberg_block_has_review":false,"footnotes":""},"product_brand":[],"product_cat":[806,889,731],"product_tag":[811],"class_list":{"0":"post-61725","1":"product","2":"type-product","3":"status-publish","4":"has-post-thumbnail","6":"product_cat-cockpit-r8-fury-black-es","7":"product_cat-r8-fury-es","8":"product_cat-simuladores","9":"product_tag-r8-fury-es","11":"first","12":"instock","13":"taxable","14":"shipping-taxable","15":"purchasable","16":"product-type-simple"},"bundled_by":[],"bundle_stock_status":"instock","bundle_stock_quantity":70,"bundle_virtual":false,"bundle_layout":"","bundle_add_to_cart_form_location":"","bundle_editable_in_cart":false,"bundle_sold_individually_context":"","bundle_item_grouping":"","bundle_min_size":"","bundle_max_size":"","bundle_price":[],"bundled_items":[],"bundle_sell_ids":[],"acf":[],"yoast_head":"<!-- This site is optimized with the Yoast SEO plugin v27.1.1 - https:\/\/yoast.com\/product\/yoast-seo-wordpress\/ -->\n<title>R8 F1 Extension Kit Black - OPLITE<\/title>\n<meta name=\"robots\" content=\"index, follow, max-snippet:-1, max-image-preview:large, max-video-preview:-1\" \/>\n<link rel=\"canonical\" href=\"https:\/\/oplitegames.com\/es\/producto\/r8-f1-extension-kit-black\/\" \/>\n<meta property=\"og:locale\" content=\"es_ES\" \/>\n<meta property=\"og:type\" content=\"article\" \/>\n<meta property=\"og:title\" content=\"R8 F1 Extension Kit Black - OPLITE\" \/>\n<meta property=\"og:description\" content=\"Experta en el dise\u00f1o de productos ergon\u00f3micos para los sectores de oficina y gaming, OPLITE presenta el kit de extensi\u00f3n R8 F1 paratu cockpit R8 FURY.\" \/>\n<meta property=\"og:url\" content=\"https:\/\/oplitegames.com\/es\/producto\/r8-f1-extension-kit-black\/\" \/>\n<meta property=\"og:site_name\" content=\"OPLITE\" \/>\n<meta property=\"article:modified_time\" content=\"2026-04-14T08:51:24+00:00\" \/>\n<meta property=\"og:image\" content=\"https:\/\/oplitegames.com\/wp-content\/uploads\/OPLITE20GAMING_3770031134698_1.jpg\" \/>\n\t<meta property=\"og:image:width\" content=\"1000\" \/>\n\t<meta property=\"og:image:height\" content=\"1000\" \/>\n\t<meta property=\"og:image:type\" content=\"image\/jpeg\" \/>\n<meta name=\"twitter:card\" content=\"summary_large_image\" \/>\n<meta name=\"twitter:label1\" content=\"Price\" \/>\n\t<meta name=\"twitter:data1\" content=\"79,90&nbsp;&euro;\" \/>\n\t<meta name=\"twitter:label2\" content=\"Availability\" \/>\n\t<meta name=\"twitter:data2\" content=\"In stock\" \/>\n<script type=\"application\/ld+json\" class=\"yoast-schema-graph\">{\"@context\":\"https:\/\/schema.org\",\"@graph\":[{\"@type\":\"WebPage\",\"@id\":\"https:\/\/oplitegames.com\/es\/producto\/r8-f1-extension-kit-black\/\",\"url\":\"https:\/\/oplitegames.com\/es\/producto\/r8-f1-extension-kit-black\/\",\"name\":\"R8 F1 Extension Kit Black - OPLITE\",\"isPartOf\":{\"@id\":\"https:\/\/oplitegames.com\/#website\"},\"primaryImageOfPage\":{\"@id\":\"https:\/\/oplitegames.com\/es\/producto\/r8-f1-extension-kit-black\/#primaryimage\"},\"image\":{\"@id\":\"https:\/\/oplitegames.com\/es\/producto\/r8-f1-extension-kit-black\/#primaryimage\"},\"thumbnailUrl\":\"https:\/\/oplitegames.com\/wp-content\/uploads\/OPLITE20GAMING_3770031134698_1.jpg\",\"datePublished\":\"2025-09-30T02:01:25+00:00\",\"dateModified\":\"2026-04-14T08:51:24+00:00\",\"breadcrumb\":{\"@id\":\"https:\/\/oplitegames.com\/es\/producto\/r8-f1-extension-kit-black\/#breadcrumb\"},\"inLanguage\":\"es\",\"potentialAction\":[{\"@type\":\"ReadAction\",\"target\":[\"https:\/\/oplitegames.com\/es\/producto\/r8-f1-extension-kit-black\/\"]}]},{\"@type\":\"ImageObject\",\"inLanguage\":\"es\",\"@id\":\"https:\/\/oplitegames.com\/es\/producto\/r8-f1-extension-kit-black\/#primaryimage\",\"url\":\"https:\/\/oplitegames.com\/wp-content\/uploads\/OPLITE20GAMING_3770031134698_1.jpg\",\"contentUrl\":\"https:\/\/oplitegames.com\/wp-content\/uploads\/OPLITE20GAMING_3770031134698_1.jpg\",\"width\":1000,\"height\":1000},{\"@type\":\"BreadcrumbList\",\"@id\":\"https:\/\/oplitegames.com\/es\/producto\/r8-f1-extension-kit-black\/#breadcrumb\",\"itemListElement\":[{\"@type\":\"ListItem\",\"position\":1,\"name\":\"Comercio\",\"item\":\"https:\/\/oplitegames.com\/es\/comercio\/\"},{\"@type\":\"ListItem\",\"position\":2,\"name\":\"R8 F1 Extension Kit Black\"}]},{\"@type\":\"WebSite\",\"@id\":\"https:\/\/oplitegames.com\/#website\",\"url\":\"https:\/\/oplitegames.com\/\",\"name\":\"OPLITE\",\"description\":\"\",\"publisher\":{\"@id\":\"https:\/\/oplitegames.com\/#organization\"},\"alternateName\":\"Oplite\",\"potentialAction\":[{\"@type\":\"SearchAction\",\"target\":{\"@type\":\"EntryPoint\",\"urlTemplate\":\"https:\/\/oplitegames.com\/?s={search_term_string}\"},\"query-input\":{\"@type\":\"PropertyValueSpecification\",\"valueRequired\":true,\"valueName\":\"search_term_string\"}}],\"inLanguage\":\"es\"},{\"@type\":\"Organization\",\"@id\":\"https:\/\/oplitegames.com\/#organization\",\"name\":\"OPLITE\",\"alternateName\":\"Oplite\",\"url\":\"https:\/\/oplitegames.com\/\",\"logo\":{\"@type\":\"ImageObject\",\"inLanguage\":\"es\",\"@id\":\"https:\/\/oplitegames.com\/#\/schema\/logo\/image\/\",\"url\":\"https:\/\/oplitegames.com\/wp-content\/uploads\/cropped-Favicon_oplite.jpg\",\"contentUrl\":\"https:\/\/oplitegames.com\/wp-content\/uploads\/cropped-Favicon_oplite.jpg\",\"width\":512,\"height\":512,\"caption\":\"OPLITE\"},\"image\":{\"@id\":\"https:\/\/oplitegames.com\/#\/schema\/logo\/image\/\"}}]}<\/script>\n<meta property=\"product:price:amount\" content=\"79.90\" \/>\n<meta property=\"product:price:currency\" content=\"EUR\" \/>\n<meta property=\"og:availability\" content=\"instock\" \/>\n<meta property=\"product:availability\" content=\"instock\" \/>\n<meta property=\"product:retailer_item_id\" content=\"103142\" \/>\n<meta property=\"product:condition\" content=\"new\" \/>\n<!-- \/ Yoast SEO plugin. -->","yoast_head_json":{"title":"R8 F1 Extension Kit Black - OPLITE","robots":{"index":"index","follow":"follow","max-snippet":"max-snippet:-1","max-image-preview":"max-image-preview:large","max-video-preview":"max-video-preview:-1"},"canonical":"https:\/\/oplitegames.com\/es\/producto\/r8-f1-extension-kit-black\/","og_locale":"es_ES","og_type":"article","og_title":"R8 F1 Extension Kit Black - OPLITE","og_description":"Experta en el dise\u00f1o de productos ergon\u00f3micos para los sectores de oficina y gaming, OPLITE presenta el kit de extensi\u00f3n R8 F1 paratu cockpit R8 FURY.","og_url":"https:\/\/oplitegames.com\/es\/producto\/r8-f1-extension-kit-black\/","og_site_name":"OPLITE","article_modified_time":"2026-04-14T08:51:24+00:00","og_image":[{"width":1000,"height":1000,"url":"https:\/\/oplitegames.com\/wp-content\/uploads\/OPLITE20GAMING_3770031134698_1.jpg","type":"image\/jpeg"}],"twitter_card":"summary_large_image","twitter_misc":{"Price":"79,90&nbsp;&euro;","Availability":"In stock"},"schema":{"@context":"https:\/\/schema.org","@graph":[{"@type":"WebPage","@id":"https:\/\/oplitegames.com\/es\/producto\/r8-f1-extension-kit-black\/","url":"https:\/\/oplitegames.com\/es\/producto\/r8-f1-extension-kit-black\/","name":"R8 F1 Extension Kit Black - OPLITE","isPartOf":{"@id":"https:\/\/oplitegames.com\/#website"},"primaryImageOfPage":{"@id":"https:\/\/oplitegames.com\/es\/producto\/r8-f1-extension-kit-black\/#primaryimage"},"image":{"@id":"https:\/\/oplitegames.com\/es\/producto\/r8-f1-extension-kit-black\/#primaryimage"},"thumbnailUrl":"https:\/\/oplitegames.com\/wp-content\/uploads\/OPLITE20GAMING_3770031134698_1.jpg","datePublished":"2025-09-30T02:01:25+00:00","dateModified":"2026-04-14T08:51:24+00:00","breadcrumb":{"@id":"https:\/\/oplitegames.com\/es\/producto\/r8-f1-extension-kit-black\/#breadcrumb"},"inLanguage":"es","potentialAction":[{"@type":"ReadAction","target":["https:\/\/oplitegames.com\/es\/producto\/r8-f1-extension-kit-black\/"]}]},{"@type":"ImageObject","inLanguage":"es","@id":"https:\/\/oplitegames.com\/es\/producto\/r8-f1-extension-kit-black\/#primaryimage","url":"https:\/\/oplitegames.com\/wp-content\/uploads\/OPLITE20GAMING_3770031134698_1.jpg","contentUrl":"https:\/\/oplitegames.com\/wp-content\/uploads\/OPLITE20GAMING_3770031134698_1.jpg","width":1000,"height":1000},{"@type":"BreadcrumbList","@id":"https:\/\/oplitegames.com\/es\/producto\/r8-f1-extension-kit-black\/#breadcrumb","itemListElement":[{"@type":"ListItem","position":1,"name":"Comercio","item":"https:\/\/oplitegames.com\/es\/comercio\/"},{"@type":"ListItem","position":2,"name":"R8 F1 Extension Kit Black"}]},{"@type":"WebSite","@id":"https:\/\/oplitegames.com\/#website","url":"https:\/\/oplitegames.com\/","name":"OPLITE","description":"","publisher":{"@id":"https:\/\/oplitegames.com\/#organization"},"alternateName":"Oplite","potentialAction":[{"@type":"SearchAction","target":{"@type":"EntryPoint","urlTemplate":"https:\/\/oplitegames.com\/?s={search_term_string}"},"query-input":{"@type":"PropertyValueSpecification","valueRequired":true,"valueName":"search_term_string"}}],"inLanguage":"es"},{"@type":"Organization","@id":"https:\/\/oplitegames.com\/#organization","name":"OPLITE","alternateName":"Oplite","url":"https:\/\/oplitegames.com\/","logo":{"@type":"ImageObject","inLanguage":"es","@id":"https:\/\/oplitegames.com\/#\/schema\/logo\/image\/","url":"https:\/\/oplitegames.com\/wp-content\/uploads\/cropped-Favicon_oplite.jpg","contentUrl":"https:\/\/oplitegames.com\/wp-content\/uploads\/cropped-Favicon_oplite.jpg","width":512,"height":512,"caption":"OPLITE"},"image":{"@id":"https:\/\/oplitegames.com\/#\/schema\/logo\/image\/"}}]},"product_price_amount":"79.90","product_price_currency":"EUR","og_availability":"instock","product_availability":"instock","product_retailer_item_id":"103142","product_condition":"new"},"_links":{"self":[{"href":"https:\/\/oplitegames.com\/es\/wp-json\/wp\/v2\/product\/61725","targetHints":{"allow":["GET"]}}],"collection":[{"href":"https:\/\/oplitegames.com\/es\/wp-json\/wp\/v2\/product"}],"about":[{"href":"https:\/\/oplitegames.com\/es\/wp-json\/wp\/v2\/types\/product"}],"version-history":[{"count":2,"href":"https:\/\/oplitegames.com\/es\/wp-json\/wp\/v2\/product\/61725\/revisions"}],"predecessor-version":[{"id":62416,"href":"https:\/\/oplitegames.com\/es\/wp-json\/wp\/v2\/product\/61725\/revisions\/62416"}],"wp:featuredmedia":[{"embeddable":true,"href":"https:\/\/oplitegames.com\/es\/wp-json\/wp\/v2\/media\/60989"}],"wp:attachment":[{"href":"https:\/\/oplitegames.com\/es\/wp-json\/wp\/v2\/media?parent=61725"}],"wp:term":[{"taxonomy":"product_brand","embeddable":true,"href":"https:\/\/oplitegames.com\/es\/wp-json\/wp\/v2\/product_brand?post=61725"},{"taxonomy":"product_cat","embeddable":true,"href":"https:\/\/oplitegames.com\/es\/wp-json\/wp\/v2\/product_cat?post=61725"},{"taxonomy":"product_tag","embeddable":true,"href":"https:\/\/oplitegames.com\/es\/wp-json\/wp\/v2\/product_tag?post=61725"}],"curies":[{"name":"wp","href":"https:\/\/api.w.org\/{rel}","templated":true}]}}