{"id":63944,"date":"2025-12-10T03:01:10","date_gmt":"2025-12-10T02:01:10","guid":{"rendered":"https:\/\/oplitegames.com\/?post_type=product&#038;p=63944"},"modified":"2026-04-08T17:52:06","modified_gmt":"2026-04-08T15:52:06","slug":"rs2-fibercore-suedine","status":"publish","type":"product","link":"https:\/\/oplitegames.com\/es\/producto\/rs2-fibercore-suedine\/","title":{"rendered":"RS2 FiberCore Suedine"},"content":{"rendered":"<p><strong>Puntos Fuertes<\/strong><br \/>\n\u2022 Estructura FiberCore\u00ae con 4 capas de fibra de vidrio entrelazadas y reforzadas<br \/>\n\u2022 Talla universal, adecuada para todas las complexiones<br \/>\n\u2022 Espumas de alta densidad 35 kg\/m\u00b3 para un soporte \u00f3ptimo<br \/>\n\u2022 5 pasajes para arneses, compatibles con arneses de 3 y 4 puntos<br \/>\n\u2022 Fijaciones laterales est\u00e1ndar de 290 mm<br \/>\n\u2022 4 tornillos M8x20 incluidos para el montaje lateral<br \/>\n<strong>Novedades 2026<\/strong><br \/>\n\u2022 Revestimiento en tejido tipo ante transpirable, suave y agradable al tacto<br \/>\n\u2022 Logo Oplite bordado en ambas caras del reposacabezas<\/p>\n<p><strong>Especificaciones T\u00e9cnicas<\/strong><br \/>\n<span style=\"text-decoration: underline;\">Dimensiones exteriores<\/span><br \/>\n\u00b7 Anchura del respaldo: 60 cm<br \/>\n\u00b7 Anchura del asiento: 43 cm<br \/>\n\u00b7 Altura del respaldo: 88 cm<br \/>\n<span style=\"text-decoration: underline;\">Dimensiones interiores<\/span><br \/>\n\u00b7 Anchura del respaldo: 32 cm<br \/>\n\u00b7 Anchura del asiento: 36 cm<br \/>\n<span style=\"text-decoration: underline;\">Rango de talla y peso del usuario<\/span><br \/>\n\u00b7 Apto para usuarios de 1,40 m \/ 60 kg hasta 2,10 m \/ 150 kg<br \/>\n<span style=\"text-decoration: underline;\">Advertencia<\/span><br \/>\n\u00b7 Los soportes del asiento no est\u00e1n incluidos.<br \/>\n\u00b7 Este asiento baquet no est\u00e1 homologado para su instalaci\u00f3n en un coche real; su uso est\u00e1 exclusivamente destinado al sim racing.<\/p>\n","protected":false},"excerpt":{"rendered":"<p><strong>Rigidez de competici\u00f3n, comodidad sin compromisos<\/strong><br \/>\nEl asiento baquet <strong>Oplite RS2 FiberCore\u00ae<\/strong> utiliza una innovadora estructura de cuatro capas de fibra de vidrio reforzada, ofreciendo una rigidez digna de un asiento de competici\u00f3n. Combinando comodidad e inmersi\u00f3n, transforma tu setup en un aut\u00e9ntico puesto de pilotaje. Su acabado en tejido tipo ante y los logotipos bordados de Oplite aportan un toque premium que realzar\u00e1 tu cockpit.<\/p>\n","protected":false},"featured_media":64789,"template":"","meta":{"_acf_changed":false,"_themeisle_gutenberg_block_has_review":false,"footnotes":""},"product_brand":[],"product_cat":[750,744,764,797,806,803],"product_tag":[],"class_list":{"0":"post-63944","1":"product","2":"type-product","3":"status-publish","4":"has-post-thumbnail","6":"product_cat-accesorios-simuladores","7":"product_cat-cabina-gtr-s8-elite","8":"product_cat-cabina-gtr-s8-infinity-es","9":"product_cat-cockpit-s8-ultra-es","10":"product_cat-cockpit-r8-fury-black-es","11":"product_cat-cockpit-r8-fury-white-es","13":"first","14":"instock","15":"taxable","16":"shipping-taxable","17":"purchasable","18":"product-type-simple"},"bundled_by":[],"bundle_stock_status":"instock","bundle_stock_quantity":61,"bundle_virtual":false,"bundle_layout":"","bundle_add_to_cart_form_location":"","bundle_editable_in_cart":false,"bundle_sold_individually_context":"","bundle_item_grouping":"","bundle_min_size":"","bundle_max_size":"","bundle_price":[],"bundled_items":[],"bundle_sell_ids":[],"acf":[],"yoast_head":"<!-- This site is optimized with the Yoast SEO plugin v27.1.1 - https:\/\/yoast.com\/product\/yoast-seo-wordpress\/ -->\n<title>RS2 FiberCore Suedine - OPLITE<\/title>\n<meta name=\"robots\" content=\"index, follow, max-snippet:-1, max-image-preview:large, max-video-preview:-1\" \/>\n<link rel=\"canonical\" href=\"https:\/\/oplitegames.com\/es\/producto\/rs2-fibercore-suedine\/\" \/>\n<meta property=\"og:locale\" content=\"es_ES\" \/>\n<meta property=\"og:type\" content=\"article\" \/>\n<meta property=\"og:title\" content=\"RS2 FiberCore Suedine - OPLITE\" \/>\n<meta property=\"og:description\" content=\"Rigidez de competici\u00f3n, comodidad sin compromisos El asiento baquet Oplite RS2 FiberCore\u00ae utiliza una innovadora estructura de cuatro capas de fibra de vidrio reforzada, ofreciendo una rigidez digna de un asiento de competici\u00f3n. Combinando comodidad e inmersi\u00f3n, transforma tu setup en un aut\u00e9ntico puesto de pilotaje. Su acabado en tejido tipo ante y los logotipos bordados de Oplite aportan un toque premium que realzar\u00e1 tu cockpit.\" \/>\n<meta property=\"og:url\" content=\"https:\/\/oplitegames.com\/es\/producto\/rs2-fibercore-suedine\/\" \/>\n<meta property=\"og:site_name\" content=\"OPLITE\" \/>\n<meta property=\"article:modified_time\" content=\"2026-04-08T15:52:06+00:00\" \/>\n<meta property=\"og:image\" content=\"https:\/\/oplitegames.com\/wp-content\/uploads\/OPLITE-RS2S-FiberCore-OP-RS2S_01.png\" \/>\n\t<meta property=\"og:image:width\" content=\"1000\" \/>\n\t<meta property=\"og:image:height\" content=\"1000\" \/>\n\t<meta property=\"og:image:type\" content=\"image\/png\" \/>\n<meta name=\"twitter:card\" content=\"summary_large_image\" \/>\n<meta name=\"twitter:label1\" content=\"Price\" \/>\n\t<meta name=\"twitter:data1\" content=\"249,90&nbsp;&euro;\" \/>\n\t<meta name=\"twitter:label2\" content=\"Availability\" \/>\n\t<meta name=\"twitter:data2\" content=\"In stock\" \/>\n<script type=\"application\/ld+json\" class=\"yoast-schema-graph\">{\"@context\":\"https:\/\/schema.org\",\"@graph\":[{\"@type\":\"WebPage\",\"@id\":\"https:\/\/oplitegames.com\/es\/producto\/rs2-fibercore-suedine\/\",\"url\":\"https:\/\/oplitegames.com\/es\/producto\/rs2-fibercore-suedine\/\",\"name\":\"RS2 FiberCore Suedine - OPLITE\",\"isPartOf\":{\"@id\":\"https:\/\/oplitegames.com\/#website\"},\"primaryImageOfPage\":{\"@id\":\"https:\/\/oplitegames.com\/es\/producto\/rs2-fibercore-suedine\/#primaryimage\"},\"image\":{\"@id\":\"https:\/\/oplitegames.com\/es\/producto\/rs2-fibercore-suedine\/#primaryimage\"},\"thumbnailUrl\":\"https:\/\/oplitegames.com\/wp-content\/uploads\/OPLITE-RS2S-FiberCore-OP-RS2S_01.png\",\"datePublished\":\"2025-12-10T02:01:10+00:00\",\"dateModified\":\"2026-04-08T15:52:06+00:00\",\"breadcrumb\":{\"@id\":\"https:\/\/oplitegames.com\/es\/producto\/rs2-fibercore-suedine\/#breadcrumb\"},\"inLanguage\":\"es\",\"potentialAction\":[{\"@type\":\"ReadAction\",\"target\":[\"https:\/\/oplitegames.com\/es\/producto\/rs2-fibercore-suedine\/\"]}]},{\"@type\":\"ImageObject\",\"inLanguage\":\"es\",\"@id\":\"https:\/\/oplitegames.com\/es\/producto\/rs2-fibercore-suedine\/#primaryimage\",\"url\":\"https:\/\/oplitegames.com\/wp-content\/uploads\/OPLITE-RS2S-FiberCore-OP-RS2S_01.png\",\"contentUrl\":\"https:\/\/oplitegames.com\/wp-content\/uploads\/OPLITE-RS2S-FiberCore-OP-RS2S_01.png\",\"width\":1000,\"height\":1000},{\"@type\":\"BreadcrumbList\",\"@id\":\"https:\/\/oplitegames.com\/es\/producto\/rs2-fibercore-suedine\/#breadcrumb\",\"itemListElement\":[{\"@type\":\"ListItem\",\"position\":1,\"name\":\"Comercio\",\"item\":\"https:\/\/oplitegames.com\/es\/comercio\/\"},{\"@type\":\"ListItem\",\"position\":2,\"name\":\"RS2 FiberCore Suedine\"}]},{\"@type\":\"WebSite\",\"@id\":\"https:\/\/oplitegames.com\/#website\",\"url\":\"https:\/\/oplitegames.com\/\",\"name\":\"OPLITE\",\"description\":\"\",\"publisher\":{\"@id\":\"https:\/\/oplitegames.com\/#organization\"},\"alternateName\":\"Oplite\",\"potentialAction\":[{\"@type\":\"SearchAction\",\"target\":{\"@type\":\"EntryPoint\",\"urlTemplate\":\"https:\/\/oplitegames.com\/?s={search_term_string}\"},\"query-input\":{\"@type\":\"PropertyValueSpecification\",\"valueRequired\":true,\"valueName\":\"search_term_string\"}}],\"inLanguage\":\"es\"},{\"@type\":\"Organization\",\"@id\":\"https:\/\/oplitegames.com\/#organization\",\"name\":\"OPLITE\",\"alternateName\":\"Oplite\",\"url\":\"https:\/\/oplitegames.com\/\",\"logo\":{\"@type\":\"ImageObject\",\"inLanguage\":\"es\",\"@id\":\"https:\/\/oplitegames.com\/#\/schema\/logo\/image\/\",\"url\":\"https:\/\/oplitegames.com\/wp-content\/uploads\/cropped-Favicon_oplite.jpg\",\"contentUrl\":\"https:\/\/oplitegames.com\/wp-content\/uploads\/cropped-Favicon_oplite.jpg\",\"width\":512,\"height\":512,\"caption\":\"OPLITE\"},\"image\":{\"@id\":\"https:\/\/oplitegames.com\/#\/schema\/logo\/image\/\"}}]}<\/script>\n<meta property=\"product:price:amount\" content=\"249.90\" \/>\n<meta property=\"product:price:currency\" content=\"EUR\" \/>\n<meta property=\"og:availability\" content=\"instock\" \/>\n<meta property=\"product:availability\" content=\"instock\" \/>\n<meta property=\"product:retailer_item_id\" content=\"103862\" \/>\n<meta property=\"product:condition\" content=\"new\" \/>\n<!-- \/ Yoast SEO plugin. -->","yoast_head_json":{"title":"RS2 FiberCore Suedine - OPLITE","robots":{"index":"index","follow":"follow","max-snippet":"max-snippet:-1","max-image-preview":"max-image-preview:large","max-video-preview":"max-video-preview:-1"},"canonical":"https:\/\/oplitegames.com\/es\/producto\/rs2-fibercore-suedine\/","og_locale":"es_ES","og_type":"article","og_title":"RS2 FiberCore Suedine - OPLITE","og_description":"Rigidez de competici\u00f3n, comodidad sin compromisos El asiento baquet Oplite RS2 FiberCore\u00ae utiliza una innovadora estructura de cuatro capas de fibra de vidrio reforzada, ofreciendo una rigidez digna de un asiento de competici\u00f3n. Combinando comodidad e inmersi\u00f3n, transforma tu setup en un aut\u00e9ntico puesto de pilotaje. Su acabado en tejido tipo ante y los logotipos bordados de Oplite aportan un toque premium que realzar\u00e1 tu cockpit.","og_url":"https:\/\/oplitegames.com\/es\/producto\/rs2-fibercore-suedine\/","og_site_name":"OPLITE","article_modified_time":"2026-04-08T15:52:06+00:00","og_image":[{"width":1000,"height":1000,"url":"https:\/\/oplitegames.com\/wp-content\/uploads\/OPLITE-RS2S-FiberCore-OP-RS2S_01.png","type":"image\/png"}],"twitter_card":"summary_large_image","twitter_misc":{"Price":"249,90&nbsp;&euro;","Availability":"In stock"},"schema":{"@context":"https:\/\/schema.org","@graph":[{"@type":"WebPage","@id":"https:\/\/oplitegames.com\/es\/producto\/rs2-fibercore-suedine\/","url":"https:\/\/oplitegames.com\/es\/producto\/rs2-fibercore-suedine\/","name":"RS2 FiberCore Suedine - OPLITE","isPartOf":{"@id":"https:\/\/oplitegames.com\/#website"},"primaryImageOfPage":{"@id":"https:\/\/oplitegames.com\/es\/producto\/rs2-fibercore-suedine\/#primaryimage"},"image":{"@id":"https:\/\/oplitegames.com\/es\/producto\/rs2-fibercore-suedine\/#primaryimage"},"thumbnailUrl":"https:\/\/oplitegames.com\/wp-content\/uploads\/OPLITE-RS2S-FiberCore-OP-RS2S_01.png","datePublished":"2025-12-10T02:01:10+00:00","dateModified":"2026-04-08T15:52:06+00:00","breadcrumb":{"@id":"https:\/\/oplitegames.com\/es\/producto\/rs2-fibercore-suedine\/#breadcrumb"},"inLanguage":"es","potentialAction":[{"@type":"ReadAction","target":["https:\/\/oplitegames.com\/es\/producto\/rs2-fibercore-suedine\/"]}]},{"@type":"ImageObject","inLanguage":"es","@id":"https:\/\/oplitegames.com\/es\/producto\/rs2-fibercore-suedine\/#primaryimage","url":"https:\/\/oplitegames.com\/wp-content\/uploads\/OPLITE-RS2S-FiberCore-OP-RS2S_01.png","contentUrl":"https:\/\/oplitegames.com\/wp-content\/uploads\/OPLITE-RS2S-FiberCore-OP-RS2S_01.png","width":1000,"height":1000},{"@type":"BreadcrumbList","@id":"https:\/\/oplitegames.com\/es\/producto\/rs2-fibercore-suedine\/#breadcrumb","itemListElement":[{"@type":"ListItem","position":1,"name":"Comercio","item":"https:\/\/oplitegames.com\/es\/comercio\/"},{"@type":"ListItem","position":2,"name":"RS2 FiberCore Suedine"}]},{"@type":"WebSite","@id":"https:\/\/oplitegames.com\/#website","url":"https:\/\/oplitegames.com\/","name":"OPLITE","description":"","publisher":{"@id":"https:\/\/oplitegames.com\/#organization"},"alternateName":"Oplite","potentialAction":[{"@type":"SearchAction","target":{"@type":"EntryPoint","urlTemplate":"https:\/\/oplitegames.com\/?s={search_term_string}"},"query-input":{"@type":"PropertyValueSpecification","valueRequired":true,"valueName":"search_term_string"}}],"inLanguage":"es"},{"@type":"Organization","@id":"https:\/\/oplitegames.com\/#organization","name":"OPLITE","alternateName":"Oplite","url":"https:\/\/oplitegames.com\/","logo":{"@type":"ImageObject","inLanguage":"es","@id":"https:\/\/oplitegames.com\/#\/schema\/logo\/image\/","url":"https:\/\/oplitegames.com\/wp-content\/uploads\/cropped-Favicon_oplite.jpg","contentUrl":"https:\/\/oplitegames.com\/wp-content\/uploads\/cropped-Favicon_oplite.jpg","width":512,"height":512,"caption":"OPLITE"},"image":{"@id":"https:\/\/oplitegames.com\/#\/schema\/logo\/image\/"}}]},"product_price_amount":"249.90","product_price_currency":"EUR","og_availability":"instock","product_availability":"instock","product_retailer_item_id":"103862","product_condition":"new"},"_links":{"self":[{"href":"https:\/\/oplitegames.com\/es\/wp-json\/wp\/v2\/product\/63944","targetHints":{"allow":["GET"]}}],"collection":[{"href":"https:\/\/oplitegames.com\/es\/wp-json\/wp\/v2\/product"}],"about":[{"href":"https:\/\/oplitegames.com\/es\/wp-json\/wp\/v2\/types\/product"}],"version-history":[{"count":4,"href":"https:\/\/oplitegames.com\/es\/wp-json\/wp\/v2\/product\/63944\/revisions"}],"predecessor-version":[{"id":67035,"href":"https:\/\/oplitegames.com\/es\/wp-json\/wp\/v2\/product\/63944\/revisions\/67035"}],"wp:featuredmedia":[{"embeddable":true,"href":"https:\/\/oplitegames.com\/es\/wp-json\/wp\/v2\/media\/64789"}],"wp:attachment":[{"href":"https:\/\/oplitegames.com\/es\/wp-json\/wp\/v2\/media?parent=63944"}],"wp:term":[{"taxonomy":"product_brand","embeddable":true,"href":"https:\/\/oplitegames.com\/es\/wp-json\/wp\/v2\/product_brand?post=63944"},{"taxonomy":"product_cat","embeddable":true,"href":"https:\/\/oplitegames.com\/es\/wp-json\/wp\/v2\/product_cat?post=63944"},{"taxonomy":"product_tag","embeddable":true,"href":"https:\/\/oplitegames.com\/es\/wp-json\/wp\/v2\/product_tag?post=63944"}],"curies":[{"name":"wp","href":"https:\/\/api.w.org\/{rel}","templated":true}]}}