{"id":29782,"date":"2022-10-26T14:58:03","date_gmt":"2022-10-26T12:58:03","guid":{"rendered":"https:\/\/oplitegames.com\/homepage\/"},"modified":"2024-11-25T12:49:00","modified_gmt":"2024-11-25T11:49:00","slug":"homepage","status":"publish","type":"page","link":"https:\/\/oplitegames.com\/it\/homepage\/","title":{"rendered":"Homepage"},"content":{"rendered":"<h4>GAREGGIARE AL MASSIMO LIVELLO<\/h4>\n<h2>PRODOTTI DI SIMULAZIONE<\/h2>\n<p>\t\t\t\t\t\t\t\t\t\t\t\t\t<img fetchpriority=\"high\" decoding=\"async\" width=\"263\" height=\"263\" src=\"https:\/\/oplitegames.com\/wp-content\/uploads\/circle.png\" alt=\"\" srcset=\"https:\/\/oplitegames.com\/wp-content\/uploads\/circle.png 263w, https:\/\/oplitegames.com\/wp-content\/uploads\/circle-120x120.png 120w, https:\/\/oplitegames.com\/wp-content\/uploads\/circle-64x64.png 64w, https:\/\/oplitegames.com\/wp-content\/uploads\/circle-150x150.png 150w\" sizes=\"(max-width: 263px) 100vw, 263px\" \/><br \/>\n\t\t\t\t\t\t\t\t\t\t\t\t\t<img fetchpriority=\"high\" decoding=\"async\" width=\"263\" height=\"263\" src=\"https:\/\/oplitegames.com\/wp-content\/uploads\/circle.png\" alt=\"\" srcset=\"https:\/\/oplitegames.com\/wp-content\/uploads\/circle.png 263w, https:\/\/oplitegames.com\/wp-content\/uploads\/circle-120x120.png 120w, https:\/\/oplitegames.com\/wp-content\/uploads\/circle-64x64.png 64w, https:\/\/oplitegames.com\/wp-content\/uploads\/circle-150x150.png 150w\" sizes=\"(max-width: 263px) 100vw, 263px\" \/>\t\t\t\t\t\t\t\t\t\t\t\t\t<\/p>\n<figure><a href=\"https:\/\/oplitegames.com\/it\/categoria-prodotto\/simulatori\/supporti-ruota\/\" tabindex=\"-1\"><img decoding=\"async\" width=\"300\" height=\"300\" src=\"https:\/\/oplitegames.com\/wp-content\/uploads\/1-22-300x300.png\" alt=\"\" \/><\/a><\/figure>\n<h5><a href=\"https:\/\/oplitegames.com\/it\/categoria-prodotto\/simulatori\/supporti-ruota\/\">Supporti Ruota<\/a><\/h5>\n<figure><a href=\"https:\/\/oplitegames.com\/it\/categoria-prodotto\/simulatori\/cockpit-nitrokart-it\/\" tabindex=\"-1\"><img decoding=\"async\" width=\"300\" height=\"300\" src=\"https:\/\/oplitegames.com\/wp-content\/uploads\/2-26-300x300.png\" alt=\"\" \/><\/a><\/figure>\n<h5><a href=\"https:\/\/oplitegames.com\/it\/categoria-prodotto\/simulatori\/cockpit-nitrokart-it\/\">Cockpit NitroKart<\/a><\/h5>\n<figure><a href=\"https:\/\/oplitegames.com\/it\/categoria-prodotto\/simulatori\/abitacolo-gt3\/e-produit\/simulateur-de-course\/cockpit-gt3\/\" tabindex=\"-1\"><img loading=\"lazy\" decoding=\"async\" width=\"300\" height=\"300\" src=\"https:\/\/oplitegames.com\/wp-content\/uploads\/image001-300x300.png\" alt=\"\" \/><\/a><\/figure>\n<h5><a href=\"https:\/\/oplitegames.com\/it\/categoria-prodotto\/simulatori\/abitacolo-gt3\/e-produit\/simulateur-de-course\/cockpit-gt3\/\">Abitacolo GT3<\/a><\/h5>\n<figure><a href=\"https:\/\/oplitegames.com\/it\/categoria-prodotto\/simulatori\/abitacolo-gtr-s8-infinity-it\/\" tabindex=\"-1\"><img loading=\"lazy\" decoding=\"async\" width=\"300\" height=\"300\" src=\"https:\/\/oplitegames.com\/wp-content\/uploads\/Oplite-Cockpit-GTR-S8-INFINITY-OP-GTR-RC-S8-_1-1-300x300.jpg\" alt=\"\" \/><\/a><\/figure>\n<h5><a href=\"https:\/\/oplitegames.com\/it\/categoria-prodotto\/simulatori\/abitacolo-gtr-s8-infinity-it\/\">Abitacolo GTR S8 Infinity<\/a><\/h5>\n<figure><a href=\"https:\/\/oplitegames.com\/it\/categoria-prodotto\/simulatori\/abitacolo-gtr-s8-elite\/\" tabindex=\"-1\"><img loading=\"lazy\" decoding=\"async\" width=\"300\" height=\"300\" src=\"https:\/\/oplitegames.com\/wp-content\/uploads\/Cockpit-GTR-S8-Elite-RED-OP-GTR-EY-image_1-300x300.png\" alt=\"\" \/><\/a><\/figure>\n<h5><a href=\"https:\/\/oplitegames.com\/it\/categoria-prodotto\/simulatori\/abitacolo-gtr-s8-elite\/\">Abitacolo GTR S8 Elite<\/a><\/h5>\n<h4>PORTARE IL GIOCO AL LIVELLO SUCCESSIVO<\/h4>\n<h2>PRODOTTI PER IL GIOCO<\/h2>\n<p>\t\t\t\t\t\t\t\t\t\t\t\t\t<img fetchpriority=\"high\" decoding=\"async\" width=\"263\" height=\"263\" src=\"https:\/\/oplitegames.com\/wp-content\/uploads\/circle.png\" alt=\"\" srcset=\"https:\/\/oplitegames.com\/wp-content\/uploads\/circle.png 263w, https:\/\/oplitegames.com\/wp-content\/uploads\/circle-120x120.png 120w, https:\/\/oplitegames.com\/wp-content\/uploads\/circle-64x64.png 64w, https:\/\/oplitegames.com\/wp-content\/uploads\/circle-150x150.png 150w\" sizes=\"(max-width: 263px) 100vw, 263px\" \/><br \/>\n\t\t\t\t\t\t\t\t\t\t\t\t\t<img fetchpriority=\"high\" decoding=\"async\" width=\"263\" height=\"263\" src=\"https:\/\/oplitegames.com\/wp-content\/uploads\/circle.png\" alt=\"\" srcset=\"https:\/\/oplitegames.com\/wp-content\/uploads\/circle.png 263w, https:\/\/oplitegames.com\/wp-content\/uploads\/circle-120x120.png 120w, https:\/\/oplitegames.com\/wp-content\/uploads\/circle-64x64.png 64w, https:\/\/oplitegames.com\/wp-content\/uploads\/circle-150x150.png 150w\" sizes=\"(max-width: 263px) 100vw, 263px\" \/>\t\t\t\t\t\t\t\t\t\t\t\t\t<\/p>\n<figure><a href=\"https:\/\/oplitegames.com\/it\/categoria-prodotto\/uffici-streaming\/scrivanie-da-gioco\/\" tabindex=\"-1\"><img loading=\"lazy\" decoding=\"async\" width=\"300\" height=\"300\" src=\"https:\/\/oplitegames.com\/wp-content\/uploads\/OP-BMK2-XL_01-2-300x300.png\" alt=\"\" \/><\/a><\/figure>\n<h5><a href=\"https:\/\/oplitegames.com\/it\/categoria-prodotto\/uffici-streaming\/scrivanie-da-gioco\/\">Scrivanie da gioco<\/a><\/h5>\n<figure><a href=\"https:\/\/oplitegames.com\/it\/categoria-prodotto\/uffici-streaming\/accessori-per-ufficio\/\" tabindex=\"-1\"><img loading=\"lazy\" decoding=\"async\" width=\"1000\" height=\"1000\" src=\"https:\/\/oplitegames.com\/wp-content\/uploads\/OP-BM04-B_1.png\" alt=\"\" \/><\/a><\/figure>\n<h5><a href=\"https:\/\/oplitegames.com\/it\/categoria-prodotto\/uffici-streaming\/accessori-per-ufficio\/\">Accessori per ufficio  <\/a><\/h5>\n<figure><a href=\"https:\/\/oplitegames.com\/it\/categoria-prodotto\/uffici-streaming\/accessori-streaming\/\" tabindex=\"-1\"><img loading=\"lazy\" decoding=\"async\" width=\"300\" height=\"300\" src=\"https:\/\/oplitegames.com\/wp-content\/uploads\/OPLITE-Supreme-Green-Screen-XL_1-1-300x300.png\" alt=\"\" \/><\/a><\/figure>\n<h5><a href=\"https:\/\/oplitegames.com\/it\/categoria-prodotto\/uffici-streaming\/accessori-streaming\/\"><br \/>Accessori per lo streaming<\/a><\/h5>\n<figure><a href=\"https:\/\/oplitegames.com\/it\/categoria-prodotto\/uffici-streaming\/bracci-articolati\/\" tabindex=\"-1\"><img loading=\"lazy\" decoding=\"async\" width=\"300\" height=\"300\" src=\"https:\/\/oplitegames.com\/wp-content\/uploads\/OPLITE-MT49-MONITOR-ARM-_01-1-300x300.png\" alt=\"\" \/><\/a><\/figure>\n<h5><a href=\"https:\/\/oplitegames.com\/it\/categoria-prodotto\/uffici-streaming\/bracci-articolati\/\">Bracci Articolati<\/a><\/h5>\n<figure><a href=\"https:\/\/oplitegames.com\/it\/categoria-prodotto\/uffici-streaming\/accessori-streaming\/\" tabindex=\"-1\"><img loading=\"lazy\" decoding=\"async\" width=\"300\" height=\"300\" src=\"https:\/\/oplitegames.com\/wp-content\/uploads\/OP-PMA_1-2-300x300.png\" alt=\"\" \/><\/a><\/figure>\n<h5><a href=\"https:\/\/oplitegames.com\/it\/categoria-prodotto\/uffici-streaming\/accessori-streaming\/\"><br \/>Accessori per lo streaming<\/a><\/h5>\n<p>\t\t\t\t\t\t\t\t\t\t\t\t\t<img loading=\"lazy\" decoding=\"async\" width=\"350\" height=\"350\" src=\"https:\/\/oplitegames.com\/wp-content\/uploads\/Sans-titre-1-1.png\" alt=\"\" srcset=\"https:\/\/oplitegames.com\/wp-content\/uploads\/Sans-titre-1-1.png 350w, https:\/\/oplitegames.com\/wp-content\/uploads\/Sans-titre-1-1-300x300.png 300w, https:\/\/oplitegames.com\/wp-content\/uploads\/Sans-titre-1-1-120x120.png 120w, https:\/\/oplitegames.com\/wp-content\/uploads\/Sans-titre-1-1-64x64.png 64w, https:\/\/oplitegames.com\/wp-content\/uploads\/Sans-titre-1-1-150x150.png 150w\" sizes=\"(max-width: 350px) 100vw, 350px\" \/>\t\t\t\t\t\t\t\t\t\t\t\t\t<\/p>\n<h4>OPLITE <\/h4>\n<h2>Equipes eSport<\/h2>\n<p>\t\t<strong style=\"color: #ffff;\">Une dimension Europ\u00e9enne.<\/strong><br \/>\nNotre volont\u00e9 est de soutenir le d\u00e9veloppement des \u00e9quipes de SimRcing \u00e0 travers l&#8217;Europe.<br \/>\nLes 7 \u00e9quipes que nous manageons en 2022 regrouper pas moins de <strong>170 pilotes.<br \/>\n<\/strong>Ces \u00e9quipes sont r\u00e9parties sur diff\u00e9rentes plateformes ( ou cat\u00e9gorie de jeux ) afin de diversifier notre pr\u00e9sence sur les r\u00e9seaux.<br \/>\n<strong><br \/>\n<\/strong>pour aller plus loin en 2023, nous constituons actuellement une \u00e9quipe f\u00e9minine fran\u00e7aise &#8230;\t\t<\/p>\n<h2>AMBASSADEURS OPLITE<\/h2>\n<p>\t\t\t\t\t\t\t\t\t\t\t\t\t<img loading=\"lazy\" decoding=\"async\" width=\"350\" height=\"350\" src=\"https:\/\/oplitegames.com\/wp-content\/uploads\/PetitLewis.png\" alt=\"\" srcset=\"https:\/\/oplitegames.com\/wp-content\/uploads\/PetitLewis.png 350w, https:\/\/oplitegames.com\/wp-content\/uploads\/PetitLewis-300x300.png 300w, https:\/\/oplitegames.com\/wp-content\/uploads\/PetitLewis-120x120.png 120w, https:\/\/oplitegames.com\/wp-content\/uploads\/PetitLewis-64x64.png 64w, https:\/\/oplitegames.com\/wp-content\/uploads\/PetitLewis-150x150.png 150w\" sizes=\"(max-width: 350px) 100vw, 350px\" \/>\t\t\t\t\t\t\t\t\t\t\t\t\t<\/p>\n<p>Lorem ipsum dolor sit amet, consectetur adipiscing elit. Ut elit tellus, luctus nec ullamcorper mattis, pulvinar dapibus leo.<\/p>\n<p>\t\t\t<a href=\"#\"><br \/>\n\t\t\t\t\t\t\t\t\tLire plus<br \/>\n\t\t\t\t\t<\/a><br \/>\n\t\t\t\t\t\t\t\t\t\t\t\t\t<img loading=\"lazy\" decoding=\"async\" width=\"350\" height=\"350\" src=\"https:\/\/oplitegames.com\/wp-content\/uploads\/Kai-1.png\" alt=\"\" srcset=\"https:\/\/oplitegames.com\/wp-content\/uploads\/Kai-1.png 350w, https:\/\/oplitegames.com\/wp-content\/uploads\/Kai-1-300x300.png 300w, https:\/\/oplitegames.com\/wp-content\/uploads\/Kai-1-120x120.png 120w, https:\/\/oplitegames.com\/wp-content\/uploads\/Kai-1-64x64.png 64w, https:\/\/oplitegames.com\/wp-content\/uploads\/Kai-1-150x150.png 150w\" sizes=\"(max-width: 350px) 100vw, 350px\" \/>\t\t\t\t\t\t\t\t\t\t\t\t\t<\/p>\n<p>Lorem ipsum dolor sit amet, consectetur adipiscing elit. Ut elit tellus, luctus nec ullamcorper mattis, pulvinar dapibus leo.<\/p>\n<p>\t\t\t<a href=\"#\"><br \/>\n\t\t\t\t\t\t\t\t\tLire plus<br \/>\n\t\t\t\t\t<\/a><br \/>\n\t\t\t\t\t\t\t\t\t\t\t\t\t<img loading=\"lazy\" decoding=\"async\" width=\"350\" height=\"350\" src=\"https:\/\/oplitegames.com\/wp-content\/uploads\/Louis-1.png\" alt=\"\" srcset=\"https:\/\/oplitegames.com\/wp-content\/uploads\/Louis-1.png 350w, https:\/\/oplitegames.com\/wp-content\/uploads\/Louis-1-300x300.png 300w, https:\/\/oplitegames.com\/wp-content\/uploads\/Louis-1-120x120.png 120w, https:\/\/oplitegames.com\/wp-content\/uploads\/Louis-1-64x64.png 64w, https:\/\/oplitegames.com\/wp-content\/uploads\/Louis-1-150x150.png 150w\" sizes=\"(max-width: 350px) 100vw, 350px\" \/>\t\t\t\t\t\t\t\t\t\t\t\t\t<\/p>\n<p>Lorem ipsum dolor sit amet, consectetur adipiscing elit. Ut elit tellus, luctus nec ullamcorper mattis, pulvinar dapibus leo.<\/p>\n<p>\t\t\t<a href=\"#\"><br \/>\n\t\t\t\t\t\t\t\t\tLire plus<br \/>\n\t\t\t\t\t<\/a><br \/>\n\t\t\t\t\t\t\t\t\t\t\t\t\t<img loading=\"lazy\" decoding=\"async\" width=\"350\" height=\"350\" src=\"https:\/\/oplitegames.com\/wp-content\/uploads\/Louis.png\" alt=\"\" srcset=\"https:\/\/oplitegames.com\/wp-content\/uploads\/Louis.png 350w, https:\/\/oplitegames.com\/wp-content\/uploads\/Louis-300x300.png 300w, https:\/\/oplitegames.com\/wp-content\/uploads\/Louis-120x120.png 120w, https:\/\/oplitegames.com\/wp-content\/uploads\/Louis-64x64.png 64w, https:\/\/oplitegames.com\/wp-content\/uploads\/Louis-150x150.png 150w\" sizes=\"(max-width: 350px) 100vw, 350px\" \/>\t\t\t\t\t\t\t\t\t\t\t\t\t<\/p>\n<p>Lorem ipsum dolor sit amet, consectetur adipiscing elit. Ut elit tellus, luctus nec ullamcorper mattis, pulvinar dapibus leo.<\/p>\n<p>\t\t\t<a href=\"#\"><br \/>\n\t\t\t\t\t\t\t\t\tLire plus<br \/>\n\t\t\t\t\t<\/a><br \/>\n\t\t\t\t\t\t\t\t\t\t\t\t\t<img loading=\"lazy\" decoding=\"async\" width=\"350\" height=\"350\" src=\"https:\/\/oplitegames.com\/wp-content\/uploads\/Massimo.png\" alt=\"\" srcset=\"https:\/\/oplitegames.com\/wp-content\/uploads\/Massimo.png 350w, https:\/\/oplitegames.com\/wp-content\/uploads\/Massimo-300x300.png 300w, https:\/\/oplitegames.com\/wp-content\/uploads\/Massimo-120x120.png 120w, https:\/\/oplitegames.com\/wp-content\/uploads\/Massimo-64x64.png 64w, https:\/\/oplitegames.com\/wp-content\/uploads\/Massimo-150x150.png 150w\" sizes=\"(max-width: 350px) 100vw, 350px\" \/>\t\t\t\t\t\t\t\t\t\t\t\t\t<\/p>\n<p>Lorem ipsum dolor sit amet, consectetur adipiscing elit. Ut elit tellus, luctus nec ullamcorper mattis, pulvinar dapibus leo.<\/p>\n<p>\t\t\t<a href=\"#\"><br \/>\n\t\t\t\t\t\t\t\t\tLire plus<br \/>\n\t\t\t\t\t<\/a><\/p>\n","protected":false},"excerpt":{"rendered":"<p>GAREGGIARE AL MASSIMO LIVELLO PRODOTTI DI SIMULAZIONE Supporti Ruota Cockpit NitroKart Abitacolo GT3 Abitacolo GTR S8 Infinity Abitacolo GTR S8 Elite PORTARE IL GIOCO AL LIVELLO SUCCESSIVO PRODOTTI PER IL&#8230;<\/p>\n","protected":false},"author":10,"featured_media":0,"parent":0,"menu_order":0,"comment_status":"closed","ping_status":"closed","template":"","meta":{"_acf_changed":false,"_themeisle_gutenberg_block_has_review":false,"footnotes":""},"class_list":["post-29782","page","type-page","status-publish","hentry"],"acf":[],"yoast_head":"<!-- This site is optimized with the Yoast SEO plugin v27.1.1 - https:\/\/yoast.com\/product\/yoast-seo-wordpress\/ -->\n<title>OPLITE - Homepage<\/title>\n<meta name=\"robots\" content=\"index, follow, max-snippet:-1, max-image-preview:large, max-video-preview:-1\" \/>\n<link rel=\"canonical\" href=\"https:\/\/oplitegames.com\/it\/\" \/>\n<meta property=\"og:locale\" content=\"it_IT\" \/>\n<meta property=\"og:type\" content=\"article\" \/>\n<meta property=\"og:title\" content=\"OPLITE - Homepage\" \/>\n<meta property=\"og:description\" content=\"GAREGGIARE AL MASSIMO LIVELLO PRODOTTI DI SIMULAZIONE Supporti Ruota Cockpit NitroKart Abitacolo GT3 Abitacolo GTR S8 Infinity Abitacolo GTR S8 Elite PORTARE IL GIOCO AL LIVELLO SUCCESSIVO PRODOTTI PER IL...\" \/>\n<meta property=\"og:url\" content=\"https:\/\/oplitegames.com\/it\/\" \/>\n<meta property=\"og:site_name\" content=\"OPLITE\" \/>\n<meta property=\"article:modified_time\" content=\"2024-11-25T11:49:00+00:00\" \/>\n<meta property=\"og:image\" content=\"https:\/\/oplitegames.com\/wp-content\/uploads\/circle.png\" \/>\n\t<meta property=\"og:image:width\" content=\"263\" \/>\n\t<meta property=\"og:image:height\" content=\"263\" \/>\n\t<meta property=\"og:image:type\" content=\"image\/png\" \/>\n<meta name=\"twitter:card\" content=\"summary_large_image\" \/>\n<meta name=\"twitter:label1\" content=\"Est. reading time\" \/>\n\t<meta name=\"twitter:data1\" content=\"1 minuto\" \/>\n<script type=\"application\/ld+json\" class=\"yoast-schema-graph\">{\"@context\":\"https:\/\/schema.org\",\"@graph\":[{\"@type\":\"WebPage\",\"@id\":\"https:\/\/oplitegames.com\/it\/\",\"url\":\"https:\/\/oplitegames.com\/it\/\",\"name\":\"OPLITE - Homepage\",\"isPartOf\":{\"@id\":\"https:\/\/oplitegames.com\/#website\"},\"primaryImageOfPage\":{\"@id\":\"https:\/\/oplitegames.com\/it\/#primaryimage\"},\"image\":{\"@id\":\"https:\/\/oplitegames.com\/it\/#primaryimage\"},\"thumbnailUrl\":\"https:\/\/oplitegames.com\/wp-content\/uploads\/circle.png\",\"datePublished\":\"2022-10-26T12:58:03+00:00\",\"dateModified\":\"2024-11-25T11:49:00+00:00\",\"inLanguage\":\"it-IT\",\"potentialAction\":[{\"@type\":\"ReadAction\",\"target\":[\"https:\/\/oplitegames.com\/it\/\"]}]},{\"@type\":\"ImageObject\",\"inLanguage\":\"it-IT\",\"@id\":\"https:\/\/oplitegames.com\/it\/#primaryimage\",\"url\":\"https:\/\/oplitegames.com\/wp-content\/uploads\/circle.png\",\"contentUrl\":\"https:\/\/oplitegames.com\/wp-content\/uploads\/circle.png\"},{\"@type\":\"WebSite\",\"@id\":\"https:\/\/oplitegames.com\/#website\",\"url\":\"https:\/\/oplitegames.com\/\",\"name\":\"OPLITE\",\"description\":\"\",\"publisher\":{\"@id\":\"https:\/\/oplitegames.com\/#organization\"},\"alternateName\":\"Oplite\",\"potentialAction\":[{\"@type\":\"SearchAction\",\"target\":{\"@type\":\"EntryPoint\",\"urlTemplate\":\"https:\/\/oplitegames.com\/?s={search_term_string}\"},\"query-input\":{\"@type\":\"PropertyValueSpecification\",\"valueRequired\":true,\"valueName\":\"search_term_string\"}}],\"inLanguage\":\"it-IT\"},{\"@type\":\"Organization\",\"@id\":\"https:\/\/oplitegames.com\/#organization\",\"name\":\"OPLITE\",\"alternateName\":\"Oplite\",\"url\":\"https:\/\/oplitegames.com\/\",\"logo\":{\"@type\":\"ImageObject\",\"inLanguage\":\"it-IT\",\"@id\":\"https:\/\/oplitegames.com\/#\/schema\/logo\/image\/\",\"url\":\"https:\/\/oplitegames.com\/wp-content\/uploads\/cropped-Favicon_oplite.jpg\",\"contentUrl\":\"https:\/\/oplitegames.com\/wp-content\/uploads\/cropped-Favicon_oplite.jpg\",\"width\":512,\"height\":512,\"caption\":\"OPLITE\"},\"image\":{\"@id\":\"https:\/\/oplitegames.com\/#\/schema\/logo\/image\/\"}}]}<\/script>\n<!-- \/ Yoast SEO plugin. -->","yoast_head_json":{"title":"OPLITE - Homepage","robots":{"index":"index","follow":"follow","max-snippet":"max-snippet:-1","max-image-preview":"max-image-preview:large","max-video-preview":"max-video-preview:-1"},"canonical":"https:\/\/oplitegames.com\/it\/","og_locale":"it_IT","og_type":"article","og_title":"OPLITE - Homepage","og_description":"GAREGGIARE AL MASSIMO LIVELLO PRODOTTI DI SIMULAZIONE Supporti Ruota Cockpit NitroKart Abitacolo GT3 Abitacolo GTR S8 Infinity Abitacolo GTR S8 Elite PORTARE IL GIOCO AL LIVELLO SUCCESSIVO PRODOTTI PER IL...","og_url":"https:\/\/oplitegames.com\/it\/","og_site_name":"OPLITE","article_modified_time":"2024-11-25T11:49:00+00:00","og_image":[{"width":263,"height":263,"url":"https:\/\/oplitegames.com\/wp-content\/uploads\/circle.png","type":"image\/png"}],"twitter_card":"summary_large_image","twitter_misc":{"Est. reading time":"1 minuto"},"schema":{"@context":"https:\/\/schema.org","@graph":[{"@type":"WebPage","@id":"https:\/\/oplitegames.com\/it\/","url":"https:\/\/oplitegames.com\/it\/","name":"OPLITE - Homepage","isPartOf":{"@id":"https:\/\/oplitegames.com\/#website"},"primaryImageOfPage":{"@id":"https:\/\/oplitegames.com\/it\/#primaryimage"},"image":{"@id":"https:\/\/oplitegames.com\/it\/#primaryimage"},"thumbnailUrl":"https:\/\/oplitegames.com\/wp-content\/uploads\/circle.png","datePublished":"2022-10-26T12:58:03+00:00","dateModified":"2024-11-25T11:49:00+00:00","inLanguage":"it-IT","potentialAction":[{"@type":"ReadAction","target":["https:\/\/oplitegames.com\/it\/"]}]},{"@type":"ImageObject","inLanguage":"it-IT","@id":"https:\/\/oplitegames.com\/it\/#primaryimage","url":"https:\/\/oplitegames.com\/wp-content\/uploads\/circle.png","contentUrl":"https:\/\/oplitegames.com\/wp-content\/uploads\/circle.png"},{"@type":"WebSite","@id":"https:\/\/oplitegames.com\/#website","url":"https:\/\/oplitegames.com\/","name":"OPLITE","description":"","publisher":{"@id":"https:\/\/oplitegames.com\/#organization"},"alternateName":"Oplite","potentialAction":[{"@type":"SearchAction","target":{"@type":"EntryPoint","urlTemplate":"https:\/\/oplitegames.com\/?s={search_term_string}"},"query-input":{"@type":"PropertyValueSpecification","valueRequired":true,"valueName":"search_term_string"}}],"inLanguage":"it-IT"},{"@type":"Organization","@id":"https:\/\/oplitegames.com\/#organization","name":"OPLITE","alternateName":"Oplite","url":"https:\/\/oplitegames.com\/","logo":{"@type":"ImageObject","inLanguage":"it-IT","@id":"https:\/\/oplitegames.com\/#\/schema\/logo\/image\/","url":"https:\/\/oplitegames.com\/wp-content\/uploads\/cropped-Favicon_oplite.jpg","contentUrl":"https:\/\/oplitegames.com\/wp-content\/uploads\/cropped-Favicon_oplite.jpg","width":512,"height":512,"caption":"OPLITE"},"image":{"@id":"https:\/\/oplitegames.com\/#\/schema\/logo\/image\/"}}]}},"_links":{"self":[{"href":"https:\/\/oplitegames.com\/it\/wp-json\/wp\/v2\/pages\/29782","targetHints":{"allow":["GET"]}}],"collection":[{"href":"https:\/\/oplitegames.com\/it\/wp-json\/wp\/v2\/pages"}],"about":[{"href":"https:\/\/oplitegames.com\/it\/wp-json\/wp\/v2\/types\/page"}],"author":[{"embeddable":true,"href":"https:\/\/oplitegames.com\/it\/wp-json\/wp\/v2\/users\/10"}],"replies":[{"embeddable":true,"href":"https:\/\/oplitegames.com\/it\/wp-json\/wp\/v2\/comments?post=29782"}],"version-history":[{"count":27,"href":"https:\/\/oplitegames.com\/it\/wp-json\/wp\/v2\/pages\/29782\/revisions"}],"predecessor-version":[{"id":37702,"href":"https:\/\/oplitegames.com\/it\/wp-json\/wp\/v2\/pages\/29782\/revisions\/37702"}],"wp:attachment":[{"href":"https:\/\/oplitegames.com\/it\/wp-json\/wp\/v2\/media?parent=29782"}],"curies":[{"name":"wp","href":"https:\/\/api.w.org\/{rel}","templated":true}]}}