{"id":29381,"date":"2022-10-27T15:03:16","date_gmt":"2022-10-27T13:03:16","guid":{"rendered":"https:\/\/oplitegames.com\/product\/oplite-cockpit-gtr-s3-elite-yellow\/"},"modified":"2026-04-06T11:58:54","modified_gmt":"2026-04-06T09:58:54","slug":"oplite-cockpit-gtr-s3-elite-yellow","status":"publish","type":"product","link":"https:\/\/oplitegames.com\/it\/prodotto\/oplite-cockpit-gtr-s3-elite-yellow\/","title":{"rendered":"Cockpit GTR S8 Elite Yellow"},"content":{"rendered":"<p>Il COCKPIT di simulazione <strong>GTR S8 YELLOW<\/strong> combina le ultime innovazioni tecnologiche di Simracing con un design senza tempo ispirato al mondo delle competizioni. La sua struttura tubolare in acciaio al carbonio ad alta densit\u00e0 con un diametro di 48 mm garantisce un&#8217;ottima rigidit\u00e0, e le piastre di montaggio assicurano la piena compatibilit\u00e0 con le soluzioni dei pi\u00f9 grandi marchi come Fanatec, Moza, Thrust\u0113master, La Logitech I, la Turtle Beach I. o la Asetek I. Dotato di numerose opzioni di regolazione, questo cockpit offre una postazione di guida ergonomica adatta a varie modalit\u00e0 di guida, GT, Drift, F1 e Rally.<\/p>\n<p><span style=\"text-decoration: underline;\"><strong>Punti di forza:<\/strong><\/span><br \/>\n\u2022 Vera seduta vasca in fibra di vetro rivestita in suede, montata su guide, adatta a tutte le sagome da 1m50 a + 2m10 per una capacit\u00e0 di carico fino a 150KG.<br \/>\n\u2022 Logo del marchio tagliato al laser sulle squame della vasca.<br \/>\n\u2022 Supporto a pedale rinforzato che consente l&#8217;installazione dei pedali LoadCell anche in piano.<br \/>\n\u2022 Molteplici impostazioni disponibili, regolazione rapida grazie all&#8217;utilizzo di ghiere di serraggio<br \/>\n\u2022 Supporto volante regolabile in altezza e inclinazione compatibile con le tecnologie Force Feedback Direct Drive e Cinghia.<br \/>\n\u2022 Viti in acciaio al nichel e inserti filettati di alta qualit\u00e0, provenienti dall&#8217;industria automobilistica.<br \/>\n\u2022 Angoli di rigidificazione nella parte anteriore e posteriore del telaio con scanalature oblunghe di 6 mm di diametro, che consentono l&#8217;installazione di accessori realizzati in stampa 3D o altri metodi, nello spirito &#8221;Do It Yourself&#8217; (DIY).<br \/>\n\u2022 Telaio con otto dadi saldati che possono essere utilizzati per fissare sia i piedini Rotul\u00e9s Oplite inclusi, sia il kit ruote ad alte prestazioni CASTOR WHEEL GTR S8 opzionale.<br \/>\n\u2022 Gli ultimi progressi tecnologici aprono nuove opportunit\u00e0 per la simulazione di volo grazie all&#8217;aggiunta opzionale del <strong>FULL FORCE KIT GTR S3\/S8<\/strong> e del <strong>SIMRACING &amp; FLIGHTSIM HOLDER.<\/strong><\/p>\n<p><span style=\"text-decoration: underline;\"><strong>Caratteristiche tecniche:<\/strong><\/span><br \/>\n<strong>Telaio:<\/strong><br \/>\n\u2022 Struttura tubolare di 48mm x 2 mm di spessore<br \/>\n\u2022 Vernice satinata rossa e nera, ad alta resistenza per una finitura premium<br \/>\n<strong>Supporto del volante :<\/strong><br \/>\n\u2022 Impostazione su\/gi\u00f9 \u00b130\u00b0<br \/>\n\u2022 Inclinazione su\/gi\u00f9 \u00b130\u00b0<br \/>\n<strong>Supporto dei pedali :<\/strong><br \/>\n\u2022 Regolazione profondit\u00e0 Permette di regolare la posizione anteriore\/posteriore 200mm e l&#8217;inclinazione da 0 a +30, per adattarsi alla morfologia<br \/>\n<strong>Sedile a guscio: RS2 FiberCore\u00ae<\/strong><br \/>\n\u2022 Struttura FiberCore\u00ae composta da 4 strati di fibra di vetro intrecciati e rinforzati.<br \/>\n\u2022 Rivestimento in suede traspirante, morbido e piacevole al tatto, con logo OPLITE ricamato su entrambi i lati del poggiatesta.<br \/>\n\u2022 Taglia universale adatta a tutte le corporature, con 5 passaggi per cinture compatibili con sistemi a 3 e 4 punti.<br \/>\n\u2022 Regolazioni multiple: profondit\u00e0 regolabile \u00b1220 mm tramite guide, regolazione in altezza e inclinazione da -24\u00b0 a +24\u00b0.<br \/>\n\u2022 Attacchi laterali standard da 290 mm con 4 viti M8x20 incluse per il montaggio.<\/p>\n<p><span style=\"text-decoration: underline;\"><strong>Compatibilit\u00e0 del prodotto:<\/strong><\/span><br \/>\n100% Compatibile* con i volanti e i pedali dei marchi Thrustmaster\u00ae **, Turtle beach\u00ae, Logitech\u00ae, Moza\u00ae, Nacon\u00ae, Revosim\u00ae e Fanatec\u00ae<\/p>\n<p><small>*Per garantire la massima compatibilit\u00e0 con alcuni dispositivi, potrebbero essere necessari piccoli adattamenti. Nessuna preoccupazione: la qualit\u00e0 e la garanzia del prodotto non ne risentono.<br \/>\n**Tutti i prodotti Thrusmaster tranne T150 e TMX<\/small><\/p>\n","protected":false},"excerpt":{"rendered":"<p>Esperto nella progettazione di prodotti ergonomici per l&#8217;ufficio e il gaming, OPLITE presenta il suo ultimo COCKPIT di simulazione di corsa, il <strong>GTR S8 ELITE YELLOW<\/strong>.<br \/>\nCon la sua finitura Nero e Giallo satinato, il cockpit <strong>S8 ELITE YELLOW<\/strong> si colloca tra i modelli premium del marchio. Dotato di finiture di alta qualit\u00e0 e di un sedile a pozzetto in vetroresina rivestita in suede, segna la transizione dallo status di giocatore a quello di pilota.<\/p>\n[embed]https:\/\/www.youtube.com\/watch?v=kygailipLPY&#038;t=33s[\/embed]\n","protected":false},"featured_media":32324,"template":"","meta":{"_acf_changed":false,"_themeisle_gutenberg_block_has_review":false,"footnotes":""},"product_brand":[],"product_cat":[743,730],"product_tag":[894,758],"class_list":{"0":"post-29381","1":"product","2":"type-product","3":"status-publish","4":"has-post-thumbnail","6":"product_cat-abitacolo-gtr-s8-elite","7":"product_cat-simulatori","8":"product_tag-gtr-s8-elite","9":"product_tag-oplite-gaming-it","11":"first","12":"instock","13":"taxable","14":"shipping-taxable","15":"purchasable","16":"product-type-simple"},"bundled_by":[],"bundle_stock_status":"instock","bundle_stock_quantity":42,"bundle_virtual":false,"bundle_layout":"","bundle_add_to_cart_form_location":"","bundle_editable_in_cart":false,"bundle_sold_individually_context":"","bundle_item_grouping":"","bundle_min_size":"","bundle_max_size":"","bundle_price":[],"bundled_items":[],"bundle_sell_ids":[],"acf":[],"yoast_head":"<!-- This site is optimized with the Yoast SEO plugin v27.1.1 - https:\/\/yoast.com\/product\/yoast-seo-wordpress\/ -->\n<title>Cockpit GTR S8 Elite Yellow - OPLITE<\/title>\n<meta name=\"robots\" content=\"index, follow, max-snippet:-1, max-image-preview:large, max-video-preview:-1\" \/>\n<link rel=\"canonical\" href=\"https:\/\/oplitegames.com\/it\/prodotto\/oplite-cockpit-gtr-s3-elite-yellow\/\" \/>\n<meta property=\"og:locale\" content=\"it_IT\" \/>\n<meta property=\"og:type\" content=\"article\" \/>\n<meta property=\"og:title\" content=\"Cockpit GTR S8 Elite Yellow - OPLITE\" \/>\n<meta property=\"og:description\" content=\"Esperto nella progettazione di prodotti ergonomici per l&#039;ufficio e il gaming, OPLITE presenta il suo ultimo COCKPIT di simulazione di corsa, il GTR S8 ELITE YELLOW. Con la sua finitura Nero e Giallo satinato, il cockpit S8 ELITE YELLOW si colloca tra i modelli premium del marchio. Dotato di finiture di alta qualit\u00e0 e di un sedile a pozzetto in vetroresina rivestita in suede, segna la transizione dallo status di giocatore a quello di pilota.\" \/>\n<meta property=\"og:url\" content=\"https:\/\/oplitegames.com\/it\/prodotto\/oplite-cockpit-gtr-s3-elite-yellow\/\" \/>\n<meta property=\"og:site_name\" content=\"OPLITE\" \/>\n<meta property=\"article:modified_time\" content=\"2026-04-06T09:58:54+00:00\" \/>\n<meta property=\"og:image\" content=\"https:\/\/oplitegames.com\/wp-content\/uploads\/Cockpit-GTR-S8-Elite-RED-OP-GTR-EY-image_1.png\" \/>\n\t<meta property=\"og:image:width\" content=\"1000\" \/>\n\t<meta property=\"og:image:height\" content=\"1000\" \/>\n\t<meta property=\"og:image:type\" content=\"image\/png\" \/>\n<meta name=\"twitter:card\" content=\"summary_large_image\" \/>\n<meta name=\"twitter:label1\" content=\"Price\" \/>\n\t<meta name=\"twitter:data1\" content=\"569,90&nbsp;&euro;\" \/>\n\t<meta name=\"twitter:label2\" content=\"Availability\" \/>\n\t<meta name=\"twitter:data2\" content=\"In stock\" \/>\n<script type=\"application\/ld+json\" class=\"yoast-schema-graph\">{\"@context\":\"https:\/\/schema.org\",\"@graph\":[{\"@type\":\"WebPage\",\"@id\":\"https:\/\/oplitegames.com\/it\/prodotto\/oplite-cockpit-gtr-s3-elite-yellow\/\",\"url\":\"https:\/\/oplitegames.com\/it\/prodotto\/oplite-cockpit-gtr-s3-elite-yellow\/\",\"name\":\"Cockpit GTR S8 Elite Yellow - OPLITE\",\"isPartOf\":{\"@id\":\"https:\/\/oplitegames.com\/#website\"},\"primaryImageOfPage\":{\"@id\":\"https:\/\/oplitegames.com\/it\/prodotto\/oplite-cockpit-gtr-s3-elite-yellow\/#primaryimage\"},\"image\":{\"@id\":\"https:\/\/oplitegames.com\/it\/prodotto\/oplite-cockpit-gtr-s3-elite-yellow\/#primaryimage\"},\"thumbnailUrl\":\"https:\/\/oplitegames.com\/wp-content\/uploads\/Cockpit-GTR-S8-Elite-RED-OP-GTR-EY-image_1.png\",\"datePublished\":\"2022-10-27T13:03:16+00:00\",\"dateModified\":\"2026-04-06T09:58:54+00:00\",\"breadcrumb\":{\"@id\":\"https:\/\/oplitegames.com\/it\/prodotto\/oplite-cockpit-gtr-s3-elite-yellow\/#breadcrumb\"},\"inLanguage\":\"it-IT\",\"potentialAction\":[{\"@type\":\"ReadAction\",\"target\":[\"https:\/\/oplitegames.com\/it\/prodotto\/oplite-cockpit-gtr-s3-elite-yellow\/\"]}]},{\"@type\":\"ImageObject\",\"inLanguage\":\"it-IT\",\"@id\":\"https:\/\/oplitegames.com\/it\/prodotto\/oplite-cockpit-gtr-s3-elite-yellow\/#primaryimage\",\"url\":\"https:\/\/oplitegames.com\/wp-content\/uploads\/Cockpit-GTR-S8-Elite-RED-OP-GTR-EY-image_1.png\",\"contentUrl\":\"https:\/\/oplitegames.com\/wp-content\/uploads\/Cockpit-GTR-S8-Elite-RED-OP-GTR-EY-image_1.png\",\"width\":1000,\"height\":1000},{\"@type\":\"BreadcrumbList\",\"@id\":\"https:\/\/oplitegames.com\/it\/prodotto\/oplite-cockpit-gtr-s3-elite-yellow\/#breadcrumb\",\"itemListElement\":[{\"@type\":\"ListItem\",\"position\":1,\"name\":\"Negozio\",\"item\":\"https:\/\/oplitegames.com\/it\/negozio\/\"},{\"@type\":\"ListItem\",\"position\":2,\"name\":\"Cockpit GTR S8 Elite Yellow\"}]},{\"@type\":\"WebSite\",\"@id\":\"https:\/\/oplitegames.com\/#website\",\"url\":\"https:\/\/oplitegames.com\/\",\"name\":\"OPLITE\",\"description\":\"\",\"publisher\":{\"@id\":\"https:\/\/oplitegames.com\/#organization\"},\"alternateName\":\"Oplite\",\"potentialAction\":[{\"@type\":\"SearchAction\",\"target\":{\"@type\":\"EntryPoint\",\"urlTemplate\":\"https:\/\/oplitegames.com\/?s={search_term_string}\"},\"query-input\":{\"@type\":\"PropertyValueSpecification\",\"valueRequired\":true,\"valueName\":\"search_term_string\"}}],\"inLanguage\":\"it-IT\"},{\"@type\":\"Organization\",\"@id\":\"https:\/\/oplitegames.com\/#organization\",\"name\":\"OPLITE\",\"alternateName\":\"Oplite\",\"url\":\"https:\/\/oplitegames.com\/\",\"logo\":{\"@type\":\"ImageObject\",\"inLanguage\":\"it-IT\",\"@id\":\"https:\/\/oplitegames.com\/#\/schema\/logo\/image\/\",\"url\":\"https:\/\/oplitegames.com\/wp-content\/uploads\/cropped-Favicon_oplite.jpg\",\"contentUrl\":\"https:\/\/oplitegames.com\/wp-content\/uploads\/cropped-Favicon_oplite.jpg\",\"width\":512,\"height\":512,\"caption\":\"OPLITE\"},\"image\":{\"@id\":\"https:\/\/oplitegames.com\/#\/schema\/logo\/image\/\"}}]}<\/script>\n<meta property=\"product:price:amount\" content=\"569.90\" \/>\n<meta property=\"product:price:currency\" content=\"EUR\" \/>\n<meta property=\"og:availability\" content=\"instock\" \/>\n<meta property=\"product:availability\" content=\"instock\" \/>\n<meta property=\"product:retailer_item_id\" content=\"89130\" \/>\n<meta property=\"product:condition\" content=\"new\" \/>\n<!-- \/ Yoast SEO plugin. -->","yoast_head_json":{"title":"Cockpit GTR S8 Elite Yellow - OPLITE","robots":{"index":"index","follow":"follow","max-snippet":"max-snippet:-1","max-image-preview":"max-image-preview:large","max-video-preview":"max-video-preview:-1"},"canonical":"https:\/\/oplitegames.com\/it\/prodotto\/oplite-cockpit-gtr-s3-elite-yellow\/","og_locale":"it_IT","og_type":"article","og_title":"Cockpit GTR S8 Elite Yellow - OPLITE","og_description":"Esperto nella progettazione di prodotti ergonomici per l'ufficio e il gaming, OPLITE presenta il suo ultimo COCKPIT di simulazione di corsa, il GTR S8 ELITE YELLOW. Con la sua finitura Nero e Giallo satinato, il cockpit S8 ELITE YELLOW si colloca tra i modelli premium del marchio. Dotato di finiture di alta qualit\u00e0 e di un sedile a pozzetto in vetroresina rivestita in suede, segna la transizione dallo status di giocatore a quello di pilota.","og_url":"https:\/\/oplitegames.com\/it\/prodotto\/oplite-cockpit-gtr-s3-elite-yellow\/","og_site_name":"OPLITE","article_modified_time":"2026-04-06T09:58:54+00:00","og_image":[{"width":1000,"height":1000,"url":"https:\/\/oplitegames.com\/wp-content\/uploads\/Cockpit-GTR-S8-Elite-RED-OP-GTR-EY-image_1.png","type":"image\/png"}],"twitter_card":"summary_large_image","twitter_misc":{"Price":"569,90&nbsp;&euro;","Availability":"In stock"},"schema":{"@context":"https:\/\/schema.org","@graph":[{"@type":"WebPage","@id":"https:\/\/oplitegames.com\/it\/prodotto\/oplite-cockpit-gtr-s3-elite-yellow\/","url":"https:\/\/oplitegames.com\/it\/prodotto\/oplite-cockpit-gtr-s3-elite-yellow\/","name":"Cockpit GTR S8 Elite Yellow - OPLITE","isPartOf":{"@id":"https:\/\/oplitegames.com\/#website"},"primaryImageOfPage":{"@id":"https:\/\/oplitegames.com\/it\/prodotto\/oplite-cockpit-gtr-s3-elite-yellow\/#primaryimage"},"image":{"@id":"https:\/\/oplitegames.com\/it\/prodotto\/oplite-cockpit-gtr-s3-elite-yellow\/#primaryimage"},"thumbnailUrl":"https:\/\/oplitegames.com\/wp-content\/uploads\/Cockpit-GTR-S8-Elite-RED-OP-GTR-EY-image_1.png","datePublished":"2022-10-27T13:03:16+00:00","dateModified":"2026-04-06T09:58:54+00:00","breadcrumb":{"@id":"https:\/\/oplitegames.com\/it\/prodotto\/oplite-cockpit-gtr-s3-elite-yellow\/#breadcrumb"},"inLanguage":"it-IT","potentialAction":[{"@type":"ReadAction","target":["https:\/\/oplitegames.com\/it\/prodotto\/oplite-cockpit-gtr-s3-elite-yellow\/"]}]},{"@type":"ImageObject","inLanguage":"it-IT","@id":"https:\/\/oplitegames.com\/it\/prodotto\/oplite-cockpit-gtr-s3-elite-yellow\/#primaryimage","url":"https:\/\/oplitegames.com\/wp-content\/uploads\/Cockpit-GTR-S8-Elite-RED-OP-GTR-EY-image_1.png","contentUrl":"https:\/\/oplitegames.com\/wp-content\/uploads\/Cockpit-GTR-S8-Elite-RED-OP-GTR-EY-image_1.png","width":1000,"height":1000},{"@type":"BreadcrumbList","@id":"https:\/\/oplitegames.com\/it\/prodotto\/oplite-cockpit-gtr-s3-elite-yellow\/#breadcrumb","itemListElement":[{"@type":"ListItem","position":1,"name":"Negozio","item":"https:\/\/oplitegames.com\/it\/negozio\/"},{"@type":"ListItem","position":2,"name":"Cockpit GTR S8 Elite Yellow"}]},{"@type":"WebSite","@id":"https:\/\/oplitegames.com\/#website","url":"https:\/\/oplitegames.com\/","name":"OPLITE","description":"","publisher":{"@id":"https:\/\/oplitegames.com\/#organization"},"alternateName":"Oplite","potentialAction":[{"@type":"SearchAction","target":{"@type":"EntryPoint","urlTemplate":"https:\/\/oplitegames.com\/?s={search_term_string}"},"query-input":{"@type":"PropertyValueSpecification","valueRequired":true,"valueName":"search_term_string"}}],"inLanguage":"it-IT"},{"@type":"Organization","@id":"https:\/\/oplitegames.com\/#organization","name":"OPLITE","alternateName":"Oplite","url":"https:\/\/oplitegames.com\/","logo":{"@type":"ImageObject","inLanguage":"it-IT","@id":"https:\/\/oplitegames.com\/#\/schema\/logo\/image\/","url":"https:\/\/oplitegames.com\/wp-content\/uploads\/cropped-Favicon_oplite.jpg","contentUrl":"https:\/\/oplitegames.com\/wp-content\/uploads\/cropped-Favicon_oplite.jpg","width":512,"height":512,"caption":"OPLITE"},"image":{"@id":"https:\/\/oplitegames.com\/#\/schema\/logo\/image\/"}}]},"product_price_amount":"569.90","product_price_currency":"EUR","og_availability":"instock","product_availability":"instock","product_retailer_item_id":"89130","product_condition":"new"},"_links":{"self":[{"href":"https:\/\/oplitegames.com\/it\/wp-json\/wp\/v2\/product\/29381","targetHints":{"allow":["GET"]}}],"collection":[{"href":"https:\/\/oplitegames.com\/it\/wp-json\/wp\/v2\/product"}],"about":[{"href":"https:\/\/oplitegames.com\/it\/wp-json\/wp\/v2\/types\/product"}],"version-history":[{"count":9,"href":"https:\/\/oplitegames.com\/it\/wp-json\/wp\/v2\/product\/29381\/revisions"}],"predecessor-version":[{"id":31654,"href":"https:\/\/oplitegames.com\/it\/wp-json\/wp\/v2\/product\/29381\/revisions\/31654"}],"wp:featuredmedia":[{"embeddable":true,"href":"https:\/\/oplitegames.com\/it\/wp-json\/wp\/v2\/media\/32324"}],"wp:attachment":[{"href":"https:\/\/oplitegames.com\/it\/wp-json\/wp\/v2\/media?parent=29381"}],"wp:term":[{"taxonomy":"product_brand","embeddable":true,"href":"https:\/\/oplitegames.com\/it\/wp-json\/wp\/v2\/product_brand?post=29381"},{"taxonomy":"product_cat","embeddable":true,"href":"https:\/\/oplitegames.com\/it\/wp-json\/wp\/v2\/product_cat?post=29381"},{"taxonomy":"product_tag","embeddable":true,"href":"https:\/\/oplitegames.com\/it\/wp-json\/wp\/v2\/product_tag?post=29381"}],"curies":[{"name":"wp","href":"https:\/\/api.w.org\/{rel}","templated":true}]}}