{"id":29517,"date":"2023-01-20T14:15:18","date_gmt":"2023-01-20T13:15:18","guid":{"rendered":"https:\/\/oplitegames.com\/product\/support-joystick-manette-des-gaz-et-boite-de-vitesse\/"},"modified":"2026-04-18T17:19:55","modified_gmt":"2026-04-18T15:19:55","slug":"support-joystick-manette-des-gaz-et-boite-de-vitesse","status":"publish","type":"product","link":"https:\/\/oplitegames.com\/it\/prodotto\/support-joystick-manette-des-gaz-et-boite-de-vitesse\/","title":{"rendered":"Supporto per joystick, acceleratore e cambio"},"content":{"rendered":"<p>Progettato da e per gli appassionati di simulazione di volo, \u00e8 in grado di accogliere joystick, come ad esempio l&#8217;acceleratore (elenco di compatibilit\u00e0 in basso). Pu\u00f2 anche ricevere cambi e freni a mano (elenco di compatibilit\u00e0 in basso) per scoprire il mondo della simulazione automobilistica.<\/p>\n<p><span style=\"text-decoration: underline;\"><strong>Specifiche tecniche:<\/strong><\/span><br \/>\nPiastra in acciaio al carbonio di 3 mm di spessore e vernice nera opaca, ad alta resistenza.<br \/>\nFissaggio alla scrivania con 2 viti a farfalla (altezza del piano della scrivania da 18mm a 60mm)<br \/>\nCuscinetto in schiuma antiscivolo per proteggere la superficie della scrivania e aumentare il grip<br \/>\nAltezza regolabile del supporto perimetrale fino a 80 mm di altezza<br \/>\nSoluzione ambidestra che pu\u00f2 essere installata a destra, a sinistra o in entrambi i casi<\/p>\n<p><span style=\"text-decoration: underline;\"><strong>Compatibilit\u00e0 con gli accessori* :<\/strong><\/span><br \/>\nCompatibile al 100% con Thrustmaster\u00ae HOTAS Warthog\u2122, T.16000M FCS Hotas, TCA Airbus Edition, TWCS<br \/>\nSupporto al 100% Compatibile con Logitech \/ Saitek\u00ae X52, X52 Pro, X55, X56, G Saitek Pro Flight Yoke<\/p>\n<p><span style=\"text-decoration: underline;\"><strong>Compatibilit\u00e0 con gli accessori Simracing* : <\/strong><\/span><br \/>\nCompatibile al 100% con i comandi e i freni a mano Thrustmaster\u00ae e Logitech\u00ae.<\/p>\n<p><small>*Per garantire la massima compatibilit\u00e0 con alcuni dispositivi, potrebbero essere necessari piccoli adattamenti. Nessuna preoccupazione: la qualit\u00e0 e la garanzia del prodotto non ne risentono.<\/small><\/p>\n","protected":false},"excerpt":{"rendered":"<p>Il Race and Flight Desk Mount \u00e8 un supporto &#8220;multiuso&#8221; che si attacca direttamente alla scrivania per ospitare diverse categorie di dispositivi di simulazione di volo e di gara.<\/p>\n","protected":false},"featured_media":28241,"template":"","meta":{"_acf_changed":false,"_themeisle_gutenberg_block_has_review":false,"footnotes":""},"product_brand":[],"product_cat":[749,722,717],"product_tag":[758],"class_list":{"0":"post-29517","1":"product","2":"type-product","3":"status-publish","4":"has-post-thumbnail","6":"product_cat-accessori-simulatori","7":"product_cat-accessori-per-ufficio","8":"product_cat-uffici-streaming","9":"product_tag-oplite-gaming-it","11":"first","12":"instock","13":"taxable","14":"shipping-taxable","15":"purchasable","16":"product-type-simple"},"bundled_by":[],"bundle_stock_status":"instock","bundle_stock_quantity":5,"bundle_virtual":false,"bundle_layout":"","bundle_add_to_cart_form_location":"","bundle_editable_in_cart":false,"bundle_sold_individually_context":"","bundle_item_grouping":"","bundle_min_size":"","bundle_max_size":"","bundle_price":[],"bundled_items":[],"bundle_sell_ids":[],"acf":[],"yoast_head":"<!-- This site is optimized with the Yoast SEO plugin v27.1.1 - https:\/\/yoast.com\/product\/yoast-seo-wordpress\/ -->\n<title>Supporto per joystick, acceleratore e cambio - OPLITE<\/title>\n<meta name=\"robots\" content=\"index, follow, max-snippet:-1, max-image-preview:large, max-video-preview:-1\" \/>\n<link rel=\"canonical\" href=\"https:\/\/oplitegames.com\/it\/prodotto\/support-joystick-manette-des-gaz-et-boite-de-vitesse\/\" \/>\n<meta property=\"og:locale\" content=\"it_IT\" \/>\n<meta property=\"og:type\" content=\"article\" \/>\n<meta property=\"og:title\" content=\"Supporto per joystick, acceleratore e cambio - OPLITE\" \/>\n<meta property=\"og:description\" content=\"Il Race and Flight Desk Mount \u00e8 un supporto &quot;multiuso&quot; che si attacca direttamente alla scrivania per ospitare diverse categorie di dispositivi di simulazione di volo e di gara.\" \/>\n<meta property=\"og:url\" content=\"https:\/\/oplitegames.com\/it\/prodotto\/support-joystick-manette-des-gaz-et-boite-de-vitesse\/\" \/>\n<meta property=\"og:site_name\" content=\"OPLITE\" \/>\n<meta property=\"article:modified_time\" content=\"2026-04-18T15:19:55+00:00\" \/>\n<meta property=\"og:image\" content=\"https:\/\/oplitegames.com\/wp-content\/uploads\/1-24-1.png\" \/>\n\t<meta property=\"og:image:width\" content=\"1000\" \/>\n\t<meta property=\"og:image:height\" content=\"1000\" \/>\n\t<meta property=\"og:image:type\" content=\"image\/png\" \/>\n<meta name=\"twitter:card\" content=\"summary_large_image\" \/>\n<meta name=\"twitter:label1\" content=\"Price\" \/>\n\t<meta name=\"twitter:data1\" content=\"79,90&nbsp;&euro;\" \/>\n\t<meta name=\"twitter:label2\" content=\"Availability\" \/>\n\t<meta name=\"twitter:data2\" content=\"In stock\" \/>\n<script type=\"application\/ld+json\" class=\"yoast-schema-graph\">{\"@context\":\"https:\/\/schema.org\",\"@graph\":[{\"@type\":\"WebPage\",\"@id\":\"https:\/\/oplitegames.com\/it\/prodotto\/support-joystick-manette-des-gaz-et-boite-de-vitesse\/\",\"url\":\"https:\/\/oplitegames.com\/it\/prodotto\/support-joystick-manette-des-gaz-et-boite-de-vitesse\/\",\"name\":\"Supporto per joystick, acceleratore e cambio - OPLITE\",\"isPartOf\":{\"@id\":\"https:\/\/oplitegames.com\/#website\"},\"primaryImageOfPage\":{\"@id\":\"https:\/\/oplitegames.com\/it\/prodotto\/support-joystick-manette-des-gaz-et-boite-de-vitesse\/#primaryimage\"},\"image\":{\"@id\":\"https:\/\/oplitegames.com\/it\/prodotto\/support-joystick-manette-des-gaz-et-boite-de-vitesse\/#primaryimage\"},\"thumbnailUrl\":\"https:\/\/oplitegames.com\/wp-content\/uploads\/1-24-1.png\",\"datePublished\":\"2023-01-20T13:15:18+00:00\",\"dateModified\":\"2026-04-18T15:19:55+00:00\",\"breadcrumb\":{\"@id\":\"https:\/\/oplitegames.com\/it\/prodotto\/support-joystick-manette-des-gaz-et-boite-de-vitesse\/#breadcrumb\"},\"inLanguage\":\"it-IT\",\"potentialAction\":[{\"@type\":\"ReadAction\",\"target\":[\"https:\/\/oplitegames.com\/it\/prodotto\/support-joystick-manette-des-gaz-et-boite-de-vitesse\/\"]}]},{\"@type\":\"ImageObject\",\"inLanguage\":\"it-IT\",\"@id\":\"https:\/\/oplitegames.com\/it\/prodotto\/support-joystick-manette-des-gaz-et-boite-de-vitesse\/#primaryimage\",\"url\":\"https:\/\/oplitegames.com\/wp-content\/uploads\/1-24-1.png\",\"contentUrl\":\"https:\/\/oplitegames.com\/wp-content\/uploads\/1-24-1.png\",\"width\":1000,\"height\":1000},{\"@type\":\"BreadcrumbList\",\"@id\":\"https:\/\/oplitegames.com\/it\/prodotto\/support-joystick-manette-des-gaz-et-boite-de-vitesse\/#breadcrumb\",\"itemListElement\":[{\"@type\":\"ListItem\",\"position\":1,\"name\":\"Negozio\",\"item\":\"https:\/\/oplitegames.com\/it\/negozio\/\"},{\"@type\":\"ListItem\",\"position\":2,\"name\":\"Supporto per joystick, acceleratore e cambio\"}]},{\"@type\":\"WebSite\",\"@id\":\"https:\/\/oplitegames.com\/#website\",\"url\":\"https:\/\/oplitegames.com\/\",\"name\":\"OPLITE\",\"description\":\"\",\"publisher\":{\"@id\":\"https:\/\/oplitegames.com\/#organization\"},\"alternateName\":\"Oplite\",\"potentialAction\":[{\"@type\":\"SearchAction\",\"target\":{\"@type\":\"EntryPoint\",\"urlTemplate\":\"https:\/\/oplitegames.com\/?s={search_term_string}\"},\"query-input\":{\"@type\":\"PropertyValueSpecification\",\"valueRequired\":true,\"valueName\":\"search_term_string\"}}],\"inLanguage\":\"it-IT\"},{\"@type\":\"Organization\",\"@id\":\"https:\/\/oplitegames.com\/#organization\",\"name\":\"OPLITE\",\"alternateName\":\"Oplite\",\"url\":\"https:\/\/oplitegames.com\/\",\"logo\":{\"@type\":\"ImageObject\",\"inLanguage\":\"it-IT\",\"@id\":\"https:\/\/oplitegames.com\/#\/schema\/logo\/image\/\",\"url\":\"https:\/\/oplitegames.com\/wp-content\/uploads\/cropped-Favicon_oplite.jpg\",\"contentUrl\":\"https:\/\/oplitegames.com\/wp-content\/uploads\/cropped-Favicon_oplite.jpg\",\"width\":512,\"height\":512,\"caption\":\"OPLITE\"},\"image\":{\"@id\":\"https:\/\/oplitegames.com\/#\/schema\/logo\/image\/\"}}]}<\/script>\n<meta property=\"product:price:amount\" content=\"79.90\" \/>\n<meta property=\"product:price:currency\" content=\"EUR\" \/>\n<meta property=\"og:availability\" content=\"instock\" \/>\n<meta property=\"product:availability\" content=\"instock\" \/>\n<meta property=\"product:retailer_item_id\" content=\"96163\" \/>\n<meta property=\"product:condition\" content=\"new\" \/>\n<!-- \/ Yoast SEO plugin. -->","yoast_head_json":{"title":"Supporto per joystick, acceleratore e cambio - OPLITE","robots":{"index":"index","follow":"follow","max-snippet":"max-snippet:-1","max-image-preview":"max-image-preview:large","max-video-preview":"max-video-preview:-1"},"canonical":"https:\/\/oplitegames.com\/it\/prodotto\/support-joystick-manette-des-gaz-et-boite-de-vitesse\/","og_locale":"it_IT","og_type":"article","og_title":"Supporto per joystick, acceleratore e cambio - OPLITE","og_description":"Il Race and Flight Desk Mount \u00e8 un supporto \"multiuso\" che si attacca direttamente alla scrivania per ospitare diverse categorie di dispositivi di simulazione di volo e di gara.","og_url":"https:\/\/oplitegames.com\/it\/prodotto\/support-joystick-manette-des-gaz-et-boite-de-vitesse\/","og_site_name":"OPLITE","article_modified_time":"2026-04-18T15:19:55+00:00","og_image":[{"width":1000,"height":1000,"url":"https:\/\/oplitegames.com\/wp-content\/uploads\/1-24-1.png","type":"image\/png"}],"twitter_card":"summary_large_image","twitter_misc":{"Price":"79,90&nbsp;&euro;","Availability":"In stock"},"schema":{"@context":"https:\/\/schema.org","@graph":[{"@type":"WebPage","@id":"https:\/\/oplitegames.com\/it\/prodotto\/support-joystick-manette-des-gaz-et-boite-de-vitesse\/","url":"https:\/\/oplitegames.com\/it\/prodotto\/support-joystick-manette-des-gaz-et-boite-de-vitesse\/","name":"Supporto per joystick, acceleratore e cambio - OPLITE","isPartOf":{"@id":"https:\/\/oplitegames.com\/#website"},"primaryImageOfPage":{"@id":"https:\/\/oplitegames.com\/it\/prodotto\/support-joystick-manette-des-gaz-et-boite-de-vitesse\/#primaryimage"},"image":{"@id":"https:\/\/oplitegames.com\/it\/prodotto\/support-joystick-manette-des-gaz-et-boite-de-vitesse\/#primaryimage"},"thumbnailUrl":"https:\/\/oplitegames.com\/wp-content\/uploads\/1-24-1.png","datePublished":"2023-01-20T13:15:18+00:00","dateModified":"2026-04-18T15:19:55+00:00","breadcrumb":{"@id":"https:\/\/oplitegames.com\/it\/prodotto\/support-joystick-manette-des-gaz-et-boite-de-vitesse\/#breadcrumb"},"inLanguage":"it-IT","potentialAction":[{"@type":"ReadAction","target":["https:\/\/oplitegames.com\/it\/prodotto\/support-joystick-manette-des-gaz-et-boite-de-vitesse\/"]}]},{"@type":"ImageObject","inLanguage":"it-IT","@id":"https:\/\/oplitegames.com\/it\/prodotto\/support-joystick-manette-des-gaz-et-boite-de-vitesse\/#primaryimage","url":"https:\/\/oplitegames.com\/wp-content\/uploads\/1-24-1.png","contentUrl":"https:\/\/oplitegames.com\/wp-content\/uploads\/1-24-1.png","width":1000,"height":1000},{"@type":"BreadcrumbList","@id":"https:\/\/oplitegames.com\/it\/prodotto\/support-joystick-manette-des-gaz-et-boite-de-vitesse\/#breadcrumb","itemListElement":[{"@type":"ListItem","position":1,"name":"Negozio","item":"https:\/\/oplitegames.com\/it\/negozio\/"},{"@type":"ListItem","position":2,"name":"Supporto per joystick, acceleratore e cambio"}]},{"@type":"WebSite","@id":"https:\/\/oplitegames.com\/#website","url":"https:\/\/oplitegames.com\/","name":"OPLITE","description":"","publisher":{"@id":"https:\/\/oplitegames.com\/#organization"},"alternateName":"Oplite","potentialAction":[{"@type":"SearchAction","target":{"@type":"EntryPoint","urlTemplate":"https:\/\/oplitegames.com\/?s={search_term_string}"},"query-input":{"@type":"PropertyValueSpecification","valueRequired":true,"valueName":"search_term_string"}}],"inLanguage":"it-IT"},{"@type":"Organization","@id":"https:\/\/oplitegames.com\/#organization","name":"OPLITE","alternateName":"Oplite","url":"https:\/\/oplitegames.com\/","logo":{"@type":"ImageObject","inLanguage":"it-IT","@id":"https:\/\/oplitegames.com\/#\/schema\/logo\/image\/","url":"https:\/\/oplitegames.com\/wp-content\/uploads\/cropped-Favicon_oplite.jpg","contentUrl":"https:\/\/oplitegames.com\/wp-content\/uploads\/cropped-Favicon_oplite.jpg","width":512,"height":512,"caption":"OPLITE"},"image":{"@id":"https:\/\/oplitegames.com\/#\/schema\/logo\/image\/"}}]},"product_price_amount":"79.90","product_price_currency":"EUR","og_availability":"instock","product_availability":"instock","product_retailer_item_id":"96163","product_condition":"new"},"_links":{"self":[{"href":"https:\/\/oplitegames.com\/it\/wp-json\/wp\/v2\/product\/29517","targetHints":{"allow":["GET"]}}],"collection":[{"href":"https:\/\/oplitegames.com\/it\/wp-json\/wp\/v2\/product"}],"about":[{"href":"https:\/\/oplitegames.com\/it\/wp-json\/wp\/v2\/types\/product"}],"version-history":[{"count":3,"href":"https:\/\/oplitegames.com\/it\/wp-json\/wp\/v2\/product\/29517\/revisions"}],"predecessor-version":[{"id":53424,"href":"https:\/\/oplitegames.com\/it\/wp-json\/wp\/v2\/product\/29517\/revisions\/53424"}],"wp:featuredmedia":[{"embeddable":true,"href":"https:\/\/oplitegames.com\/it\/wp-json\/wp\/v2\/media\/28241"}],"wp:attachment":[{"href":"https:\/\/oplitegames.com\/it\/wp-json\/wp\/v2\/media?parent=29517"}],"wp:term":[{"taxonomy":"product_brand","embeddable":true,"href":"https:\/\/oplitegames.com\/it\/wp-json\/wp\/v2\/product_brand?post=29517"},{"taxonomy":"product_cat","embeddable":true,"href":"https:\/\/oplitegames.com\/it\/wp-json\/wp\/v2\/product_cat?post=29517"},{"taxonomy":"product_tag","embeddable":true,"href":"https:\/\/oplitegames.com\/it\/wp-json\/wp\/v2\/product_tag?post=29517"}],"curies":[{"name":"wp","href":"https:\/\/api.w.org\/{rel}","templated":true}]}}